{"id":10132,"date":"2024-05-31T05:45:40","date_gmt":"2024-05-31T05:45:40","guid":{"rendered":"https:\/\/bookingegypttour.com\/?post_type=product&#038;p=10132"},"modified":"2024-07-02T04:18:45","modified_gmt":"2024-07-02T04:18:45","slug":"bahariya-oasis-tour-from-cairo","status":"publish","type":"product","link":"https:\/\/mytoursegypt.com\/ge\/tour\/bahariya-oasis-tour-from-cairo\/","title":{"rendered":"Ab Kairo: Bahariya Oase und Schwarze und Wei\u00dfe W\u00fcste Tour"},"content":{"rendered":"<p><strong>Tag 1 - Kairo - Bahaiyia - die wei\u00dfe W\u00fcste<\/strong><\/p>\n<p>&nbsp;<\/p>\n<p>Um 06:00 Uhr Abholzeit von Ihrem Hotel in Gizeh oder in Kairo, Fahrt nach\u00a0<a href=\"https:\/\/www.marsaalamtours.com\/Egypt-Travel-Guide\/Bahariya-oasis.php\" target=\"_blank\" rel=\"noopener\">\u00a0<\/a><a href=\"https:\/\/www.marsaalamtours.com\/Egypt-Travel-Guide\/Bahariya-oasis.php\" target=\"_blank\" rel=\"noopener\">\u00a0<\/a>\u00a0Bahariya Oase, die sich etwa 350 km \u00f6stlich von Kairo befindet Diese Fahrt dauert ca. 4 Stunden, Ankunft um 10:00 Uhr, es gibt Stopps w\u00e4hrend der Fahrt f\u00fcr WC und Coffee.At 10:00 Uhr nehmen Sie Ihren 4\u00d74 Jeep und fahren nach\u00a0<a href=\"https:\/\/www.marsaalamtours.com\/Egypt-Travel-Guide\/The-black-desert-in-Western-desert.php\" target=\"_blank\" rel=\"noopener\">\u00a0<\/a>\u00a0the black desert.The Lunch will be served here in El Haize oasis.13:00 Then drive to the\u00a0valley of Agabat<\/p>\n<p>15:00 Ankunft im Tal von Agabat liegt tief im\u00a0<a href=\"https:\/\/mytoursegypt.com\/ge\/\" target=\"_blank\" rel=\"noopener\">\u00a0<\/a>\u00a0Wei\u00dfe W\u00fcste\u00a0\u00a0<a href=\"https:\/\/egypt360tours.com\/tours\/white-desert\/\" target=\"_blank\" rel=\"noopener\">\u00a0<\/a>. Man muss dort sein, um die au\u00dferirdische Sch\u00f6nheit des Ortes zu sp\u00fcren. Vor Millionen von Jahren befand sich der Ort unter dem Meer. Im Laufe der Jahre entwickelten sich einzigartige Felsformationen aus Kalkstein, Kreide (und vielleicht Sand).<\/p>\n<p>16:30 Erkunden Sie die<\/p>\n<p>Wei\u00dfe W\u00fcste\u00a0 <a href=\"https:\/\/egypt360tours.com\/tours\/white-desert\/\" target=\"_blank\" rel=\"noopener\">\u00a0<\/a>\u00a0\u00a0Nationalpark, das bekannteste W\u00fcstenziel \u00c4gyptens.<\/p>\n<p>17:30 Zelte bauen und den Sonnenuntergang genie\u00dfen<\/p>\n<p>18:30 Als sich der Himmel rosa und dann tiefst feurig orange f\u00e4rbt, verblassen die Felsformen und \u00fcberall herrscht Stille. Wenn Sie um ein kleines Feuer sitzen und die einfachste Mahlzeit aus H\u00fchnchen, Reis und Gem\u00fcse genie\u00dfen, werden Sie das Gef\u00fchl haben, dass noch nie etwas so gut geschmeckt hat.\u00a0Beduinenpersonal arrangiert Abendessen und W\u00fcstencamping<\/p>\n<h3><strong>Tag 2 Baharyia - Kairo<\/strong><\/h3>\n<p>At 06:00 am Enjoy sunrise<\/p>\n<p>Um 07:00 Uhr genie\u00dfen Sie das Fr\u00fchst\u00fcck in der W\u00fcste, bevor Sie zur Oase Bahariya fahren<\/p>\n<p>Um 09:00 Uhr Auf dem R\u00fcckweg besuchen Sie\u00a0<a href=\"https:\/\/www.marsaalamtours.com\/Egypt-Travel-Guide\/The-Crystal-Mountain-in-Western-Desert.php\" target=\"_blank\" rel=\"noopener\">\u00a0<\/a>\u00a0Kristallberg ,\u00a0<a href=\"https:\/\/www.marsaalamtours.com\/Egypt-Travel-Guide\/The-Crystal-Mountain-in-Western-Desert.php\" target=\"_blank\" rel=\"noopener\">\u00a0<\/a>\u00a0lokal bekannt als Gebel al-Izzaz. Es ist eher ein Kristallh\u00fcgel, der auf der rechten Seite zu sehen ist und oft als das Juwel der W\u00fcste bezeichnet wird, aus den Quarzitkristallen besteht und in den Sonnenstrahlen fantastisch aussieht. Vor einigen Jahrzehnten wurde dieses nat\u00fcrliche Merkmal zuf\u00e4llig gefunden.<\/p>\n<p>11:00 Uhr Fahrt nach\u00a0<a href=\"https:\/\/www.marsaalamtours.com\/Egypt-Travel-Guide\/Bahariya-oasis.php\" target=\"_blank\" rel=\"noopener\">\u00a0<\/a>\u00a0Bahariya Oase , Genie\u00dfen Sie die Hitze im\u00a0<a href=\"https:\/\/www.marsaalamtours.com\/Egypt-Travel-Guide\/Bir-Sigam-hotspring-in-Bahariya.php\" target=\"_blank\" rel=\"noopener\">\u00a0<\/a>\u00a0Bir Sigam , eine hei\u00dfe Quelle, die helfen kann, sich zu entspannen. \u00a0Die Quelle liegt 7 km \u00f6stlich von Bahariya an der Kairoer Stra\u00dfe und ist die beste hei\u00dfe Quelle in Bezug auf die Temperatur.<\/p>\n<p>12:00 Dann Fahrt zur\u00fcck nach Kairo. Ankunft in Kairo um 16:30 Uhr.<\/p>","protected":false},"excerpt":{"rendered":"<p>The Bahariya Oasis is located in the Western Desert of Egypt, about 360 km from Cairo. The oasis is home to beautiful sand dunes, crystal clear desert springs, and ancient ruins that date back to the Pharaonic period.<\/p>","protected":false},"featured_media":10161,"comment_status":"open","ping_status":"closed","template":"","meta":[],"product_brand":[],"product_cat":[15],"product_tag":[],"class_list":{"0":"post-10132","1":"product","2":"type-product","3":"status-publish","4":"has-post-thumbnail","6":"product_cat-uncategorized","8":"first","9":"instock","10":"sale","11":"shipping-taxable","12":"purchasable","13":"product-type-ovabrw_car_rental"},"yoast_head":"<!-- This site is optimized with the Yoast SEO plugin v27.4 - https:\/\/yoast.com\/product\/yoast-seo-wordpress\/ -->\n<title>BAHARIYA OASIS TOUR FROM CAIRO - Discover Egypt Tours<\/title>\n<meta name=\"robots\" content=\"index, follow, max-snippet:-1, max-image-preview:large, max-video-preview:-1\" \/>\n<link rel=\"canonical\" href=\"https:\/\/www.mytoursegypt.com\/tour\/bahariya-oasis-tour-from-cairo\/\" \/>\n<meta property=\"og:locale\" content=\"de_DE\" \/>\n<meta property=\"og:type\" content=\"article\" \/>\n<meta property=\"og:title\" content=\"BAHARIYA OASIS TOUR FROM CAIRO - Discover Egypt Tours\" \/>\n<meta property=\"og:description\" content=\"The Bahariya Oasis is located in the Western Desert of Egypt, about 360 km from Cairo. The oasis is home to beautiful sand dunes, crystal clear desert springs, and ancient ruins that date back to the Pharaonic period.\" \/>\n<meta property=\"og:url\" content=\"https:\/\/www.mytoursegypt.com\/tour\/bahariya-oasis-tour-from-cairo\/\" \/>\n<meta property=\"og:site_name\" content=\"Discover Egypt Tours\" \/>\n<meta property=\"article:modified_time\" content=\"2024-07-02T04:18:45+00:00\" \/>\n<meta property=\"og:image\" content=\"https:\/\/www.mytoursegypt.com\/wp-content\/uploads\/2024\/05\/OIP.jpeg\" \/>\n\t<meta property=\"og:image:width\" content=\"210\" \/>\n\t<meta property=\"og:image:height\" content=\"180\" \/>\n\t<meta property=\"og:image:type\" content=\"image\/jpeg\" \/>\n<meta name=\"twitter:card\" content=\"summary_large_image\" \/>\n<meta name=\"twitter:label1\" content=\"Gesch\u00e4tzte Lesezeit\" \/>\n\t<meta name=\"twitter:data1\" content=\"2\u00a0Minuten\" \/>\n<script type=\"application\/ld+json\" class=\"yoast-schema-graph\">{\"@context\":\"https:\\\/\\\/schema.org\",\"@graph\":[{\"@type\":\"WebPage\",\"@id\":\"https:\\\/\\\/www.mytoursegypt.com\\\/tour\\\/bahariya-oasis-tour-from-cairo\\\/\",\"url\":\"https:\\\/\\\/www.mytoursegypt.com\\\/tour\\\/bahariya-oasis-tour-from-cairo\\\/\",\"name\":\"BAHARIYA OASIS TOUR FROM CAIRO - Discover Egypt Tours\",\"isPartOf\":{\"@id\":\"https:\\\/\\\/www.mytoursegypt.com\\\/#website\"},\"primaryImageOfPage\":{\"@id\":\"https:\\\/\\\/www.mytoursegypt.com\\\/tour\\\/bahariya-oasis-tour-from-cairo\\\/#primaryimage\"},\"image\":{\"@id\":\"https:\\\/\\\/www.mytoursegypt.com\\\/tour\\\/bahariya-oasis-tour-from-cairo\\\/#primaryimage\"},\"thumbnailUrl\":\"https:\\\/\\\/mytoursegypt.com\\\/wp-content\\\/uploads\\\/2024\\\/05\\\/OIP.jpeg\",\"datePublished\":\"2024-05-31T05:45:40+00:00\",\"dateModified\":\"2024-07-02T04:18:45+00:00\",\"breadcrumb\":{\"@id\":\"https:\\\/\\\/www.mytoursegypt.com\\\/tour\\\/bahariya-oasis-tour-from-cairo\\\/#breadcrumb\"},\"inLanguage\":\"de\",\"potentialAction\":[{\"@type\":\"ReadAction\",\"target\":[\"https:\\\/\\\/www.mytoursegypt.com\\\/tour\\\/bahariya-oasis-tour-from-cairo\\\/\"]}]},{\"@type\":\"ImageObject\",\"inLanguage\":\"de\",\"@id\":\"https:\\\/\\\/www.mytoursegypt.com\\\/tour\\\/bahariya-oasis-tour-from-cairo\\\/#primaryimage\",\"url\":\"https:\\\/\\\/mytoursegypt.com\\\/wp-content\\\/uploads\\\/2024\\\/05\\\/OIP.jpeg\",\"contentUrl\":\"https:\\\/\\\/mytoursegypt.com\\\/wp-content\\\/uploads\\\/2024\\\/05\\\/OIP.jpeg\",\"width\":210,\"height\":180},{\"@type\":\"BreadcrumbList\",\"@id\":\"https:\\\/\\\/www.mytoursegypt.com\\\/tour\\\/bahariya-oasis-tour-from-cairo\\\/#breadcrumb\",\"itemListElement\":[{\"@type\":\"ListItem\",\"position\":1,\"name\":\"\u0627\u0644\u0631\u0626\u064a\u0633\u064a\u0629\",\"item\":\"https:\\\/\\\/mytoursegypt.com\\\/\"},{\"@type\":\"ListItem\",\"position\":2,\"name\":\"Shop\",\"item\":\"https:\\\/\\\/mytoursegypt.com\\\/ge\\\/shop\\\/\"},{\"@type\":\"ListItem\",\"position\":3,\"name\":\"BAHARIYA OASIS TOUR FROM CAIRO\"}]},{\"@type\":\"WebSite\",\"@id\":\"https:\\\/\\\/www.mytoursegypt.com\\\/#website\",\"url\":\"https:\\\/\\\/www.mytoursegypt.com\\\/\",\"name\":\"Discover Egypt Tours\",\"description\":\"Discover Egypt Your Guide to Top Attractions and Unique Experiences.\",\"publisher\":{\"@id\":\"https:\\\/\\\/www.mytoursegypt.com\\\/#organization\"},\"potentialAction\":[{\"@type\":\"SearchAction\",\"target\":{\"@type\":\"EntryPoint\",\"urlTemplate\":\"https:\\\/\\\/www.mytoursegypt.com\\\/?s={search_term_string}\"},\"query-input\":{\"@type\":\"PropertyValueSpecification\",\"valueRequired\":true,\"valueName\":\"search_term_string\"}}],\"inLanguage\":\"de\"},{\"@type\":\"Organization\",\"@id\":\"https:\\\/\\\/www.mytoursegypt.com\\\/#organization\",\"name\":\"Discover Egypt Tours\",\"url\":\"https:\\\/\\\/www.mytoursegypt.com\\\/\",\"logo\":{\"@type\":\"ImageObject\",\"inLanguage\":\"de\",\"@id\":\"https:\\\/\\\/www.mytoursegypt.com\\\/#\\\/schema\\\/logo\\\/image\\\/\",\"url\":\"https:\\\/\\\/mytoursegypt.com\\\/wp-content\\\/uploads\\\/2024\\\/06\\\/cropped-logo.png\",\"contentUrl\":\"https:\\\/\\\/mytoursegypt.com\\\/wp-content\\\/uploads\\\/2024\\\/06\\\/cropped-logo.png\",\"width\":512,\"height\":512,\"caption\":\"Discover Egypt Tours\"},\"image\":{\"@id\":\"https:\\\/\\\/www.mytoursegypt.com\\\/#\\\/schema\\\/logo\\\/image\\\/\"}}]}<\/script>\n<!-- \/ Yoast SEO plugin. -->","yoast_head_json":{"title":"BAHARIYA OASIS TOUR FROM CAIRO - Discover Egypt Tours","robots":{"index":"index","follow":"follow","max-snippet":"max-snippet:-1","max-image-preview":"max-image-preview:large","max-video-preview":"max-video-preview:-1"},"canonical":"https:\/\/www.mytoursegypt.com\/tour\/bahariya-oasis-tour-from-cairo\/","og_locale":"de_DE","og_type":"article","og_title":"BAHARIYA OASIS TOUR FROM CAIRO - Discover Egypt Tours","og_description":"The Bahariya Oasis is located in the Western Desert of Egypt, about 360 km from Cairo. The oasis is home to beautiful sand dunes, crystal clear desert springs, and ancient ruins that date back to the Pharaonic period.","og_url":"https:\/\/www.mytoursegypt.com\/tour\/bahariya-oasis-tour-from-cairo\/","og_site_name":"Discover Egypt Tours","article_modified_time":"2024-07-02T04:18:45+00:00","og_image":[{"width":210,"height":180,"url":"https:\/\/www.mytoursegypt.com\/wp-content\/uploads\/2024\/05\/OIP.jpeg","type":"image\/jpeg"}],"twitter_card":"summary_large_image","twitter_misc":{"Gesch\u00e4tzte Lesezeit":"2\u00a0Minuten"},"schema":{"@context":"https:\/\/schema.org","@graph":[{"@type":"WebPage","@id":"https:\/\/www.mytoursegypt.com\/tour\/bahariya-oasis-tour-from-cairo\/","url":"https:\/\/www.mytoursegypt.com\/tour\/bahariya-oasis-tour-from-cairo\/","name":"BAHARIYA OASIS TOUR FROM CAIRO - Discover Egypt Tours","isPartOf":{"@id":"https:\/\/www.mytoursegypt.com\/#website"},"primaryImageOfPage":{"@id":"https:\/\/www.mytoursegypt.com\/tour\/bahariya-oasis-tour-from-cairo\/#primaryimage"},"image":{"@id":"https:\/\/www.mytoursegypt.com\/tour\/bahariya-oasis-tour-from-cairo\/#primaryimage"},"thumbnailUrl":"https:\/\/mytoursegypt.com\/wp-content\/uploads\/2024\/05\/OIP.jpeg","datePublished":"2024-05-31T05:45:40+00:00","dateModified":"2024-07-02T04:18:45+00:00","breadcrumb":{"@id":"https:\/\/www.mytoursegypt.com\/tour\/bahariya-oasis-tour-from-cairo\/#breadcrumb"},"inLanguage":"de","potentialAction":[{"@type":"ReadAction","target":["https:\/\/www.mytoursegypt.com\/tour\/bahariya-oasis-tour-from-cairo\/"]}]},{"@type":"ImageObject","inLanguage":"de","@id":"https:\/\/www.mytoursegypt.com\/tour\/bahariya-oasis-tour-from-cairo\/#primaryimage","url":"https:\/\/mytoursegypt.com\/wp-content\/uploads\/2024\/05\/OIP.jpeg","contentUrl":"https:\/\/mytoursegypt.com\/wp-content\/uploads\/2024\/05\/OIP.jpeg","width":210,"height":180},{"@type":"BreadcrumbList","@id":"https:\/\/www.mytoursegypt.com\/tour\/bahariya-oasis-tour-from-cairo\/#breadcrumb","itemListElement":[{"@type":"ListItem","position":1,"name":"\u0627\u0644\u0631\u0626\u064a\u0633\u064a\u0629","item":"https:\/\/mytoursegypt.com\/"},{"@type":"ListItem","position":2,"name":"Shop","item":"https:\/\/mytoursegypt.com\/ge\/shop\/"},{"@type":"ListItem","position":3,"name":"BAHARIYA OASIS TOUR FROM CAIRO"}]},{"@type":"WebSite","@id":"https:\/\/www.mytoursegypt.com\/#website","url":"https:\/\/www.mytoursegypt.com\/","name":"Discover Egypt Tours","description":"Discover Egypt Your Guide to Top Attractions and Unique Experiences.","publisher":{"@id":"https:\/\/www.mytoursegypt.com\/#organization"},"potentialAction":[{"@type":"SearchAction","target":{"@type":"EntryPoint","urlTemplate":"https:\/\/www.mytoursegypt.com\/?s={search_term_string}"},"query-input":{"@type":"PropertyValueSpecification","valueRequired":true,"valueName":"search_term_string"}}],"inLanguage":"de"},{"@type":"Organization","@id":"https:\/\/www.mytoursegypt.com\/#organization","name":"Discover Egypt Tours","url":"https:\/\/www.mytoursegypt.com\/","logo":{"@type":"ImageObject","inLanguage":"de","@id":"https:\/\/www.mytoursegypt.com\/#\/schema\/logo\/image\/","url":"https:\/\/mytoursegypt.com\/wp-content\/uploads\/2024\/06\/cropped-logo.png","contentUrl":"https:\/\/mytoursegypt.com\/wp-content\/uploads\/2024\/06\/cropped-logo.png","width":512,"height":512,"caption":"Discover Egypt Tours"},"image":{"@id":"https:\/\/www.mytoursegypt.com\/#\/schema\/logo\/image\/"}}]}},"_links":{"self":[{"href":"https:\/\/mytoursegypt.com\/ge\/wp-json\/wp\/v2\/product\/10132","targetHints":{"allow":["GET"]}}],"collection":[{"href":"https:\/\/mytoursegypt.com\/ge\/wp-json\/wp\/v2\/product"}],"about":[{"href":"https:\/\/mytoursegypt.com\/ge\/wp-json\/wp\/v2\/types\/product"}],"replies":[{"embeddable":true,"href":"https:\/\/mytoursegypt.com\/ge\/wp-json\/wp\/v2\/comments?post=10132"}],"version-history":[{"count":1,"href":"https:\/\/mytoursegypt.com\/ge\/wp-json\/wp\/v2\/product\/10132\/revisions"}],"predecessor-version":[{"id":10167,"href":"https:\/\/mytoursegypt.com\/ge\/wp-json\/wp\/v2\/product\/10132\/revisions\/10167"}],"wp:featuredmedia":[{"embeddable":true,"href":"https:\/\/mytoursegypt.com\/ge\/wp-json\/wp\/v2\/media\/10161"}],"wp:attachment":[{"href":"https:\/\/mytoursegypt.com\/ge\/wp-json\/wp\/v2\/media?parent=10132"}],"wp:term":[{"taxonomy":"product_brand","embeddable":true,"href":"https:\/\/mytoursegypt.com\/ge\/wp-json\/wp\/v2\/product_brand?post=10132"},{"taxonomy":"product_cat","embeddable":true,"href":"https:\/\/mytoursegypt.com\/ge\/wp-json\/wp\/v2\/product_cat?post=10132"},{"taxonomy":"product_tag","embeddable":true,"href":"https:\/\/mytoursegypt.com\/ge\/wp-json\/wp\/v2\/product_tag?post=10132"}],"curies":[{"name":"wp","href":"https:\/\/api.w.org\/{rel}","templated":true}]}}