{"id":10168,"date":"2024-05-31T06:55:39","date_gmt":"2024-05-31T06:55:39","guid":{"rendered":"https:\/\/bookingegypttour.com\/?post_type=product&#038;p=10168"},"modified":"2025-11-23T10:45:48","modified_gmt":"2025-11-23T10:45:48","slug":"horse-carriage-camel-or-horse-riding-tour-around-the-pyramids","status":"publish","type":"product","link":"https:\/\/mytoursegypt.com\/ge\/tour\/horse-carriage-camel-or-horse-riding-tour-around-the-pyramids\/","title":{"rendered":"Kairo: Halbt\u00e4gige Pyramidentour mit Kamel oder Pferdekutsche"},"content":{"rendered":"<p>Safari Ausflug mit Quad bei den Pyramiden, auf Quads durch die W\u00fcste und erleben Sie einen unvergesslichen Blick auf eine Oase in der W\u00fcste, in der N\u00e4he der Pyramiden von Gizeh. Von der ersten Minute, in der Sie die W\u00fcste betreten, werden sie mit einem fantastischen Blick auf die gro\u00dfen Pyramiden von Cheops, Chepren und Mykerinos begr\u00fc\u00dft. Das einzigartige an dieser Tour ist.<\/p>\n<p>Genie\u00dfen Sie ein Abenteuer: Auf Quads durch die W\u00fcste und erleben Sie einen unvergesslichen Blick auf eine Oase in der W\u00fcste, in der N\u00e4he von Pyramiden von Gizeh. Von der ersten Minute, in der Sie die W\u00fcste betreten, werden sie mit einem fantastischen Blick auf die gro\u00dfen Pyramiden von Cheops, Chepren und Mykerinos begr\u00fc\u00dft. Das einzigartige an dieser Tour ist: Der Weg dahin ist der halbe Spa\u00df. Die Fahrt auf den Quads durch die W\u00fcste ist eine beeindruckende Erfahrung, die sie verzaubern wird. Was ist enthalten: Sie werden gegen 13:30 Uhr vom Hotel in Kairo abgeholt und werden ca. 40 Minuten in die W\u00fcste zum Quad Zentrum gefahren. Dort bekommen Sie eine kurze Einleitung sowie Sicherheitsvorkehrungen zur Bedienung der Fahrzeuge gezeigt. Sie fahren dann in einer Reihe hinter dem Reisef\u00fchrer. Sie k\u00f6nnen auf Wunsch ein Quad-Fahrzeug f\u00fcr eine als auch f\u00fcr zwei Personen bekommen.<\/p>","protected":false},"excerpt":{"rendered":"<ul class=\"list_ok\">\n<li>Riding the camels around the famous Giza pyramids<\/li>\n<li>View Of The Pyramids During Sunrise Or Even During Sunset<\/li>\n<li>Camel or horse trip in the Giza Pyramids area<\/li>\n<\/ul>","protected":false},"featured_media":10169,"comment_status":"open","ping_status":"closed","template":"","meta":[],"product_brand":[],"product_cat":[15],"product_tag":[],"class_list":{"0":"post-10168","1":"product","2":"type-product","3":"status-publish","4":"has-post-thumbnail","6":"product_cat-uncategorized","8":"first","9":"instock","10":"sale","11":"shipping-taxable","12":"purchasable","13":"product-type-ovabrw_car_rental"},"yoast_head":"<!-- This site is optimized with the Yoast SEO plugin v27.4 - https:\/\/yoast.com\/product\/yoast-seo-wordpress\/ -->\n<title>Horse carriage, Camel or Horse riding tour around the Pyramids - Discover Egypt Tours<\/title>\n<meta name=\"robots\" content=\"index, follow, max-snippet:-1, max-image-preview:large, max-video-preview:-1\" \/>\n<link rel=\"canonical\" href=\"https:\/\/www.mytoursegypt.com\/ge\/tour\/horse-carriage-camel-or-horse-riding-tour-around-the-pyramids\/\" \/>\n<meta property=\"og:locale\" content=\"de_DE\" \/>\n<meta property=\"og:type\" content=\"article\" \/>\n<meta property=\"og:title\" content=\"Horse carriage, Camel or Horse riding tour around the Pyramids - Discover Egypt Tours\" \/>\n<meta property=\"og:description\" content=\"Riding the camels around the famous Giza pyramids  View Of The Pyramids During Sunrise Or Even During Sunset  Camel or horse trip in the Giza Pyramids area\" \/>\n<meta property=\"og:url\" content=\"https:\/\/www.mytoursegypt.com\/ge\/tour\/horse-carriage-camel-or-horse-riding-tour-around-the-pyramids\/\" \/>\n<meta property=\"og:site_name\" content=\"Discover Egypt Tours\" \/>\n<meta property=\"article:modified_time\" content=\"2025-11-23T10:45:48+00:00\" \/>\n<meta property=\"og:image\" content=\"https:\/\/www.mytoursegypt.com\/wp-content\/uploads\/2024\/05\/download-14.jpg\" \/>\n\t<meta property=\"og:image:width\" content=\"275\" \/>\n\t<meta property=\"og:image:height\" content=\"183\" \/>\n\t<meta property=\"og:image:type\" content=\"image\/jpeg\" \/>\n<meta name=\"twitter:card\" content=\"summary_large_image\" \/>\n<meta name=\"twitter:label1\" content=\"Gesch\u00e4tzte Lesezeit\" \/>\n\t<meta name=\"twitter:data1\" content=\"1\u00a0Minute\" \/>\n<script type=\"application\/ld+json\" class=\"yoast-schema-graph\">{\"@context\":\"https:\\\/\\\/schema.org\",\"@graph\":[{\"@type\":\"WebPage\",\"@id\":\"https:\\\/\\\/www.mytoursegypt.com\\\/ge\\\/tour\\\/horse-carriage-camel-or-horse-riding-tour-around-the-pyramids\\\/\",\"url\":\"https:\\\/\\\/www.mytoursegypt.com\\\/ge\\\/tour\\\/horse-carriage-camel-or-horse-riding-tour-around-the-pyramids\\\/\",\"name\":\"Horse carriage, Camel or Horse riding tour around the Pyramids - Discover Egypt Tours\",\"isPartOf\":{\"@id\":\"https:\\\/\\\/www.mytoursegypt.com\\\/#website\"},\"primaryImageOfPage\":{\"@id\":\"https:\\\/\\\/www.mytoursegypt.com\\\/ge\\\/tour\\\/horse-carriage-camel-or-horse-riding-tour-around-the-pyramids\\\/#primaryimage\"},\"image\":{\"@id\":\"https:\\\/\\\/www.mytoursegypt.com\\\/ge\\\/tour\\\/horse-carriage-camel-or-horse-riding-tour-around-the-pyramids\\\/#primaryimage\"},\"thumbnailUrl\":\"https:\\\/\\\/mytoursegypt.com\\\/wp-content\\\/uploads\\\/2024\\\/05\\\/download-14.jpg\",\"datePublished\":\"2024-05-31T06:55:39+00:00\",\"dateModified\":\"2025-11-23T10:45:48+00:00\",\"breadcrumb\":{\"@id\":\"https:\\\/\\\/www.mytoursegypt.com\\\/ge\\\/tour\\\/horse-carriage-camel-or-horse-riding-tour-around-the-pyramids\\\/#breadcrumb\"},\"inLanguage\":\"de\",\"potentialAction\":[{\"@type\":\"ReadAction\",\"target\":[\"https:\\\/\\\/www.mytoursegypt.com\\\/ge\\\/tour\\\/horse-carriage-camel-or-horse-riding-tour-around-the-pyramids\\\/\"]}]},{\"@type\":\"ImageObject\",\"inLanguage\":\"de\",\"@id\":\"https:\\\/\\\/www.mytoursegypt.com\\\/ge\\\/tour\\\/horse-carriage-camel-or-horse-riding-tour-around-the-pyramids\\\/#primaryimage\",\"url\":\"https:\\\/\\\/mytoursegypt.com\\\/wp-content\\\/uploads\\\/2024\\\/05\\\/download-14.jpg\",\"contentUrl\":\"https:\\\/\\\/mytoursegypt.com\\\/wp-content\\\/uploads\\\/2024\\\/05\\\/download-14.jpg\",\"width\":275,\"height\":183},{\"@type\":\"BreadcrumbList\",\"@id\":\"https:\\\/\\\/www.mytoursegypt.com\\\/ge\\\/tour\\\/horse-carriage-camel-or-horse-riding-tour-around-the-pyramids\\\/#breadcrumb\",\"itemListElement\":[{\"@type\":\"ListItem\",\"position\":1,\"name\":\"\u0627\u0644\u0631\u0626\u064a\u0633\u064a\u0629\",\"item\":\"https:\\\/\\\/mytoursegypt.com\\\/\"},{\"@type\":\"ListItem\",\"position\":2,\"name\":\"Shop\",\"item\":\"https:\\\/\\\/mytoursegypt.com\\\/ge\\\/shop\\\/\"},{\"@type\":\"ListItem\",\"position\":3,\"name\":\"Horse carriage, Camel or Horse riding tour around the Pyramids\"}]},{\"@type\":\"WebSite\",\"@id\":\"https:\\\/\\\/www.mytoursegypt.com\\\/#website\",\"url\":\"https:\\\/\\\/www.mytoursegypt.com\\\/\",\"name\":\"Discover Egypt Tours\",\"description\":\"Discover Egypt Your Guide to Top Attractions and Unique Experiences.\",\"publisher\":{\"@id\":\"https:\\\/\\\/www.mytoursegypt.com\\\/#organization\"},\"potentialAction\":[{\"@type\":\"SearchAction\",\"target\":{\"@type\":\"EntryPoint\",\"urlTemplate\":\"https:\\\/\\\/www.mytoursegypt.com\\\/?s={search_term_string}\"},\"query-input\":{\"@type\":\"PropertyValueSpecification\",\"valueRequired\":true,\"valueName\":\"search_term_string\"}}],\"inLanguage\":\"de\"},{\"@type\":\"Organization\",\"@id\":\"https:\\\/\\\/www.mytoursegypt.com\\\/#organization\",\"name\":\"Discover Egypt Tours\",\"url\":\"https:\\\/\\\/www.mytoursegypt.com\\\/\",\"logo\":{\"@type\":\"ImageObject\",\"inLanguage\":\"de\",\"@id\":\"https:\\\/\\\/www.mytoursegypt.com\\\/#\\\/schema\\\/logo\\\/image\\\/\",\"url\":\"https:\\\/\\\/mytoursegypt.com\\\/wp-content\\\/uploads\\\/2024\\\/06\\\/cropped-logo.png\",\"contentUrl\":\"https:\\\/\\\/mytoursegypt.com\\\/wp-content\\\/uploads\\\/2024\\\/06\\\/cropped-logo.png\",\"width\":512,\"height\":512,\"caption\":\"Discover Egypt Tours\"},\"image\":{\"@id\":\"https:\\\/\\\/www.mytoursegypt.com\\\/#\\\/schema\\\/logo\\\/image\\\/\"}}]}<\/script>\n<!-- \/ Yoast SEO plugin. -->","yoast_head_json":{"title":"Horse carriage, Camel or Horse riding tour around the Pyramids - Discover Egypt Tours","robots":{"index":"index","follow":"follow","max-snippet":"max-snippet:-1","max-image-preview":"max-image-preview:large","max-video-preview":"max-video-preview:-1"},"canonical":"https:\/\/www.mytoursegypt.com\/ge\/tour\/horse-carriage-camel-or-horse-riding-tour-around-the-pyramids\/","og_locale":"de_DE","og_type":"article","og_title":"Horse carriage, Camel or Horse riding tour around the Pyramids - Discover Egypt Tours","og_description":"Riding the camels around the famous Giza pyramids  View Of The Pyramids During Sunrise Or Even During Sunset  Camel or horse trip in the Giza Pyramids area","og_url":"https:\/\/www.mytoursegypt.com\/ge\/tour\/horse-carriage-camel-or-horse-riding-tour-around-the-pyramids\/","og_site_name":"Discover Egypt Tours","article_modified_time":"2025-11-23T10:45:48+00:00","og_image":[{"width":275,"height":183,"url":"https:\/\/www.mytoursegypt.com\/wp-content\/uploads\/2024\/05\/download-14.jpg","type":"image\/jpeg"}],"twitter_card":"summary_large_image","twitter_misc":{"Gesch\u00e4tzte Lesezeit":"1\u00a0Minute"},"schema":{"@context":"https:\/\/schema.org","@graph":[{"@type":"WebPage","@id":"https:\/\/www.mytoursegypt.com\/ge\/tour\/horse-carriage-camel-or-horse-riding-tour-around-the-pyramids\/","url":"https:\/\/www.mytoursegypt.com\/ge\/tour\/horse-carriage-camel-or-horse-riding-tour-around-the-pyramids\/","name":"Horse carriage, Camel or Horse riding tour around the Pyramids - Discover Egypt Tours","isPartOf":{"@id":"https:\/\/www.mytoursegypt.com\/#website"},"primaryImageOfPage":{"@id":"https:\/\/www.mytoursegypt.com\/ge\/tour\/horse-carriage-camel-or-horse-riding-tour-around-the-pyramids\/#primaryimage"},"image":{"@id":"https:\/\/www.mytoursegypt.com\/ge\/tour\/horse-carriage-camel-or-horse-riding-tour-around-the-pyramids\/#primaryimage"},"thumbnailUrl":"https:\/\/mytoursegypt.com\/wp-content\/uploads\/2024\/05\/download-14.jpg","datePublished":"2024-05-31T06:55:39+00:00","dateModified":"2025-11-23T10:45:48+00:00","breadcrumb":{"@id":"https:\/\/www.mytoursegypt.com\/ge\/tour\/horse-carriage-camel-or-horse-riding-tour-around-the-pyramids\/#breadcrumb"},"inLanguage":"de","potentialAction":[{"@type":"ReadAction","target":["https:\/\/www.mytoursegypt.com\/ge\/tour\/horse-carriage-camel-or-horse-riding-tour-around-the-pyramids\/"]}]},{"@type":"ImageObject","inLanguage":"de","@id":"https:\/\/www.mytoursegypt.com\/ge\/tour\/horse-carriage-camel-or-horse-riding-tour-around-the-pyramids\/#primaryimage","url":"https:\/\/mytoursegypt.com\/wp-content\/uploads\/2024\/05\/download-14.jpg","contentUrl":"https:\/\/mytoursegypt.com\/wp-content\/uploads\/2024\/05\/download-14.jpg","width":275,"height":183},{"@type":"BreadcrumbList","@id":"https:\/\/www.mytoursegypt.com\/ge\/tour\/horse-carriage-camel-or-horse-riding-tour-around-the-pyramids\/#breadcrumb","itemListElement":[{"@type":"ListItem","position":1,"name":"\u0627\u0644\u0631\u0626\u064a\u0633\u064a\u0629","item":"https:\/\/mytoursegypt.com\/"},{"@type":"ListItem","position":2,"name":"Shop","item":"https:\/\/mytoursegypt.com\/ge\/shop\/"},{"@type":"ListItem","position":3,"name":"Horse carriage, Camel or Horse riding tour around the Pyramids"}]},{"@type":"WebSite","@id":"https:\/\/www.mytoursegypt.com\/#website","url":"https:\/\/www.mytoursegypt.com\/","name":"Discover Egypt Tours","description":"Discover Egypt Your Guide to Top Attractions and Unique Experiences.","publisher":{"@id":"https:\/\/www.mytoursegypt.com\/#organization"},"potentialAction":[{"@type":"SearchAction","target":{"@type":"EntryPoint","urlTemplate":"https:\/\/www.mytoursegypt.com\/?s={search_term_string}"},"query-input":{"@type":"PropertyValueSpecification","valueRequired":true,"valueName":"search_term_string"}}],"inLanguage":"de"},{"@type":"Organization","@id":"https:\/\/www.mytoursegypt.com\/#organization","name":"Discover Egypt Tours","url":"https:\/\/www.mytoursegypt.com\/","logo":{"@type":"ImageObject","inLanguage":"de","@id":"https:\/\/www.mytoursegypt.com\/#\/schema\/logo\/image\/","url":"https:\/\/mytoursegypt.com\/wp-content\/uploads\/2024\/06\/cropped-logo.png","contentUrl":"https:\/\/mytoursegypt.com\/wp-content\/uploads\/2024\/06\/cropped-logo.png","width":512,"height":512,"caption":"Discover Egypt Tours"},"image":{"@id":"https:\/\/www.mytoursegypt.com\/#\/schema\/logo\/image\/"}}]}},"_links":{"self":[{"href":"https:\/\/mytoursegypt.com\/ge\/wp-json\/wp\/v2\/product\/10168","targetHints":{"allow":["GET"]}}],"collection":[{"href":"https:\/\/mytoursegypt.com\/ge\/wp-json\/wp\/v2\/product"}],"about":[{"href":"https:\/\/mytoursegypt.com\/ge\/wp-json\/wp\/v2\/types\/product"}],"replies":[{"embeddable":true,"href":"https:\/\/mytoursegypt.com\/ge\/wp-json\/wp\/v2\/comments?post=10168"}],"version-history":[{"count":1,"href":"https:\/\/mytoursegypt.com\/ge\/wp-json\/wp\/v2\/product\/10168\/revisions"}],"predecessor-version":[{"id":10174,"href":"https:\/\/mytoursegypt.com\/ge\/wp-json\/wp\/v2\/product\/10168\/revisions\/10174"}],"wp:featuredmedia":[{"embeddable":true,"href":"https:\/\/mytoursegypt.com\/ge\/wp-json\/wp\/v2\/media\/10169"}],"wp:attachment":[{"href":"https:\/\/mytoursegypt.com\/ge\/wp-json\/wp\/v2\/media?parent=10168"}],"wp:term":[{"taxonomy":"product_brand","embeddable":true,"href":"https:\/\/mytoursegypt.com\/ge\/wp-json\/wp\/v2\/product_brand?post=10168"},{"taxonomy":"product_cat","embeddable":true,"href":"https:\/\/mytoursegypt.com\/ge\/wp-json\/wp\/v2\/product_cat?post=10168"},{"taxonomy":"product_tag","embeddable":true,"href":"https:\/\/mytoursegypt.com\/ge\/wp-json\/wp\/v2\/product_tag?post=10168"}],"curies":[{"name":"wp","href":"https:\/\/api.w.org\/{rel}","templated":true}]}}