{"id":10176,"date":"2024-05-31T07:23:21","date_gmt":"2024-05-31T07:23:21","guid":{"rendered":"https:\/\/bookingegypttour.com\/?post_type=product&#038;p=10176"},"modified":"2024-07-02T04:18:32","modified_gmt":"2024-07-02T04:18:32","slug":"luxor-excursion-from-cairo-by-flight","status":"publish","type":"product","link":"https:\/\/mytoursegypt.com\/ge\/tour\/luxor-excursion-from-cairo-by-flight\/","title":{"rendered":"Luxor excursion from Cairo by flight"},"content":{"rendered":"<p>Luxor Tagestour ab Kairo mit dem Flug. Fliegen Sie den ganzen Tag von Kairo nach Luxor, um die besten Sehensw\u00fcrdigkeiten von Luxor an einem Tag zu sehen. Besuchen Sie die Karnak-Tempel und die Luxor-Tempel am Ostufer und sehen Sie das Tal der K\u00f6nige und den Hatshepsut-Tempel am Westjordanland.<\/p>\n<h2>Highlights in Luxor<\/h2>\n<h3>1. Karnak Temple<\/h3>\n<p>Das\u00a0<strong>Karnak Temple<\/strong>\u00a0was dedicated to the god Amun and is the largest temple in the ancient world, it is one of the most important temple complexes in Egypt. The construction of <strong>the\u00a0Karnak Temple<\/strong>\u00a0Die Fertigstellung soll 1500 Jahre gedauert haben, beginnend in der 11. Dynastie des Mittleren Reiches bis zum 1. Jahrhundert v. Chr. Chr.<\/p>\n<h3>2. Das Tal der K\u00f6nige<\/h3>\n<p>Das\u00a0<strong>Tal der K\u00f6nige<\/strong>, das von hohen Bergen und W\u00fcste ges\u00e4umte Tal, liegt am Westufer des Nils, gegen\u00fcber dem ehemaligen Theben. Fast das gesamte Gebiet von Theben-West bildet eine riesige Nekropole, in der die Herrscher des neuen Reiches begraben wurden.<\/p>\n<h3>3. Hatschepsut-Tempel<\/h3>\n<p><strong>Hatshepsut<\/strong>\u00a0war eine K\u00f6nigin aus dem neuen K\u00f6nigreich aus der 18. Dynastie, die sich als Mann verkleidete, um als Herrscherin akzeptiert zu werden. Der von ihr erbaute Tempel besteht aus drei imposanten Terrassen und war dem Gott Amun und der G\u00f6ttin Hathor geweiht. Das ber\u00fchmteste Relief des Tempels stellt eine Reise nach Punkt (heute Somalia) dar und ist damit die erste bildliche Darstellung einer Handelsexpedition.<\/p>\n<h3>4. Kolosse von Memnon<\/h3>\n<p><strong>Kolosse von Memnon<\/strong>, zwei beeindruckende Statuen von Amenophis III., \u00fcber die Ihnen Ihr Reisef\u00fchrer eine ber\u00fchmte antike Geschichte erz\u00e4hlen wird.<\/p>\n<p>Am Ende des Tages Transfer zum Flughafen Luxor und Inlandsflug nach Kairo. Nach Ihrer Ankunft am Flughafen Kairo werden Sie in einem klimatisierten Fahrzeug zur\u00fcck zum Hotel gefahren.<\/p>","protected":false},"excerpt":{"rendered":"<ul class=\"list_ok\">\n<li>Explore the east bank of the Nile from Luxor and the temples of Karnak<\/li>\n<li>Explore the western bank of the Nile at the Valley of the Kings and the Colossus of Memnon<\/li>\n<\/ul>","protected":false},"featured_media":10139,"comment_status":"open","ping_status":"closed","template":"","meta":[],"product_brand":[],"product_cat":[15],"product_tag":[],"class_list":{"0":"post-10176","1":"product","2":"type-product","3":"status-publish","4":"has-post-thumbnail","6":"product_cat-uncategorized","8":"first","9":"instock","10":"sale","11":"shipping-taxable","12":"purchasable","13":"product-type-ovabrw_car_rental"},"yoast_head":"<!-- This site is optimized with the Yoast SEO plugin v27.4 - https:\/\/yoast.com\/product\/yoast-seo-wordpress\/ -->\n<title>Luxor excursion from Cairo by flight - Discover Egypt Tours<\/title>\n<meta name=\"robots\" content=\"index, follow, max-snippet:-1, max-image-preview:large, max-video-preview:-1\" \/>\n<link rel=\"canonical\" href=\"https:\/\/mytoursegypt.com\/ge\/tour\/luxor-excursion-from-cairo-by-flight\/\" \/>\n<meta property=\"og:locale\" content=\"de_DE\" \/>\n<meta property=\"og:type\" content=\"article\" \/>\n<meta property=\"og:title\" content=\"Luxor excursion from Cairo by flight - Discover Egypt Tours\" \/>\n<meta property=\"og:description\" content=\"Explore the east bank of the Nile from Luxor and the temples of Karnak  Explore the western bank of the Nile at the Valley of the Kings and the Colossus of Memnon\" \/>\n<meta property=\"og:url\" content=\"https:\/\/mytoursegypt.com\/ge\/tour\/luxor-excursion-from-cairo-by-flight\/\" \/>\n<meta property=\"og:site_name\" content=\"Discover Egypt Tours\" \/>\n<meta property=\"article:modified_time\" content=\"2024-07-02T04:18:32+00:00\" \/>\n<meta property=\"og:image\" content=\"https:\/\/mytoursegypt.com\/wp-content\/uploads\/2024\/05\/53.jpg\" \/>\n\t<meta property=\"og:image:width\" content=\"700\" \/>\n\t<meta property=\"og:image:height\" content=\"700\" \/>\n\t<meta property=\"og:image:type\" content=\"image\/jpeg\" \/>\n<meta name=\"twitter:card\" content=\"summary_large_image\" \/>\n<meta name=\"twitter:label1\" content=\"Gesch\u00e4tzte Lesezeit\" \/>\n\t<meta name=\"twitter:data1\" content=\"2\u00a0Minuten\" \/>\n<script type=\"application\/ld+json\" class=\"yoast-schema-graph\">{\"@context\":\"https:\\\/\\\/schema.org\",\"@graph\":[{\"@type\":\"WebPage\",\"@id\":\"https:\\\/\\\/mytoursegypt.com\\\/tour\\\/luxor-excursion-from-cairo-by-flight\\\/\",\"url\":\"https:\\\/\\\/mytoursegypt.com\\\/tour\\\/luxor-excursion-from-cairo-by-flight\\\/\",\"name\":\"Luxor excursion from Cairo by flight - Discover Egypt Tours\",\"isPartOf\":{\"@id\":\"https:\\\/\\\/www.mytoursegypt.com\\\/#website\"},\"primaryImageOfPage\":{\"@id\":\"https:\\\/\\\/mytoursegypt.com\\\/tour\\\/luxor-excursion-from-cairo-by-flight\\\/#primaryimage\"},\"image\":{\"@id\":\"https:\\\/\\\/mytoursegypt.com\\\/tour\\\/luxor-excursion-from-cairo-by-flight\\\/#primaryimage\"},\"thumbnailUrl\":\"https:\\\/\\\/mytoursegypt.com\\\/wp-content\\\/uploads\\\/2024\\\/05\\\/53.jpg\",\"datePublished\":\"2024-05-31T07:23:21+00:00\",\"dateModified\":\"2024-07-02T04:18:32+00:00\",\"breadcrumb\":{\"@id\":\"https:\\\/\\\/mytoursegypt.com\\\/tour\\\/luxor-excursion-from-cairo-by-flight\\\/#breadcrumb\"},\"inLanguage\":\"de\",\"potentialAction\":[{\"@type\":\"ReadAction\",\"target\":[\"https:\\\/\\\/mytoursegypt.com\\\/tour\\\/luxor-excursion-from-cairo-by-flight\\\/\"]}]},{\"@type\":\"ImageObject\",\"inLanguage\":\"de\",\"@id\":\"https:\\\/\\\/mytoursegypt.com\\\/tour\\\/luxor-excursion-from-cairo-by-flight\\\/#primaryimage\",\"url\":\"https:\\\/\\\/mytoursegypt.com\\\/wp-content\\\/uploads\\\/2024\\\/05\\\/53.jpg\",\"contentUrl\":\"https:\\\/\\\/mytoursegypt.com\\\/wp-content\\\/uploads\\\/2024\\\/05\\\/53.jpg\",\"width\":700,\"height\":700},{\"@type\":\"BreadcrumbList\",\"@id\":\"https:\\\/\\\/mytoursegypt.com\\\/tour\\\/luxor-excursion-from-cairo-by-flight\\\/#breadcrumb\",\"itemListElement\":[{\"@type\":\"ListItem\",\"position\":1,\"name\":\"\u0627\u0644\u0631\u0626\u064a\u0633\u064a\u0629\",\"item\":\"https:\\\/\\\/mytoursegypt.com\\\/\"},{\"@type\":\"ListItem\",\"position\":2,\"name\":\"Shop\",\"item\":\"https:\\\/\\\/mytoursegypt.com\\\/ge\\\/shop\\\/\"},{\"@type\":\"ListItem\",\"position\":3,\"name\":\"Luxor excursion from Cairo by flight\"}]},{\"@type\":\"WebSite\",\"@id\":\"https:\\\/\\\/www.mytoursegypt.com\\\/#website\",\"url\":\"https:\\\/\\\/www.mytoursegypt.com\\\/\",\"name\":\"Discover Egypt Tours\",\"description\":\"Discover Egypt Your Guide to Top Attractions and Unique Experiences.\",\"publisher\":{\"@id\":\"https:\\\/\\\/www.mytoursegypt.com\\\/#organization\"},\"potentialAction\":[{\"@type\":\"SearchAction\",\"target\":{\"@type\":\"EntryPoint\",\"urlTemplate\":\"https:\\\/\\\/www.mytoursegypt.com\\\/?s={search_term_string}\"},\"query-input\":{\"@type\":\"PropertyValueSpecification\",\"valueRequired\":true,\"valueName\":\"search_term_string\"}}],\"inLanguage\":\"de\"},{\"@type\":\"Organization\",\"@id\":\"https:\\\/\\\/www.mytoursegypt.com\\\/#organization\",\"name\":\"Discover Egypt Tours\",\"url\":\"https:\\\/\\\/www.mytoursegypt.com\\\/\",\"logo\":{\"@type\":\"ImageObject\",\"inLanguage\":\"de\",\"@id\":\"https:\\\/\\\/www.mytoursegypt.com\\\/#\\\/schema\\\/logo\\\/image\\\/\",\"url\":\"https:\\\/\\\/mytoursegypt.com\\\/wp-content\\\/uploads\\\/2024\\\/06\\\/cropped-logo.png\",\"contentUrl\":\"https:\\\/\\\/mytoursegypt.com\\\/wp-content\\\/uploads\\\/2024\\\/06\\\/cropped-logo.png\",\"width\":512,\"height\":512,\"caption\":\"Discover Egypt Tours\"},\"image\":{\"@id\":\"https:\\\/\\\/www.mytoursegypt.com\\\/#\\\/schema\\\/logo\\\/image\\\/\"}}]}<\/script>\n<!-- \/ Yoast SEO plugin. -->","yoast_head_json":{"title":"Luxor excursion from Cairo by flight - Discover Egypt Tours","robots":{"index":"index","follow":"follow","max-snippet":"max-snippet:-1","max-image-preview":"max-image-preview:large","max-video-preview":"max-video-preview:-1"},"canonical":"https:\/\/mytoursegypt.com\/ge\/tour\/luxor-excursion-from-cairo-by-flight\/","og_locale":"de_DE","og_type":"article","og_title":"Luxor excursion from Cairo by flight - Discover Egypt Tours","og_description":"Explore the east bank of the Nile from Luxor and the temples of Karnak  Explore the western bank of the Nile at the Valley of the Kings and the Colossus of Memnon","og_url":"https:\/\/mytoursegypt.com\/ge\/tour\/luxor-excursion-from-cairo-by-flight\/","og_site_name":"Discover Egypt Tours","article_modified_time":"2024-07-02T04:18:32+00:00","og_image":[{"width":700,"height":700,"url":"https:\/\/mytoursegypt.com\/wp-content\/uploads\/2024\/05\/53.jpg","type":"image\/jpeg"}],"twitter_card":"summary_large_image","twitter_misc":{"Gesch\u00e4tzte Lesezeit":"2\u00a0Minuten"},"schema":{"@context":"https:\/\/schema.org","@graph":[{"@type":"WebPage","@id":"https:\/\/mytoursegypt.com\/tour\/luxor-excursion-from-cairo-by-flight\/","url":"https:\/\/mytoursegypt.com\/tour\/luxor-excursion-from-cairo-by-flight\/","name":"Luxor excursion from Cairo by flight - Discover Egypt Tours","isPartOf":{"@id":"https:\/\/www.mytoursegypt.com\/#website"},"primaryImageOfPage":{"@id":"https:\/\/mytoursegypt.com\/tour\/luxor-excursion-from-cairo-by-flight\/#primaryimage"},"image":{"@id":"https:\/\/mytoursegypt.com\/tour\/luxor-excursion-from-cairo-by-flight\/#primaryimage"},"thumbnailUrl":"https:\/\/mytoursegypt.com\/wp-content\/uploads\/2024\/05\/53.jpg","datePublished":"2024-05-31T07:23:21+00:00","dateModified":"2024-07-02T04:18:32+00:00","breadcrumb":{"@id":"https:\/\/mytoursegypt.com\/tour\/luxor-excursion-from-cairo-by-flight\/#breadcrumb"},"inLanguage":"de","potentialAction":[{"@type":"ReadAction","target":["https:\/\/mytoursegypt.com\/tour\/luxor-excursion-from-cairo-by-flight\/"]}]},{"@type":"ImageObject","inLanguage":"de","@id":"https:\/\/mytoursegypt.com\/tour\/luxor-excursion-from-cairo-by-flight\/#primaryimage","url":"https:\/\/mytoursegypt.com\/wp-content\/uploads\/2024\/05\/53.jpg","contentUrl":"https:\/\/mytoursegypt.com\/wp-content\/uploads\/2024\/05\/53.jpg","width":700,"height":700},{"@type":"BreadcrumbList","@id":"https:\/\/mytoursegypt.com\/tour\/luxor-excursion-from-cairo-by-flight\/#breadcrumb","itemListElement":[{"@type":"ListItem","position":1,"name":"\u0627\u0644\u0631\u0626\u064a\u0633\u064a\u0629","item":"https:\/\/mytoursegypt.com\/"},{"@type":"ListItem","position":2,"name":"Shop","item":"https:\/\/mytoursegypt.com\/ge\/shop\/"},{"@type":"ListItem","position":3,"name":"Luxor excursion from Cairo by flight"}]},{"@type":"WebSite","@id":"https:\/\/www.mytoursegypt.com\/#website","url":"https:\/\/www.mytoursegypt.com\/","name":"Discover Egypt Tours","description":"Discover Egypt Your Guide to Top Attractions and Unique Experiences.","publisher":{"@id":"https:\/\/www.mytoursegypt.com\/#organization"},"potentialAction":[{"@type":"SearchAction","target":{"@type":"EntryPoint","urlTemplate":"https:\/\/www.mytoursegypt.com\/?s={search_term_string}"},"query-input":{"@type":"PropertyValueSpecification","valueRequired":true,"valueName":"search_term_string"}}],"inLanguage":"de"},{"@type":"Organization","@id":"https:\/\/www.mytoursegypt.com\/#organization","name":"Discover Egypt Tours","url":"https:\/\/www.mytoursegypt.com\/","logo":{"@type":"ImageObject","inLanguage":"de","@id":"https:\/\/www.mytoursegypt.com\/#\/schema\/logo\/image\/","url":"https:\/\/mytoursegypt.com\/wp-content\/uploads\/2024\/06\/cropped-logo.png","contentUrl":"https:\/\/mytoursegypt.com\/wp-content\/uploads\/2024\/06\/cropped-logo.png","width":512,"height":512,"caption":"Discover Egypt Tours"},"image":{"@id":"https:\/\/www.mytoursegypt.com\/#\/schema\/logo\/image\/"}}]}},"_links":{"self":[{"href":"https:\/\/mytoursegypt.com\/ge\/wp-json\/wp\/v2\/product\/10176","targetHints":{"allow":["GET"]}}],"collection":[{"href":"https:\/\/mytoursegypt.com\/ge\/wp-json\/wp\/v2\/product"}],"about":[{"href":"https:\/\/mytoursegypt.com\/ge\/wp-json\/wp\/v2\/types\/product"}],"replies":[{"embeddable":true,"href":"https:\/\/mytoursegypt.com\/ge\/wp-json\/wp\/v2\/comments?post=10176"}],"version-history":[{"count":2,"href":"https:\/\/mytoursegypt.com\/ge\/wp-json\/wp\/v2\/product\/10176\/revisions"}],"predecessor-version":[{"id":11231,"href":"https:\/\/mytoursegypt.com\/ge\/wp-json\/wp\/v2\/product\/10176\/revisions\/11231"}],"wp:featuredmedia":[{"embeddable":true,"href":"https:\/\/mytoursegypt.com\/ge\/wp-json\/wp\/v2\/media\/10139"}],"wp:attachment":[{"href":"https:\/\/mytoursegypt.com\/ge\/wp-json\/wp\/v2\/media?parent=10176"}],"wp:term":[{"taxonomy":"product_brand","embeddable":true,"href":"https:\/\/mytoursegypt.com\/ge\/wp-json\/wp\/v2\/product_brand?post=10176"},{"taxonomy":"product_cat","embeddable":true,"href":"https:\/\/mytoursegypt.com\/ge\/wp-json\/wp\/v2\/product_cat?post=10176"},{"taxonomy":"product_tag","embeddable":true,"href":"https:\/\/mytoursegypt.com\/ge\/wp-json\/wp\/v2\/product_tag?post=10176"}],"curies":[{"name":"wp","href":"https:\/\/api.w.org\/{rel}","templated":true}]}}