{"id":10180,"date":"2024-05-31T07:50:58","date_gmt":"2024-05-31T07:50:58","guid":{"rendered":"https:\/\/bookingegypttour.com\/?post_type=product&#038;p=10180"},"modified":"2024-07-02T04:18:20","modified_gmt":"2024-07-02T04:18:20","slug":"overnight-st-catherines-monastery-in-sinai-tour-from-cairo","status":"publish","type":"product","link":"https:\/\/mytoursegypt.com\/ge\/tour\/overnight-st-catherines-monastery-in-sinai-tour-from-cairo\/","title":{"rendered":"\u00dcbernachtung St. Katharinenkloster im Sinai: Tour ab Kairo"},"content":{"rendered":"<p>Erkunden Sie einen der heiligsten Orte der Welt bei einer \u00dcbernachtung von Kairo aus und fahren Sie durch die Sinai-W\u00fcste zum Katharinenkloster in der abgelegenen Stadt gleichen Namens.<\/p>\n<h5>Tag 1<\/h5>\n<p>bookingegypttour-Vertreter holt Sie von Ihrem Hotel in Kairo ab und f\u00e4hrt ca. 11 Stunden nach St-Catherine, um das Kloster St-Catherine zu besuchen, das sich zwischen den St-Catherine's Mounts und dem Moses Mount befindet, dem \u00e4ltesten Kloster des Christentums. \u00dcbernachtung im Hotel.<\/p>\n<h5><strong>Tag 2<\/strong><\/h5>\n<p>You will be picked up at 2 am from your hotel and transferred to climb Moses Mountain\u00a0where Moses received 10 commandments. After Moses Mountain you will visit \u00a0St. Catherine Monastery, Room of the Skulls, where you will watch a lot of real skulls for previous\u00a0Monks of St. Catherine<strong>.<\/strong>\u00a0Continue visiting\u00a0Burning Bush\u00a0where Moses called his God.<\/p>\n<p>Danach fr\u00fchst\u00fccken Sie im Hotel und fahren zur\u00fcck nach Kairo.<\/p>","protected":false},"excerpt":{"rendered":"<ul class=\"list_ok\">\n<li>Visit the historic monastery of St. Catherine<\/li>\n<li>Explore Moses Mount and walk in the footsteps of Moses<\/li>\n<li>Visit Greek orthodox chapel and its famous mosaic of transfiguration<\/li>\n<\/ul>","protected":false},"featured_media":10133,"comment_status":"open","ping_status":"closed","template":"","meta":[],"product_brand":[],"product_cat":[15],"product_tag":[],"class_list":{"0":"post-10180","1":"product","2":"type-product","3":"status-publish","4":"has-post-thumbnail","6":"product_cat-uncategorized","8":"first","9":"instock","10":"sale","11":"shipping-taxable","12":"purchasable","13":"product-type-ovabrw_car_rental"},"yoast_head":"<!-- This site is optimized with the Yoast SEO plugin v27.4 - https:\/\/yoast.com\/product\/yoast-seo-wordpress\/ -->\n<title>Overnight St. Catherine\u2019s Monastery in Sinai Tour from Cairo - Discover Egypt Tours<\/title>\n<meta name=\"robots\" content=\"index, follow, max-snippet:-1, max-image-preview:large, max-video-preview:-1\" \/>\n<link rel=\"canonical\" href=\"https:\/\/mytoursegypt.com\/ge\/tour\/overnight-st-catherines-monastery-in-sinai-tour-from-cairo\/\" \/>\n<meta property=\"og:locale\" content=\"de_DE\" \/>\n<meta property=\"og:type\" content=\"article\" \/>\n<meta property=\"og:title\" content=\"Overnight St. Catherine\u2019s Monastery in Sinai Tour from Cairo - Discover Egypt Tours\" \/>\n<meta property=\"og:description\" content=\"Visit the historic monastery of St. Catherine  Explore Moses Mount and walk in the footsteps of Moses  Visit Greek orthodox chapel and its famous mosaic of transfiguration\" \/>\n<meta property=\"og:url\" content=\"https:\/\/mytoursegypt.com\/ge\/tour\/overnight-st-catherines-monastery-in-sinai-tour-from-cairo\/\" \/>\n<meta property=\"og:site_name\" content=\"Discover Egypt Tours\" \/>\n<meta property=\"article:modified_time\" content=\"2024-07-02T04:18:20+00:00\" \/>\n<meta property=\"og:image\" content=\"https:\/\/mytoursegypt.com\/wp-content\/uploads\/2024\/05\/07.jpg\" \/>\n\t<meta property=\"og:image:width\" content=\"360\" \/>\n\t<meta property=\"og:image:height\" content=\"240\" \/>\n\t<meta property=\"og:image:type\" content=\"image\/jpeg\" \/>\n<meta name=\"twitter:card\" content=\"summary_large_image\" \/>\n<meta name=\"twitter:label1\" content=\"Gesch\u00e4tzte Lesezeit\" \/>\n\t<meta name=\"twitter:data1\" content=\"1\u00a0Minute\" \/>\n<script type=\"application\/ld+json\" class=\"yoast-schema-graph\">{\"@context\":\"https:\\\/\\\/schema.org\",\"@graph\":[{\"@type\":\"WebPage\",\"@id\":\"https:\\\/\\\/mytoursegypt.com\\\/ge\\\/tour\\\/overnight-st-catherines-monastery-in-sinai-tour-from-cairo\\\/\",\"url\":\"https:\\\/\\\/mytoursegypt.com\\\/ge\\\/tour\\\/overnight-st-catherines-monastery-in-sinai-tour-from-cairo\\\/\",\"name\":\"Overnight St. Catherine\u2019s Monastery in Sinai Tour from Cairo - Discover Egypt Tours\",\"isPartOf\":{\"@id\":\"https:\\\/\\\/www.mytoursegypt.com\\\/#website\"},\"primaryImageOfPage\":{\"@id\":\"https:\\\/\\\/mytoursegypt.com\\\/ge\\\/tour\\\/overnight-st-catherines-monastery-in-sinai-tour-from-cairo\\\/#primaryimage\"},\"image\":{\"@id\":\"https:\\\/\\\/mytoursegypt.com\\\/ge\\\/tour\\\/overnight-st-catherines-monastery-in-sinai-tour-from-cairo\\\/#primaryimage\"},\"thumbnailUrl\":\"https:\\\/\\\/mytoursegypt.com\\\/wp-content\\\/uploads\\\/2024\\\/05\\\/07.jpg\",\"datePublished\":\"2024-05-31T07:50:58+00:00\",\"dateModified\":\"2024-07-02T04:18:20+00:00\",\"breadcrumb\":{\"@id\":\"https:\\\/\\\/mytoursegypt.com\\\/ge\\\/tour\\\/overnight-st-catherines-monastery-in-sinai-tour-from-cairo\\\/#breadcrumb\"},\"inLanguage\":\"de\",\"potentialAction\":[{\"@type\":\"ReadAction\",\"target\":[\"https:\\\/\\\/mytoursegypt.com\\\/ge\\\/tour\\\/overnight-st-catherines-monastery-in-sinai-tour-from-cairo\\\/\"]}]},{\"@type\":\"ImageObject\",\"inLanguage\":\"de\",\"@id\":\"https:\\\/\\\/mytoursegypt.com\\\/ge\\\/tour\\\/overnight-st-catherines-monastery-in-sinai-tour-from-cairo\\\/#primaryimage\",\"url\":\"https:\\\/\\\/mytoursegypt.com\\\/wp-content\\\/uploads\\\/2024\\\/05\\\/07.jpg\",\"contentUrl\":\"https:\\\/\\\/mytoursegypt.com\\\/wp-content\\\/uploads\\\/2024\\\/05\\\/07.jpg\",\"width\":360,\"height\":240},{\"@type\":\"BreadcrumbList\",\"@id\":\"https:\\\/\\\/mytoursegypt.com\\\/ge\\\/tour\\\/overnight-st-catherines-monastery-in-sinai-tour-from-cairo\\\/#breadcrumb\",\"itemListElement\":[{\"@type\":\"ListItem\",\"position\":1,\"name\":\"\u0627\u0644\u0631\u0626\u064a\u0633\u064a\u0629\",\"item\":\"https:\\\/\\\/mytoursegypt.com\\\/\"},{\"@type\":\"ListItem\",\"position\":2,\"name\":\"Shop\",\"item\":\"https:\\\/\\\/mytoursegypt.com\\\/ge\\\/shop\\\/\"},{\"@type\":\"ListItem\",\"position\":3,\"name\":\"Overnight St. Catherine\u2019s Monastery in Sinai Tour from Cairo\"}]},{\"@type\":\"WebSite\",\"@id\":\"https:\\\/\\\/www.mytoursegypt.com\\\/#website\",\"url\":\"https:\\\/\\\/www.mytoursegypt.com\\\/\",\"name\":\"Discover Egypt Tours\",\"description\":\"Discover Egypt Your Guide to Top Attractions and Unique Experiences.\",\"publisher\":{\"@id\":\"https:\\\/\\\/www.mytoursegypt.com\\\/#organization\"},\"potentialAction\":[{\"@type\":\"SearchAction\",\"target\":{\"@type\":\"EntryPoint\",\"urlTemplate\":\"https:\\\/\\\/www.mytoursegypt.com\\\/?s={search_term_string}\"},\"query-input\":{\"@type\":\"PropertyValueSpecification\",\"valueRequired\":true,\"valueName\":\"search_term_string\"}}],\"inLanguage\":\"de\"},{\"@type\":\"Organization\",\"@id\":\"https:\\\/\\\/www.mytoursegypt.com\\\/#organization\",\"name\":\"Discover Egypt Tours\",\"url\":\"https:\\\/\\\/www.mytoursegypt.com\\\/\",\"logo\":{\"@type\":\"ImageObject\",\"inLanguage\":\"de\",\"@id\":\"https:\\\/\\\/www.mytoursegypt.com\\\/#\\\/schema\\\/logo\\\/image\\\/\",\"url\":\"https:\\\/\\\/mytoursegypt.com\\\/wp-content\\\/uploads\\\/2024\\\/06\\\/cropped-logo.png\",\"contentUrl\":\"https:\\\/\\\/mytoursegypt.com\\\/wp-content\\\/uploads\\\/2024\\\/06\\\/cropped-logo.png\",\"width\":512,\"height\":512,\"caption\":\"Discover Egypt Tours\"},\"image\":{\"@id\":\"https:\\\/\\\/www.mytoursegypt.com\\\/#\\\/schema\\\/logo\\\/image\\\/\"}}]}<\/script>\n<!-- \/ Yoast SEO plugin. -->","yoast_head_json":{"title":"Overnight St. Catherine\u2019s Monastery in Sinai Tour from Cairo - Discover Egypt Tours","robots":{"index":"index","follow":"follow","max-snippet":"max-snippet:-1","max-image-preview":"max-image-preview:large","max-video-preview":"max-video-preview:-1"},"canonical":"https:\/\/mytoursegypt.com\/ge\/tour\/overnight-st-catherines-monastery-in-sinai-tour-from-cairo\/","og_locale":"de_DE","og_type":"article","og_title":"Overnight St. Catherine\u2019s Monastery in Sinai Tour from Cairo - Discover Egypt Tours","og_description":"Visit the historic monastery of St. Catherine  Explore Moses Mount and walk in the footsteps of Moses  Visit Greek orthodox chapel and its famous mosaic of transfiguration","og_url":"https:\/\/mytoursegypt.com\/ge\/tour\/overnight-st-catherines-monastery-in-sinai-tour-from-cairo\/","og_site_name":"Discover Egypt Tours","article_modified_time":"2024-07-02T04:18:20+00:00","og_image":[{"width":360,"height":240,"url":"https:\/\/mytoursegypt.com\/wp-content\/uploads\/2024\/05\/07.jpg","type":"image\/jpeg"}],"twitter_card":"summary_large_image","twitter_misc":{"Gesch\u00e4tzte Lesezeit":"1\u00a0Minute"},"schema":{"@context":"https:\/\/schema.org","@graph":[{"@type":"WebPage","@id":"https:\/\/mytoursegypt.com\/ge\/tour\/overnight-st-catherines-monastery-in-sinai-tour-from-cairo\/","url":"https:\/\/mytoursegypt.com\/ge\/tour\/overnight-st-catherines-monastery-in-sinai-tour-from-cairo\/","name":"Overnight St. Catherine\u2019s Monastery in Sinai Tour from Cairo - Discover Egypt Tours","isPartOf":{"@id":"https:\/\/www.mytoursegypt.com\/#website"},"primaryImageOfPage":{"@id":"https:\/\/mytoursegypt.com\/ge\/tour\/overnight-st-catherines-monastery-in-sinai-tour-from-cairo\/#primaryimage"},"image":{"@id":"https:\/\/mytoursegypt.com\/ge\/tour\/overnight-st-catherines-monastery-in-sinai-tour-from-cairo\/#primaryimage"},"thumbnailUrl":"https:\/\/mytoursegypt.com\/wp-content\/uploads\/2024\/05\/07.jpg","datePublished":"2024-05-31T07:50:58+00:00","dateModified":"2024-07-02T04:18:20+00:00","breadcrumb":{"@id":"https:\/\/mytoursegypt.com\/ge\/tour\/overnight-st-catherines-monastery-in-sinai-tour-from-cairo\/#breadcrumb"},"inLanguage":"de","potentialAction":[{"@type":"ReadAction","target":["https:\/\/mytoursegypt.com\/ge\/tour\/overnight-st-catherines-monastery-in-sinai-tour-from-cairo\/"]}]},{"@type":"ImageObject","inLanguage":"de","@id":"https:\/\/mytoursegypt.com\/ge\/tour\/overnight-st-catherines-monastery-in-sinai-tour-from-cairo\/#primaryimage","url":"https:\/\/mytoursegypt.com\/wp-content\/uploads\/2024\/05\/07.jpg","contentUrl":"https:\/\/mytoursegypt.com\/wp-content\/uploads\/2024\/05\/07.jpg","width":360,"height":240},{"@type":"BreadcrumbList","@id":"https:\/\/mytoursegypt.com\/ge\/tour\/overnight-st-catherines-monastery-in-sinai-tour-from-cairo\/#breadcrumb","itemListElement":[{"@type":"ListItem","position":1,"name":"\u0627\u0644\u0631\u0626\u064a\u0633\u064a\u0629","item":"https:\/\/mytoursegypt.com\/"},{"@type":"ListItem","position":2,"name":"Shop","item":"https:\/\/mytoursegypt.com\/ge\/shop\/"},{"@type":"ListItem","position":3,"name":"Overnight St. Catherine\u2019s Monastery in Sinai Tour from Cairo"}]},{"@type":"WebSite","@id":"https:\/\/www.mytoursegypt.com\/#website","url":"https:\/\/www.mytoursegypt.com\/","name":"Discover Egypt Tours","description":"Discover Egypt Your Guide to Top Attractions and Unique Experiences.","publisher":{"@id":"https:\/\/www.mytoursegypt.com\/#organization"},"potentialAction":[{"@type":"SearchAction","target":{"@type":"EntryPoint","urlTemplate":"https:\/\/www.mytoursegypt.com\/?s={search_term_string}"},"query-input":{"@type":"PropertyValueSpecification","valueRequired":true,"valueName":"search_term_string"}}],"inLanguage":"de"},{"@type":"Organization","@id":"https:\/\/www.mytoursegypt.com\/#organization","name":"Discover Egypt Tours","url":"https:\/\/www.mytoursegypt.com\/","logo":{"@type":"ImageObject","inLanguage":"de","@id":"https:\/\/www.mytoursegypt.com\/#\/schema\/logo\/image\/","url":"https:\/\/mytoursegypt.com\/wp-content\/uploads\/2024\/06\/cropped-logo.png","contentUrl":"https:\/\/mytoursegypt.com\/wp-content\/uploads\/2024\/06\/cropped-logo.png","width":512,"height":512,"caption":"Discover Egypt Tours"},"image":{"@id":"https:\/\/www.mytoursegypt.com\/#\/schema\/logo\/image\/"}}]}},"_links":{"self":[{"href":"https:\/\/mytoursegypt.com\/ge\/wp-json\/wp\/v2\/product\/10180","targetHints":{"allow":["GET"]}}],"collection":[{"href":"https:\/\/mytoursegypt.com\/ge\/wp-json\/wp\/v2\/product"}],"about":[{"href":"https:\/\/mytoursegypt.com\/ge\/wp-json\/wp\/v2\/types\/product"}],"replies":[{"embeddable":true,"href":"https:\/\/mytoursegypt.com\/ge\/wp-json\/wp\/v2\/comments?post=10180"}],"version-history":[{"count":1,"href":"https:\/\/mytoursegypt.com\/ge\/wp-json\/wp\/v2\/product\/10180\/revisions"}],"predecessor-version":[{"id":10186,"href":"https:\/\/mytoursegypt.com\/ge\/wp-json\/wp\/v2\/product\/10180\/revisions\/10186"}],"wp:featuredmedia":[{"embeddable":true,"href":"https:\/\/mytoursegypt.com\/ge\/wp-json\/wp\/v2\/media\/10133"}],"wp:attachment":[{"href":"https:\/\/mytoursegypt.com\/ge\/wp-json\/wp\/v2\/media?parent=10180"}],"wp:term":[{"taxonomy":"product_brand","embeddable":true,"href":"https:\/\/mytoursegypt.com\/ge\/wp-json\/wp\/v2\/product_brand?post=10180"},{"taxonomy":"product_cat","embeddable":true,"href":"https:\/\/mytoursegypt.com\/ge\/wp-json\/wp\/v2\/product_cat?post=10180"},{"taxonomy":"product_tag","embeddable":true,"href":"https:\/\/mytoursegypt.com\/ge\/wp-json\/wp\/v2\/product_tag?post=10180"}],"curies":[{"name":"wp","href":"https:\/\/api.w.org\/{rel}","templated":true}]}}