{"id":10187,"date":"2024-05-31T08:33:28","date_gmt":"2024-05-31T08:33:28","guid":{"rendered":"https:\/\/bookingegypttour.com\/?post_type=product&#038;p=10187"},"modified":"2024-07-02T04:18:13","modified_gmt":"2024-07-02T04:18:13","slug":"tour-to-alexandria-from-cairo","status":"publish","type":"product","link":"https:\/\/mytoursegypt.com\/ge\/tour\/tour-to-alexandria-from-cairo\/","title":{"rendered":"Von Kairo aus: Alexandria Private Tagestour mit F\u00fchrung und Mittagessen"},"content":{"rendered":"<p>Verbringe einen Tag in Kairo und erkunde die Highlights von Alexandria mit einem \u00e4gyptologischen Reiseleiter. Besuche die Katakomben von Kom el Shoqafa, die Bibliotheca Alexandrina und das Fort Qaitbey.<br \/>\nWenn Sie sich f\u00fcr die Tour in die fabelhafte Stadt Alexandria entscheiden, werden Sie mit dem Bus erfasst und m\u00fcssen nur drei Stunden fahren, bis Sie die Stadtmauer erreichen<\/p>\n<p>Our guide from Bookingegypttour will pick you up and transfer you, cutting across 220 km of the Western desert from Cairo is the city of Alexandria. The transfer takes about 3 hours. One you get there you\u2019ll be led throughout the city by a guide who can answer all of your questions, show you some of the most amazing sights of the city. On thi<strong>s\u00a0<\/strong>Tour nach Alexandria von Kairo aus besuchen Sie den Montazah Sommerpalast, spazieren herum und genie\u00dfen die Montazah G\u00e4rten, die urspr\u00fcnglich 1892 erbaut wurden.<\/p>\n<p>Weiter geht es zur Bibliotheca Alexandrina, einem neuen, modernen und beeindruckenden Geb\u00e4ude, das eine Bibliothek mit einer gro\u00dfartigen Sammlung arch\u00e4ologischer Funde aus dem antiken Alexandria in einer musealen Umgebung kombiniert. erfahre mehr dar\u00fcber mit deinem privaten \u00c4gyptologen-Guide.\n\nGenie\u00dfe eine Mittagspause in einem lokalen Restaurant. Gest\u00e4rkt machst du dich auf den Weg zum letzten Halt, dem Fort Qaitbey. Das Fort Qaitbey ist aufgrund seines historischen Wertes und seiner wichtigen Lage eine der Hauptattraktionen Alexandrias. Hier kannst du Sphinxen, S\u00e4ulen, Kapitelle und Statuen aus der pharaonischen, griechischen und r\u00f6mischen Epoche bewundern.<\/p>\n<p>Nachdem du die Stadt mit deinem Reisef\u00fchrer erkundet hast, kehrst du zu deiner Unterkunft in Kairo oder Gizeh zur\u00fcck.<\/p>","protected":false},"excerpt":{"rendered":"<ul class=\"list_ok\">\n<li>Enjoy a day trip to Alexandria from Cairo<\/li>\n<li>Kom Ash-Shuqqafa roman burial site<\/li>\n<li>Pompey\u2019s pillar and roman amphitheater<\/li>\n<li>Alexandria library, home to a copy of every book published in the world<\/li>\n<\/ul>","protected":false},"featured_media":9959,"comment_status":"open","ping_status":"closed","template":"","meta":[],"product_brand":[],"product_cat":[15],"product_tag":[],"class_list":{"0":"post-10187","1":"product","2":"type-product","3":"status-publish","4":"has-post-thumbnail","6":"product_cat-uncategorized","8":"first","9":"instock","10":"sale","11":"shipping-taxable","12":"purchasable","13":"product-type-ovabrw_car_rental"},"yoast_head":"<!-- This site is optimized with the Yoast SEO plugin v27.4 - https:\/\/yoast.com\/product\/yoast-seo-wordpress\/ -->\n<title>Tour to Alexandria from Cairo - Discover Egypt Tours<\/title>\n<meta name=\"robots\" content=\"index, follow, max-snippet:-1, max-image-preview:large, max-video-preview:-1\" \/>\n<link rel=\"canonical\" href=\"https:\/\/mytoursegypt.com\/ge\/tour\/tour-to-alexandria-from-cairo\/\" \/>\n<meta property=\"og:locale\" content=\"de_DE\" \/>\n<meta property=\"og:type\" content=\"article\" \/>\n<meta property=\"og:title\" content=\"Tour to Alexandria from Cairo - Discover Egypt Tours\" \/>\n<meta property=\"og:description\" content=\"Enjoy a day trip to Alexandria from Cairo  Kom Ash-Shuqqafa roman burial site  Pompey\u2019s pillar and roman amphitheater  Alexandria library, home to a copy of every book published in the world\" \/>\n<meta property=\"og:url\" content=\"https:\/\/mytoursegypt.com\/ge\/tour\/tour-to-alexandria-from-cairo\/\" \/>\n<meta property=\"og:site_name\" content=\"Discover Egypt Tours\" \/>\n<meta property=\"article:modified_time\" content=\"2024-07-02T04:18:13+00:00\" \/>\n<meta property=\"og:image\" content=\"https:\/\/mytoursegypt.com\/wp-content\/uploads\/2024\/05\/alexandria-excursion2.jpg\" \/>\n\t<meta property=\"og:image:width\" content=\"870\" \/>\n\t<meta property=\"og:image:height\" content=\"322\" \/>\n\t<meta property=\"og:image:type\" content=\"image\/jpeg\" \/>\n<meta name=\"twitter:card\" content=\"summary_large_image\" \/>\n<meta name=\"twitter:label1\" content=\"Gesch\u00e4tzte Lesezeit\" \/>\n\t<meta name=\"twitter:data1\" content=\"2\u00a0Minuten\" \/>\n<script type=\"application\/ld+json\" class=\"yoast-schema-graph\">{\"@context\":\"https:\\\/\\\/schema.org\",\"@graph\":[{\"@type\":\"WebPage\",\"@id\":\"https:\\\/\\\/mytoursegypt.com\\\/tour\\\/tour-to-alexandria-from-cairo\\\/\",\"url\":\"https:\\\/\\\/mytoursegypt.com\\\/tour\\\/tour-to-alexandria-from-cairo\\\/\",\"name\":\"Tour to Alexandria from Cairo - Discover Egypt Tours\",\"isPartOf\":{\"@id\":\"https:\\\/\\\/www.mytoursegypt.com\\\/#website\"},\"primaryImageOfPage\":{\"@id\":\"https:\\\/\\\/mytoursegypt.com\\\/tour\\\/tour-to-alexandria-from-cairo\\\/#primaryimage\"},\"image\":{\"@id\":\"https:\\\/\\\/mytoursegypt.com\\\/tour\\\/tour-to-alexandria-from-cairo\\\/#primaryimage\"},\"thumbnailUrl\":\"https:\\\/\\\/mytoursegypt.com\\\/wp-content\\\/uploads\\\/2024\\\/05\\\/alexandria-excursion2.jpg\",\"datePublished\":\"2024-05-31T08:33:28+00:00\",\"dateModified\":\"2024-07-02T04:18:13+00:00\",\"breadcrumb\":{\"@id\":\"https:\\\/\\\/mytoursegypt.com\\\/tour\\\/tour-to-alexandria-from-cairo\\\/#breadcrumb\"},\"inLanguage\":\"de\",\"potentialAction\":[{\"@type\":\"ReadAction\",\"target\":[\"https:\\\/\\\/mytoursegypt.com\\\/tour\\\/tour-to-alexandria-from-cairo\\\/\"]}]},{\"@type\":\"ImageObject\",\"inLanguage\":\"de\",\"@id\":\"https:\\\/\\\/mytoursegypt.com\\\/tour\\\/tour-to-alexandria-from-cairo\\\/#primaryimage\",\"url\":\"https:\\\/\\\/mytoursegypt.com\\\/wp-content\\\/uploads\\\/2024\\\/05\\\/alexandria-excursion2.jpg\",\"contentUrl\":\"https:\\\/\\\/mytoursegypt.com\\\/wp-content\\\/uploads\\\/2024\\\/05\\\/alexandria-excursion2.jpg\",\"width\":870,\"height\":322},{\"@type\":\"BreadcrumbList\",\"@id\":\"https:\\\/\\\/mytoursegypt.com\\\/tour\\\/tour-to-alexandria-from-cairo\\\/#breadcrumb\",\"itemListElement\":[{\"@type\":\"ListItem\",\"position\":1,\"name\":\"\u0627\u0644\u0631\u0626\u064a\u0633\u064a\u0629\",\"item\":\"https:\\\/\\\/mytoursegypt.com\\\/\"},{\"@type\":\"ListItem\",\"position\":2,\"name\":\"Shop\",\"item\":\"https:\\\/\\\/mytoursegypt.com\\\/ge\\\/shop\\\/\"},{\"@type\":\"ListItem\",\"position\":3,\"name\":\"Tour to Alexandria from Cairo\"}]},{\"@type\":\"WebSite\",\"@id\":\"https:\\\/\\\/www.mytoursegypt.com\\\/#website\",\"url\":\"https:\\\/\\\/www.mytoursegypt.com\\\/\",\"name\":\"Discover Egypt Tours\",\"description\":\"Discover Egypt Your Guide to Top Attractions and Unique Experiences.\",\"publisher\":{\"@id\":\"https:\\\/\\\/www.mytoursegypt.com\\\/#organization\"},\"potentialAction\":[{\"@type\":\"SearchAction\",\"target\":{\"@type\":\"EntryPoint\",\"urlTemplate\":\"https:\\\/\\\/www.mytoursegypt.com\\\/?s={search_term_string}\"},\"query-input\":{\"@type\":\"PropertyValueSpecification\",\"valueRequired\":true,\"valueName\":\"search_term_string\"}}],\"inLanguage\":\"de\"},{\"@type\":\"Organization\",\"@id\":\"https:\\\/\\\/www.mytoursegypt.com\\\/#organization\",\"name\":\"Discover Egypt Tours\",\"url\":\"https:\\\/\\\/www.mytoursegypt.com\\\/\",\"logo\":{\"@type\":\"ImageObject\",\"inLanguage\":\"de\",\"@id\":\"https:\\\/\\\/www.mytoursegypt.com\\\/#\\\/schema\\\/logo\\\/image\\\/\",\"url\":\"https:\\\/\\\/mytoursegypt.com\\\/wp-content\\\/uploads\\\/2024\\\/06\\\/cropped-logo.png\",\"contentUrl\":\"https:\\\/\\\/mytoursegypt.com\\\/wp-content\\\/uploads\\\/2024\\\/06\\\/cropped-logo.png\",\"width\":512,\"height\":512,\"caption\":\"Discover Egypt Tours\"},\"image\":{\"@id\":\"https:\\\/\\\/www.mytoursegypt.com\\\/#\\\/schema\\\/logo\\\/image\\\/\"}}]}<\/script>\n<!-- \/ Yoast SEO plugin. -->","yoast_head_json":{"title":"Tour to Alexandria from Cairo - Discover Egypt Tours","robots":{"index":"index","follow":"follow","max-snippet":"max-snippet:-1","max-image-preview":"max-image-preview:large","max-video-preview":"max-video-preview:-1"},"canonical":"https:\/\/mytoursegypt.com\/ge\/tour\/tour-to-alexandria-from-cairo\/","og_locale":"de_DE","og_type":"article","og_title":"Tour to Alexandria from Cairo - Discover Egypt Tours","og_description":"Enjoy a day trip to Alexandria from Cairo  Kom Ash-Shuqqafa roman burial site  Pompey\u2019s pillar and roman amphitheater  Alexandria library, home to a copy of every book published in the world","og_url":"https:\/\/mytoursegypt.com\/ge\/tour\/tour-to-alexandria-from-cairo\/","og_site_name":"Discover Egypt Tours","article_modified_time":"2024-07-02T04:18:13+00:00","og_image":[{"width":870,"height":322,"url":"https:\/\/mytoursegypt.com\/wp-content\/uploads\/2024\/05\/alexandria-excursion2.jpg","type":"image\/jpeg"}],"twitter_card":"summary_large_image","twitter_misc":{"Gesch\u00e4tzte Lesezeit":"2\u00a0Minuten"},"schema":{"@context":"https:\/\/schema.org","@graph":[{"@type":"WebPage","@id":"https:\/\/mytoursegypt.com\/tour\/tour-to-alexandria-from-cairo\/","url":"https:\/\/mytoursegypt.com\/tour\/tour-to-alexandria-from-cairo\/","name":"Tour to Alexandria from Cairo - Discover Egypt Tours","isPartOf":{"@id":"https:\/\/www.mytoursegypt.com\/#website"},"primaryImageOfPage":{"@id":"https:\/\/mytoursegypt.com\/tour\/tour-to-alexandria-from-cairo\/#primaryimage"},"image":{"@id":"https:\/\/mytoursegypt.com\/tour\/tour-to-alexandria-from-cairo\/#primaryimage"},"thumbnailUrl":"https:\/\/mytoursegypt.com\/wp-content\/uploads\/2024\/05\/alexandria-excursion2.jpg","datePublished":"2024-05-31T08:33:28+00:00","dateModified":"2024-07-02T04:18:13+00:00","breadcrumb":{"@id":"https:\/\/mytoursegypt.com\/tour\/tour-to-alexandria-from-cairo\/#breadcrumb"},"inLanguage":"de","potentialAction":[{"@type":"ReadAction","target":["https:\/\/mytoursegypt.com\/tour\/tour-to-alexandria-from-cairo\/"]}]},{"@type":"ImageObject","inLanguage":"de","@id":"https:\/\/mytoursegypt.com\/tour\/tour-to-alexandria-from-cairo\/#primaryimage","url":"https:\/\/mytoursegypt.com\/wp-content\/uploads\/2024\/05\/alexandria-excursion2.jpg","contentUrl":"https:\/\/mytoursegypt.com\/wp-content\/uploads\/2024\/05\/alexandria-excursion2.jpg","width":870,"height":322},{"@type":"BreadcrumbList","@id":"https:\/\/mytoursegypt.com\/tour\/tour-to-alexandria-from-cairo\/#breadcrumb","itemListElement":[{"@type":"ListItem","position":1,"name":"\u0627\u0644\u0631\u0626\u064a\u0633\u064a\u0629","item":"https:\/\/mytoursegypt.com\/"},{"@type":"ListItem","position":2,"name":"Shop","item":"https:\/\/mytoursegypt.com\/ge\/shop\/"},{"@type":"ListItem","position":3,"name":"Tour to Alexandria from Cairo"}]},{"@type":"WebSite","@id":"https:\/\/www.mytoursegypt.com\/#website","url":"https:\/\/www.mytoursegypt.com\/","name":"Discover Egypt Tours","description":"Discover Egypt Your Guide to Top Attractions and Unique Experiences.","publisher":{"@id":"https:\/\/www.mytoursegypt.com\/#organization"},"potentialAction":[{"@type":"SearchAction","target":{"@type":"EntryPoint","urlTemplate":"https:\/\/www.mytoursegypt.com\/?s={search_term_string}"},"query-input":{"@type":"PropertyValueSpecification","valueRequired":true,"valueName":"search_term_string"}}],"inLanguage":"de"},{"@type":"Organization","@id":"https:\/\/www.mytoursegypt.com\/#organization","name":"Discover Egypt Tours","url":"https:\/\/www.mytoursegypt.com\/","logo":{"@type":"ImageObject","inLanguage":"de","@id":"https:\/\/www.mytoursegypt.com\/#\/schema\/logo\/image\/","url":"https:\/\/mytoursegypt.com\/wp-content\/uploads\/2024\/06\/cropped-logo.png","contentUrl":"https:\/\/mytoursegypt.com\/wp-content\/uploads\/2024\/06\/cropped-logo.png","width":512,"height":512,"caption":"Discover Egypt Tours"},"image":{"@id":"https:\/\/www.mytoursegypt.com\/#\/schema\/logo\/image\/"}}]}},"_links":{"self":[{"href":"https:\/\/mytoursegypt.com\/ge\/wp-json\/wp\/v2\/product\/10187","targetHints":{"allow":["GET"]}}],"collection":[{"href":"https:\/\/mytoursegypt.com\/ge\/wp-json\/wp\/v2\/product"}],"about":[{"href":"https:\/\/mytoursegypt.com\/ge\/wp-json\/wp\/v2\/types\/product"}],"replies":[{"embeddable":true,"href":"https:\/\/mytoursegypt.com\/ge\/wp-json\/wp\/v2\/comments?post=10187"}],"version-history":[{"count":1,"href":"https:\/\/mytoursegypt.com\/ge\/wp-json\/wp\/v2\/product\/10187\/revisions"}],"predecessor-version":[{"id":10190,"href":"https:\/\/mytoursegypt.com\/ge\/wp-json\/wp\/v2\/product\/10187\/revisions\/10190"}],"wp:featuredmedia":[{"embeddable":true,"href":"https:\/\/mytoursegypt.com\/ge\/wp-json\/wp\/v2\/media\/9959"}],"wp:attachment":[{"href":"https:\/\/mytoursegypt.com\/ge\/wp-json\/wp\/v2\/media?parent=10187"}],"wp:term":[{"taxonomy":"product_brand","embeddable":true,"href":"https:\/\/mytoursegypt.com\/ge\/wp-json\/wp\/v2\/product_brand?post=10187"},{"taxonomy":"product_cat","embeddable":true,"href":"https:\/\/mytoursegypt.com\/ge\/wp-json\/wp\/v2\/product_cat?post=10187"},{"taxonomy":"product_tag","embeddable":true,"href":"https:\/\/mytoursegypt.com\/ge\/wp-json\/wp\/v2\/product_tag?post=10187"}],"curies":[{"name":"wp","href":"https:\/\/api.w.org\/{rel}","templated":true}]}}