{"id":10191,"date":"2024-05-31T09:01:32","date_gmt":"2024-05-31T09:01:32","guid":{"rendered":"https:\/\/bookingegypttour.com\/?post_type=product&#038;p=10191"},"modified":"2024-07-02T04:18:08","modified_gmt":"2024-07-02T04:18:08","slug":"nile-river-dinner-cruise-trip-in-cairo","status":"publish","type":"product","link":"https:\/\/mytoursegypt.com\/ge\/tour\/nile-river-dinner-cruise-trip-in-cairo\/","title":{"rendered":"Nilkreuzfahrt mit Abendessen in Kairo"},"content":{"rendered":"<p>Der Nil ist ein ikonisches und sehenswertes Wasserspiel in \u00c4gypten, das eine Vielzahl von Aktivit\u00e4ten f\u00fcr Sie bereith\u00e4lt. Eines der sch\u00f6nsten Highlights Ihrer Reise nach Kairo ist eine friedliche Dinner-Kreuzfahrt auf dem Nil, die Sie einen ganzen Abend voller Spa\u00df auf dem Nil mitnimmt!<\/p>\n<p>Wir holen Sie mit einem klimatisierten, modernen Fahrzeug von Ihrem Hotel in Kairo ab, um an einem unterhaltsamen Abend voller Unterhaltung auf dem Nil bei einer Dinner-Kreuzfahrt teilzunehmen.<\/p>\n<p>You\u2019ll not only enjoy a bountiful dinner rife with both traditional\u00a0Egyptian foods\u00a0and other more popular meals, but you\u2019ll be entertained with Egyptian music, belly dancers, a\u00a0Tanoura show, and so much more! Should you wish for more after your meals, head out onto the deck of the ship and watch the stunning city of\u00a0Cairo\u00a0pass by in the night! Its city lights make for an incredibly romantic view that should definitely be shared with a loved one! At the end of the night the cruise ship will dock peacefully and allow you to catch your predetermined ride back to your hotel!<\/p>","protected":false},"excerpt":{"rendered":"<ul class=\"list_ok\">\n<li>Two-hour dinner cruise on the river Nile<\/li>\n<li>Views of Cairo\u2019s illuminated skyline<\/li>\n<li>After-dinner belly-dancing show and folklore band<\/li>\n<li>Music provided by a house band<\/li>\n<\/ul>","protected":false},"featured_media":10192,"comment_status":"open","ping_status":"closed","template":"","meta":[],"product_brand":[],"product_cat":[15],"product_tag":[],"class_list":{"0":"post-10191","1":"product","2":"type-product","3":"status-publish","4":"has-post-thumbnail","6":"product_cat-uncategorized","8":"first","9":"instock","10":"sale","11":"shipping-taxable","12":"purchasable","13":"product-type-ovabrw_car_rental"},"yoast_head":"<!-- This site is optimized with the Yoast SEO plugin v27.4 - https:\/\/yoast.com\/product\/yoast-seo-wordpress\/ -->\n<title>Nile River Dinner Cruise Trip in Cairo - Discover Egypt Tours<\/title>\n<meta name=\"robots\" content=\"index, follow, max-snippet:-1, max-image-preview:large, max-video-preview:-1\" \/>\n<link rel=\"canonical\" href=\"https:\/\/mytoursegypt.com\/ge\/tour\/nile-river-dinner-cruise-trip-in-cairo\/\" \/>\n<meta property=\"og:locale\" content=\"de_DE\" \/>\n<meta property=\"og:type\" content=\"article\" \/>\n<meta property=\"og:title\" content=\"Nile River Dinner Cruise Trip in Cairo - Discover Egypt Tours\" \/>\n<meta property=\"og:description\" content=\"Two-hour dinner cruise on the river Nile  Views of Cairo\u2019s illuminated skyline  After-dinner belly-dancing show and folklore band  Music provided by a house band\" \/>\n<meta property=\"og:url\" content=\"https:\/\/mytoursegypt.com\/ge\/tour\/nile-river-dinner-cruise-trip-in-cairo\/\" \/>\n<meta property=\"og:site_name\" content=\"Discover Egypt Tours\" \/>\n<meta property=\"article:modified_time\" content=\"2024-07-02T04:18:08+00:00\" \/>\n<meta property=\"og:image\" content=\"https:\/\/mytoursegypt.com\/wp-content\/uploads\/2024\/05\/download-6.jpeg\" \/>\n\t<meta property=\"og:image:width\" content=\"700\" \/>\n\t<meta property=\"og:image:height\" content=\"350\" \/>\n\t<meta property=\"og:image:type\" content=\"image\/jpeg\" \/>\n<meta name=\"twitter:card\" content=\"summary_large_image\" \/>\n<meta name=\"twitter:label1\" content=\"Gesch\u00e4tzte Lesezeit\" \/>\n\t<meta name=\"twitter:data1\" content=\"2\u00a0Minuten\" \/>\n<script type=\"application\/ld+json\" class=\"yoast-schema-graph\">{\"@context\":\"https:\\\/\\\/schema.org\",\"@graph\":[{\"@type\":\"WebPage\",\"@id\":\"https:\\\/\\\/mytoursegypt.com\\\/ge\\\/tour\\\/nile-river-dinner-cruise-trip-in-cairo\\\/\",\"url\":\"https:\\\/\\\/mytoursegypt.com\\\/ge\\\/tour\\\/nile-river-dinner-cruise-trip-in-cairo\\\/\",\"name\":\"Nile River Dinner Cruise Trip in Cairo - Discover Egypt Tours\",\"isPartOf\":{\"@id\":\"https:\\\/\\\/www.mytoursegypt.com\\\/#website\"},\"primaryImageOfPage\":{\"@id\":\"https:\\\/\\\/mytoursegypt.com\\\/ge\\\/tour\\\/nile-river-dinner-cruise-trip-in-cairo\\\/#primaryimage\"},\"image\":{\"@id\":\"https:\\\/\\\/mytoursegypt.com\\\/ge\\\/tour\\\/nile-river-dinner-cruise-trip-in-cairo\\\/#primaryimage\"},\"thumbnailUrl\":\"https:\\\/\\\/mytoursegypt.com\\\/wp-content\\\/uploads\\\/2024\\\/05\\\/download-6.jpeg\",\"datePublished\":\"2024-05-31T09:01:32+00:00\",\"dateModified\":\"2024-07-02T04:18:08+00:00\",\"breadcrumb\":{\"@id\":\"https:\\\/\\\/mytoursegypt.com\\\/ge\\\/tour\\\/nile-river-dinner-cruise-trip-in-cairo\\\/#breadcrumb\"},\"inLanguage\":\"de\",\"potentialAction\":[{\"@type\":\"ReadAction\",\"target\":[\"https:\\\/\\\/mytoursegypt.com\\\/ge\\\/tour\\\/nile-river-dinner-cruise-trip-in-cairo\\\/\"]}]},{\"@type\":\"ImageObject\",\"inLanguage\":\"de\",\"@id\":\"https:\\\/\\\/mytoursegypt.com\\\/ge\\\/tour\\\/nile-river-dinner-cruise-trip-in-cairo\\\/#primaryimage\",\"url\":\"https:\\\/\\\/mytoursegypt.com\\\/wp-content\\\/uploads\\\/2024\\\/05\\\/download-6.jpeg\",\"contentUrl\":\"https:\\\/\\\/mytoursegypt.com\\\/wp-content\\\/uploads\\\/2024\\\/05\\\/download-6.jpeg\",\"width\":700,\"height\":350},{\"@type\":\"BreadcrumbList\",\"@id\":\"https:\\\/\\\/mytoursegypt.com\\\/ge\\\/tour\\\/nile-river-dinner-cruise-trip-in-cairo\\\/#breadcrumb\",\"itemListElement\":[{\"@type\":\"ListItem\",\"position\":1,\"name\":\"\u0627\u0644\u0631\u0626\u064a\u0633\u064a\u0629\",\"item\":\"https:\\\/\\\/mytoursegypt.com\\\/\"},{\"@type\":\"ListItem\",\"position\":2,\"name\":\"Shop\",\"item\":\"https:\\\/\\\/mytoursegypt.com\\\/ge\\\/shop\\\/\"},{\"@type\":\"ListItem\",\"position\":3,\"name\":\"Nile River Dinner Cruise Trip in Cairo\"}]},{\"@type\":\"WebSite\",\"@id\":\"https:\\\/\\\/www.mytoursegypt.com\\\/#website\",\"url\":\"https:\\\/\\\/www.mytoursegypt.com\\\/\",\"name\":\"Discover Egypt Tours\",\"description\":\"Discover Egypt Your Guide to Top Attractions and Unique Experiences.\",\"publisher\":{\"@id\":\"https:\\\/\\\/www.mytoursegypt.com\\\/#organization\"},\"potentialAction\":[{\"@type\":\"SearchAction\",\"target\":{\"@type\":\"EntryPoint\",\"urlTemplate\":\"https:\\\/\\\/www.mytoursegypt.com\\\/?s={search_term_string}\"},\"query-input\":{\"@type\":\"PropertyValueSpecification\",\"valueRequired\":true,\"valueName\":\"search_term_string\"}}],\"inLanguage\":\"de\"},{\"@type\":\"Organization\",\"@id\":\"https:\\\/\\\/www.mytoursegypt.com\\\/#organization\",\"name\":\"Discover Egypt Tours\",\"url\":\"https:\\\/\\\/www.mytoursegypt.com\\\/\",\"logo\":{\"@type\":\"ImageObject\",\"inLanguage\":\"de\",\"@id\":\"https:\\\/\\\/www.mytoursegypt.com\\\/#\\\/schema\\\/logo\\\/image\\\/\",\"url\":\"https:\\\/\\\/mytoursegypt.com\\\/wp-content\\\/uploads\\\/2024\\\/06\\\/cropped-logo.png\",\"contentUrl\":\"https:\\\/\\\/mytoursegypt.com\\\/wp-content\\\/uploads\\\/2024\\\/06\\\/cropped-logo.png\",\"width\":512,\"height\":512,\"caption\":\"Discover Egypt Tours\"},\"image\":{\"@id\":\"https:\\\/\\\/www.mytoursegypt.com\\\/#\\\/schema\\\/logo\\\/image\\\/\"}}]}<\/script>\n<!-- \/ Yoast SEO plugin. -->","yoast_head_json":{"title":"Nile River Dinner Cruise Trip in Cairo - Discover Egypt Tours","robots":{"index":"index","follow":"follow","max-snippet":"max-snippet:-1","max-image-preview":"max-image-preview:large","max-video-preview":"max-video-preview:-1"},"canonical":"https:\/\/mytoursegypt.com\/ge\/tour\/nile-river-dinner-cruise-trip-in-cairo\/","og_locale":"de_DE","og_type":"article","og_title":"Nile River Dinner Cruise Trip in Cairo - Discover Egypt Tours","og_description":"Two-hour dinner cruise on the river Nile  Views of Cairo\u2019s illuminated skyline  After-dinner belly-dancing show and folklore band  Music provided by a house band","og_url":"https:\/\/mytoursegypt.com\/ge\/tour\/nile-river-dinner-cruise-trip-in-cairo\/","og_site_name":"Discover Egypt Tours","article_modified_time":"2024-07-02T04:18:08+00:00","og_image":[{"width":700,"height":350,"url":"https:\/\/mytoursegypt.com\/wp-content\/uploads\/2024\/05\/download-6.jpeg","type":"image\/jpeg"}],"twitter_card":"summary_large_image","twitter_misc":{"Gesch\u00e4tzte Lesezeit":"2\u00a0Minuten"},"schema":{"@context":"https:\/\/schema.org","@graph":[{"@type":"WebPage","@id":"https:\/\/mytoursegypt.com\/ge\/tour\/nile-river-dinner-cruise-trip-in-cairo\/","url":"https:\/\/mytoursegypt.com\/ge\/tour\/nile-river-dinner-cruise-trip-in-cairo\/","name":"Nile River Dinner Cruise Trip in Cairo - Discover Egypt Tours","isPartOf":{"@id":"https:\/\/www.mytoursegypt.com\/#website"},"primaryImageOfPage":{"@id":"https:\/\/mytoursegypt.com\/ge\/tour\/nile-river-dinner-cruise-trip-in-cairo\/#primaryimage"},"image":{"@id":"https:\/\/mytoursegypt.com\/ge\/tour\/nile-river-dinner-cruise-trip-in-cairo\/#primaryimage"},"thumbnailUrl":"https:\/\/mytoursegypt.com\/wp-content\/uploads\/2024\/05\/download-6.jpeg","datePublished":"2024-05-31T09:01:32+00:00","dateModified":"2024-07-02T04:18:08+00:00","breadcrumb":{"@id":"https:\/\/mytoursegypt.com\/ge\/tour\/nile-river-dinner-cruise-trip-in-cairo\/#breadcrumb"},"inLanguage":"de","potentialAction":[{"@type":"ReadAction","target":["https:\/\/mytoursegypt.com\/ge\/tour\/nile-river-dinner-cruise-trip-in-cairo\/"]}]},{"@type":"ImageObject","inLanguage":"de","@id":"https:\/\/mytoursegypt.com\/ge\/tour\/nile-river-dinner-cruise-trip-in-cairo\/#primaryimage","url":"https:\/\/mytoursegypt.com\/wp-content\/uploads\/2024\/05\/download-6.jpeg","contentUrl":"https:\/\/mytoursegypt.com\/wp-content\/uploads\/2024\/05\/download-6.jpeg","width":700,"height":350},{"@type":"BreadcrumbList","@id":"https:\/\/mytoursegypt.com\/ge\/tour\/nile-river-dinner-cruise-trip-in-cairo\/#breadcrumb","itemListElement":[{"@type":"ListItem","position":1,"name":"\u0627\u0644\u0631\u0626\u064a\u0633\u064a\u0629","item":"https:\/\/mytoursegypt.com\/"},{"@type":"ListItem","position":2,"name":"Shop","item":"https:\/\/mytoursegypt.com\/ge\/shop\/"},{"@type":"ListItem","position":3,"name":"Nile River Dinner Cruise Trip in Cairo"}]},{"@type":"WebSite","@id":"https:\/\/www.mytoursegypt.com\/#website","url":"https:\/\/www.mytoursegypt.com\/","name":"Discover Egypt Tours","description":"Discover Egypt Your Guide to Top Attractions and Unique Experiences.","publisher":{"@id":"https:\/\/www.mytoursegypt.com\/#organization"},"potentialAction":[{"@type":"SearchAction","target":{"@type":"EntryPoint","urlTemplate":"https:\/\/www.mytoursegypt.com\/?s={search_term_string}"},"query-input":{"@type":"PropertyValueSpecification","valueRequired":true,"valueName":"search_term_string"}}],"inLanguage":"de"},{"@type":"Organization","@id":"https:\/\/www.mytoursegypt.com\/#organization","name":"Discover Egypt Tours","url":"https:\/\/www.mytoursegypt.com\/","logo":{"@type":"ImageObject","inLanguage":"de","@id":"https:\/\/www.mytoursegypt.com\/#\/schema\/logo\/image\/","url":"https:\/\/mytoursegypt.com\/wp-content\/uploads\/2024\/06\/cropped-logo.png","contentUrl":"https:\/\/mytoursegypt.com\/wp-content\/uploads\/2024\/06\/cropped-logo.png","width":512,"height":512,"caption":"Discover Egypt Tours"},"image":{"@id":"https:\/\/www.mytoursegypt.com\/#\/schema\/logo\/image\/"}}]}},"_links":{"self":[{"href":"https:\/\/mytoursegypt.com\/ge\/wp-json\/wp\/v2\/product\/10191","targetHints":{"allow":["GET"]}}],"collection":[{"href":"https:\/\/mytoursegypt.com\/ge\/wp-json\/wp\/v2\/product"}],"about":[{"href":"https:\/\/mytoursegypt.com\/ge\/wp-json\/wp\/v2\/types\/product"}],"replies":[{"embeddable":true,"href":"https:\/\/mytoursegypt.com\/ge\/wp-json\/wp\/v2\/comments?post=10191"}],"version-history":[{"count":1,"href":"https:\/\/mytoursegypt.com\/ge\/wp-json\/wp\/v2\/product\/10191\/revisions"}],"predecessor-version":[{"id":10199,"href":"https:\/\/mytoursegypt.com\/ge\/wp-json\/wp\/v2\/product\/10191\/revisions\/10199"}],"wp:featuredmedia":[{"embeddable":true,"href":"https:\/\/mytoursegypt.com\/ge\/wp-json\/wp\/v2\/media\/10192"}],"wp:attachment":[{"href":"https:\/\/mytoursegypt.com\/ge\/wp-json\/wp\/v2\/media?parent=10191"}],"wp:term":[{"taxonomy":"product_brand","embeddable":true,"href":"https:\/\/mytoursegypt.com\/ge\/wp-json\/wp\/v2\/product_brand?post=10191"},{"taxonomy":"product_cat","embeddable":true,"href":"https:\/\/mytoursegypt.com\/ge\/wp-json\/wp\/v2\/product_cat?post=10191"},{"taxonomy":"product_tag","embeddable":true,"href":"https:\/\/mytoursegypt.com\/ge\/wp-json\/wp\/v2\/product_tag?post=10191"}],"curies":[{"name":"wp","href":"https:\/\/api.w.org\/{rel}","templated":true}]}}