{"id":10208,"date":"2024-05-31T10:10:49","date_gmt":"2024-05-31T10:10:49","guid":{"rendered":"https:\/\/bookingegypttour.com\/?post_type=product&#038;p=10208"},"modified":"2025-11-25T04:07:38","modified_gmt":"2025-11-25T04:07:38","slug":"private-tour-to-egyptian-museum-alabaster-mosque-bazaar","status":"publish","type":"product","link":"https:\/\/mytoursegypt.com\/ge\/tour\/private-tour-to-egyptian-museum-alabaster-mosque-bazaar\/","title":{"rendered":"Private ausflug zum \u00c4gyptischen Museum, Alabaster-Moschee und zum Basar"},"content":{"rendered":"<p>Die Stadt Kairo selbst hat so viel f\u00fcr Sie zu bieten, und es ist sehr wahrscheinlich, dass Sie sofort zur\u00fcckreisen m\u00f6chten, wenn Sie nach Hause kommen, um mehr von ihren verborgenen Wundern zu sehen! Gl\u00fccklicherweise k\u00f6nnen einige der gr\u00f6\u00dften und beliebtesten Attraktionen problemlos in einer Tagestour durch die Stadt abgedeckt werden. Diese Tour f\u00fchrt Sie zu den Highlights wie dem ber\u00fchmten \u00c4gyptischen Museum, der Alabastermoschee und dem Basar.<\/p>\n<p>The museum, itself, could easily be a day tour because it holds over a 120 000 different artifacts, treasures, and antiquities. You can even see the famous gold mask of Tutankhamun!<\/p>\n<p>Next, when you view the Bazaar you\u2019ll get an incredible yet enjoyable culture shock when you see this six hundred year old bazaar still buzzing with life! Aromatic spices, unique sheeshas, and amazing artifacts can be purchased at almost every different vendor, and you\u2019ll be delighted by the music played throughout the bazaar as well!<\/p>\n<p>Schlie\u00dflich f\u00fchrt Sie Ihr Tagesausflug durch die Stadt Kairo zur Alabastermoschee. Dies ist eine atemberaubende und optisch beeindruckende helle Moschee mit wei\u00dfen Kuppelspitzen. Sie ist allgemein als Moschee von Muhammad Ali Pascha bekannt und wurde Mitte des 19. Jahrhunderts im Zentrum von Kairo erbaut.<\/p>","protected":false},"excerpt":{"rendered":"<ul class=\"list_ok\">\n<li>See Cairo\u2019s most famous sites \u2013 Egyptian Museum, Alabaster mosque and Khan el-Khalili<\/li>\n<li>See the famous treasures of king Tutankhamun at the Egyptian Museum<\/li>\n<li>Shop for bargains at Khan el-Khalili Bazaar<\/li>\n<li>Fantastic views of the city skyline at the Citadel of Salah el-Din<\/li>\n<\/ul>","protected":false},"featured_media":10203,"comment_status":"open","ping_status":"closed","template":"","meta":[],"product_brand":[],"product_cat":[15],"product_tag":[],"class_list":{"0":"post-10208","1":"product","2":"type-product","3":"status-publish","4":"has-post-thumbnail","6":"product_cat-uncategorized","8":"first","9":"instock","10":"sale","11":"shipping-taxable","12":"purchasable","13":"product-type-ovabrw_car_rental"},"yoast_head":"<!-- This site is optimized with the Yoast SEO plugin v27.4 - https:\/\/yoast.com\/product\/yoast-seo-wordpress\/ -->\n<title>Private tour to Egyptian Museum, Alabaster Mosque &amp; Bazaar - Discover Egypt Tours<\/title>\n<meta name=\"robots\" content=\"index, follow, max-snippet:-1, max-image-preview:large, max-video-preview:-1\" \/>\n<link rel=\"canonical\" href=\"https:\/\/mytoursegypt.com\/ge\/tour\/private-tour-to-egyptian-museum-alabaster-mosque-bazaar\/\" \/>\n<meta property=\"og:locale\" content=\"de_DE\" \/>\n<meta property=\"og:type\" content=\"article\" \/>\n<meta property=\"og:title\" content=\"Private tour to Egyptian Museum, Alabaster Mosque &amp; Bazaar - Discover Egypt Tours\" \/>\n<meta property=\"og:description\" content=\"See Cairo\u2019s most famous sites \u2013 Egyptian Museum, Alabaster mosque and Khan el-Khalili  See the famous treasures of king Tutankhamun at the Egyptian Museum  Shop for bargains at Khan el-Khalili Bazaar  Fantastic views of the city skyline at the Citadel of Salah el-Din\" \/>\n<meta property=\"og:url\" content=\"https:\/\/mytoursegypt.com\/ge\/tour\/private-tour-to-egyptian-museum-alabaster-mosque-bazaar\/\" \/>\n<meta property=\"og:site_name\" content=\"Discover Egypt Tours\" \/>\n<meta property=\"article:modified_time\" content=\"2025-11-25T04:07:38+00:00\" \/>\n<meta property=\"og:image\" content=\"https:\/\/mytoursegypt.com\/wp-content\/uploads\/2024\/05\/download-79.jpeg\" \/>\n\t<meta property=\"og:image:width\" content=\"357\" \/>\n\t<meta property=\"og:image:height\" content=\"141\" \/>\n\t<meta property=\"og:image:type\" content=\"image\/jpeg\" \/>\n<meta name=\"twitter:card\" content=\"summary_large_image\" \/>\n<meta name=\"twitter:label1\" content=\"Gesch\u00e4tzte Lesezeit\" \/>\n\t<meta name=\"twitter:data1\" content=\"2\u00a0Minuten\" \/>\n<script type=\"application\/ld+json\" class=\"yoast-schema-graph\">{\"@context\":\"https:\\\/\\\/schema.org\",\"@graph\":[{\"@type\":\"WebPage\",\"@id\":\"https:\\\/\\\/mytoursegypt.com\\\/tour\\\/private-tour-to-egyptian-museum-alabaster-mosque-bazaar\\\/\",\"url\":\"https:\\\/\\\/mytoursegypt.com\\\/tour\\\/private-tour-to-egyptian-museum-alabaster-mosque-bazaar\\\/\",\"name\":\"Private tour to Egyptian Museum, Alabaster Mosque & Bazaar - Discover Egypt Tours\",\"isPartOf\":{\"@id\":\"https:\\\/\\\/www.mytoursegypt.com\\\/#website\"},\"primaryImageOfPage\":{\"@id\":\"https:\\\/\\\/mytoursegypt.com\\\/tour\\\/private-tour-to-egyptian-museum-alabaster-mosque-bazaar\\\/#primaryimage\"},\"image\":{\"@id\":\"https:\\\/\\\/mytoursegypt.com\\\/tour\\\/private-tour-to-egyptian-museum-alabaster-mosque-bazaar\\\/#primaryimage\"},\"thumbnailUrl\":\"https:\\\/\\\/mytoursegypt.com\\\/wp-content\\\/uploads\\\/2024\\\/05\\\/download-79.jpeg\",\"datePublished\":\"2024-05-31T10:10:49+00:00\",\"dateModified\":\"2025-11-25T04:07:38+00:00\",\"breadcrumb\":{\"@id\":\"https:\\\/\\\/mytoursegypt.com\\\/tour\\\/private-tour-to-egyptian-museum-alabaster-mosque-bazaar\\\/#breadcrumb\"},\"inLanguage\":\"de\",\"potentialAction\":[{\"@type\":\"ReadAction\",\"target\":[\"https:\\\/\\\/mytoursegypt.com\\\/tour\\\/private-tour-to-egyptian-museum-alabaster-mosque-bazaar\\\/\"]}]},{\"@type\":\"ImageObject\",\"inLanguage\":\"de\",\"@id\":\"https:\\\/\\\/mytoursegypt.com\\\/tour\\\/private-tour-to-egyptian-museum-alabaster-mosque-bazaar\\\/#primaryimage\",\"url\":\"https:\\\/\\\/mytoursegypt.com\\\/wp-content\\\/uploads\\\/2024\\\/05\\\/download-79.jpeg\",\"contentUrl\":\"https:\\\/\\\/mytoursegypt.com\\\/wp-content\\\/uploads\\\/2024\\\/05\\\/download-79.jpeg\",\"width\":357,\"height\":141},{\"@type\":\"BreadcrumbList\",\"@id\":\"https:\\\/\\\/mytoursegypt.com\\\/tour\\\/private-tour-to-egyptian-museum-alabaster-mosque-bazaar\\\/#breadcrumb\",\"itemListElement\":[{\"@type\":\"ListItem\",\"position\":1,\"name\":\"\u0627\u0644\u0631\u0626\u064a\u0633\u064a\u0629\",\"item\":\"https:\\\/\\\/mytoursegypt.com\\\/\"},{\"@type\":\"ListItem\",\"position\":2,\"name\":\"Shop\",\"item\":\"https:\\\/\\\/mytoursegypt.com\\\/ge\\\/shop\\\/\"},{\"@type\":\"ListItem\",\"position\":3,\"name\":\"Private tour to Egyptian Museum, Alabaster Mosque &#038; Bazaar\"}]},{\"@type\":\"WebSite\",\"@id\":\"https:\\\/\\\/www.mytoursegypt.com\\\/#website\",\"url\":\"https:\\\/\\\/www.mytoursegypt.com\\\/\",\"name\":\"Discover Egypt Tours\",\"description\":\"Discover Egypt Your Guide to Top Attractions and Unique Experiences.\",\"publisher\":{\"@id\":\"https:\\\/\\\/www.mytoursegypt.com\\\/#organization\"},\"potentialAction\":[{\"@type\":\"SearchAction\",\"target\":{\"@type\":\"EntryPoint\",\"urlTemplate\":\"https:\\\/\\\/www.mytoursegypt.com\\\/?s={search_term_string}\"},\"query-input\":{\"@type\":\"PropertyValueSpecification\",\"valueRequired\":true,\"valueName\":\"search_term_string\"}}],\"inLanguage\":\"de\"},{\"@type\":\"Organization\",\"@id\":\"https:\\\/\\\/www.mytoursegypt.com\\\/#organization\",\"name\":\"Discover Egypt Tours\",\"url\":\"https:\\\/\\\/www.mytoursegypt.com\\\/\",\"logo\":{\"@type\":\"ImageObject\",\"inLanguage\":\"de\",\"@id\":\"https:\\\/\\\/www.mytoursegypt.com\\\/#\\\/schema\\\/logo\\\/image\\\/\",\"url\":\"https:\\\/\\\/mytoursegypt.com\\\/wp-content\\\/uploads\\\/2024\\\/06\\\/cropped-logo.png\",\"contentUrl\":\"https:\\\/\\\/mytoursegypt.com\\\/wp-content\\\/uploads\\\/2024\\\/06\\\/cropped-logo.png\",\"width\":512,\"height\":512,\"caption\":\"Discover Egypt Tours\"},\"image\":{\"@id\":\"https:\\\/\\\/www.mytoursegypt.com\\\/#\\\/schema\\\/logo\\\/image\\\/\"}}]}<\/script>\n<!-- \/ Yoast SEO plugin. -->","yoast_head_json":{"title":"Private tour to Egyptian Museum, Alabaster Mosque & Bazaar - Discover Egypt Tours","robots":{"index":"index","follow":"follow","max-snippet":"max-snippet:-1","max-image-preview":"max-image-preview:large","max-video-preview":"max-video-preview:-1"},"canonical":"https:\/\/mytoursegypt.com\/ge\/tour\/private-tour-to-egyptian-museum-alabaster-mosque-bazaar\/","og_locale":"de_DE","og_type":"article","og_title":"Private tour to Egyptian Museum, Alabaster Mosque & Bazaar - Discover Egypt Tours","og_description":"See Cairo\u2019s most famous sites \u2013 Egyptian Museum, Alabaster mosque and Khan el-Khalili  See the famous treasures of king Tutankhamun at the Egyptian Museum  Shop for bargains at Khan el-Khalili Bazaar  Fantastic views of the city skyline at the Citadel of Salah el-Din","og_url":"https:\/\/mytoursegypt.com\/ge\/tour\/private-tour-to-egyptian-museum-alabaster-mosque-bazaar\/","og_site_name":"Discover Egypt Tours","article_modified_time":"2025-11-25T04:07:38+00:00","og_image":[{"width":357,"height":141,"url":"https:\/\/mytoursegypt.com\/wp-content\/uploads\/2024\/05\/download-79.jpeg","type":"image\/jpeg"}],"twitter_card":"summary_large_image","twitter_misc":{"Gesch\u00e4tzte Lesezeit":"2\u00a0Minuten"},"schema":{"@context":"https:\/\/schema.org","@graph":[{"@type":"WebPage","@id":"https:\/\/mytoursegypt.com\/tour\/private-tour-to-egyptian-museum-alabaster-mosque-bazaar\/","url":"https:\/\/mytoursegypt.com\/tour\/private-tour-to-egyptian-museum-alabaster-mosque-bazaar\/","name":"Private tour to Egyptian Museum, Alabaster Mosque & Bazaar - Discover Egypt Tours","isPartOf":{"@id":"https:\/\/www.mytoursegypt.com\/#website"},"primaryImageOfPage":{"@id":"https:\/\/mytoursegypt.com\/tour\/private-tour-to-egyptian-museum-alabaster-mosque-bazaar\/#primaryimage"},"image":{"@id":"https:\/\/mytoursegypt.com\/tour\/private-tour-to-egyptian-museum-alabaster-mosque-bazaar\/#primaryimage"},"thumbnailUrl":"https:\/\/mytoursegypt.com\/wp-content\/uploads\/2024\/05\/download-79.jpeg","datePublished":"2024-05-31T10:10:49+00:00","dateModified":"2025-11-25T04:07:38+00:00","breadcrumb":{"@id":"https:\/\/mytoursegypt.com\/tour\/private-tour-to-egyptian-museum-alabaster-mosque-bazaar\/#breadcrumb"},"inLanguage":"de","potentialAction":[{"@type":"ReadAction","target":["https:\/\/mytoursegypt.com\/tour\/private-tour-to-egyptian-museum-alabaster-mosque-bazaar\/"]}]},{"@type":"ImageObject","inLanguage":"de","@id":"https:\/\/mytoursegypt.com\/tour\/private-tour-to-egyptian-museum-alabaster-mosque-bazaar\/#primaryimage","url":"https:\/\/mytoursegypt.com\/wp-content\/uploads\/2024\/05\/download-79.jpeg","contentUrl":"https:\/\/mytoursegypt.com\/wp-content\/uploads\/2024\/05\/download-79.jpeg","width":357,"height":141},{"@type":"BreadcrumbList","@id":"https:\/\/mytoursegypt.com\/tour\/private-tour-to-egyptian-museum-alabaster-mosque-bazaar\/#breadcrumb","itemListElement":[{"@type":"ListItem","position":1,"name":"\u0627\u0644\u0631\u0626\u064a\u0633\u064a\u0629","item":"https:\/\/mytoursegypt.com\/"},{"@type":"ListItem","position":2,"name":"Shop","item":"https:\/\/mytoursegypt.com\/ge\/shop\/"},{"@type":"ListItem","position":3,"name":"Private tour to Egyptian Museum, Alabaster Mosque &#038; Bazaar"}]},{"@type":"WebSite","@id":"https:\/\/www.mytoursegypt.com\/#website","url":"https:\/\/www.mytoursegypt.com\/","name":"Discover Egypt Tours","description":"Discover Egypt Your Guide to Top Attractions and Unique Experiences.","publisher":{"@id":"https:\/\/www.mytoursegypt.com\/#organization"},"potentialAction":[{"@type":"SearchAction","target":{"@type":"EntryPoint","urlTemplate":"https:\/\/www.mytoursegypt.com\/?s={search_term_string}"},"query-input":{"@type":"PropertyValueSpecification","valueRequired":true,"valueName":"search_term_string"}}],"inLanguage":"de"},{"@type":"Organization","@id":"https:\/\/www.mytoursegypt.com\/#organization","name":"Discover Egypt Tours","url":"https:\/\/www.mytoursegypt.com\/","logo":{"@type":"ImageObject","inLanguage":"de","@id":"https:\/\/www.mytoursegypt.com\/#\/schema\/logo\/image\/","url":"https:\/\/mytoursegypt.com\/wp-content\/uploads\/2024\/06\/cropped-logo.png","contentUrl":"https:\/\/mytoursegypt.com\/wp-content\/uploads\/2024\/06\/cropped-logo.png","width":512,"height":512,"caption":"Discover Egypt Tours"},"image":{"@id":"https:\/\/www.mytoursegypt.com\/#\/schema\/logo\/image\/"}}]}},"_links":{"self":[{"href":"https:\/\/mytoursegypt.com\/ge\/wp-json\/wp\/v2\/product\/10208","targetHints":{"allow":["GET"]}}],"collection":[{"href":"https:\/\/mytoursegypt.com\/ge\/wp-json\/wp\/v2\/product"}],"about":[{"href":"https:\/\/mytoursegypt.com\/ge\/wp-json\/wp\/v2\/types\/product"}],"replies":[{"embeddable":true,"href":"https:\/\/mytoursegypt.com\/ge\/wp-json\/wp\/v2\/comments?post=10208"}],"version-history":[{"count":1,"href":"https:\/\/mytoursegypt.com\/ge\/wp-json\/wp\/v2\/product\/10208\/revisions"}],"predecessor-version":[{"id":10212,"href":"https:\/\/mytoursegypt.com\/ge\/wp-json\/wp\/v2\/product\/10208\/revisions\/10212"}],"wp:featuredmedia":[{"embeddable":true,"href":"https:\/\/mytoursegypt.com\/ge\/wp-json\/wp\/v2\/media\/10203"}],"wp:attachment":[{"href":"https:\/\/mytoursegypt.com\/ge\/wp-json\/wp\/v2\/media?parent=10208"}],"wp:term":[{"taxonomy":"product_brand","embeddable":true,"href":"https:\/\/mytoursegypt.com\/ge\/wp-json\/wp\/v2\/product_brand?post=10208"},{"taxonomy":"product_cat","embeddable":true,"href":"https:\/\/mytoursegypt.com\/ge\/wp-json\/wp\/v2\/product_cat?post=10208"},{"taxonomy":"product_tag","embeddable":true,"href":"https:\/\/mytoursegypt.com\/ge\/wp-json\/wp\/v2\/product_tag?post=10208"}],"curies":[{"name":"wp","href":"https:\/\/api.w.org\/{rel}","templated":true}]}}