{"id":10213,"date":"2024-05-31T10:36:04","date_gmt":"2024-05-31T10:36:04","guid":{"rendered":"https:\/\/bookingegypttour.com\/?post_type=product&#038;p=10213"},"modified":"2024-07-02T04:17:54","modified_gmt":"2024-07-02T04:17:54","slug":"giza-pyramids-and-sphinx-tour-in-cairo","status":"publish","type":"product","link":"https:\/\/mytoursegypt.com\/ge\/tour\/giza-pyramids-and-sphinx-tour-in-cairo\/","title":{"rendered":"Von Kairo: Halbtagestour zu den Pyramiden von Gizeh und der Sphinx"},"content":{"rendered":"<p>Erlebe die Vergangenheit und die atemberaubenden historischen Sch\u00e4tze \u00c4gyptens auf dieser spannenden Halbtagestour ab Kairo. Besuch auf dieser Tour die Gro\u00dfe Pyramide von Gizeh und andere faszinierende Pyramiden sowie die ber\u00fchmte Sphinx.<\/p>\n<p>Entdecke das wunderbare Land mit einem englischen Reisef\u00fchrer\nWir werden eine Reise in das Land der Pyramiden unternehmen\nWir reiten auf einem Pferd oder Kamel (nach Wahl)\nWir machen Fotos in der Pyramidengegend mit Panoramablick\nGenie\u00dfe \u00e4gyptische Mahlzeiten vor den Pyramiden\nGenie\u00dfe den \u00e4gyptischen Saft oder Tee\nSprich mit deinem Reiseleiter \u00fcber das Leben in \u00c4gypten, die Kultur und weitere Informationen\nLass uns unvergessliche Erinnerungen schaffen \nDiese Tour ist sicher und leicht\nDie Tour wird von einer einheimischen \u00c4gypterin geleitet, die neugierig auf \u00c4gyptologie und die Geschichten der Pharaonen ist, wenn du also mehr wissen willst, wirst du deine Zeit genie\u00dfen<\/p>","protected":false},"excerpt":{"rendered":"<ul class=\"list_ok\">\n<li>Guided introduction to each of the three Great Pyramids<\/li>\n<li>Photo opportunity of the Pyramids and Cairo skyline<\/li>\n<li>Learn more about Ancient egyptian history from your egyptologist guide<\/li>\n<\/ul>","protected":false},"featured_media":10215,"comment_status":"open","ping_status":"closed","template":"","meta":[],"product_brand":[],"product_cat":[15],"product_tag":[],"class_list":{"0":"post-10213","1":"product","2":"type-product","3":"status-publish","4":"has-post-thumbnail","6":"product_cat-uncategorized","8":"first","9":"instock","10":"sale","11":"shipping-taxable","12":"purchasable","13":"product-type-ovabrw_car_rental"},"yoast_head":"<!-- This site is optimized with the Yoast SEO plugin v27.4 - https:\/\/yoast.com\/product\/yoast-seo-wordpress\/ -->\n<title>Giza Pyramids and Sphinx Tour in Cairo - Discover Egypt Tours<\/title>\n<meta name=\"robots\" content=\"index, follow, max-snippet:-1, max-image-preview:large, max-video-preview:-1\" \/>\n<link rel=\"canonical\" href=\"https:\/\/mytoursegypt.com\/ge\/tour\/giza-pyramids-and-sphinx-tour-in-cairo\/\" \/>\n<meta property=\"og:locale\" content=\"de_DE\" \/>\n<meta property=\"og:type\" content=\"article\" \/>\n<meta property=\"og:title\" content=\"Giza Pyramids and Sphinx Tour in Cairo - Discover Egypt Tours\" \/>\n<meta property=\"og:description\" content=\"Guided introduction to each of the three Great Pyramids  Photo opportunity of the Pyramids and Cairo skyline  Learn more about Ancient egyptian history from your egyptologist guide\" \/>\n<meta property=\"og:url\" content=\"https:\/\/mytoursegypt.com\/ge\/tour\/giza-pyramids-and-sphinx-tour-in-cairo\/\" \/>\n<meta property=\"og:site_name\" content=\"Discover Egypt Tours\" \/>\n<meta property=\"article:modified_time\" content=\"2024-07-02T04:17:54+00:00\" \/>\n<meta property=\"og:image\" content=\"https:\/\/mytoursegypt.com\/wp-content\/uploads\/2024\/05\/12-1.jpg\" \/>\n\t<meta property=\"og:image:width\" content=\"750\" \/>\n\t<meta property=\"og:image:height\" content=\"600\" \/>\n\t<meta property=\"og:image:type\" content=\"image\/jpeg\" \/>\n<meta name=\"twitter:card\" content=\"summary_large_image\" \/>\n<meta name=\"twitter:label1\" content=\"Gesch\u00e4tzte Lesezeit\" \/>\n\t<meta name=\"twitter:data1\" content=\"1\u00a0Minute\" \/>\n<script type=\"application\/ld+json\" class=\"yoast-schema-graph\">{\"@context\":\"https:\\\/\\\/schema.org\",\"@graph\":[{\"@type\":\"WebPage\",\"@id\":\"https:\\\/\\\/mytoursegypt.com\\\/tour\\\/giza-pyramids-and-sphinx-tour-in-cairo\\\/\",\"url\":\"https:\\\/\\\/mytoursegypt.com\\\/tour\\\/giza-pyramids-and-sphinx-tour-in-cairo\\\/\",\"name\":\"Giza Pyramids and Sphinx Tour in Cairo - Discover Egypt Tours\",\"isPartOf\":{\"@id\":\"https:\\\/\\\/www.mytoursegypt.com\\\/#website\"},\"primaryImageOfPage\":{\"@id\":\"https:\\\/\\\/mytoursegypt.com\\\/tour\\\/giza-pyramids-and-sphinx-tour-in-cairo\\\/#primaryimage\"},\"image\":{\"@id\":\"https:\\\/\\\/mytoursegypt.com\\\/tour\\\/giza-pyramids-and-sphinx-tour-in-cairo\\\/#primaryimage\"},\"thumbnailUrl\":\"https:\\\/\\\/mytoursegypt.com\\\/wp-content\\\/uploads\\\/2024\\\/05\\\/12-1.jpg\",\"datePublished\":\"2024-05-31T10:36:04+00:00\",\"dateModified\":\"2024-07-02T04:17:54+00:00\",\"breadcrumb\":{\"@id\":\"https:\\\/\\\/mytoursegypt.com\\\/tour\\\/giza-pyramids-and-sphinx-tour-in-cairo\\\/#breadcrumb\"},\"inLanguage\":\"de\",\"potentialAction\":[{\"@type\":\"ReadAction\",\"target\":[\"https:\\\/\\\/mytoursegypt.com\\\/tour\\\/giza-pyramids-and-sphinx-tour-in-cairo\\\/\"]}]},{\"@type\":\"ImageObject\",\"inLanguage\":\"de\",\"@id\":\"https:\\\/\\\/mytoursegypt.com\\\/tour\\\/giza-pyramids-and-sphinx-tour-in-cairo\\\/#primaryimage\",\"url\":\"https:\\\/\\\/mytoursegypt.com\\\/wp-content\\\/uploads\\\/2024\\\/05\\\/12-1.jpg\",\"contentUrl\":\"https:\\\/\\\/mytoursegypt.com\\\/wp-content\\\/uploads\\\/2024\\\/05\\\/12-1.jpg\",\"width\":750,\"height\":600},{\"@type\":\"BreadcrumbList\",\"@id\":\"https:\\\/\\\/mytoursegypt.com\\\/tour\\\/giza-pyramids-and-sphinx-tour-in-cairo\\\/#breadcrumb\",\"itemListElement\":[{\"@type\":\"ListItem\",\"position\":1,\"name\":\"\u0627\u0644\u0631\u0626\u064a\u0633\u064a\u0629\",\"item\":\"https:\\\/\\\/mytoursegypt.com\\\/\"},{\"@type\":\"ListItem\",\"position\":2,\"name\":\"Shop\",\"item\":\"https:\\\/\\\/mytoursegypt.com\\\/ge\\\/shop\\\/\"},{\"@type\":\"ListItem\",\"position\":3,\"name\":\"Giza Pyramids and Sphinx Tour in Cairo\"}]},{\"@type\":\"WebSite\",\"@id\":\"https:\\\/\\\/www.mytoursegypt.com\\\/#website\",\"url\":\"https:\\\/\\\/www.mytoursegypt.com\\\/\",\"name\":\"Discover Egypt Tours\",\"description\":\"Discover Egypt Your Guide to Top Attractions and Unique Experiences.\",\"publisher\":{\"@id\":\"https:\\\/\\\/www.mytoursegypt.com\\\/#organization\"},\"potentialAction\":[{\"@type\":\"SearchAction\",\"target\":{\"@type\":\"EntryPoint\",\"urlTemplate\":\"https:\\\/\\\/www.mytoursegypt.com\\\/?s={search_term_string}\"},\"query-input\":{\"@type\":\"PropertyValueSpecification\",\"valueRequired\":true,\"valueName\":\"search_term_string\"}}],\"inLanguage\":\"de\"},{\"@type\":\"Organization\",\"@id\":\"https:\\\/\\\/www.mytoursegypt.com\\\/#organization\",\"name\":\"Discover Egypt Tours\",\"url\":\"https:\\\/\\\/www.mytoursegypt.com\\\/\",\"logo\":{\"@type\":\"ImageObject\",\"inLanguage\":\"de\",\"@id\":\"https:\\\/\\\/www.mytoursegypt.com\\\/#\\\/schema\\\/logo\\\/image\\\/\",\"url\":\"https:\\\/\\\/mytoursegypt.com\\\/wp-content\\\/uploads\\\/2024\\\/06\\\/cropped-logo.png\",\"contentUrl\":\"https:\\\/\\\/mytoursegypt.com\\\/wp-content\\\/uploads\\\/2024\\\/06\\\/cropped-logo.png\",\"width\":512,\"height\":512,\"caption\":\"Discover Egypt Tours\"},\"image\":{\"@id\":\"https:\\\/\\\/www.mytoursegypt.com\\\/#\\\/schema\\\/logo\\\/image\\\/\"}}]}<\/script>\n<!-- \/ Yoast SEO plugin. -->","yoast_head_json":{"title":"Giza Pyramids and Sphinx Tour in Cairo - Discover Egypt Tours","robots":{"index":"index","follow":"follow","max-snippet":"max-snippet:-1","max-image-preview":"max-image-preview:large","max-video-preview":"max-video-preview:-1"},"canonical":"https:\/\/mytoursegypt.com\/ge\/tour\/giza-pyramids-and-sphinx-tour-in-cairo\/","og_locale":"de_DE","og_type":"article","og_title":"Giza Pyramids and Sphinx Tour in Cairo - Discover Egypt Tours","og_description":"Guided introduction to each of the three Great Pyramids  Photo opportunity of the Pyramids and Cairo skyline  Learn more about Ancient egyptian history from your egyptologist guide","og_url":"https:\/\/mytoursegypt.com\/ge\/tour\/giza-pyramids-and-sphinx-tour-in-cairo\/","og_site_name":"Discover Egypt Tours","article_modified_time":"2024-07-02T04:17:54+00:00","og_image":[{"width":750,"height":600,"url":"https:\/\/mytoursegypt.com\/wp-content\/uploads\/2024\/05\/12-1.jpg","type":"image\/jpeg"}],"twitter_card":"summary_large_image","twitter_misc":{"Gesch\u00e4tzte Lesezeit":"1\u00a0Minute"},"schema":{"@context":"https:\/\/schema.org","@graph":[{"@type":"WebPage","@id":"https:\/\/mytoursegypt.com\/tour\/giza-pyramids-and-sphinx-tour-in-cairo\/","url":"https:\/\/mytoursegypt.com\/tour\/giza-pyramids-and-sphinx-tour-in-cairo\/","name":"Giza Pyramids and Sphinx Tour in Cairo - Discover Egypt Tours","isPartOf":{"@id":"https:\/\/www.mytoursegypt.com\/#website"},"primaryImageOfPage":{"@id":"https:\/\/mytoursegypt.com\/tour\/giza-pyramids-and-sphinx-tour-in-cairo\/#primaryimage"},"image":{"@id":"https:\/\/mytoursegypt.com\/tour\/giza-pyramids-and-sphinx-tour-in-cairo\/#primaryimage"},"thumbnailUrl":"https:\/\/mytoursegypt.com\/wp-content\/uploads\/2024\/05\/12-1.jpg","datePublished":"2024-05-31T10:36:04+00:00","dateModified":"2024-07-02T04:17:54+00:00","breadcrumb":{"@id":"https:\/\/mytoursegypt.com\/tour\/giza-pyramids-and-sphinx-tour-in-cairo\/#breadcrumb"},"inLanguage":"de","potentialAction":[{"@type":"ReadAction","target":["https:\/\/mytoursegypt.com\/tour\/giza-pyramids-and-sphinx-tour-in-cairo\/"]}]},{"@type":"ImageObject","inLanguage":"de","@id":"https:\/\/mytoursegypt.com\/tour\/giza-pyramids-and-sphinx-tour-in-cairo\/#primaryimage","url":"https:\/\/mytoursegypt.com\/wp-content\/uploads\/2024\/05\/12-1.jpg","contentUrl":"https:\/\/mytoursegypt.com\/wp-content\/uploads\/2024\/05\/12-1.jpg","width":750,"height":600},{"@type":"BreadcrumbList","@id":"https:\/\/mytoursegypt.com\/tour\/giza-pyramids-and-sphinx-tour-in-cairo\/#breadcrumb","itemListElement":[{"@type":"ListItem","position":1,"name":"\u0627\u0644\u0631\u0626\u064a\u0633\u064a\u0629","item":"https:\/\/mytoursegypt.com\/"},{"@type":"ListItem","position":2,"name":"Shop","item":"https:\/\/mytoursegypt.com\/ge\/shop\/"},{"@type":"ListItem","position":3,"name":"Giza Pyramids and Sphinx Tour in Cairo"}]},{"@type":"WebSite","@id":"https:\/\/www.mytoursegypt.com\/#website","url":"https:\/\/www.mytoursegypt.com\/","name":"Discover Egypt Tours","description":"Discover Egypt Your Guide to Top Attractions and Unique Experiences.","publisher":{"@id":"https:\/\/www.mytoursegypt.com\/#organization"},"potentialAction":[{"@type":"SearchAction","target":{"@type":"EntryPoint","urlTemplate":"https:\/\/www.mytoursegypt.com\/?s={search_term_string}"},"query-input":{"@type":"PropertyValueSpecification","valueRequired":true,"valueName":"search_term_string"}}],"inLanguage":"de"},{"@type":"Organization","@id":"https:\/\/www.mytoursegypt.com\/#organization","name":"Discover Egypt Tours","url":"https:\/\/www.mytoursegypt.com\/","logo":{"@type":"ImageObject","inLanguage":"de","@id":"https:\/\/www.mytoursegypt.com\/#\/schema\/logo\/image\/","url":"https:\/\/mytoursegypt.com\/wp-content\/uploads\/2024\/06\/cropped-logo.png","contentUrl":"https:\/\/mytoursegypt.com\/wp-content\/uploads\/2024\/06\/cropped-logo.png","width":512,"height":512,"caption":"Discover Egypt Tours"},"image":{"@id":"https:\/\/www.mytoursegypt.com\/#\/schema\/logo\/image\/"}}]}},"_links":{"self":[{"href":"https:\/\/mytoursegypt.com\/ge\/wp-json\/wp\/v2\/product\/10213","targetHints":{"allow":["GET"]}}],"collection":[{"href":"https:\/\/mytoursegypt.com\/ge\/wp-json\/wp\/v2\/product"}],"about":[{"href":"https:\/\/mytoursegypt.com\/ge\/wp-json\/wp\/v2\/types\/product"}],"replies":[{"embeddable":true,"href":"https:\/\/mytoursegypt.com\/ge\/wp-json\/wp\/v2\/comments?post=10213"}],"version-history":[{"count":1,"href":"https:\/\/mytoursegypt.com\/ge\/wp-json\/wp\/v2\/product\/10213\/revisions"}],"predecessor-version":[{"id":10218,"href":"https:\/\/mytoursegypt.com\/ge\/wp-json\/wp\/v2\/product\/10213\/revisions\/10218"}],"wp:featuredmedia":[{"embeddable":true,"href":"https:\/\/mytoursegypt.com\/ge\/wp-json\/wp\/v2\/media\/10215"}],"wp:attachment":[{"href":"https:\/\/mytoursegypt.com\/ge\/wp-json\/wp\/v2\/media?parent=10213"}],"wp:term":[{"taxonomy":"product_brand","embeddable":true,"href":"https:\/\/mytoursegypt.com\/ge\/wp-json\/wp\/v2\/product_brand?post=10213"},{"taxonomy":"product_cat","embeddable":true,"href":"https:\/\/mytoursegypt.com\/ge\/wp-json\/wp\/v2\/product_cat?post=10213"},{"taxonomy":"product_tag","embeddable":true,"href":"https:\/\/mytoursegypt.com\/ge\/wp-json\/wp\/v2\/product_tag?post=10213"}],"curies":[{"name":"wp","href":"https:\/\/api.w.org\/{rel}","templated":true}]}}