{"id":10219,"date":"2024-05-31T10:59:42","date_gmt":"2024-05-31T10:59:42","guid":{"rendered":"https:\/\/bookingegypttour.com\/?post_type=product&#038;p=10219"},"modified":"2024-07-02T04:17:49","modified_gmt":"2024-07-02T04:17:49","slug":"tour-to-giza-pyramids-memphis-and-sakkara","status":"publish","type":"product","link":"https:\/\/mytoursegypt.com\/ge\/tour\/tour-to-giza-pyramids-memphis-and-sakkara\/","title":{"rendered":"Von Kairo aus: Pyramiden von Gizeh, Sphinx, Saqqara &amp; Memphis Tour"},"content":{"rendered":"<p>Genie\u00dfe einen ganzen Tag bei den Pyramiden von Gizeh Sakkara und Memphis Kamelreiten entlang der Pyramiden von Gizeh Bestes Mittagessen Qualifizierte Reiseleiter werden die Reise leiten und die besten Fahrzeuge f\u00fcr die Touren verwenden Qualit\u00e4tsreise<\/p>\n<p>Besuche eines der sieben Weltwunder, die Gro\u00dfe Pyramide von Gizeh, auf dieser privaten Tour von Kairo zur antiken Stadt Memphis.\n\nBeginne deinen Tag mit einer Abholung von deiner Unterkunft in Kairo und genie\u00dfe die malerische Fahrt zu den Pyramiden.\n\nAls erstes erkundest du die Gro\u00dfen Pyramiden von Gizeh, eines der ber\u00fchmtesten antiken Wahrzeichen der Welt.\n\nWandere umher und entdecke diese unglaublichen Bauwerke aus n\u00e4chster N\u00e4he. Du wirst staunen, wenn du die Gro\u00dfe Cheops-Pyramide, die Chephren-Pyramide und die Menkaure-Pyramide siehst.\n\nSetze deinen Spaziergang fort, um die Sphinx zu sehen, die ber\u00fchmte Statue mit dem Kopf eines Menschen und dem K\u00f6rper eines L\u00f6wen.\n\nAls N\u00e4chstes besuchst du Saqqara, die antike Begr\u00e4bnisst\u00e4tte mit der ber\u00fchmten Stufenpyramide von Djoser, der \u00e4ltesten Pyramide der Welt. Spaziere \u00fcber den Friedhof, auf dem sich zahlreiche antike Gr\u00e4ber und Denkm\u00e4ler befinden, und mache Fotos.\n\nSchlie\u00dflich besuchst du Memphis, die ehemalige Hauptstadt \u00c4gyptens und eine geschichtstr\u00e4chtige Stadt, in der du die Gelegenheit hast, die Ruinen dieser einst gro\u00dfen Stadt zu besichtigen.\n\nBewundere die beeindruckende Statue von Ramses II. und die Alabaster-Sphinx, die aus massivem Alabaster besteht und ein einzigartiges Beispiel alt\u00e4gyptischer Kunst und Architektur darstellt.\n\nDein Reiseleiter wird dir faszinierende Einblicke in die Geschichte und Bedeutung der einzelnen St\u00e4tten geben.<\/p>","protected":false},"excerpt":{"rendered":"<ul class=\"list_ok\">\n<li>Marvel at the famous great Pyramids of Egypt at the Giza plateau<\/li>\n<li>Explore the Valley Temple and the Ancient Sphinx<\/li>\n<li>See the ancient Step Pyramid of Djoser in the Sakkara<\/li>\n<li>Visit Egypt\u2019s former capital of Memphis, once the cultural center of the ancient world<\/li>\n<\/ul>","protected":false},"featured_media":10214,"comment_status":"open","ping_status":"closed","template":"","meta":[],"product_brand":[],"product_cat":[15],"product_tag":[],"class_list":{"0":"post-10219","1":"product","2":"type-product","3":"status-publish","4":"has-post-thumbnail","6":"product_cat-uncategorized","8":"first","9":"instock","10":"sale","11":"shipping-taxable","12":"purchasable","13":"product-type-ovabrw_car_rental"},"yoast_head":"<!-- This site is optimized with the Yoast SEO plugin v27.4 - https:\/\/yoast.com\/product\/yoast-seo-wordpress\/ -->\n<title>Tour to Giza Pyramids, Memphis and Sakkara - Discover Egypt Tours<\/title>\n<meta name=\"robots\" content=\"index, follow, max-snippet:-1, max-image-preview:large, max-video-preview:-1\" \/>\n<link rel=\"canonical\" href=\"https:\/\/mytoursegypt.com\/ge\/tour\/tour-to-giza-pyramids-memphis-and-sakkara\/\" \/>\n<meta property=\"og:locale\" content=\"de_DE\" \/>\n<meta property=\"og:type\" content=\"article\" \/>\n<meta property=\"og:title\" content=\"Tour to Giza Pyramids, Memphis and Sakkara - Discover Egypt Tours\" \/>\n<meta property=\"og:description\" content=\"Marvel at the famous great Pyramids of Egypt at the Giza plateau  Explore the Valley Temple and the Ancient Sphinx  See the ancient Step Pyramid of Djoser in the Sakkara  Visit Egypt\u2019s former capital of Memphis, once the cultural center of the ancient world\" \/>\n<meta property=\"og:url\" content=\"https:\/\/mytoursegypt.com\/ge\/tour\/tour-to-giza-pyramids-memphis-and-sakkara\/\" \/>\n<meta property=\"og:site_name\" content=\"Discover Egypt Tours\" \/>\n<meta property=\"article:modified_time\" content=\"2024-07-02T04:17:49+00:00\" \/>\n<meta property=\"og:image\" content=\"https:\/\/mytoursegypt.com\/wp-content\/uploads\/2024\/05\/download-68.jpeg\" \/>\n\t<meta property=\"og:image:width\" content=\"300\" \/>\n\t<meta property=\"og:image:height\" content=\"168\" \/>\n\t<meta property=\"og:image:type\" content=\"image\/jpeg\" \/>\n<meta name=\"twitter:card\" content=\"summary_large_image\" \/>\n<meta name=\"twitter:label1\" content=\"Gesch\u00e4tzte Lesezeit\" \/>\n\t<meta name=\"twitter:data1\" content=\"1\u00a0Minute\" \/>\n<script type=\"application\/ld+json\" class=\"yoast-schema-graph\">{\"@context\":\"https:\\\/\\\/schema.org\",\"@graph\":[{\"@type\":\"WebPage\",\"@id\":\"https:\\\/\\\/mytoursegypt.com\\\/tour\\\/tour-to-giza-pyramids-memphis-and-sakkara\\\/\",\"url\":\"https:\\\/\\\/mytoursegypt.com\\\/tour\\\/tour-to-giza-pyramids-memphis-and-sakkara\\\/\",\"name\":\"Tour to Giza Pyramids, Memphis and Sakkara - Discover Egypt Tours\",\"isPartOf\":{\"@id\":\"https:\\\/\\\/www.mytoursegypt.com\\\/#website\"},\"primaryImageOfPage\":{\"@id\":\"https:\\\/\\\/mytoursegypt.com\\\/tour\\\/tour-to-giza-pyramids-memphis-and-sakkara\\\/#primaryimage\"},\"image\":{\"@id\":\"https:\\\/\\\/mytoursegypt.com\\\/tour\\\/tour-to-giza-pyramids-memphis-and-sakkara\\\/#primaryimage\"},\"thumbnailUrl\":\"https:\\\/\\\/mytoursegypt.com\\\/wp-content\\\/uploads\\\/2024\\\/05\\\/download-68.jpeg\",\"datePublished\":\"2024-05-31T10:59:42+00:00\",\"dateModified\":\"2024-07-02T04:17:49+00:00\",\"breadcrumb\":{\"@id\":\"https:\\\/\\\/mytoursegypt.com\\\/tour\\\/tour-to-giza-pyramids-memphis-and-sakkara\\\/#breadcrumb\"},\"inLanguage\":\"de\",\"potentialAction\":[{\"@type\":\"ReadAction\",\"target\":[\"https:\\\/\\\/mytoursegypt.com\\\/tour\\\/tour-to-giza-pyramids-memphis-and-sakkara\\\/\"]}]},{\"@type\":\"ImageObject\",\"inLanguage\":\"de\",\"@id\":\"https:\\\/\\\/mytoursegypt.com\\\/tour\\\/tour-to-giza-pyramids-memphis-and-sakkara\\\/#primaryimage\",\"url\":\"https:\\\/\\\/mytoursegypt.com\\\/wp-content\\\/uploads\\\/2024\\\/05\\\/download-68.jpeg\",\"contentUrl\":\"https:\\\/\\\/mytoursegypt.com\\\/wp-content\\\/uploads\\\/2024\\\/05\\\/download-68.jpeg\",\"width\":300,\"height\":168},{\"@type\":\"BreadcrumbList\",\"@id\":\"https:\\\/\\\/mytoursegypt.com\\\/tour\\\/tour-to-giza-pyramids-memphis-and-sakkara\\\/#breadcrumb\",\"itemListElement\":[{\"@type\":\"ListItem\",\"position\":1,\"name\":\"\u0627\u0644\u0631\u0626\u064a\u0633\u064a\u0629\",\"item\":\"https:\\\/\\\/mytoursegypt.com\\\/\"},{\"@type\":\"ListItem\",\"position\":2,\"name\":\"Shop\",\"item\":\"https:\\\/\\\/mytoursegypt.com\\\/ge\\\/shop\\\/\"},{\"@type\":\"ListItem\",\"position\":3,\"name\":\"Tour to Giza Pyramids, Memphis and Sakkara\"}]},{\"@type\":\"WebSite\",\"@id\":\"https:\\\/\\\/www.mytoursegypt.com\\\/#website\",\"url\":\"https:\\\/\\\/www.mytoursegypt.com\\\/\",\"name\":\"Discover Egypt Tours\",\"description\":\"Discover Egypt Your Guide to Top Attractions and Unique Experiences.\",\"publisher\":{\"@id\":\"https:\\\/\\\/www.mytoursegypt.com\\\/#organization\"},\"potentialAction\":[{\"@type\":\"SearchAction\",\"target\":{\"@type\":\"EntryPoint\",\"urlTemplate\":\"https:\\\/\\\/www.mytoursegypt.com\\\/?s={search_term_string}\"},\"query-input\":{\"@type\":\"PropertyValueSpecification\",\"valueRequired\":true,\"valueName\":\"search_term_string\"}}],\"inLanguage\":\"de\"},{\"@type\":\"Organization\",\"@id\":\"https:\\\/\\\/www.mytoursegypt.com\\\/#organization\",\"name\":\"Discover Egypt Tours\",\"url\":\"https:\\\/\\\/www.mytoursegypt.com\\\/\",\"logo\":{\"@type\":\"ImageObject\",\"inLanguage\":\"de\",\"@id\":\"https:\\\/\\\/www.mytoursegypt.com\\\/#\\\/schema\\\/logo\\\/image\\\/\",\"url\":\"https:\\\/\\\/mytoursegypt.com\\\/wp-content\\\/uploads\\\/2024\\\/06\\\/cropped-logo.png\",\"contentUrl\":\"https:\\\/\\\/mytoursegypt.com\\\/wp-content\\\/uploads\\\/2024\\\/06\\\/cropped-logo.png\",\"width\":512,\"height\":512,\"caption\":\"Discover Egypt Tours\"},\"image\":{\"@id\":\"https:\\\/\\\/www.mytoursegypt.com\\\/#\\\/schema\\\/logo\\\/image\\\/\"}}]}<\/script>\n<!-- \/ Yoast SEO plugin. -->","yoast_head_json":{"title":"Tour to Giza Pyramids, Memphis and Sakkara - Discover Egypt Tours","robots":{"index":"index","follow":"follow","max-snippet":"max-snippet:-1","max-image-preview":"max-image-preview:large","max-video-preview":"max-video-preview:-1"},"canonical":"https:\/\/mytoursegypt.com\/ge\/tour\/tour-to-giza-pyramids-memphis-and-sakkara\/","og_locale":"de_DE","og_type":"article","og_title":"Tour to Giza Pyramids, Memphis and Sakkara - Discover Egypt Tours","og_description":"Marvel at the famous great Pyramids of Egypt at the Giza plateau  Explore the Valley Temple and the Ancient Sphinx  See the ancient Step Pyramid of Djoser in the Sakkara  Visit Egypt\u2019s former capital of Memphis, once the cultural center of the ancient world","og_url":"https:\/\/mytoursegypt.com\/ge\/tour\/tour-to-giza-pyramids-memphis-and-sakkara\/","og_site_name":"Discover Egypt Tours","article_modified_time":"2024-07-02T04:17:49+00:00","og_image":[{"width":300,"height":168,"url":"https:\/\/mytoursegypt.com\/wp-content\/uploads\/2024\/05\/download-68.jpeg","type":"image\/jpeg"}],"twitter_card":"summary_large_image","twitter_misc":{"Gesch\u00e4tzte Lesezeit":"1\u00a0Minute"},"schema":{"@context":"https:\/\/schema.org","@graph":[{"@type":"WebPage","@id":"https:\/\/mytoursegypt.com\/tour\/tour-to-giza-pyramids-memphis-and-sakkara\/","url":"https:\/\/mytoursegypt.com\/tour\/tour-to-giza-pyramids-memphis-and-sakkara\/","name":"Tour to Giza Pyramids, Memphis and Sakkara - Discover Egypt Tours","isPartOf":{"@id":"https:\/\/www.mytoursegypt.com\/#website"},"primaryImageOfPage":{"@id":"https:\/\/mytoursegypt.com\/tour\/tour-to-giza-pyramids-memphis-and-sakkara\/#primaryimage"},"image":{"@id":"https:\/\/mytoursegypt.com\/tour\/tour-to-giza-pyramids-memphis-and-sakkara\/#primaryimage"},"thumbnailUrl":"https:\/\/mytoursegypt.com\/wp-content\/uploads\/2024\/05\/download-68.jpeg","datePublished":"2024-05-31T10:59:42+00:00","dateModified":"2024-07-02T04:17:49+00:00","breadcrumb":{"@id":"https:\/\/mytoursegypt.com\/tour\/tour-to-giza-pyramids-memphis-and-sakkara\/#breadcrumb"},"inLanguage":"de","potentialAction":[{"@type":"ReadAction","target":["https:\/\/mytoursegypt.com\/tour\/tour-to-giza-pyramids-memphis-and-sakkara\/"]}]},{"@type":"ImageObject","inLanguage":"de","@id":"https:\/\/mytoursegypt.com\/tour\/tour-to-giza-pyramids-memphis-and-sakkara\/#primaryimage","url":"https:\/\/mytoursegypt.com\/wp-content\/uploads\/2024\/05\/download-68.jpeg","contentUrl":"https:\/\/mytoursegypt.com\/wp-content\/uploads\/2024\/05\/download-68.jpeg","width":300,"height":168},{"@type":"BreadcrumbList","@id":"https:\/\/mytoursegypt.com\/tour\/tour-to-giza-pyramids-memphis-and-sakkara\/#breadcrumb","itemListElement":[{"@type":"ListItem","position":1,"name":"\u0627\u0644\u0631\u0626\u064a\u0633\u064a\u0629","item":"https:\/\/mytoursegypt.com\/"},{"@type":"ListItem","position":2,"name":"Shop","item":"https:\/\/mytoursegypt.com\/ge\/shop\/"},{"@type":"ListItem","position":3,"name":"Tour to Giza Pyramids, Memphis and Sakkara"}]},{"@type":"WebSite","@id":"https:\/\/www.mytoursegypt.com\/#website","url":"https:\/\/www.mytoursegypt.com\/","name":"Discover Egypt Tours","description":"Discover Egypt Your Guide to Top Attractions and Unique Experiences.","publisher":{"@id":"https:\/\/www.mytoursegypt.com\/#organization"},"potentialAction":[{"@type":"SearchAction","target":{"@type":"EntryPoint","urlTemplate":"https:\/\/www.mytoursegypt.com\/?s={search_term_string}"},"query-input":{"@type":"PropertyValueSpecification","valueRequired":true,"valueName":"search_term_string"}}],"inLanguage":"de"},{"@type":"Organization","@id":"https:\/\/www.mytoursegypt.com\/#organization","name":"Discover Egypt Tours","url":"https:\/\/www.mytoursegypt.com\/","logo":{"@type":"ImageObject","inLanguage":"de","@id":"https:\/\/www.mytoursegypt.com\/#\/schema\/logo\/image\/","url":"https:\/\/mytoursegypt.com\/wp-content\/uploads\/2024\/06\/cropped-logo.png","contentUrl":"https:\/\/mytoursegypt.com\/wp-content\/uploads\/2024\/06\/cropped-logo.png","width":512,"height":512,"caption":"Discover Egypt Tours"},"image":{"@id":"https:\/\/www.mytoursegypt.com\/#\/schema\/logo\/image\/"}}]}},"_links":{"self":[{"href":"https:\/\/mytoursegypt.com\/ge\/wp-json\/wp\/v2\/product\/10219","targetHints":{"allow":["GET"]}}],"collection":[{"href":"https:\/\/mytoursegypt.com\/ge\/wp-json\/wp\/v2\/product"}],"about":[{"href":"https:\/\/mytoursegypt.com\/ge\/wp-json\/wp\/v2\/types\/product"}],"replies":[{"embeddable":true,"href":"https:\/\/mytoursegypt.com\/ge\/wp-json\/wp\/v2\/comments?post=10219"}],"version-history":[{"count":1,"href":"https:\/\/mytoursegypt.com\/ge\/wp-json\/wp\/v2\/product\/10219\/revisions"}],"predecessor-version":[{"id":10222,"href":"https:\/\/mytoursegypt.com\/ge\/wp-json\/wp\/v2\/product\/10219\/revisions\/10222"}],"wp:featuredmedia":[{"embeddable":true,"href":"https:\/\/mytoursegypt.com\/ge\/wp-json\/wp\/v2\/media\/10214"}],"wp:attachment":[{"href":"https:\/\/mytoursegypt.com\/ge\/wp-json\/wp\/v2\/media?parent=10219"}],"wp:term":[{"taxonomy":"product_brand","embeddable":true,"href":"https:\/\/mytoursegypt.com\/ge\/wp-json\/wp\/v2\/product_brand?post=10219"},{"taxonomy":"product_cat","embeddable":true,"href":"https:\/\/mytoursegypt.com\/ge\/wp-json\/wp\/v2\/product_cat?post=10219"},{"taxonomy":"product_tag","embeddable":true,"href":"https:\/\/mytoursegypt.com\/ge\/wp-json\/wp\/v2\/product_tag?post=10219"}],"curies":[{"name":"wp","href":"https:\/\/api.w.org\/{rel}","templated":true}]}}