{"id":10230,"date":"2024-05-31T11:59:07","date_gmt":"2024-05-31T11:59:07","guid":{"rendered":"https:\/\/bookingegypttour.com\/?post_type=product&#038;p=10230"},"modified":"2024-07-02T04:17:40","modified_gmt":"2024-07-02T04:17:40","slug":"pyramids-sound-and-light-show-tour-in-cairo","status":"publish","type":"product","link":"https:\/\/mytoursegypt.com\/ge\/tour\/pyramids-sound-and-light-show-tour-in-cairo\/","title":{"rendered":"Kairo: Pyramiden von Gizeh Sound &amp; Light Show mit Stadtf\u00fchrung"},"content":{"rendered":"<p>For a truly magical evening during your stay in\u00a0Cairo, consider viewing the spectacular\u00a0<strong>nicht entgehen lassen.<\/strong>Beschreibung:<\/p>\n<p>Sie werden um 19:00 Uhr vom Hotel in Hurghada abgeholt und fahren in einem bequemen, klimatisierten Bus nach Gizeh, um einen magischen Abend bei den Pyramiden von Gizeh (Cheops, Chefren und Mykerinus) nahe Kairo zu erleben. Tauchen Sie in die fantastische Geschichte der alten \u00c4gypter ein, die durch die \u201eTon &amp; Licht\u201c Vorstellung zum Leben erweckt wird. Die Vorstellung f\u00e4ngt mit der Geschichte der Kairo Sphinx an, die der W\u00e4chter der Stadt der Toten f\u00fcr \u00fcber f\u00fcnf tausend Jahre gewesen war. Dann werden auch Erz\u00e4hlungen \u00fcber die Entstehung der Pyramiden sowie die Geschichte der gro\u00dfen und ber\u00fchmten Herrscher im alten \u00c4gypten bildlich dargestellt. Zum Abschluss des Ausflugs werden Sie in einem klimatisierten Wagen ins Hotel zur\u00fcckgefahren.<\/p>","protected":false},"excerpt":{"rendered":"<ul class=\"list_ok\">\n<li>Giza Pyramids Sound and Light Show experience in Cairo<\/li>\n<li>Enjoy a sound, light and music show at the Giza Pyramids and Sphinx<\/li>\n<li>Hear the secrets of the Pyramids and Ancient Egypt<\/li>\n<li>See the Pyramids, Sphinx and other relics cast with visual projections and<\/li>\n<li>Laser-beam hieroglyphs<\/li>\n<\/ul>","protected":false},"featured_media":10231,"comment_status":"open","ping_status":"closed","template":"","meta":[],"product_brand":[],"product_cat":[15],"product_tag":[],"class_list":{"0":"post-10230","1":"product","2":"type-product","3":"status-publish","4":"has-post-thumbnail","6":"product_cat-uncategorized","8":"first","9":"instock","10":"sale","11":"shipping-taxable","12":"purchasable","13":"product-type-ovabrw_car_rental"},"yoast_head":"<!-- This site is optimized with the Yoast SEO plugin v27.4 - https:\/\/yoast.com\/product\/yoast-seo-wordpress\/ -->\n<title>Pyramids Sound and Light Show Tour in Cairo - Discover Egypt Tours<\/title>\n<meta name=\"robots\" content=\"index, follow, max-snippet:-1, max-image-preview:large, max-video-preview:-1\" \/>\n<link rel=\"canonical\" href=\"https:\/\/mytoursegypt.com\/ge\/tour\/pyramids-sound-and-light-show-tour-in-cairo\/\" \/>\n<meta property=\"og:locale\" content=\"de_DE\" \/>\n<meta property=\"og:type\" content=\"article\" \/>\n<meta property=\"og:title\" content=\"Pyramids Sound and Light Show Tour in Cairo - Discover Egypt Tours\" \/>\n<meta property=\"og:description\" content=\"Giza Pyramids Sound and Light Show experience in Cairo  Enjoy a sound, light and music show at the Giza Pyramids and Sphinx  Hear the secrets of the Pyramids and Ancient Egypt  See the Pyramids, Sphinx and other relics cast with visual projections and  Laser-beam hieroglyphs\" \/>\n<meta property=\"og:url\" content=\"https:\/\/mytoursegypt.com\/ge\/tour\/pyramids-sound-and-light-show-tour-in-cairo\/\" \/>\n<meta property=\"og:site_name\" content=\"Discover Egypt Tours\" \/>\n<meta property=\"article:modified_time\" content=\"2024-07-02T04:17:40+00:00\" \/>\n<meta property=\"og:image\" content=\"https:\/\/mytoursegypt.com\/wp-content\/uploads\/2024\/05\/images-12.jpg\" \/>\n\t<meta property=\"og:image:width\" content=\"204\" \/>\n\t<meta property=\"og:image:height\" content=\"192\" \/>\n\t<meta property=\"og:image:type\" content=\"image\/jpeg\" \/>\n<meta name=\"twitter:card\" content=\"summary_large_image\" \/>\n<meta name=\"twitter:label1\" content=\"Gesch\u00e4tzte Lesezeit\" \/>\n\t<meta name=\"twitter:data1\" content=\"1\u00a0Minute\" \/>\n<script type=\"application\/ld+json\" class=\"yoast-schema-graph\">{\"@context\":\"https:\\\/\\\/schema.org\",\"@graph\":[{\"@type\":\"WebPage\",\"@id\":\"https:\\\/\\\/mytoursegypt.com\\\/tour\\\/pyramids-sound-and-light-show-tour-in-cairo\\\/\",\"url\":\"https:\\\/\\\/mytoursegypt.com\\\/tour\\\/pyramids-sound-and-light-show-tour-in-cairo\\\/\",\"name\":\"Pyramids Sound and Light Show Tour in Cairo - Discover Egypt Tours\",\"isPartOf\":{\"@id\":\"https:\\\/\\\/www.mytoursegypt.com\\\/#website\"},\"primaryImageOfPage\":{\"@id\":\"https:\\\/\\\/mytoursegypt.com\\\/tour\\\/pyramids-sound-and-light-show-tour-in-cairo\\\/#primaryimage\"},\"image\":{\"@id\":\"https:\\\/\\\/mytoursegypt.com\\\/tour\\\/pyramids-sound-and-light-show-tour-in-cairo\\\/#primaryimage\"},\"thumbnailUrl\":\"https:\\\/\\\/mytoursegypt.com\\\/wp-content\\\/uploads\\\/2024\\\/05\\\/images-12.jpg\",\"datePublished\":\"2024-05-31T11:59:07+00:00\",\"dateModified\":\"2024-07-02T04:17:40+00:00\",\"breadcrumb\":{\"@id\":\"https:\\\/\\\/mytoursegypt.com\\\/tour\\\/pyramids-sound-and-light-show-tour-in-cairo\\\/#breadcrumb\"},\"inLanguage\":\"de\",\"potentialAction\":[{\"@type\":\"ReadAction\",\"target\":[\"https:\\\/\\\/mytoursegypt.com\\\/tour\\\/pyramids-sound-and-light-show-tour-in-cairo\\\/\"]}]},{\"@type\":\"ImageObject\",\"inLanguage\":\"de\",\"@id\":\"https:\\\/\\\/mytoursegypt.com\\\/tour\\\/pyramids-sound-and-light-show-tour-in-cairo\\\/#primaryimage\",\"url\":\"https:\\\/\\\/mytoursegypt.com\\\/wp-content\\\/uploads\\\/2024\\\/05\\\/images-12.jpg\",\"contentUrl\":\"https:\\\/\\\/mytoursegypt.com\\\/wp-content\\\/uploads\\\/2024\\\/05\\\/images-12.jpg\",\"width\":204,\"height\":192},{\"@type\":\"BreadcrumbList\",\"@id\":\"https:\\\/\\\/mytoursegypt.com\\\/tour\\\/pyramids-sound-and-light-show-tour-in-cairo\\\/#breadcrumb\",\"itemListElement\":[{\"@type\":\"ListItem\",\"position\":1,\"name\":\"\u0627\u0644\u0631\u0626\u064a\u0633\u064a\u0629\",\"item\":\"https:\\\/\\\/mytoursegypt.com\\\/\"},{\"@type\":\"ListItem\",\"position\":2,\"name\":\"Shop\",\"item\":\"https:\\\/\\\/mytoursegypt.com\\\/ge\\\/shop\\\/\"},{\"@type\":\"ListItem\",\"position\":3,\"name\":\"Pyramids Sound and Light Show Tour in Cairo\"}]},{\"@type\":\"WebSite\",\"@id\":\"https:\\\/\\\/www.mytoursegypt.com\\\/#website\",\"url\":\"https:\\\/\\\/www.mytoursegypt.com\\\/\",\"name\":\"Discover Egypt Tours\",\"description\":\"Discover Egypt Your Guide to Top Attractions and Unique Experiences.\",\"publisher\":{\"@id\":\"https:\\\/\\\/www.mytoursegypt.com\\\/#organization\"},\"potentialAction\":[{\"@type\":\"SearchAction\",\"target\":{\"@type\":\"EntryPoint\",\"urlTemplate\":\"https:\\\/\\\/www.mytoursegypt.com\\\/?s={search_term_string}\"},\"query-input\":{\"@type\":\"PropertyValueSpecification\",\"valueRequired\":true,\"valueName\":\"search_term_string\"}}],\"inLanguage\":\"de\"},{\"@type\":\"Organization\",\"@id\":\"https:\\\/\\\/www.mytoursegypt.com\\\/#organization\",\"name\":\"Discover Egypt Tours\",\"url\":\"https:\\\/\\\/www.mytoursegypt.com\\\/\",\"logo\":{\"@type\":\"ImageObject\",\"inLanguage\":\"de\",\"@id\":\"https:\\\/\\\/www.mytoursegypt.com\\\/#\\\/schema\\\/logo\\\/image\\\/\",\"url\":\"https:\\\/\\\/mytoursegypt.com\\\/wp-content\\\/uploads\\\/2024\\\/06\\\/cropped-logo.png\",\"contentUrl\":\"https:\\\/\\\/mytoursegypt.com\\\/wp-content\\\/uploads\\\/2024\\\/06\\\/cropped-logo.png\",\"width\":512,\"height\":512,\"caption\":\"Discover Egypt Tours\"},\"image\":{\"@id\":\"https:\\\/\\\/www.mytoursegypt.com\\\/#\\\/schema\\\/logo\\\/image\\\/\"}}]}<\/script>\n<!-- \/ Yoast SEO plugin. -->","yoast_head_json":{"title":"Pyramids Sound and Light Show Tour in Cairo - Discover Egypt Tours","robots":{"index":"index","follow":"follow","max-snippet":"max-snippet:-1","max-image-preview":"max-image-preview:large","max-video-preview":"max-video-preview:-1"},"canonical":"https:\/\/mytoursegypt.com\/ge\/tour\/pyramids-sound-and-light-show-tour-in-cairo\/","og_locale":"de_DE","og_type":"article","og_title":"Pyramids Sound and Light Show Tour in Cairo - Discover Egypt Tours","og_description":"Giza Pyramids Sound and Light Show experience in Cairo  Enjoy a sound, light and music show at the Giza Pyramids and Sphinx  Hear the secrets of the Pyramids and Ancient Egypt  See the Pyramids, Sphinx and other relics cast with visual projections and  Laser-beam hieroglyphs","og_url":"https:\/\/mytoursegypt.com\/ge\/tour\/pyramids-sound-and-light-show-tour-in-cairo\/","og_site_name":"Discover Egypt Tours","article_modified_time":"2024-07-02T04:17:40+00:00","og_image":[{"width":204,"height":192,"url":"https:\/\/mytoursegypt.com\/wp-content\/uploads\/2024\/05\/images-12.jpg","type":"image\/jpeg"}],"twitter_card":"summary_large_image","twitter_misc":{"Gesch\u00e4tzte Lesezeit":"1\u00a0Minute"},"schema":{"@context":"https:\/\/schema.org","@graph":[{"@type":"WebPage","@id":"https:\/\/mytoursegypt.com\/tour\/pyramids-sound-and-light-show-tour-in-cairo\/","url":"https:\/\/mytoursegypt.com\/tour\/pyramids-sound-and-light-show-tour-in-cairo\/","name":"Pyramids Sound and Light Show Tour in Cairo - Discover Egypt Tours","isPartOf":{"@id":"https:\/\/www.mytoursegypt.com\/#website"},"primaryImageOfPage":{"@id":"https:\/\/mytoursegypt.com\/tour\/pyramids-sound-and-light-show-tour-in-cairo\/#primaryimage"},"image":{"@id":"https:\/\/mytoursegypt.com\/tour\/pyramids-sound-and-light-show-tour-in-cairo\/#primaryimage"},"thumbnailUrl":"https:\/\/mytoursegypt.com\/wp-content\/uploads\/2024\/05\/images-12.jpg","datePublished":"2024-05-31T11:59:07+00:00","dateModified":"2024-07-02T04:17:40+00:00","breadcrumb":{"@id":"https:\/\/mytoursegypt.com\/tour\/pyramids-sound-and-light-show-tour-in-cairo\/#breadcrumb"},"inLanguage":"de","potentialAction":[{"@type":"ReadAction","target":["https:\/\/mytoursegypt.com\/tour\/pyramids-sound-and-light-show-tour-in-cairo\/"]}]},{"@type":"ImageObject","inLanguage":"de","@id":"https:\/\/mytoursegypt.com\/tour\/pyramids-sound-and-light-show-tour-in-cairo\/#primaryimage","url":"https:\/\/mytoursegypt.com\/wp-content\/uploads\/2024\/05\/images-12.jpg","contentUrl":"https:\/\/mytoursegypt.com\/wp-content\/uploads\/2024\/05\/images-12.jpg","width":204,"height":192},{"@type":"BreadcrumbList","@id":"https:\/\/mytoursegypt.com\/tour\/pyramids-sound-and-light-show-tour-in-cairo\/#breadcrumb","itemListElement":[{"@type":"ListItem","position":1,"name":"\u0627\u0644\u0631\u0626\u064a\u0633\u064a\u0629","item":"https:\/\/mytoursegypt.com\/"},{"@type":"ListItem","position":2,"name":"Shop","item":"https:\/\/mytoursegypt.com\/ge\/shop\/"},{"@type":"ListItem","position":3,"name":"Pyramids Sound and Light Show Tour in Cairo"}]},{"@type":"WebSite","@id":"https:\/\/www.mytoursegypt.com\/#website","url":"https:\/\/www.mytoursegypt.com\/","name":"Discover Egypt Tours","description":"Discover Egypt Your Guide to Top Attractions and Unique Experiences.","publisher":{"@id":"https:\/\/www.mytoursegypt.com\/#organization"},"potentialAction":[{"@type":"SearchAction","target":{"@type":"EntryPoint","urlTemplate":"https:\/\/www.mytoursegypt.com\/?s={search_term_string}"},"query-input":{"@type":"PropertyValueSpecification","valueRequired":true,"valueName":"search_term_string"}}],"inLanguage":"de"},{"@type":"Organization","@id":"https:\/\/www.mytoursegypt.com\/#organization","name":"Discover Egypt Tours","url":"https:\/\/www.mytoursegypt.com\/","logo":{"@type":"ImageObject","inLanguage":"de","@id":"https:\/\/www.mytoursegypt.com\/#\/schema\/logo\/image\/","url":"https:\/\/mytoursegypt.com\/wp-content\/uploads\/2024\/06\/cropped-logo.png","contentUrl":"https:\/\/mytoursegypt.com\/wp-content\/uploads\/2024\/06\/cropped-logo.png","width":512,"height":512,"caption":"Discover Egypt Tours"},"image":{"@id":"https:\/\/www.mytoursegypt.com\/#\/schema\/logo\/image\/"}}]}},"_links":{"self":[{"href":"https:\/\/mytoursegypt.com\/ge\/wp-json\/wp\/v2\/product\/10230","targetHints":{"allow":["GET"]}}],"collection":[{"href":"https:\/\/mytoursegypt.com\/ge\/wp-json\/wp\/v2\/product"}],"about":[{"href":"https:\/\/mytoursegypt.com\/ge\/wp-json\/wp\/v2\/types\/product"}],"replies":[{"embeddable":true,"href":"https:\/\/mytoursegypt.com\/ge\/wp-json\/wp\/v2\/comments?post=10230"}],"version-history":[{"count":0,"href":"https:\/\/mytoursegypt.com\/ge\/wp-json\/wp\/v2\/product\/10230\/revisions"}],"wp:featuredmedia":[{"embeddable":true,"href":"https:\/\/mytoursegypt.com\/ge\/wp-json\/wp\/v2\/media\/10231"}],"wp:attachment":[{"href":"https:\/\/mytoursegypt.com\/ge\/wp-json\/wp\/v2\/media?parent=10230"}],"wp:term":[{"taxonomy":"product_brand","embeddable":true,"href":"https:\/\/mytoursegypt.com\/ge\/wp-json\/wp\/v2\/product_brand?post=10230"},{"taxonomy":"product_cat","embeddable":true,"href":"https:\/\/mytoursegypt.com\/ge\/wp-json\/wp\/v2\/product_cat?post=10230"},{"taxonomy":"product_tag","embeddable":true,"href":"https:\/\/mytoursegypt.com\/ge\/wp-json\/wp\/v2\/product_tag?post=10230"}],"curies":[{"name":"wp","href":"https:\/\/api.w.org\/{rel}","templated":true}]}}