{"id":10238,"date":"2024-05-31T13:39:16","date_gmt":"2024-05-31T13:39:16","guid":{"rendered":"https:\/\/bookingegypttour.com\/?post_type=product&#038;p=10238"},"modified":"2024-07-02T04:17:35","modified_gmt":"2024-07-02T04:17:35","slug":"private-tour-of-cairo-from-hurghada-by-planeanyone-who-visits-egypt-absolutely-must-see-cairo-because-it-is-home-to-the-famous-and-iconic-great-pyramids-the-sphinx-and-the-ab","status":"publish","type":"product","link":"https:\/\/mytoursegypt.com\/ge\/tour\/private-tour-of-cairo-from-hurghada-by-planeanyone-who-visits-egypt-absolutely-must-see-cairo-because-it-is-home-to-the-famous-and-iconic-great-pyramids-the-sphinx-and-the-ab\/","title":{"rendered":"Private Tour durch Kairo von Hurghada mit dem Flugzeug"},"content":{"rendered":"<p>Jeder, der \u00c4gypten besucht, muss unbedingt Kairo gesehen haben, denn es ist die Heimat ber\u00fchmter und ikonischer Sehensw\u00fcrdigkeiten\u00a0<strong>Gro\u00dfe Pyramiden<\/strong>, das\u00a0<strong>Sphinx<\/strong>\u00a0und das absolut packende\u00a0<strong>\u00e4gyptisches Museum<\/strong>! Egal, ob Sie ein Geschichtsinteressierter sind oder einfach nur malerische Orte lieben, Kairo ist der richtige Ort f\u00fcr Sie und von Hurghada aus leicht mit dem Flugzeug zu erreichen.<\/p>\n<p>Buchen Sie unser\u00a0<strong>Tour nach Kairo von Hurghada mit dem Flugzeug<\/strong>\u00a0Und genie\u00dfen Sie einen schnellen Transport zum Flughafen mit einem privaten Van. Die Flugreise nach Kairo nimmt keine Zeit in Anspruch und sobald Sie gelandet sind, k\u00f6nnen Sie Ihre Tour durch Kairo mit einem zertifizierten \u00c4gyptologen beginnen, der Ihnen f\u00fcr die Beantwortung aller Ihrer Fragen zur Verf\u00fcgung steht!<\/p>\n<p>Nach dem Besuch der Gro\u00dfen Pyramiden k\u00f6nnen Sie in einem erstklassigen Restaurant zu Mittag essen\u00a0<strong>Kairo<\/strong>\u00a0Mit Blick auf den Nil. Dann kommen wir vorbei\u00a0<strong>\u00e4gyptisches Museum<\/strong>\u00a0Sehen Sie sich die Sammlung von Sch\u00e4tzen, Gold und Schmuck des K\u00f6nigs an\u00a0<strong>Tutankhamun<\/strong>. Sie werden auch dorthin gebracht\u00a0<strong>Khan El Khalili<\/strong>, der ber\u00fchmteste Basar im Nahen Osten.<br \/>\nAnschlie\u00dfend werden Sie zum Flughafen Kairo gebracht und zur\u00fcckfliegen\u00a0<strong>hurgada<\/strong>\u00a0Mit direktem Transfer zu Ihrem Hotel in Hurghada.<\/p>","protected":false},"excerpt":{"rendered":"<ul class=\"list_ok\">\n<li>Visit the Great Pyramids in the Giza plateau<\/li>\n<li>Admire the many exhibits at the Museum of Egyptian antiquities<\/li>\n<li>Enjoy a shopping trip at the famous Khan El-Khalili Bazaar<\/li>\n<li>Marvel at the Great Sphinx and explore the Valley Temple<\/li>\n<\/ul>","protected":false},"featured_media":10214,"comment_status":"open","ping_status":"closed","template":"","meta":[],"product_brand":[],"product_cat":[15],"product_tag":[],"class_list":{"0":"post-10238","1":"product","2":"type-product","3":"status-publish","4":"has-post-thumbnail","6":"product_cat-uncategorized","8":"first","9":"instock","10":"sale","11":"shipping-taxable","12":"purchasable","13":"product-type-ovabrw_car_rental"},"yoast_head":"<!-- This site is optimized with the Yoast SEO plugin v27.4 - https:\/\/yoast.com\/product\/yoast-seo-wordpress\/ -->\n<title>Private tour of Cairo from Hurghada by Plane - Discover Egypt Tours<\/title>\n<meta name=\"robots\" content=\"index, follow, max-snippet:-1, max-image-preview:large, max-video-preview:-1\" \/>\n<link rel=\"canonical\" href=\"https:\/\/mytoursegypt.com\/ge\/tour\/private-tour-of-cairo-from-hurghada-by-planeanyone-who-visits-egypt-absolutely-must-see-cairo-because-it-is-home-to-the-famous-and-iconic-great-pyramids-the-sphinx-and-the-ab\/\" \/>\n<meta property=\"og:locale\" content=\"de_DE\" \/>\n<meta property=\"og:type\" content=\"article\" \/>\n<meta property=\"og:title\" content=\"Private tour of Cairo from Hurghada by Plane - Discover Egypt Tours\" \/>\n<meta property=\"og:description\" content=\"Visit the Great Pyramids in the Giza plateau  Admire the many exhibits at the Museum of Egyptian antiquities  Enjoy a shopping trip at the famous Khan El-Khalili Bazaar  Marvel at the Great Sphinx and explore the Valley Temple\" \/>\n<meta property=\"og:url\" content=\"https:\/\/mytoursegypt.com\/ge\/tour\/private-tour-of-cairo-from-hurghada-by-planeanyone-who-visits-egypt-absolutely-must-see-cairo-because-it-is-home-to-the-famous-and-iconic-great-pyramids-the-sphinx-and-the-ab\/\" \/>\n<meta property=\"og:site_name\" content=\"Discover Egypt Tours\" \/>\n<meta property=\"article:modified_time\" content=\"2024-07-02T04:17:35+00:00\" \/>\n<meta property=\"og:image\" content=\"https:\/\/mytoursegypt.com\/wp-content\/uploads\/2024\/05\/download-68.jpeg\" \/>\n\t<meta property=\"og:image:width\" content=\"300\" \/>\n\t<meta property=\"og:image:height\" content=\"168\" \/>\n\t<meta property=\"og:image:type\" content=\"image\/jpeg\" \/>\n<meta name=\"twitter:card\" content=\"summary_large_image\" \/>\n<meta name=\"twitter:label1\" content=\"Gesch\u00e4tzte Lesezeit\" \/>\n\t<meta name=\"twitter:data1\" content=\"1\u00a0Minute\" \/>\n<script type=\"application\/ld+json\" class=\"yoast-schema-graph\">{\"@context\":\"https:\\\/\\\/schema.org\",\"@graph\":[{\"@type\":\"WebPage\",\"@id\":\"https:\\\/\\\/mytoursegypt.com\\\/ge\\\/tour\\\/private-tour-of-cairo-from-hurghada-by-planeanyone-who-visits-egypt-absolutely-must-see-cairo-because-it-is-home-to-the-famous-and-iconic-great-pyramids-the-sphinx-and-the-ab\\\/\",\"url\":\"https:\\\/\\\/mytoursegypt.com\\\/ge\\\/tour\\\/private-tour-of-cairo-from-hurghada-by-planeanyone-who-visits-egypt-absolutely-must-see-cairo-because-it-is-home-to-the-famous-and-iconic-great-pyramids-the-sphinx-and-the-ab\\\/\",\"name\":\"Private tour of Cairo from Hurghada by Plane - Discover Egypt Tours\",\"isPartOf\":{\"@id\":\"https:\\\/\\\/www.mytoursegypt.com\\\/#website\"},\"primaryImageOfPage\":{\"@id\":\"https:\\\/\\\/mytoursegypt.com\\\/ge\\\/tour\\\/private-tour-of-cairo-from-hurghada-by-planeanyone-who-visits-egypt-absolutely-must-see-cairo-because-it-is-home-to-the-famous-and-iconic-great-pyramids-the-sphinx-and-the-ab\\\/#primaryimage\"},\"image\":{\"@id\":\"https:\\\/\\\/mytoursegypt.com\\\/ge\\\/tour\\\/private-tour-of-cairo-from-hurghada-by-planeanyone-who-visits-egypt-absolutely-must-see-cairo-because-it-is-home-to-the-famous-and-iconic-great-pyramids-the-sphinx-and-the-ab\\\/#primaryimage\"},\"thumbnailUrl\":\"https:\\\/\\\/mytoursegypt.com\\\/wp-content\\\/uploads\\\/2024\\\/05\\\/download-68.jpeg\",\"datePublished\":\"2024-05-31T13:39:16+00:00\",\"dateModified\":\"2024-07-02T04:17:35+00:00\",\"breadcrumb\":{\"@id\":\"https:\\\/\\\/mytoursegypt.com\\\/ge\\\/tour\\\/private-tour-of-cairo-from-hurghada-by-planeanyone-who-visits-egypt-absolutely-must-see-cairo-because-it-is-home-to-the-famous-and-iconic-great-pyramids-the-sphinx-and-the-ab\\\/#breadcrumb\"},\"inLanguage\":\"de\",\"potentialAction\":[{\"@type\":\"ReadAction\",\"target\":[\"https:\\\/\\\/mytoursegypt.com\\\/ge\\\/tour\\\/private-tour-of-cairo-from-hurghada-by-planeanyone-who-visits-egypt-absolutely-must-see-cairo-because-it-is-home-to-the-famous-and-iconic-great-pyramids-the-sphinx-and-the-ab\\\/\"]}]},{\"@type\":\"ImageObject\",\"inLanguage\":\"de\",\"@id\":\"https:\\\/\\\/mytoursegypt.com\\\/ge\\\/tour\\\/private-tour-of-cairo-from-hurghada-by-planeanyone-who-visits-egypt-absolutely-must-see-cairo-because-it-is-home-to-the-famous-and-iconic-great-pyramids-the-sphinx-and-the-ab\\\/#primaryimage\",\"url\":\"https:\\\/\\\/mytoursegypt.com\\\/wp-content\\\/uploads\\\/2024\\\/05\\\/download-68.jpeg\",\"contentUrl\":\"https:\\\/\\\/mytoursegypt.com\\\/wp-content\\\/uploads\\\/2024\\\/05\\\/download-68.jpeg\",\"width\":300,\"height\":168},{\"@type\":\"BreadcrumbList\",\"@id\":\"https:\\\/\\\/mytoursegypt.com\\\/ge\\\/tour\\\/private-tour-of-cairo-from-hurghada-by-planeanyone-who-visits-egypt-absolutely-must-see-cairo-because-it-is-home-to-the-famous-and-iconic-great-pyramids-the-sphinx-and-the-ab\\\/#breadcrumb\",\"itemListElement\":[{\"@type\":\"ListItem\",\"position\":1,\"name\":\"\u0627\u0644\u0631\u0626\u064a\u0633\u064a\u0629\",\"item\":\"https:\\\/\\\/mytoursegypt.com\\\/\"},{\"@type\":\"ListItem\",\"position\":2,\"name\":\"Shop\",\"item\":\"https:\\\/\\\/mytoursegypt.com\\\/ge\\\/shop\\\/\"},{\"@type\":\"ListItem\",\"position\":3,\"name\":\"Private tour of Cairo from Hurghada by Plane\"}]},{\"@type\":\"WebSite\",\"@id\":\"https:\\\/\\\/www.mytoursegypt.com\\\/#website\",\"url\":\"https:\\\/\\\/www.mytoursegypt.com\\\/\",\"name\":\"Discover Egypt Tours\",\"description\":\"Discover Egypt Your Guide to Top Attractions and Unique Experiences.\",\"publisher\":{\"@id\":\"https:\\\/\\\/www.mytoursegypt.com\\\/#organization\"},\"potentialAction\":[{\"@type\":\"SearchAction\",\"target\":{\"@type\":\"EntryPoint\",\"urlTemplate\":\"https:\\\/\\\/www.mytoursegypt.com\\\/?s={search_term_string}\"},\"query-input\":{\"@type\":\"PropertyValueSpecification\",\"valueRequired\":true,\"valueName\":\"search_term_string\"}}],\"inLanguage\":\"de\"},{\"@type\":\"Organization\",\"@id\":\"https:\\\/\\\/www.mytoursegypt.com\\\/#organization\",\"name\":\"Discover Egypt Tours\",\"url\":\"https:\\\/\\\/www.mytoursegypt.com\\\/\",\"logo\":{\"@type\":\"ImageObject\",\"inLanguage\":\"de\",\"@id\":\"https:\\\/\\\/www.mytoursegypt.com\\\/#\\\/schema\\\/logo\\\/image\\\/\",\"url\":\"https:\\\/\\\/mytoursegypt.com\\\/wp-content\\\/uploads\\\/2024\\\/06\\\/cropped-logo.png\",\"contentUrl\":\"https:\\\/\\\/mytoursegypt.com\\\/wp-content\\\/uploads\\\/2024\\\/06\\\/cropped-logo.png\",\"width\":512,\"height\":512,\"caption\":\"Discover Egypt Tours\"},\"image\":{\"@id\":\"https:\\\/\\\/www.mytoursegypt.com\\\/#\\\/schema\\\/logo\\\/image\\\/\"}}]}<\/script>\n<!-- \/ Yoast SEO plugin. -->","yoast_head_json":{"title":"Private tour of Cairo from Hurghada by Plane - Discover Egypt Tours","robots":{"index":"index","follow":"follow","max-snippet":"max-snippet:-1","max-image-preview":"max-image-preview:large","max-video-preview":"max-video-preview:-1"},"canonical":"https:\/\/mytoursegypt.com\/ge\/tour\/private-tour-of-cairo-from-hurghada-by-planeanyone-who-visits-egypt-absolutely-must-see-cairo-because-it-is-home-to-the-famous-and-iconic-great-pyramids-the-sphinx-and-the-ab\/","og_locale":"de_DE","og_type":"article","og_title":"Private tour of Cairo from Hurghada by Plane - Discover Egypt Tours","og_description":"Visit the Great Pyramids in the Giza plateau  Admire the many exhibits at the Museum of Egyptian antiquities  Enjoy a shopping trip at the famous Khan El-Khalili Bazaar  Marvel at the Great Sphinx and explore the Valley Temple","og_url":"https:\/\/mytoursegypt.com\/ge\/tour\/private-tour-of-cairo-from-hurghada-by-planeanyone-who-visits-egypt-absolutely-must-see-cairo-because-it-is-home-to-the-famous-and-iconic-great-pyramids-the-sphinx-and-the-ab\/","og_site_name":"Discover Egypt Tours","article_modified_time":"2024-07-02T04:17:35+00:00","og_image":[{"width":300,"height":168,"url":"https:\/\/mytoursegypt.com\/wp-content\/uploads\/2024\/05\/download-68.jpeg","type":"image\/jpeg"}],"twitter_card":"summary_large_image","twitter_misc":{"Gesch\u00e4tzte Lesezeit":"1\u00a0Minute"},"schema":{"@context":"https:\/\/schema.org","@graph":[{"@type":"WebPage","@id":"https:\/\/mytoursegypt.com\/ge\/tour\/private-tour-of-cairo-from-hurghada-by-planeanyone-who-visits-egypt-absolutely-must-see-cairo-because-it-is-home-to-the-famous-and-iconic-great-pyramids-the-sphinx-and-the-ab\/","url":"https:\/\/mytoursegypt.com\/ge\/tour\/private-tour-of-cairo-from-hurghada-by-planeanyone-who-visits-egypt-absolutely-must-see-cairo-because-it-is-home-to-the-famous-and-iconic-great-pyramids-the-sphinx-and-the-ab\/","name":"Private tour of Cairo from Hurghada by Plane - Discover Egypt Tours","isPartOf":{"@id":"https:\/\/www.mytoursegypt.com\/#website"},"primaryImageOfPage":{"@id":"https:\/\/mytoursegypt.com\/ge\/tour\/private-tour-of-cairo-from-hurghada-by-planeanyone-who-visits-egypt-absolutely-must-see-cairo-because-it-is-home-to-the-famous-and-iconic-great-pyramids-the-sphinx-and-the-ab\/#primaryimage"},"image":{"@id":"https:\/\/mytoursegypt.com\/ge\/tour\/private-tour-of-cairo-from-hurghada-by-planeanyone-who-visits-egypt-absolutely-must-see-cairo-because-it-is-home-to-the-famous-and-iconic-great-pyramids-the-sphinx-and-the-ab\/#primaryimage"},"thumbnailUrl":"https:\/\/mytoursegypt.com\/wp-content\/uploads\/2024\/05\/download-68.jpeg","datePublished":"2024-05-31T13:39:16+00:00","dateModified":"2024-07-02T04:17:35+00:00","breadcrumb":{"@id":"https:\/\/mytoursegypt.com\/ge\/tour\/private-tour-of-cairo-from-hurghada-by-planeanyone-who-visits-egypt-absolutely-must-see-cairo-because-it-is-home-to-the-famous-and-iconic-great-pyramids-the-sphinx-and-the-ab\/#breadcrumb"},"inLanguage":"de","potentialAction":[{"@type":"ReadAction","target":["https:\/\/mytoursegypt.com\/ge\/tour\/private-tour-of-cairo-from-hurghada-by-planeanyone-who-visits-egypt-absolutely-must-see-cairo-because-it-is-home-to-the-famous-and-iconic-great-pyramids-the-sphinx-and-the-ab\/"]}]},{"@type":"ImageObject","inLanguage":"de","@id":"https:\/\/mytoursegypt.com\/ge\/tour\/private-tour-of-cairo-from-hurghada-by-planeanyone-who-visits-egypt-absolutely-must-see-cairo-because-it-is-home-to-the-famous-and-iconic-great-pyramids-the-sphinx-and-the-ab\/#primaryimage","url":"https:\/\/mytoursegypt.com\/wp-content\/uploads\/2024\/05\/download-68.jpeg","contentUrl":"https:\/\/mytoursegypt.com\/wp-content\/uploads\/2024\/05\/download-68.jpeg","width":300,"height":168},{"@type":"BreadcrumbList","@id":"https:\/\/mytoursegypt.com\/ge\/tour\/private-tour-of-cairo-from-hurghada-by-planeanyone-who-visits-egypt-absolutely-must-see-cairo-because-it-is-home-to-the-famous-and-iconic-great-pyramids-the-sphinx-and-the-ab\/#breadcrumb","itemListElement":[{"@type":"ListItem","position":1,"name":"\u0627\u0644\u0631\u0626\u064a\u0633\u064a\u0629","item":"https:\/\/mytoursegypt.com\/"},{"@type":"ListItem","position":2,"name":"Shop","item":"https:\/\/mytoursegypt.com\/ge\/shop\/"},{"@type":"ListItem","position":3,"name":"Private tour of Cairo from Hurghada by Plane"}]},{"@type":"WebSite","@id":"https:\/\/www.mytoursegypt.com\/#website","url":"https:\/\/www.mytoursegypt.com\/","name":"Discover Egypt Tours","description":"Discover Egypt Your Guide to Top Attractions and Unique Experiences.","publisher":{"@id":"https:\/\/www.mytoursegypt.com\/#organization"},"potentialAction":[{"@type":"SearchAction","target":{"@type":"EntryPoint","urlTemplate":"https:\/\/www.mytoursegypt.com\/?s={search_term_string}"},"query-input":{"@type":"PropertyValueSpecification","valueRequired":true,"valueName":"search_term_string"}}],"inLanguage":"de"},{"@type":"Organization","@id":"https:\/\/www.mytoursegypt.com\/#organization","name":"Discover Egypt Tours","url":"https:\/\/www.mytoursegypt.com\/","logo":{"@type":"ImageObject","inLanguage":"de","@id":"https:\/\/www.mytoursegypt.com\/#\/schema\/logo\/image\/","url":"https:\/\/mytoursegypt.com\/wp-content\/uploads\/2024\/06\/cropped-logo.png","contentUrl":"https:\/\/mytoursegypt.com\/wp-content\/uploads\/2024\/06\/cropped-logo.png","width":512,"height":512,"caption":"Discover Egypt Tours"},"image":{"@id":"https:\/\/www.mytoursegypt.com\/#\/schema\/logo\/image\/"}}]}},"_links":{"self":[{"href":"https:\/\/mytoursegypt.com\/ge\/wp-json\/wp\/v2\/product\/10238","targetHints":{"allow":["GET"]}}],"collection":[{"href":"https:\/\/mytoursegypt.com\/ge\/wp-json\/wp\/v2\/product"}],"about":[{"href":"https:\/\/mytoursegypt.com\/ge\/wp-json\/wp\/v2\/types\/product"}],"replies":[{"embeddable":true,"href":"https:\/\/mytoursegypt.com\/ge\/wp-json\/wp\/v2\/comments?post=10238"}],"version-history":[{"count":1,"href":"https:\/\/mytoursegypt.com\/ge\/wp-json\/wp\/v2\/product\/10238\/revisions"}],"predecessor-version":[{"id":10241,"href":"https:\/\/mytoursegypt.com\/ge\/wp-json\/wp\/v2\/product\/10238\/revisions\/10241"}],"wp:featuredmedia":[{"embeddable":true,"href":"https:\/\/mytoursegypt.com\/ge\/wp-json\/wp\/v2\/media\/10214"}],"wp:attachment":[{"href":"https:\/\/mytoursegypt.com\/ge\/wp-json\/wp\/v2\/media?parent=10238"}],"wp:term":[{"taxonomy":"product_brand","embeddable":true,"href":"https:\/\/mytoursegypt.com\/ge\/wp-json\/wp\/v2\/product_brand?post=10238"},{"taxonomy":"product_cat","embeddable":true,"href":"https:\/\/mytoursegypt.com\/ge\/wp-json\/wp\/v2\/product_cat?post=10238"},{"taxonomy":"product_tag","embeddable":true,"href":"https:\/\/mytoursegypt.com\/ge\/wp-json\/wp\/v2\/product_tag?post=10238"}],"curies":[{"name":"wp","href":"https:\/\/api.w.org\/{rel}","templated":true}]}}