{"id":10242,"date":"2024-05-31T13:58:50","date_gmt":"2024-05-31T13:58:50","guid":{"rendered":"https:\/\/bookingegypttour.com\/?post_type=product&#038;p=10242"},"modified":"2024-07-02T04:17:30","modified_gmt":"2024-07-02T04:17:30","slug":"excursion-from-hurghada-to-pyramids-of-giza-memphis-saqqara-with-flight","status":"publish","type":"product","link":"https:\/\/mytoursegypt.com\/ge\/tour\/excursion-from-hurghada-to-pyramids-of-giza-memphis-saqqara-with-flight\/","title":{"rendered":"Ausflug von Hurghada zu den Pyramiden von Gizeh, Memphis, Sakkara mit Flug"},"content":{"rendered":"<p>Enjoy a full day in the ancient world exploring <strong>the<\/strong>\u00a0<strong>Stufenpyramide<\/strong>, die alte Hauptstadt von\u00a0<strong>Memphis<\/strong>, das\u00a0<strong>pyramids and the Sphinx of Giza<\/strong>.<\/p>\n<p>Ein klimatisiertes Auto bringt Sie von Ihrem Hotel direkt zum Flughafen in Hurghada, wo Sie in ein Flugzeug nach Kairo steigen. In der \u00e4gyptischen Hauptstadt erwartet Sie bereits ein \u00c4gyptologe.<\/p>\n<p>Dein Tag\u00a0<strong>Flugreise von Hurghada nach Kairo<\/strong>\u00a0Die Tour beginnt in Gizeh, wo Sie drei der gr\u00f6\u00dften und ber\u00fchmtesten Pyramiden \u00c4gyptens bestaunen k\u00f6nnen.<\/p>\n<h3>1. Pyramiden von Gizeh<\/h3>\n<p><strong>Die Pyramiden von Gizeh<\/strong>\u00a0Danach geht es weiter nach Gizeh, zum Museum der drei ber\u00fchmtesten und gr\u00f6\u00dften Pyramiden \u00c4gyptens.\u00a0<strong>Die Gro\u00dfe Cheopspyramide<\/strong>\u00a0Es gilt als das \u00e4lteste und ist das einzige erhaltene Meisterwerk der 7 Weltwunder.\u00a0<strong>Die Chefren-Pyramide<\/strong>\u00a0ist oben teilweise noch mit Kalkstein verkleidet.\u00a0<strong>The Mykerinos pyramid<\/strong>\u00a0Es ist von drei weiteren, aber viel kleineren Pyramiden umgeben<\/p>\n<h3>2. Memphis<\/h3>\n<p>Visit\u00a0<strong>Memphis<\/strong>, die alte Hauptstadt mit ihren Ruinen, den Gefallenen\u00a0<strong>colossal statue of Pharaoh Ramses II<\/strong>\u00a0und das<strong>\u00a0Alabaster-Sphinx<\/strong>.<\/p>\n<h3>3. Saqqara<\/h3>\n<p>Ein Besuch im\u00a0<strong>Nekropole von Sakkara<\/strong>\u00a0ist neben Gizeh eines der bedeutendsten Gr\u00e4ber in Unter\u00e4gypten. Das gr\u00f6\u00dfte und beeindruckendste Grab ist das von\u00a0<strong>Pharaoh Djoser<\/strong>\u00a0Aus der 3. Dynastie des Alten Reiches (ca. 2650 v. Chr.) mit der ber\u00fchmten Stufenpyramide.<\/p>\n<p>Nach einem unvergesslichen Tag bringen wir Sie zur\u00fcck zum Flughafen in Kairo. Sie fliegen zur\u00fcck nach Hurghada und werden per Shuttle zur\u00fcck zu Ihrem Hotel gebracht.<\/p>","protected":false},"excerpt":{"rendered":"<ul class=\"list_ok\">\n<li>Admire the famous Great Pyramids on the Giza plateau<\/li>\n<li>Explore the Valley Temple and the Sphinx<\/li>\n<li>Visit the ancient step pyramid of Djoser in Saqqara<\/li>\n<li>Visit the ancient capital of Egypt, Memphis<\/li>\n<\/ul>","protected":false},"featured_media":10175,"comment_status":"open","ping_status":"closed","template":"","meta":[],"product_brand":[],"product_cat":[15],"product_tag":[],"class_list":{"0":"post-10242","1":"product","2":"type-product","3":"status-publish","4":"has-post-thumbnail","6":"product_cat-uncategorized","8":"first","9":"instock","10":"sale","11":"shipping-taxable","12":"purchasable","13":"product-type-ovabrw_car_rental"},"yoast_head":"<!-- This site is optimized with the Yoast SEO plugin v27.4 - https:\/\/yoast.com\/product\/yoast-seo-wordpress\/ -->\n<title>Excursion from Hurghada to Pyramids of Giza, Memphis, Saqqara with flight - Discover Egypt Tours<\/title>\n<meta name=\"robots\" content=\"index, follow, max-snippet:-1, max-image-preview:large, max-video-preview:-1\" \/>\n<link rel=\"canonical\" href=\"https:\/\/mytoursegypt.com\/ge\/tour\/excursion-from-hurghada-to-pyramids-of-giza-memphis-saqqara-with-flight\/\" \/>\n<meta property=\"og:locale\" content=\"de_DE\" \/>\n<meta property=\"og:type\" content=\"article\" \/>\n<meta property=\"og:title\" content=\"Excursion from Hurghada to Pyramids of Giza, Memphis, Saqqara with flight - Discover Egypt Tours\" \/>\n<meta property=\"og:description\" content=\"Admire the famous Great Pyramids on the Giza plateau  Explore the Valley Temple and the Sphinx  Visit the ancient step pyramid of Djoser in Saqqara  Visit the ancient capital of Egypt, Memphis\" \/>\n<meta property=\"og:url\" content=\"https:\/\/mytoursegypt.com\/ge\/tour\/excursion-from-hurghada-to-pyramids-of-giza-memphis-saqqara-with-flight\/\" \/>\n<meta property=\"og:site_name\" content=\"Discover Egypt Tours\" \/>\n<meta property=\"article:modified_time\" content=\"2024-07-02T04:17:30+00:00\" \/>\n<meta property=\"og:image\" content=\"https:\/\/mytoursegypt.com\/wp-content\/uploads\/2024\/05\/download-7.jpeg\" \/>\n\t<meta property=\"og:image:width\" content=\"700\" \/>\n\t<meta property=\"og:image:height\" content=\"350\" \/>\n\t<meta property=\"og:image:type\" content=\"image\/jpeg\" \/>\n<meta name=\"twitter:card\" content=\"summary_large_image\" \/>\n<meta name=\"twitter:label1\" content=\"Gesch\u00e4tzte Lesezeit\" \/>\n\t<meta name=\"twitter:data1\" content=\"2\u00a0Minuten\" \/>\n<script type=\"application\/ld+json\" class=\"yoast-schema-graph\">{\"@context\":\"https:\\\/\\\/schema.org\",\"@graph\":[{\"@type\":\"WebPage\",\"@id\":\"https:\\\/\\\/mytoursegypt.com\\\/tour\\\/excursion-from-hurghada-to-pyramids-of-giza-memphis-saqqara-with-flight\\\/\",\"url\":\"https:\\\/\\\/mytoursegypt.com\\\/tour\\\/excursion-from-hurghada-to-pyramids-of-giza-memphis-saqqara-with-flight\\\/\",\"name\":\"Excursion from Hurghada to Pyramids of Giza, Memphis, Saqqara with flight - Discover Egypt Tours\",\"isPartOf\":{\"@id\":\"https:\\\/\\\/www.mytoursegypt.com\\\/#website\"},\"primaryImageOfPage\":{\"@id\":\"https:\\\/\\\/mytoursegypt.com\\\/tour\\\/excursion-from-hurghada-to-pyramids-of-giza-memphis-saqqara-with-flight\\\/#primaryimage\"},\"image\":{\"@id\":\"https:\\\/\\\/mytoursegypt.com\\\/tour\\\/excursion-from-hurghada-to-pyramids-of-giza-memphis-saqqara-with-flight\\\/#primaryimage\"},\"thumbnailUrl\":\"https:\\\/\\\/mytoursegypt.com\\\/wp-content\\\/uploads\\\/2024\\\/05\\\/download-7.jpeg\",\"datePublished\":\"2024-05-31T13:58:50+00:00\",\"dateModified\":\"2024-07-02T04:17:30+00:00\",\"breadcrumb\":{\"@id\":\"https:\\\/\\\/mytoursegypt.com\\\/tour\\\/excursion-from-hurghada-to-pyramids-of-giza-memphis-saqqara-with-flight\\\/#breadcrumb\"},\"inLanguage\":\"de\",\"potentialAction\":[{\"@type\":\"ReadAction\",\"target\":[\"https:\\\/\\\/mytoursegypt.com\\\/tour\\\/excursion-from-hurghada-to-pyramids-of-giza-memphis-saqqara-with-flight\\\/\"]}]},{\"@type\":\"ImageObject\",\"inLanguage\":\"de\",\"@id\":\"https:\\\/\\\/mytoursegypt.com\\\/tour\\\/excursion-from-hurghada-to-pyramids-of-giza-memphis-saqqara-with-flight\\\/#primaryimage\",\"url\":\"https:\\\/\\\/mytoursegypt.com\\\/wp-content\\\/uploads\\\/2024\\\/05\\\/download-7.jpeg\",\"contentUrl\":\"https:\\\/\\\/mytoursegypt.com\\\/wp-content\\\/uploads\\\/2024\\\/05\\\/download-7.jpeg\",\"width\":700,\"height\":350},{\"@type\":\"BreadcrumbList\",\"@id\":\"https:\\\/\\\/mytoursegypt.com\\\/tour\\\/excursion-from-hurghada-to-pyramids-of-giza-memphis-saqqara-with-flight\\\/#breadcrumb\",\"itemListElement\":[{\"@type\":\"ListItem\",\"position\":1,\"name\":\"\u0627\u0644\u0631\u0626\u064a\u0633\u064a\u0629\",\"item\":\"https:\\\/\\\/mytoursegypt.com\\\/\"},{\"@type\":\"ListItem\",\"position\":2,\"name\":\"Shop\",\"item\":\"https:\\\/\\\/mytoursegypt.com\\\/ge\\\/shop\\\/\"},{\"@type\":\"ListItem\",\"position\":3,\"name\":\"Excursion from Hurghada to Pyramids of Giza, Memphis, Saqqara with flight\"}]},{\"@type\":\"WebSite\",\"@id\":\"https:\\\/\\\/www.mytoursegypt.com\\\/#website\",\"url\":\"https:\\\/\\\/www.mytoursegypt.com\\\/\",\"name\":\"Discover Egypt Tours\",\"description\":\"Discover Egypt Your Guide to Top Attractions and Unique Experiences.\",\"publisher\":{\"@id\":\"https:\\\/\\\/www.mytoursegypt.com\\\/#organization\"},\"potentialAction\":[{\"@type\":\"SearchAction\",\"target\":{\"@type\":\"EntryPoint\",\"urlTemplate\":\"https:\\\/\\\/www.mytoursegypt.com\\\/?s={search_term_string}\"},\"query-input\":{\"@type\":\"PropertyValueSpecification\",\"valueRequired\":true,\"valueName\":\"search_term_string\"}}],\"inLanguage\":\"de\"},{\"@type\":\"Organization\",\"@id\":\"https:\\\/\\\/www.mytoursegypt.com\\\/#organization\",\"name\":\"Discover Egypt Tours\",\"url\":\"https:\\\/\\\/www.mytoursegypt.com\\\/\",\"logo\":{\"@type\":\"ImageObject\",\"inLanguage\":\"de\",\"@id\":\"https:\\\/\\\/www.mytoursegypt.com\\\/#\\\/schema\\\/logo\\\/image\\\/\",\"url\":\"https:\\\/\\\/mytoursegypt.com\\\/wp-content\\\/uploads\\\/2024\\\/06\\\/cropped-logo.png\",\"contentUrl\":\"https:\\\/\\\/mytoursegypt.com\\\/wp-content\\\/uploads\\\/2024\\\/06\\\/cropped-logo.png\",\"width\":512,\"height\":512,\"caption\":\"Discover Egypt Tours\"},\"image\":{\"@id\":\"https:\\\/\\\/www.mytoursegypt.com\\\/#\\\/schema\\\/logo\\\/image\\\/\"}}]}<\/script>\n<!-- \/ Yoast SEO plugin. -->","yoast_head_json":{"title":"Excursion from Hurghada to Pyramids of Giza, Memphis, Saqqara with flight - Discover Egypt Tours","robots":{"index":"index","follow":"follow","max-snippet":"max-snippet:-1","max-image-preview":"max-image-preview:large","max-video-preview":"max-video-preview:-1"},"canonical":"https:\/\/mytoursegypt.com\/ge\/tour\/excursion-from-hurghada-to-pyramids-of-giza-memphis-saqqara-with-flight\/","og_locale":"de_DE","og_type":"article","og_title":"Excursion from Hurghada to Pyramids of Giza, Memphis, Saqqara with flight - Discover Egypt Tours","og_description":"Admire the famous Great Pyramids on the Giza plateau  Explore the Valley Temple and the Sphinx  Visit the ancient step pyramid of Djoser in Saqqara  Visit the ancient capital of Egypt, Memphis","og_url":"https:\/\/mytoursegypt.com\/ge\/tour\/excursion-from-hurghada-to-pyramids-of-giza-memphis-saqqara-with-flight\/","og_site_name":"Discover Egypt Tours","article_modified_time":"2024-07-02T04:17:30+00:00","og_image":[{"width":700,"height":350,"url":"https:\/\/mytoursegypt.com\/wp-content\/uploads\/2024\/05\/download-7.jpeg","type":"image\/jpeg"}],"twitter_card":"summary_large_image","twitter_misc":{"Gesch\u00e4tzte Lesezeit":"2\u00a0Minuten"},"schema":{"@context":"https:\/\/schema.org","@graph":[{"@type":"WebPage","@id":"https:\/\/mytoursegypt.com\/tour\/excursion-from-hurghada-to-pyramids-of-giza-memphis-saqqara-with-flight\/","url":"https:\/\/mytoursegypt.com\/tour\/excursion-from-hurghada-to-pyramids-of-giza-memphis-saqqara-with-flight\/","name":"Excursion from Hurghada to Pyramids of Giza, Memphis, Saqqara with flight - Discover Egypt Tours","isPartOf":{"@id":"https:\/\/www.mytoursegypt.com\/#website"},"primaryImageOfPage":{"@id":"https:\/\/mytoursegypt.com\/tour\/excursion-from-hurghada-to-pyramids-of-giza-memphis-saqqara-with-flight\/#primaryimage"},"image":{"@id":"https:\/\/mytoursegypt.com\/tour\/excursion-from-hurghada-to-pyramids-of-giza-memphis-saqqara-with-flight\/#primaryimage"},"thumbnailUrl":"https:\/\/mytoursegypt.com\/wp-content\/uploads\/2024\/05\/download-7.jpeg","datePublished":"2024-05-31T13:58:50+00:00","dateModified":"2024-07-02T04:17:30+00:00","breadcrumb":{"@id":"https:\/\/mytoursegypt.com\/tour\/excursion-from-hurghada-to-pyramids-of-giza-memphis-saqqara-with-flight\/#breadcrumb"},"inLanguage":"de","potentialAction":[{"@type":"ReadAction","target":["https:\/\/mytoursegypt.com\/tour\/excursion-from-hurghada-to-pyramids-of-giza-memphis-saqqara-with-flight\/"]}]},{"@type":"ImageObject","inLanguage":"de","@id":"https:\/\/mytoursegypt.com\/tour\/excursion-from-hurghada-to-pyramids-of-giza-memphis-saqqara-with-flight\/#primaryimage","url":"https:\/\/mytoursegypt.com\/wp-content\/uploads\/2024\/05\/download-7.jpeg","contentUrl":"https:\/\/mytoursegypt.com\/wp-content\/uploads\/2024\/05\/download-7.jpeg","width":700,"height":350},{"@type":"BreadcrumbList","@id":"https:\/\/mytoursegypt.com\/tour\/excursion-from-hurghada-to-pyramids-of-giza-memphis-saqqara-with-flight\/#breadcrumb","itemListElement":[{"@type":"ListItem","position":1,"name":"\u0627\u0644\u0631\u0626\u064a\u0633\u064a\u0629","item":"https:\/\/mytoursegypt.com\/"},{"@type":"ListItem","position":2,"name":"Shop","item":"https:\/\/mytoursegypt.com\/ge\/shop\/"},{"@type":"ListItem","position":3,"name":"Excursion from Hurghada to Pyramids of Giza, Memphis, Saqqara with flight"}]},{"@type":"WebSite","@id":"https:\/\/www.mytoursegypt.com\/#website","url":"https:\/\/www.mytoursegypt.com\/","name":"Discover Egypt Tours","description":"Discover Egypt Your Guide to Top Attractions and Unique Experiences.","publisher":{"@id":"https:\/\/www.mytoursegypt.com\/#organization"},"potentialAction":[{"@type":"SearchAction","target":{"@type":"EntryPoint","urlTemplate":"https:\/\/www.mytoursegypt.com\/?s={search_term_string}"},"query-input":{"@type":"PropertyValueSpecification","valueRequired":true,"valueName":"search_term_string"}}],"inLanguage":"de"},{"@type":"Organization","@id":"https:\/\/www.mytoursegypt.com\/#organization","name":"Discover Egypt Tours","url":"https:\/\/www.mytoursegypt.com\/","logo":{"@type":"ImageObject","inLanguage":"de","@id":"https:\/\/www.mytoursegypt.com\/#\/schema\/logo\/image\/","url":"https:\/\/mytoursegypt.com\/wp-content\/uploads\/2024\/06\/cropped-logo.png","contentUrl":"https:\/\/mytoursegypt.com\/wp-content\/uploads\/2024\/06\/cropped-logo.png","width":512,"height":512,"caption":"Discover Egypt Tours"},"image":{"@id":"https:\/\/www.mytoursegypt.com\/#\/schema\/logo\/image\/"}}]}},"_links":{"self":[{"href":"https:\/\/mytoursegypt.com\/ge\/wp-json\/wp\/v2\/product\/10242","targetHints":{"allow":["GET"]}}],"collection":[{"href":"https:\/\/mytoursegypt.com\/ge\/wp-json\/wp\/v2\/product"}],"about":[{"href":"https:\/\/mytoursegypt.com\/ge\/wp-json\/wp\/v2\/types\/product"}],"replies":[{"embeddable":true,"href":"https:\/\/mytoursegypt.com\/ge\/wp-json\/wp\/v2\/comments?post=10242"}],"version-history":[{"count":1,"href":"https:\/\/mytoursegypt.com\/ge\/wp-json\/wp\/v2\/product\/10242\/revisions"}],"predecessor-version":[{"id":10245,"href":"https:\/\/mytoursegypt.com\/ge\/wp-json\/wp\/v2\/product\/10242\/revisions\/10245"}],"wp:featuredmedia":[{"embeddable":true,"href":"https:\/\/mytoursegypt.com\/ge\/wp-json\/wp\/v2\/media\/10175"}],"wp:attachment":[{"href":"https:\/\/mytoursegypt.com\/ge\/wp-json\/wp\/v2\/media?parent=10242"}],"wp:term":[{"taxonomy":"product_brand","embeddable":true,"href":"https:\/\/mytoursegypt.com\/ge\/wp-json\/wp\/v2\/product_brand?post=10242"},{"taxonomy":"product_cat","embeddable":true,"href":"https:\/\/mytoursegypt.com\/ge\/wp-json\/wp\/v2\/product_cat?post=10242"},{"taxonomy":"product_tag","embeddable":true,"href":"https:\/\/mytoursegypt.com\/ge\/wp-json\/wp\/v2\/product_tag?post=10242"}],"curies":[{"name":"wp","href":"https:\/\/api.w.org\/{rel}","templated":true}]}}