{"id":10246,"date":"2024-05-31T14:13:16","date_gmt":"2024-05-31T14:13:16","guid":{"rendered":"https:\/\/bookingegypttour.com\/?post_type=product&#038;p=10246"},"modified":"2024-07-02T04:17:24","modified_gmt":"2024-07-02T04:17:24","slug":"2-day-tour-of-cairo-by-bus-from-hurghada","status":"publish","type":"product","link":"https:\/\/mytoursegypt.com\/ge\/tour\/2-day-tour-of-cairo-by-bus-from-hurghada\/","title":{"rendered":"2-t\u00e4gige Tour durch Kairo mit dem Bus von Hurghada"},"content":{"rendered":"<div>\n<p>Sie werden am Eingang Ihres Hotels abgeholt. Die Busfahrt wird ca. 5 Stunden dauern, nat\u00fcrlich machen wir Pausen f\u00fcr Sie. Unterwegs k\u00f6nnen Sie bereits einige Eindr\u00fccke der \u00e4gyptischen Landschaft sammeln.<\/p>\n<\/div>\n<h3 class=\"vc_custom_heading vc_custom_1615241413444\">Tag 1<\/h3>\n<div>\n<p>In\u00a0<strong>Kairo<\/strong>\u00a0we will first visit the\u00a0<strong>\u00c4gyptisches Nationalmuseum<\/strong>, wo Sie 165.000 \u00e4gyptische Artefakte finden. Das Highlight sind hier die Sch\u00e4tze von\u00a0<strong>K\u00f6nig Tutanchamun<\/strong>, danach essen Sie zu Mittag\u00a0<strong>Kairo<\/strong>\u00a0Mit Blick auf die Pyramiden.<\/p>\n<p>The next is <strong>the<\/strong>\u00a0<strong>Pyramiden von Gizeh<\/strong>\u00a0und das\u00a0<strong>Sphinx<\/strong>. Sie werden von diesem letzten verbliebenen der sieben Weltwunder beeindruckt sein, das vor mehr als 4.500 Jahren als Gr\u00e4ber f\u00fcr die Ewigkeit erbaut wurde. Am Ende des Tages werden Sie zum Hotel gefahren, um f\u00fcr die Nacht einzuchecken.<\/p>\n<\/div>\n<h3 class=\"vc_custom_heading vc_custom_1615241423372\">Tag 2<\/h3>\n<div>\n<p>Nach dem Fr\u00fchst\u00fcck und Check-out im Hotel fahren Sie zur Besichtigung\u00a0<strong>Alabaster-Moschee<\/strong>, auch bekannt als \u201eMohammed-Ali-Moschee\u201c. Es ist eines der erstaunlichsten und markantesten Geb\u00e4ude in Kairo. Dann fahren wir zum ber\u00fchmten\u00a0<strong>Khan el Khalili bazaar\u00a0<\/strong>Inbegriffen<\/p>\n<p>After lunch drive to Hurghada.<\/p>\n<\/div>","protected":false},"excerpt":{"rendered":"<ul class=\"list_ok\">\n<li>Visit the Pyramids of Giza<\/li>\n<li>Discover the fascinating history in the Egyptian museum<\/li>\n<li>Enjoy a shopping at the Khan el Khalili bazar<\/li>\n<\/ul>","protected":false},"featured_media":10203,"comment_status":"open","ping_status":"closed","template":"","meta":[],"product_brand":[],"product_cat":[15],"product_tag":[],"class_list":{"0":"post-10246","1":"product","2":"type-product","3":"status-publish","4":"has-post-thumbnail","6":"product_cat-uncategorized","8":"first","9":"instock","10":"sale","11":"shipping-taxable","12":"purchasable","13":"product-type-ovabrw_car_rental"},"yoast_head":"<!-- This site is optimized with the Yoast SEO plugin v27.4 - https:\/\/yoast.com\/product\/yoast-seo-wordpress\/ -->\n<title>2-Day Tour of Cairo by Bus from Hurghada - Discover Egypt Tours<\/title>\n<meta name=\"robots\" content=\"index, follow, max-snippet:-1, max-image-preview:large, max-video-preview:-1\" \/>\n<link rel=\"canonical\" href=\"https:\/\/mytoursegypt.com\/ge\/tour\/2-day-tour-of-cairo-by-bus-from-hurghada\/\" \/>\n<meta property=\"og:locale\" content=\"de_DE\" \/>\n<meta property=\"og:type\" content=\"article\" \/>\n<meta property=\"og:title\" content=\"2-Day Tour of Cairo by Bus from Hurghada - Discover Egypt Tours\" \/>\n<meta property=\"og:description\" content=\"Visit the Pyramids of Giza  Discover the fascinating history in the Egyptian museum  Enjoy a shopping at the Khan el Khalili bazar\" \/>\n<meta property=\"og:url\" content=\"https:\/\/mytoursegypt.com\/ge\/tour\/2-day-tour-of-cairo-by-bus-from-hurghada\/\" \/>\n<meta property=\"og:site_name\" content=\"Discover Egypt Tours\" \/>\n<meta property=\"article:modified_time\" content=\"2024-07-02T04:17:24+00:00\" \/>\n<meta property=\"og:image\" content=\"https:\/\/mytoursegypt.com\/wp-content\/uploads\/2024\/05\/download-79.jpeg\" \/>\n\t<meta property=\"og:image:width\" content=\"357\" \/>\n\t<meta property=\"og:image:height\" content=\"141\" \/>\n\t<meta property=\"og:image:type\" content=\"image\/jpeg\" \/>\n<meta name=\"twitter:card\" content=\"summary_large_image\" \/>\n<meta name=\"twitter:label1\" content=\"Gesch\u00e4tzte Lesezeit\" \/>\n\t<meta name=\"twitter:data1\" content=\"2\u00a0Minuten\" \/>\n<script type=\"application\/ld+json\" class=\"yoast-schema-graph\">{\"@context\":\"https:\\\/\\\/schema.org\",\"@graph\":[{\"@type\":\"WebPage\",\"@id\":\"https:\\\/\\\/mytoursegypt.com\\\/tour\\\/2-day-tour-of-cairo-by-bus-from-hurghada\\\/\",\"url\":\"https:\\\/\\\/mytoursegypt.com\\\/tour\\\/2-day-tour-of-cairo-by-bus-from-hurghada\\\/\",\"name\":\"2-Day Tour of Cairo by Bus from Hurghada - Discover Egypt Tours\",\"isPartOf\":{\"@id\":\"https:\\\/\\\/www.mytoursegypt.com\\\/#website\"},\"primaryImageOfPage\":{\"@id\":\"https:\\\/\\\/mytoursegypt.com\\\/tour\\\/2-day-tour-of-cairo-by-bus-from-hurghada\\\/#primaryimage\"},\"image\":{\"@id\":\"https:\\\/\\\/mytoursegypt.com\\\/tour\\\/2-day-tour-of-cairo-by-bus-from-hurghada\\\/#primaryimage\"},\"thumbnailUrl\":\"https:\\\/\\\/mytoursegypt.com\\\/wp-content\\\/uploads\\\/2024\\\/05\\\/download-79.jpeg\",\"datePublished\":\"2024-05-31T14:13:16+00:00\",\"dateModified\":\"2024-07-02T04:17:24+00:00\",\"breadcrumb\":{\"@id\":\"https:\\\/\\\/mytoursegypt.com\\\/tour\\\/2-day-tour-of-cairo-by-bus-from-hurghada\\\/#breadcrumb\"},\"inLanguage\":\"de\",\"potentialAction\":[{\"@type\":\"ReadAction\",\"target\":[\"https:\\\/\\\/mytoursegypt.com\\\/tour\\\/2-day-tour-of-cairo-by-bus-from-hurghada\\\/\"]}]},{\"@type\":\"ImageObject\",\"inLanguage\":\"de\",\"@id\":\"https:\\\/\\\/mytoursegypt.com\\\/tour\\\/2-day-tour-of-cairo-by-bus-from-hurghada\\\/#primaryimage\",\"url\":\"https:\\\/\\\/mytoursegypt.com\\\/wp-content\\\/uploads\\\/2024\\\/05\\\/download-79.jpeg\",\"contentUrl\":\"https:\\\/\\\/mytoursegypt.com\\\/wp-content\\\/uploads\\\/2024\\\/05\\\/download-79.jpeg\",\"width\":357,\"height\":141},{\"@type\":\"BreadcrumbList\",\"@id\":\"https:\\\/\\\/mytoursegypt.com\\\/tour\\\/2-day-tour-of-cairo-by-bus-from-hurghada\\\/#breadcrumb\",\"itemListElement\":[{\"@type\":\"ListItem\",\"position\":1,\"name\":\"\u0627\u0644\u0631\u0626\u064a\u0633\u064a\u0629\",\"item\":\"https:\\\/\\\/mytoursegypt.com\\\/\"},{\"@type\":\"ListItem\",\"position\":2,\"name\":\"Shop\",\"item\":\"https:\\\/\\\/mytoursegypt.com\\\/ge\\\/shop\\\/\"},{\"@type\":\"ListItem\",\"position\":3,\"name\":\"2-Day Tour of Cairo by Bus from Hurghada\"}]},{\"@type\":\"WebSite\",\"@id\":\"https:\\\/\\\/www.mytoursegypt.com\\\/#website\",\"url\":\"https:\\\/\\\/www.mytoursegypt.com\\\/\",\"name\":\"Discover Egypt Tours\",\"description\":\"Discover Egypt Your Guide to Top Attractions and Unique Experiences.\",\"publisher\":{\"@id\":\"https:\\\/\\\/www.mytoursegypt.com\\\/#organization\"},\"potentialAction\":[{\"@type\":\"SearchAction\",\"target\":{\"@type\":\"EntryPoint\",\"urlTemplate\":\"https:\\\/\\\/www.mytoursegypt.com\\\/?s={search_term_string}\"},\"query-input\":{\"@type\":\"PropertyValueSpecification\",\"valueRequired\":true,\"valueName\":\"search_term_string\"}}],\"inLanguage\":\"de\"},{\"@type\":\"Organization\",\"@id\":\"https:\\\/\\\/www.mytoursegypt.com\\\/#organization\",\"name\":\"Discover Egypt Tours\",\"url\":\"https:\\\/\\\/www.mytoursegypt.com\\\/\",\"logo\":{\"@type\":\"ImageObject\",\"inLanguage\":\"de\",\"@id\":\"https:\\\/\\\/www.mytoursegypt.com\\\/#\\\/schema\\\/logo\\\/image\\\/\",\"url\":\"https:\\\/\\\/mytoursegypt.com\\\/wp-content\\\/uploads\\\/2024\\\/06\\\/cropped-logo.png\",\"contentUrl\":\"https:\\\/\\\/mytoursegypt.com\\\/wp-content\\\/uploads\\\/2024\\\/06\\\/cropped-logo.png\",\"width\":512,\"height\":512,\"caption\":\"Discover Egypt Tours\"},\"image\":{\"@id\":\"https:\\\/\\\/www.mytoursegypt.com\\\/#\\\/schema\\\/logo\\\/image\\\/\"}}]}<\/script>\n<!-- \/ Yoast SEO plugin. -->","yoast_head_json":{"title":"2-Day Tour of Cairo by Bus from Hurghada - Discover Egypt Tours","robots":{"index":"index","follow":"follow","max-snippet":"max-snippet:-1","max-image-preview":"max-image-preview:large","max-video-preview":"max-video-preview:-1"},"canonical":"https:\/\/mytoursegypt.com\/ge\/tour\/2-day-tour-of-cairo-by-bus-from-hurghada\/","og_locale":"de_DE","og_type":"article","og_title":"2-Day Tour of Cairo by Bus from Hurghada - Discover Egypt Tours","og_description":"Visit the Pyramids of Giza  Discover the fascinating history in the Egyptian museum  Enjoy a shopping at the Khan el Khalili bazar","og_url":"https:\/\/mytoursegypt.com\/ge\/tour\/2-day-tour-of-cairo-by-bus-from-hurghada\/","og_site_name":"Discover Egypt Tours","article_modified_time":"2024-07-02T04:17:24+00:00","og_image":[{"width":357,"height":141,"url":"https:\/\/mytoursegypt.com\/wp-content\/uploads\/2024\/05\/download-79.jpeg","type":"image\/jpeg"}],"twitter_card":"summary_large_image","twitter_misc":{"Gesch\u00e4tzte Lesezeit":"2\u00a0Minuten"},"schema":{"@context":"https:\/\/schema.org","@graph":[{"@type":"WebPage","@id":"https:\/\/mytoursegypt.com\/tour\/2-day-tour-of-cairo-by-bus-from-hurghada\/","url":"https:\/\/mytoursegypt.com\/tour\/2-day-tour-of-cairo-by-bus-from-hurghada\/","name":"2-Day Tour of Cairo by Bus from Hurghada - Discover Egypt Tours","isPartOf":{"@id":"https:\/\/www.mytoursegypt.com\/#website"},"primaryImageOfPage":{"@id":"https:\/\/mytoursegypt.com\/tour\/2-day-tour-of-cairo-by-bus-from-hurghada\/#primaryimage"},"image":{"@id":"https:\/\/mytoursegypt.com\/tour\/2-day-tour-of-cairo-by-bus-from-hurghada\/#primaryimage"},"thumbnailUrl":"https:\/\/mytoursegypt.com\/wp-content\/uploads\/2024\/05\/download-79.jpeg","datePublished":"2024-05-31T14:13:16+00:00","dateModified":"2024-07-02T04:17:24+00:00","breadcrumb":{"@id":"https:\/\/mytoursegypt.com\/tour\/2-day-tour-of-cairo-by-bus-from-hurghada\/#breadcrumb"},"inLanguage":"de","potentialAction":[{"@type":"ReadAction","target":["https:\/\/mytoursegypt.com\/tour\/2-day-tour-of-cairo-by-bus-from-hurghada\/"]}]},{"@type":"ImageObject","inLanguage":"de","@id":"https:\/\/mytoursegypt.com\/tour\/2-day-tour-of-cairo-by-bus-from-hurghada\/#primaryimage","url":"https:\/\/mytoursegypt.com\/wp-content\/uploads\/2024\/05\/download-79.jpeg","contentUrl":"https:\/\/mytoursegypt.com\/wp-content\/uploads\/2024\/05\/download-79.jpeg","width":357,"height":141},{"@type":"BreadcrumbList","@id":"https:\/\/mytoursegypt.com\/tour\/2-day-tour-of-cairo-by-bus-from-hurghada\/#breadcrumb","itemListElement":[{"@type":"ListItem","position":1,"name":"\u0627\u0644\u0631\u0626\u064a\u0633\u064a\u0629","item":"https:\/\/mytoursegypt.com\/"},{"@type":"ListItem","position":2,"name":"Shop","item":"https:\/\/mytoursegypt.com\/ge\/shop\/"},{"@type":"ListItem","position":3,"name":"2-Day Tour of Cairo by Bus from Hurghada"}]},{"@type":"WebSite","@id":"https:\/\/www.mytoursegypt.com\/#website","url":"https:\/\/www.mytoursegypt.com\/","name":"Discover Egypt Tours","description":"Discover Egypt Your Guide to Top Attractions and Unique Experiences.","publisher":{"@id":"https:\/\/www.mytoursegypt.com\/#organization"},"potentialAction":[{"@type":"SearchAction","target":{"@type":"EntryPoint","urlTemplate":"https:\/\/www.mytoursegypt.com\/?s={search_term_string}"},"query-input":{"@type":"PropertyValueSpecification","valueRequired":true,"valueName":"search_term_string"}}],"inLanguage":"de"},{"@type":"Organization","@id":"https:\/\/www.mytoursegypt.com\/#organization","name":"Discover Egypt Tours","url":"https:\/\/www.mytoursegypt.com\/","logo":{"@type":"ImageObject","inLanguage":"de","@id":"https:\/\/www.mytoursegypt.com\/#\/schema\/logo\/image\/","url":"https:\/\/mytoursegypt.com\/wp-content\/uploads\/2024\/06\/cropped-logo.png","contentUrl":"https:\/\/mytoursegypt.com\/wp-content\/uploads\/2024\/06\/cropped-logo.png","width":512,"height":512,"caption":"Discover Egypt Tours"},"image":{"@id":"https:\/\/www.mytoursegypt.com\/#\/schema\/logo\/image\/"}}]}},"_links":{"self":[{"href":"https:\/\/mytoursegypt.com\/ge\/wp-json\/wp\/v2\/product\/10246","targetHints":{"allow":["GET"]}}],"collection":[{"href":"https:\/\/mytoursegypt.com\/ge\/wp-json\/wp\/v2\/product"}],"about":[{"href":"https:\/\/mytoursegypt.com\/ge\/wp-json\/wp\/v2\/types\/product"}],"replies":[{"embeddable":true,"href":"https:\/\/mytoursegypt.com\/ge\/wp-json\/wp\/v2\/comments?post=10246"}],"version-history":[{"count":1,"href":"https:\/\/mytoursegypt.com\/ge\/wp-json\/wp\/v2\/product\/10246\/revisions"}],"predecessor-version":[{"id":10249,"href":"https:\/\/mytoursegypt.com\/ge\/wp-json\/wp\/v2\/product\/10246\/revisions\/10249"}],"wp:featuredmedia":[{"embeddable":true,"href":"https:\/\/mytoursegypt.com\/ge\/wp-json\/wp\/v2\/media\/10203"}],"wp:attachment":[{"href":"https:\/\/mytoursegypt.com\/ge\/wp-json\/wp\/v2\/media?parent=10246"}],"wp:term":[{"taxonomy":"product_brand","embeddable":true,"href":"https:\/\/mytoursegypt.com\/ge\/wp-json\/wp\/v2\/product_brand?post=10246"},{"taxonomy":"product_cat","embeddable":true,"href":"https:\/\/mytoursegypt.com\/ge\/wp-json\/wp\/v2\/product_cat?post=10246"},{"taxonomy":"product_tag","embeddable":true,"href":"https:\/\/mytoursegypt.com\/ge\/wp-json\/wp\/v2\/product_tag?post=10246"}],"curies":[{"name":"wp","href":"https:\/\/api.w.org\/{rel}","templated":true}]}}