{"id":10251,"date":"2024-05-31T14:23:33","date_gmt":"2024-05-31T14:23:33","guid":{"rendered":"https:\/\/bookingegypttour.com\/?post_type=product&#038;p=10251"},"modified":"2025-11-30T15:30:24","modified_gmt":"2025-11-30T15:30:24","slug":"tour-to-cairo-from-hurghada-by-bus","status":"publish","type":"product","link":"https:\/\/mytoursegypt.com\/ge\/tour\/tour-to-cairo-from-hurghada-by-bus\/","title":{"rendered":"Tour nach Kairo von Hurghada mit dem Bus"},"content":{"rendered":"<p>Wenn Sie gerne auf dem Landweg reisen, k\u00f6nnen Sie eine Tour von Hurghada nach Kairo mit dem Bus unternehmen. Wenn Sie nach Hurghada fliegen, gibt es eine Tour, die ein Muss ist. Dies bedeutet, die wundervolle Stadt Kairo zu besichtigen. Hier haben Sie die M\u00f6glichkeit, eines der letzten verbliebenen Weltwunder zu sehen, n\u00e4mlich die Gro\u00dfen Pyramiden und die Sphinx von Gizeh.<\/p>\n<p>Ein ganzt\u00e4giger Ausflug von Hurghada nach Kairo, der Hauptstadt \u00c4gyptens und gr\u00f6\u00dften Stadt im Nahen Osten. Kairo wird auch die Stadt der \u201etausend Minarette\u201c genannt. Besuchen Sie die Gro\u00dfen Pyramiden und die Sphinx sowie das \u00c4gyptische Museum mit einer Sammlung von Tuthankamun-Sch\u00e4tzen.<\/p>\n<p>Wir holen Sie um 02:00 Uhr morgens von Ihrem Hotel in Hurghada mit einem klimatisierten Fahrzeug nach Kairo ab. Anschlie\u00dfend genie\u00dfen Sie eine gem\u00fctliche Fahrt nach Kairo, wo Sie Ihren \u00e4gyptologischen Reisef\u00fchrer treffen, um Gizeh zu besuchen.<br \/>\nBeginnen Sie Ihre Tagestour mit einem Besuch der Pyramiden von Gizeh und der Gro\u00dfen Sphinx.<\/p>\n<p>Sie besuchen auch den Taltempel. Anschlie\u00dfend werden Sie zum Mittagessen in ein lokales Restaurant am Nil in Kairo eingeladen.<\/p>\n<p>Nach dem Mittagessen besuchen Sie das \u00c4gyptische Museum. Sie haben die Gelegenheit, eine seltene Sammlung von 5000 Jahren Kunst zu besichtigen, die als die gr\u00f6\u00dfte und wertvollste Sammlung \u00e4gyptischer Kunst weltweit gilt.<\/p>\n<p>At the end of your day you will be transferred to back to your hotel in Hughada via air-conditioned vehicle.<\/p>","protected":false},"excerpt":{"rendered":"<ul class=\"list_ok\">\n<li>Visit the Great Pyramids in the Giza Plateau<\/li>\n<li>Admire the many exhibits at the Museum of Egyptian Antiquities<\/li>\n<li>Marvel at the Great Sphinx and explore the Valley Temple<\/li>\n<\/ul>","protected":false},"featured_media":10227,"comment_status":"open","ping_status":"closed","template":"","meta":[],"product_brand":[],"product_cat":[15],"product_tag":[],"class_list":{"0":"post-10251","1":"product","2":"type-product","3":"status-publish","4":"has-post-thumbnail","6":"product_cat-uncategorized","8":"first","9":"instock","10":"sale","11":"shipping-taxable","12":"purchasable","13":"product-type-ovabrw_car_rental"},"yoast_head":"<!-- This site is optimized with the Yoast SEO plugin v27.4 - https:\/\/yoast.com\/product\/yoast-seo-wordpress\/ -->\n<title>Tour to Cairo from Hurghada by Bus - Discover Egypt Tours<\/title>\n<meta name=\"robots\" content=\"index, follow, max-snippet:-1, max-image-preview:large, max-video-preview:-1\" \/>\n<link rel=\"canonical\" href=\"https:\/\/www.mytoursegypt.com\/ge\/tour\/tour-to-cairo-from-hurghada-by-bus\/\" \/>\n<meta property=\"og:locale\" content=\"de_DE\" \/>\n<meta property=\"og:type\" content=\"article\" \/>\n<meta property=\"og:title\" content=\"Tour to Cairo from Hurghada by Bus - Discover Egypt Tours\" \/>\n<meta property=\"og:description\" content=\"Visit the Great Pyramids in the Giza Plateau  Admire the many exhibits at the Museum of Egyptian Antiquities  Marvel at the Great Sphinx and explore the Valley Temple\" \/>\n<meta property=\"og:url\" content=\"https:\/\/www.mytoursegypt.com\/ge\/tour\/tour-to-cairo-from-hurghada-by-bus\/\" \/>\n<meta property=\"og:site_name\" content=\"Discover Egypt Tours\" \/>\n<meta property=\"article:modified_time\" content=\"2025-11-30T15:30:24+00:00\" \/>\n<meta property=\"og:image\" content=\"https:\/\/www.mytoursegypt.com\/wp-content\/uploads\/2024\/05\/118-Cairo-Pyramids-Day-Tour-and-Nile-Cruise-Lunch-from-Port-Said105118-3851491929887-1.jpeg\" \/>\n\t<meta property=\"og:image:width\" content=\"400\" \/>\n\t<meta property=\"og:image:height\" content=\"200\" \/>\n\t<meta property=\"og:image:type\" content=\"image\/jpeg\" \/>\n<meta name=\"twitter:card\" content=\"summary_large_image\" \/>\n<meta name=\"twitter:label1\" content=\"Gesch\u00e4tzte Lesezeit\" \/>\n\t<meta name=\"twitter:data1\" content=\"2\u00a0Minuten\" \/>\n<script type=\"application\/ld+json\" class=\"yoast-schema-graph\">{\"@context\":\"https:\\\/\\\/schema.org\",\"@graph\":[{\"@type\":\"WebPage\",\"@id\":\"https:\\\/\\\/www.mytoursegypt.com\\\/ge\\\/tour\\\/tour-to-cairo-from-hurghada-by-bus\\\/\",\"url\":\"https:\\\/\\\/www.mytoursegypt.com\\\/ge\\\/tour\\\/tour-to-cairo-from-hurghada-by-bus\\\/\",\"name\":\"Tour to Cairo from Hurghada by Bus - Discover Egypt Tours\",\"isPartOf\":{\"@id\":\"https:\\\/\\\/www.mytoursegypt.com\\\/#website\"},\"primaryImageOfPage\":{\"@id\":\"https:\\\/\\\/www.mytoursegypt.com\\\/ge\\\/tour\\\/tour-to-cairo-from-hurghada-by-bus\\\/#primaryimage\"},\"image\":{\"@id\":\"https:\\\/\\\/www.mytoursegypt.com\\\/ge\\\/tour\\\/tour-to-cairo-from-hurghada-by-bus\\\/#primaryimage\"},\"thumbnailUrl\":\"https:\\\/\\\/mytoursegypt.com\\\/wp-content\\\/uploads\\\/2024\\\/05\\\/118-Cairo-Pyramids-Day-Tour-and-Nile-Cruise-Lunch-from-Port-Said105118-3851491929887-1.jpeg\",\"datePublished\":\"2024-05-31T14:23:33+00:00\",\"dateModified\":\"2025-11-30T15:30:24+00:00\",\"breadcrumb\":{\"@id\":\"https:\\\/\\\/www.mytoursegypt.com\\\/ge\\\/tour\\\/tour-to-cairo-from-hurghada-by-bus\\\/#breadcrumb\"},\"inLanguage\":\"de\",\"potentialAction\":[{\"@type\":\"ReadAction\",\"target\":[\"https:\\\/\\\/www.mytoursegypt.com\\\/ge\\\/tour\\\/tour-to-cairo-from-hurghada-by-bus\\\/\"]}]},{\"@type\":\"ImageObject\",\"inLanguage\":\"de\",\"@id\":\"https:\\\/\\\/www.mytoursegypt.com\\\/ge\\\/tour\\\/tour-to-cairo-from-hurghada-by-bus\\\/#primaryimage\",\"url\":\"https:\\\/\\\/mytoursegypt.com\\\/wp-content\\\/uploads\\\/2024\\\/05\\\/118-Cairo-Pyramids-Day-Tour-and-Nile-Cruise-Lunch-from-Port-Said105118-3851491929887-1.jpeg\",\"contentUrl\":\"https:\\\/\\\/mytoursegypt.com\\\/wp-content\\\/uploads\\\/2024\\\/05\\\/118-Cairo-Pyramids-Day-Tour-and-Nile-Cruise-Lunch-from-Port-Said105118-3851491929887-1.jpeg\",\"width\":400,\"height\":200},{\"@type\":\"BreadcrumbList\",\"@id\":\"https:\\\/\\\/www.mytoursegypt.com\\\/ge\\\/tour\\\/tour-to-cairo-from-hurghada-by-bus\\\/#breadcrumb\",\"itemListElement\":[{\"@type\":\"ListItem\",\"position\":1,\"name\":\"\u0627\u0644\u0631\u0626\u064a\u0633\u064a\u0629\",\"item\":\"https:\\\/\\\/mytoursegypt.com\\\/\"},{\"@type\":\"ListItem\",\"position\":2,\"name\":\"Shop\",\"item\":\"https:\\\/\\\/mytoursegypt.com\\\/ge\\\/shop\\\/\"},{\"@type\":\"ListItem\",\"position\":3,\"name\":\"Tour to Cairo from Hurghada by Bus\"}]},{\"@type\":\"WebSite\",\"@id\":\"https:\\\/\\\/www.mytoursegypt.com\\\/#website\",\"url\":\"https:\\\/\\\/www.mytoursegypt.com\\\/\",\"name\":\"Discover Egypt Tours\",\"description\":\"Discover Egypt Your Guide to Top Attractions and Unique Experiences.\",\"publisher\":{\"@id\":\"https:\\\/\\\/www.mytoursegypt.com\\\/#organization\"},\"potentialAction\":[{\"@type\":\"SearchAction\",\"target\":{\"@type\":\"EntryPoint\",\"urlTemplate\":\"https:\\\/\\\/www.mytoursegypt.com\\\/?s={search_term_string}\"},\"query-input\":{\"@type\":\"PropertyValueSpecification\",\"valueRequired\":true,\"valueName\":\"search_term_string\"}}],\"inLanguage\":\"de\"},{\"@type\":\"Organization\",\"@id\":\"https:\\\/\\\/www.mytoursegypt.com\\\/#organization\",\"name\":\"Discover Egypt Tours\",\"url\":\"https:\\\/\\\/www.mytoursegypt.com\\\/\",\"logo\":{\"@type\":\"ImageObject\",\"inLanguage\":\"de\",\"@id\":\"https:\\\/\\\/www.mytoursegypt.com\\\/#\\\/schema\\\/logo\\\/image\\\/\",\"url\":\"https:\\\/\\\/mytoursegypt.com\\\/wp-content\\\/uploads\\\/2024\\\/06\\\/cropped-logo.png\",\"contentUrl\":\"https:\\\/\\\/mytoursegypt.com\\\/wp-content\\\/uploads\\\/2024\\\/06\\\/cropped-logo.png\",\"width\":512,\"height\":512,\"caption\":\"Discover Egypt Tours\"},\"image\":{\"@id\":\"https:\\\/\\\/www.mytoursegypt.com\\\/#\\\/schema\\\/logo\\\/image\\\/\"}}]}<\/script>\n<!-- \/ Yoast SEO plugin. -->","yoast_head_json":{"title":"Tour to Cairo from Hurghada by Bus - Discover Egypt Tours","robots":{"index":"index","follow":"follow","max-snippet":"max-snippet:-1","max-image-preview":"max-image-preview:large","max-video-preview":"max-video-preview:-1"},"canonical":"https:\/\/www.mytoursegypt.com\/ge\/tour\/tour-to-cairo-from-hurghada-by-bus\/","og_locale":"de_DE","og_type":"article","og_title":"Tour to Cairo from Hurghada by Bus - Discover Egypt Tours","og_description":"Visit the Great Pyramids in the Giza Plateau  Admire the many exhibits at the Museum of Egyptian Antiquities  Marvel at the Great Sphinx and explore the Valley Temple","og_url":"https:\/\/www.mytoursegypt.com\/ge\/tour\/tour-to-cairo-from-hurghada-by-bus\/","og_site_name":"Discover Egypt Tours","article_modified_time":"2025-11-30T15:30:24+00:00","og_image":[{"width":400,"height":200,"url":"https:\/\/www.mytoursegypt.com\/wp-content\/uploads\/2024\/05\/118-Cairo-Pyramids-Day-Tour-and-Nile-Cruise-Lunch-from-Port-Said105118-3851491929887-1.jpeg","type":"image\/jpeg"}],"twitter_card":"summary_large_image","twitter_misc":{"Gesch\u00e4tzte Lesezeit":"2\u00a0Minuten"},"schema":{"@context":"https:\/\/schema.org","@graph":[{"@type":"WebPage","@id":"https:\/\/www.mytoursegypt.com\/ge\/tour\/tour-to-cairo-from-hurghada-by-bus\/","url":"https:\/\/www.mytoursegypt.com\/ge\/tour\/tour-to-cairo-from-hurghada-by-bus\/","name":"Tour to Cairo from Hurghada by Bus - Discover Egypt Tours","isPartOf":{"@id":"https:\/\/www.mytoursegypt.com\/#website"},"primaryImageOfPage":{"@id":"https:\/\/www.mytoursegypt.com\/ge\/tour\/tour-to-cairo-from-hurghada-by-bus\/#primaryimage"},"image":{"@id":"https:\/\/www.mytoursegypt.com\/ge\/tour\/tour-to-cairo-from-hurghada-by-bus\/#primaryimage"},"thumbnailUrl":"https:\/\/mytoursegypt.com\/wp-content\/uploads\/2024\/05\/118-Cairo-Pyramids-Day-Tour-and-Nile-Cruise-Lunch-from-Port-Said105118-3851491929887-1.jpeg","datePublished":"2024-05-31T14:23:33+00:00","dateModified":"2025-11-30T15:30:24+00:00","breadcrumb":{"@id":"https:\/\/www.mytoursegypt.com\/ge\/tour\/tour-to-cairo-from-hurghada-by-bus\/#breadcrumb"},"inLanguage":"de","potentialAction":[{"@type":"ReadAction","target":["https:\/\/www.mytoursegypt.com\/ge\/tour\/tour-to-cairo-from-hurghada-by-bus\/"]}]},{"@type":"ImageObject","inLanguage":"de","@id":"https:\/\/www.mytoursegypt.com\/ge\/tour\/tour-to-cairo-from-hurghada-by-bus\/#primaryimage","url":"https:\/\/mytoursegypt.com\/wp-content\/uploads\/2024\/05\/118-Cairo-Pyramids-Day-Tour-and-Nile-Cruise-Lunch-from-Port-Said105118-3851491929887-1.jpeg","contentUrl":"https:\/\/mytoursegypt.com\/wp-content\/uploads\/2024\/05\/118-Cairo-Pyramids-Day-Tour-and-Nile-Cruise-Lunch-from-Port-Said105118-3851491929887-1.jpeg","width":400,"height":200},{"@type":"BreadcrumbList","@id":"https:\/\/www.mytoursegypt.com\/ge\/tour\/tour-to-cairo-from-hurghada-by-bus\/#breadcrumb","itemListElement":[{"@type":"ListItem","position":1,"name":"\u0627\u0644\u0631\u0626\u064a\u0633\u064a\u0629","item":"https:\/\/mytoursegypt.com\/"},{"@type":"ListItem","position":2,"name":"Shop","item":"https:\/\/mytoursegypt.com\/ge\/shop\/"},{"@type":"ListItem","position":3,"name":"Tour to Cairo from Hurghada by Bus"}]},{"@type":"WebSite","@id":"https:\/\/www.mytoursegypt.com\/#website","url":"https:\/\/www.mytoursegypt.com\/","name":"Discover Egypt Tours","description":"Discover Egypt Your Guide to Top Attractions and Unique Experiences.","publisher":{"@id":"https:\/\/www.mytoursegypt.com\/#organization"},"potentialAction":[{"@type":"SearchAction","target":{"@type":"EntryPoint","urlTemplate":"https:\/\/www.mytoursegypt.com\/?s={search_term_string}"},"query-input":{"@type":"PropertyValueSpecification","valueRequired":true,"valueName":"search_term_string"}}],"inLanguage":"de"},{"@type":"Organization","@id":"https:\/\/www.mytoursegypt.com\/#organization","name":"Discover Egypt Tours","url":"https:\/\/www.mytoursegypt.com\/","logo":{"@type":"ImageObject","inLanguage":"de","@id":"https:\/\/www.mytoursegypt.com\/#\/schema\/logo\/image\/","url":"https:\/\/mytoursegypt.com\/wp-content\/uploads\/2024\/06\/cropped-logo.png","contentUrl":"https:\/\/mytoursegypt.com\/wp-content\/uploads\/2024\/06\/cropped-logo.png","width":512,"height":512,"caption":"Discover Egypt Tours"},"image":{"@id":"https:\/\/www.mytoursegypt.com\/#\/schema\/logo\/image\/"}}]}},"_links":{"self":[{"href":"https:\/\/mytoursegypt.com\/ge\/wp-json\/wp\/v2\/product\/10251","targetHints":{"allow":["GET"]}}],"collection":[{"href":"https:\/\/mytoursegypt.com\/ge\/wp-json\/wp\/v2\/product"}],"about":[{"href":"https:\/\/mytoursegypt.com\/ge\/wp-json\/wp\/v2\/types\/product"}],"replies":[{"embeddable":true,"href":"https:\/\/mytoursegypt.com\/ge\/wp-json\/wp\/v2\/comments?post=10251"}],"version-history":[{"count":1,"href":"https:\/\/mytoursegypt.com\/ge\/wp-json\/wp\/v2\/product\/10251\/revisions"}],"predecessor-version":[{"id":10254,"href":"https:\/\/mytoursegypt.com\/ge\/wp-json\/wp\/v2\/product\/10251\/revisions\/10254"}],"wp:featuredmedia":[{"embeddable":true,"href":"https:\/\/mytoursegypt.com\/ge\/wp-json\/wp\/v2\/media\/10227"}],"wp:attachment":[{"href":"https:\/\/mytoursegypt.com\/ge\/wp-json\/wp\/v2\/media?parent=10251"}],"wp:term":[{"taxonomy":"product_brand","embeddable":true,"href":"https:\/\/mytoursegypt.com\/ge\/wp-json\/wp\/v2\/product_brand?post=10251"},{"taxonomy":"product_cat","embeddable":true,"href":"https:\/\/mytoursegypt.com\/ge\/wp-json\/wp\/v2\/product_cat?post=10251"},{"taxonomy":"product_tag","embeddable":true,"href":"https:\/\/mytoursegypt.com\/ge\/wp-json\/wp\/v2\/product_tag?post=10251"}],"curies":[{"name":"wp","href":"https:\/\/api.w.org\/{rel}","templated":true}]}}