{"id":10255,"date":"2024-05-31T14:35:37","date_gmt":"2024-05-31T14:35:37","guid":{"rendered":"https:\/\/bookingegypttour.com\/?post_type=product&#038;p=10255"},"modified":"2024-07-02T04:17:09","modified_gmt":"2024-07-02T04:17:09","slug":"private-tour-cairo-day-trip-from-hurghada-by-bus","status":"publish","type":"product","link":"https:\/\/mytoursegypt.com\/ge\/tour\/private-tour-cairo-day-trip-from-hurghada-by-bus\/","title":{"rendered":"Private Tour: Kairo Tagesausflug von Hurghada mit dem Bus"},"content":{"rendered":"<p>Unser Reiseleiter holt Sie von Ihrem Hotel in Hurghada ab und begleitet Sie w\u00e4hrend der gesamten Tour. Der Tagesausflug nach Kairo beginnt in Gizeh, wo Sie ber\u00fchmte Sehensw\u00fcrdigkeiten wie die gro\u00dfen drei Pyramiden von Cheops, Chephren und Mykerinos sowie die gro\u00dfe Sphinx besichtigen.<\/p>\n<p>Die Cheops-Pyramide gilt als die \u00e4lteste und ist das einzige erhaltene Meisterwerk der sieben Welten der Antike.<br \/>\nDie Mykerinos-Pyramide ist von drei weiteren, aber viel kleineren Pyramiden umgeben.<br \/>\nDie gr\u00f6\u00dfte jemals errichtete Statue ist die Sphinx mit ihrem m\u00e4chtigen L\u00f6wenkopf. Der Taltempel ist Teil des Pyramidenkomplexes.<\/p>\n<p>Nach dem Mittagessen im Restaurant am Nil besuchen Sie weiter das \u00c4gyptische Museum mit den Sch\u00e4tzen des jungen K\u00f6nigs Tutanchamun.<\/p>\n<p>Das vom franz\u00f6sischen Architekten Marcel Dourgnon entworfene Museum beherbergt mehr als 120.000 Meisterwerke aus der vordynastischen, pharaonischen und griechisch-r\u00f6mischen Zeit.\n\nErfahre mehr \u00fcber die Mumifizierungskunst des alten \u00c4gyptens, bevor du nach Hurghada zur\u00fcckf\u00e4hrst.<\/p>\n<p>Inbegriffen<\/p>","protected":false},"excerpt":{"rendered":"<ul class=\"list_ok\">\n<li>Visit the Great Pyramids in the Giza Plateau<\/li>\n<li>Admire the many exhibits at the Museum of Egyptian Antiquities<\/li>\n<li>Marvel at the Great Sphinx and explore the Valley Temple<\/li>\n<\/ul>","protected":false},"featured_media":10104,"comment_status":"open","ping_status":"closed","template":"","meta":[],"product_brand":[],"product_cat":[15],"product_tag":[],"class_list":{"0":"post-10255","1":"product","2":"type-product","3":"status-publish","4":"has-post-thumbnail","6":"product_cat-uncategorized","8":"first","9":"instock","10":"sale","11":"shipping-taxable","12":"purchasable","13":"product-type-ovabrw_car_rental"},"yoast_head":"<!-- This site is optimized with the Yoast SEO plugin v27.4 - https:\/\/yoast.com\/product\/yoast-seo-wordpress\/ -->\n<title>Private Tour: Cairo day Trip from Hurghada by bus - Discover Egypt Tours<\/title>\n<meta name=\"robots\" content=\"index, follow, max-snippet:-1, max-image-preview:large, max-video-preview:-1\" \/>\n<link rel=\"canonical\" href=\"https:\/\/www.mytoursegypt.com\/ge\/tour\/private-tour-cairo-day-trip-from-hurghada-by-bus\/\" \/>\n<meta property=\"og:locale\" content=\"de_DE\" \/>\n<meta property=\"og:type\" content=\"article\" \/>\n<meta property=\"og:title\" content=\"Private Tour: Cairo day Trip from Hurghada by bus - Discover Egypt Tours\" \/>\n<meta property=\"og:description\" content=\"Visit the Great Pyramids in the Giza Plateau  Admire the many exhibits at the Museum of Egyptian Antiquities  Marvel at the Great Sphinx and explore the Valley Temple\" \/>\n<meta property=\"og:url\" content=\"https:\/\/www.mytoursegypt.com\/ge\/tour\/private-tour-cairo-day-trip-from-hurghada-by-bus\/\" \/>\n<meta property=\"og:site_name\" content=\"Discover Egypt Tours\" \/>\n<meta property=\"article:modified_time\" content=\"2024-07-02T04:17:09+00:00\" \/>\n<meta property=\"og:image\" content=\"https:\/\/www.mytoursegypt.com\/wp-content\/uploads\/2024\/05\/test1.jpg\" \/>\n\t<meta property=\"og:image:width\" content=\"870\" \/>\n\t<meta property=\"og:image:height\" content=\"322\" \/>\n\t<meta property=\"og:image:type\" content=\"image\/jpeg\" \/>\n<meta name=\"twitter:card\" content=\"summary_large_image\" \/>\n<meta name=\"twitter:label1\" content=\"Gesch\u00e4tzte Lesezeit\" \/>\n\t<meta name=\"twitter:data1\" content=\"2\u00a0Minuten\" \/>\n<script type=\"application\/ld+json\" class=\"yoast-schema-graph\">{\"@context\":\"https:\\\/\\\/schema.org\",\"@graph\":[{\"@type\":\"WebPage\",\"@id\":\"https:\\\/\\\/www.mytoursegypt.com\\\/ge\\\/tour\\\/private-tour-cairo-day-trip-from-hurghada-by-bus\\\/\",\"url\":\"https:\\\/\\\/www.mytoursegypt.com\\\/ge\\\/tour\\\/private-tour-cairo-day-trip-from-hurghada-by-bus\\\/\",\"name\":\"Private Tour: Cairo day Trip from Hurghada by bus - Discover Egypt Tours\",\"isPartOf\":{\"@id\":\"https:\\\/\\\/www.mytoursegypt.com\\\/#website\"},\"primaryImageOfPage\":{\"@id\":\"https:\\\/\\\/www.mytoursegypt.com\\\/ge\\\/tour\\\/private-tour-cairo-day-trip-from-hurghada-by-bus\\\/#primaryimage\"},\"image\":{\"@id\":\"https:\\\/\\\/www.mytoursegypt.com\\\/ge\\\/tour\\\/private-tour-cairo-day-trip-from-hurghada-by-bus\\\/#primaryimage\"},\"thumbnailUrl\":\"https:\\\/\\\/mytoursegypt.com\\\/wp-content\\\/uploads\\\/2024\\\/05\\\/test1.jpg\",\"datePublished\":\"2024-05-31T14:35:37+00:00\",\"dateModified\":\"2024-07-02T04:17:09+00:00\",\"breadcrumb\":{\"@id\":\"https:\\\/\\\/www.mytoursegypt.com\\\/ge\\\/tour\\\/private-tour-cairo-day-trip-from-hurghada-by-bus\\\/#breadcrumb\"},\"inLanguage\":\"de\",\"potentialAction\":[{\"@type\":\"ReadAction\",\"target\":[\"https:\\\/\\\/www.mytoursegypt.com\\\/ge\\\/tour\\\/private-tour-cairo-day-trip-from-hurghada-by-bus\\\/\"]}]},{\"@type\":\"ImageObject\",\"inLanguage\":\"de\",\"@id\":\"https:\\\/\\\/www.mytoursegypt.com\\\/ge\\\/tour\\\/private-tour-cairo-day-trip-from-hurghada-by-bus\\\/#primaryimage\",\"url\":\"https:\\\/\\\/mytoursegypt.com\\\/wp-content\\\/uploads\\\/2024\\\/05\\\/test1.jpg\",\"contentUrl\":\"https:\\\/\\\/mytoursegypt.com\\\/wp-content\\\/uploads\\\/2024\\\/05\\\/test1.jpg\",\"width\":870,\"height\":322},{\"@type\":\"BreadcrumbList\",\"@id\":\"https:\\\/\\\/www.mytoursegypt.com\\\/ge\\\/tour\\\/private-tour-cairo-day-trip-from-hurghada-by-bus\\\/#breadcrumb\",\"itemListElement\":[{\"@type\":\"ListItem\",\"position\":1,\"name\":\"\u0627\u0644\u0631\u0626\u064a\u0633\u064a\u0629\",\"item\":\"https:\\\/\\\/mytoursegypt.com\\\/\"},{\"@type\":\"ListItem\",\"position\":2,\"name\":\"Shop\",\"item\":\"https:\\\/\\\/mytoursegypt.com\\\/ge\\\/shop\\\/\"},{\"@type\":\"ListItem\",\"position\":3,\"name\":\"Private Tour: Cairo day Trip from Hurghada by bus\"}]},{\"@type\":\"WebSite\",\"@id\":\"https:\\\/\\\/www.mytoursegypt.com\\\/#website\",\"url\":\"https:\\\/\\\/www.mytoursegypt.com\\\/\",\"name\":\"Discover Egypt Tours\",\"description\":\"Discover Egypt Your Guide to Top Attractions and Unique Experiences.\",\"publisher\":{\"@id\":\"https:\\\/\\\/www.mytoursegypt.com\\\/#organization\"},\"potentialAction\":[{\"@type\":\"SearchAction\",\"target\":{\"@type\":\"EntryPoint\",\"urlTemplate\":\"https:\\\/\\\/www.mytoursegypt.com\\\/?s={search_term_string}\"},\"query-input\":{\"@type\":\"PropertyValueSpecification\",\"valueRequired\":true,\"valueName\":\"search_term_string\"}}],\"inLanguage\":\"de\"},{\"@type\":\"Organization\",\"@id\":\"https:\\\/\\\/www.mytoursegypt.com\\\/#organization\",\"name\":\"Discover Egypt Tours\",\"url\":\"https:\\\/\\\/www.mytoursegypt.com\\\/\",\"logo\":{\"@type\":\"ImageObject\",\"inLanguage\":\"de\",\"@id\":\"https:\\\/\\\/www.mytoursegypt.com\\\/#\\\/schema\\\/logo\\\/image\\\/\",\"url\":\"https:\\\/\\\/mytoursegypt.com\\\/wp-content\\\/uploads\\\/2024\\\/06\\\/cropped-logo.png\",\"contentUrl\":\"https:\\\/\\\/mytoursegypt.com\\\/wp-content\\\/uploads\\\/2024\\\/06\\\/cropped-logo.png\",\"width\":512,\"height\":512,\"caption\":\"Discover Egypt Tours\"},\"image\":{\"@id\":\"https:\\\/\\\/www.mytoursegypt.com\\\/#\\\/schema\\\/logo\\\/image\\\/\"}}]}<\/script>\n<!-- \/ Yoast SEO plugin. -->","yoast_head_json":{"title":"Private Tour: Cairo day Trip from Hurghada by bus - Discover Egypt Tours","robots":{"index":"index","follow":"follow","max-snippet":"max-snippet:-1","max-image-preview":"max-image-preview:large","max-video-preview":"max-video-preview:-1"},"canonical":"https:\/\/www.mytoursegypt.com\/ge\/tour\/private-tour-cairo-day-trip-from-hurghada-by-bus\/","og_locale":"de_DE","og_type":"article","og_title":"Private Tour: Cairo day Trip from Hurghada by bus - Discover Egypt Tours","og_description":"Visit the Great Pyramids in the Giza Plateau  Admire the many exhibits at the Museum of Egyptian Antiquities  Marvel at the Great Sphinx and explore the Valley Temple","og_url":"https:\/\/www.mytoursegypt.com\/ge\/tour\/private-tour-cairo-day-trip-from-hurghada-by-bus\/","og_site_name":"Discover Egypt Tours","article_modified_time":"2024-07-02T04:17:09+00:00","og_image":[{"width":870,"height":322,"url":"https:\/\/www.mytoursegypt.com\/wp-content\/uploads\/2024\/05\/test1.jpg","type":"image\/jpeg"}],"twitter_card":"summary_large_image","twitter_misc":{"Gesch\u00e4tzte Lesezeit":"2\u00a0Minuten"},"schema":{"@context":"https:\/\/schema.org","@graph":[{"@type":"WebPage","@id":"https:\/\/www.mytoursegypt.com\/ge\/tour\/private-tour-cairo-day-trip-from-hurghada-by-bus\/","url":"https:\/\/www.mytoursegypt.com\/ge\/tour\/private-tour-cairo-day-trip-from-hurghada-by-bus\/","name":"Private Tour: Cairo day Trip from Hurghada by bus - Discover Egypt Tours","isPartOf":{"@id":"https:\/\/www.mytoursegypt.com\/#website"},"primaryImageOfPage":{"@id":"https:\/\/www.mytoursegypt.com\/ge\/tour\/private-tour-cairo-day-trip-from-hurghada-by-bus\/#primaryimage"},"image":{"@id":"https:\/\/www.mytoursegypt.com\/ge\/tour\/private-tour-cairo-day-trip-from-hurghada-by-bus\/#primaryimage"},"thumbnailUrl":"https:\/\/mytoursegypt.com\/wp-content\/uploads\/2024\/05\/test1.jpg","datePublished":"2024-05-31T14:35:37+00:00","dateModified":"2024-07-02T04:17:09+00:00","breadcrumb":{"@id":"https:\/\/www.mytoursegypt.com\/ge\/tour\/private-tour-cairo-day-trip-from-hurghada-by-bus\/#breadcrumb"},"inLanguage":"de","potentialAction":[{"@type":"ReadAction","target":["https:\/\/www.mytoursegypt.com\/ge\/tour\/private-tour-cairo-day-trip-from-hurghada-by-bus\/"]}]},{"@type":"ImageObject","inLanguage":"de","@id":"https:\/\/www.mytoursegypt.com\/ge\/tour\/private-tour-cairo-day-trip-from-hurghada-by-bus\/#primaryimage","url":"https:\/\/mytoursegypt.com\/wp-content\/uploads\/2024\/05\/test1.jpg","contentUrl":"https:\/\/mytoursegypt.com\/wp-content\/uploads\/2024\/05\/test1.jpg","width":870,"height":322},{"@type":"BreadcrumbList","@id":"https:\/\/www.mytoursegypt.com\/ge\/tour\/private-tour-cairo-day-trip-from-hurghada-by-bus\/#breadcrumb","itemListElement":[{"@type":"ListItem","position":1,"name":"\u0627\u0644\u0631\u0626\u064a\u0633\u064a\u0629","item":"https:\/\/mytoursegypt.com\/"},{"@type":"ListItem","position":2,"name":"Shop","item":"https:\/\/mytoursegypt.com\/ge\/shop\/"},{"@type":"ListItem","position":3,"name":"Private Tour: Cairo day Trip from Hurghada by bus"}]},{"@type":"WebSite","@id":"https:\/\/www.mytoursegypt.com\/#website","url":"https:\/\/www.mytoursegypt.com\/","name":"Discover Egypt Tours","description":"Discover Egypt Your Guide to Top Attractions and Unique Experiences.","publisher":{"@id":"https:\/\/www.mytoursegypt.com\/#organization"},"potentialAction":[{"@type":"SearchAction","target":{"@type":"EntryPoint","urlTemplate":"https:\/\/www.mytoursegypt.com\/?s={search_term_string}"},"query-input":{"@type":"PropertyValueSpecification","valueRequired":true,"valueName":"search_term_string"}}],"inLanguage":"de"},{"@type":"Organization","@id":"https:\/\/www.mytoursegypt.com\/#organization","name":"Discover Egypt Tours","url":"https:\/\/www.mytoursegypt.com\/","logo":{"@type":"ImageObject","inLanguage":"de","@id":"https:\/\/www.mytoursegypt.com\/#\/schema\/logo\/image\/","url":"https:\/\/mytoursegypt.com\/wp-content\/uploads\/2024\/06\/cropped-logo.png","contentUrl":"https:\/\/mytoursegypt.com\/wp-content\/uploads\/2024\/06\/cropped-logo.png","width":512,"height":512,"caption":"Discover Egypt Tours"},"image":{"@id":"https:\/\/www.mytoursegypt.com\/#\/schema\/logo\/image\/"}}]}},"_links":{"self":[{"href":"https:\/\/mytoursegypt.com\/ge\/wp-json\/wp\/v2\/product\/10255","targetHints":{"allow":["GET"]}}],"collection":[{"href":"https:\/\/mytoursegypt.com\/ge\/wp-json\/wp\/v2\/product"}],"about":[{"href":"https:\/\/mytoursegypt.com\/ge\/wp-json\/wp\/v2\/types\/product"}],"replies":[{"embeddable":true,"href":"https:\/\/mytoursegypt.com\/ge\/wp-json\/wp\/v2\/comments?post=10255"}],"version-history":[{"count":1,"href":"https:\/\/mytoursegypt.com\/ge\/wp-json\/wp\/v2\/product\/10255\/revisions"}],"predecessor-version":[{"id":10258,"href":"https:\/\/mytoursegypt.com\/ge\/wp-json\/wp\/v2\/product\/10255\/revisions\/10258"}],"wp:featuredmedia":[{"embeddable":true,"href":"https:\/\/mytoursegypt.com\/ge\/wp-json\/wp\/v2\/media\/10104"}],"wp:attachment":[{"href":"https:\/\/mytoursegypt.com\/ge\/wp-json\/wp\/v2\/media?parent=10255"}],"wp:term":[{"taxonomy":"product_brand","embeddable":true,"href":"https:\/\/mytoursegypt.com\/ge\/wp-json\/wp\/v2\/product_brand?post=10255"},{"taxonomy":"product_cat","embeddable":true,"href":"https:\/\/mytoursegypt.com\/ge\/wp-json\/wp\/v2\/product_cat?post=10255"},{"taxonomy":"product_tag","embeddable":true,"href":"https:\/\/mytoursegypt.com\/ge\/wp-json\/wp\/v2\/product_tag?post=10255"}],"curies":[{"name":"wp","href":"https:\/\/api.w.org\/{rel}","templated":true}]}}