{"id":10259,"date":"2024-05-31T14:53:24","date_gmt":"2024-05-31T14:53:24","guid":{"rendered":"https:\/\/bookingegypttour.com\/?post_type=product&#038;p=10259"},"modified":"2024-07-02T04:17:01","modified_gmt":"2024-07-02T04:17:01","slug":"half-day-tour-to-sindbad-submarine-in-hurghada","status":"publish","type":"product","link":"https:\/\/mytoursegypt.com\/ge\/tour\/half-day-tour-to-sindbad-submarine-in-hurghada\/","title":{"rendered":"Halbtagestour zum Sindbad U-Boot in Hurghada"},"content":{"rendered":"<p>Angesichts der absolut erstaunlichen F\u00fclle an Wildtieren und Sch\u00f6nheit, die Sie unter den Gew\u00e4ssern in der N\u00e4he von Hurghada erwartet, sollten Sie einen Ausflug in Erw\u00e4gung ziehen\u00a0<strong>Halbtagestour zum Sindbad U-Boot in Hurghada<\/strong>!<\/p>\n<p>Diese U-Boote sind absolut einzigartig und transportieren Sie durch die Tiefen des Roten Meeres, wo Sie eine erstaunliche Vielfalt an Natursch\u00f6nheiten bewundern k\u00f6nnen, die beim Schnorcheln niemals zu sehen w\u00e4ren!<\/p>\n<p>With windows covering almost every inch of the submarine, you can easily get up close and enjoy viewing all of the marine creatures and corals around you. Perfect for photographers, families, couples, and anyone who just wants to view something completely unique and incredible while visiting\u00a0Hurghada!<\/p>\n<p>Sie werden von Ihrem Hotel in Hurghada zu einer fantastischen zweist\u00fcndigen Unterwasserfahrt durch das Sindbad-U-Boot abgeholt, um die wundervolle Unterwasserwelt des Roten Meeres zu entdecken.<\/p>\n<p>Nach einer zweist\u00fcndigen Tour bringen wir Sie zur\u00fcck zu Ihrem Hotel.<\/p>","protected":false},"excerpt":{"rendered":"<ul class=\"list_ok\">\n<li>Take a trip in the Sinbad Submarine to enjoy unique excursion<\/li>\n<li>See amazing underwater life at a depth of 22 meters<\/li>\n<li>Enjoy incredible views of the underwater world of the red sea<\/li>\n<li>Explore the underworld of the Red sea from the comfort of a submarine<\/li>\n<\/ul>","protected":false},"featured_media":10260,"comment_status":"open","ping_status":"closed","template":"","meta":[],"product_brand":[],"product_cat":[15],"product_tag":[],"class_list":{"0":"post-10259","1":"product","2":"type-product","3":"status-publish","4":"has-post-thumbnail","6":"product_cat-uncategorized","8":"first","9":"instock","10":"sale","11":"shipping-taxable","12":"purchasable","13":"product-type-ovabrw_car_rental"},"yoast_head":"<!-- This site is optimized with the Yoast SEO plugin v27.4 - https:\/\/yoast.com\/product\/yoast-seo-wordpress\/ -->\n<title>Half-Day tour to Sindbad Submarine in Hurghada - Discover Egypt Tours<\/title>\n<meta name=\"robots\" content=\"index, follow, max-snippet:-1, max-image-preview:large, max-video-preview:-1\" \/>\n<link rel=\"canonical\" href=\"https:\/\/mytoursegypt.com\/ge\/tour\/half-day-tour-to-sindbad-submarine-in-hurghada\/\" \/>\n<meta property=\"og:locale\" content=\"de_DE\" \/>\n<meta property=\"og:type\" content=\"article\" \/>\n<meta property=\"og:title\" content=\"Half-Day tour to Sindbad Submarine in Hurghada - Discover Egypt Tours\" \/>\n<meta property=\"og:description\" content=\"Take a trip in the Sinbad Submarine to enjoy unique excursion  See amazing underwater life at a depth of 22 meters  Enjoy incredible views of the underwater world of the red sea  Explore the underworld of the Red sea from the comfort of a submarine\" \/>\n<meta property=\"og:url\" content=\"https:\/\/mytoursegypt.com\/ge\/tour\/half-day-tour-to-sindbad-submarine-in-hurghada\/\" \/>\n<meta property=\"og:site_name\" content=\"Discover Egypt Tours\" \/>\n<meta property=\"article:modified_time\" content=\"2024-07-02T04:17:01+00:00\" \/>\n<meta property=\"og:image\" content=\"https:\/\/mytoursegypt.com\/wp-content\/uploads\/2024\/05\/download-17.jpg\" \/>\n\t<meta property=\"og:image:width\" content=\"275\" \/>\n\t<meta property=\"og:image:height\" content=\"183\" \/>\n\t<meta property=\"og:image:type\" content=\"image\/jpeg\" \/>\n<meta name=\"twitter:card\" content=\"summary_large_image\" \/>\n<meta name=\"twitter:label1\" content=\"Gesch\u00e4tzte Lesezeit\" \/>\n\t<meta name=\"twitter:data1\" content=\"1\u00a0Minute\" \/>\n<script type=\"application\/ld+json\" class=\"yoast-schema-graph\">{\"@context\":\"https:\\\/\\\/schema.org\",\"@graph\":[{\"@type\":\"WebPage\",\"@id\":\"https:\\\/\\\/mytoursegypt.com\\\/tour\\\/half-day-tour-to-sindbad-submarine-in-hurghada\\\/\",\"url\":\"https:\\\/\\\/mytoursegypt.com\\\/tour\\\/half-day-tour-to-sindbad-submarine-in-hurghada\\\/\",\"name\":\"Half-Day tour to Sindbad Submarine in Hurghada - Discover Egypt Tours\",\"isPartOf\":{\"@id\":\"https:\\\/\\\/www.mytoursegypt.com\\\/#website\"},\"primaryImageOfPage\":{\"@id\":\"https:\\\/\\\/mytoursegypt.com\\\/tour\\\/half-day-tour-to-sindbad-submarine-in-hurghada\\\/#primaryimage\"},\"image\":{\"@id\":\"https:\\\/\\\/mytoursegypt.com\\\/tour\\\/half-day-tour-to-sindbad-submarine-in-hurghada\\\/#primaryimage\"},\"thumbnailUrl\":\"https:\\\/\\\/mytoursegypt.com\\\/wp-content\\\/uploads\\\/2024\\\/05\\\/download-17.jpg\",\"datePublished\":\"2024-05-31T14:53:24+00:00\",\"dateModified\":\"2024-07-02T04:17:01+00:00\",\"breadcrumb\":{\"@id\":\"https:\\\/\\\/mytoursegypt.com\\\/tour\\\/half-day-tour-to-sindbad-submarine-in-hurghada\\\/#breadcrumb\"},\"inLanguage\":\"de\",\"potentialAction\":[{\"@type\":\"ReadAction\",\"target\":[\"https:\\\/\\\/mytoursegypt.com\\\/tour\\\/half-day-tour-to-sindbad-submarine-in-hurghada\\\/\"]}]},{\"@type\":\"ImageObject\",\"inLanguage\":\"de\",\"@id\":\"https:\\\/\\\/mytoursegypt.com\\\/tour\\\/half-day-tour-to-sindbad-submarine-in-hurghada\\\/#primaryimage\",\"url\":\"https:\\\/\\\/mytoursegypt.com\\\/wp-content\\\/uploads\\\/2024\\\/05\\\/download-17.jpg\",\"contentUrl\":\"https:\\\/\\\/mytoursegypt.com\\\/wp-content\\\/uploads\\\/2024\\\/05\\\/download-17.jpg\",\"width\":275,\"height\":183},{\"@type\":\"BreadcrumbList\",\"@id\":\"https:\\\/\\\/mytoursegypt.com\\\/tour\\\/half-day-tour-to-sindbad-submarine-in-hurghada\\\/#breadcrumb\",\"itemListElement\":[{\"@type\":\"ListItem\",\"position\":1,\"name\":\"\u0627\u0644\u0631\u0626\u064a\u0633\u064a\u0629\",\"item\":\"https:\\\/\\\/mytoursegypt.com\\\/\"},{\"@type\":\"ListItem\",\"position\":2,\"name\":\"Shop\",\"item\":\"https:\\\/\\\/mytoursegypt.com\\\/ge\\\/shop\\\/\"},{\"@type\":\"ListItem\",\"position\":3,\"name\":\"Half-Day tour to Sindbad Submarine in Hurghada\"}]},{\"@type\":\"WebSite\",\"@id\":\"https:\\\/\\\/www.mytoursegypt.com\\\/#website\",\"url\":\"https:\\\/\\\/www.mytoursegypt.com\\\/\",\"name\":\"Discover Egypt Tours\",\"description\":\"Discover Egypt Your Guide to Top Attractions and Unique Experiences.\",\"publisher\":{\"@id\":\"https:\\\/\\\/www.mytoursegypt.com\\\/#organization\"},\"potentialAction\":[{\"@type\":\"SearchAction\",\"target\":{\"@type\":\"EntryPoint\",\"urlTemplate\":\"https:\\\/\\\/www.mytoursegypt.com\\\/?s={search_term_string}\"},\"query-input\":{\"@type\":\"PropertyValueSpecification\",\"valueRequired\":true,\"valueName\":\"search_term_string\"}}],\"inLanguage\":\"de\"},{\"@type\":\"Organization\",\"@id\":\"https:\\\/\\\/www.mytoursegypt.com\\\/#organization\",\"name\":\"Discover Egypt Tours\",\"url\":\"https:\\\/\\\/www.mytoursegypt.com\\\/\",\"logo\":{\"@type\":\"ImageObject\",\"inLanguage\":\"de\",\"@id\":\"https:\\\/\\\/www.mytoursegypt.com\\\/#\\\/schema\\\/logo\\\/image\\\/\",\"url\":\"https:\\\/\\\/mytoursegypt.com\\\/wp-content\\\/uploads\\\/2024\\\/06\\\/cropped-logo.png\",\"contentUrl\":\"https:\\\/\\\/mytoursegypt.com\\\/wp-content\\\/uploads\\\/2024\\\/06\\\/cropped-logo.png\",\"width\":512,\"height\":512,\"caption\":\"Discover Egypt Tours\"},\"image\":{\"@id\":\"https:\\\/\\\/www.mytoursegypt.com\\\/#\\\/schema\\\/logo\\\/image\\\/\"}}]}<\/script>\n<!-- \/ Yoast SEO plugin. -->","yoast_head_json":{"title":"Half-Day tour to Sindbad Submarine in Hurghada - Discover Egypt Tours","robots":{"index":"index","follow":"follow","max-snippet":"max-snippet:-1","max-image-preview":"max-image-preview:large","max-video-preview":"max-video-preview:-1"},"canonical":"https:\/\/mytoursegypt.com\/ge\/tour\/half-day-tour-to-sindbad-submarine-in-hurghada\/","og_locale":"de_DE","og_type":"article","og_title":"Half-Day tour to Sindbad Submarine in Hurghada - Discover Egypt Tours","og_description":"Take a trip in the Sinbad Submarine to enjoy unique excursion  See amazing underwater life at a depth of 22 meters  Enjoy incredible views of the underwater world of the red sea  Explore the underworld of the Red sea from the comfort of a submarine","og_url":"https:\/\/mytoursegypt.com\/ge\/tour\/half-day-tour-to-sindbad-submarine-in-hurghada\/","og_site_name":"Discover Egypt Tours","article_modified_time":"2024-07-02T04:17:01+00:00","og_image":[{"width":275,"height":183,"url":"https:\/\/mytoursegypt.com\/wp-content\/uploads\/2024\/05\/download-17.jpg","type":"image\/jpeg"}],"twitter_card":"summary_large_image","twitter_misc":{"Gesch\u00e4tzte Lesezeit":"1\u00a0Minute"},"schema":{"@context":"https:\/\/schema.org","@graph":[{"@type":"WebPage","@id":"https:\/\/mytoursegypt.com\/tour\/half-day-tour-to-sindbad-submarine-in-hurghada\/","url":"https:\/\/mytoursegypt.com\/tour\/half-day-tour-to-sindbad-submarine-in-hurghada\/","name":"Half-Day tour to Sindbad Submarine in Hurghada - Discover Egypt Tours","isPartOf":{"@id":"https:\/\/www.mytoursegypt.com\/#website"},"primaryImageOfPage":{"@id":"https:\/\/mytoursegypt.com\/tour\/half-day-tour-to-sindbad-submarine-in-hurghada\/#primaryimage"},"image":{"@id":"https:\/\/mytoursegypt.com\/tour\/half-day-tour-to-sindbad-submarine-in-hurghada\/#primaryimage"},"thumbnailUrl":"https:\/\/mytoursegypt.com\/wp-content\/uploads\/2024\/05\/download-17.jpg","datePublished":"2024-05-31T14:53:24+00:00","dateModified":"2024-07-02T04:17:01+00:00","breadcrumb":{"@id":"https:\/\/mytoursegypt.com\/tour\/half-day-tour-to-sindbad-submarine-in-hurghada\/#breadcrumb"},"inLanguage":"de","potentialAction":[{"@type":"ReadAction","target":["https:\/\/mytoursegypt.com\/tour\/half-day-tour-to-sindbad-submarine-in-hurghada\/"]}]},{"@type":"ImageObject","inLanguage":"de","@id":"https:\/\/mytoursegypt.com\/tour\/half-day-tour-to-sindbad-submarine-in-hurghada\/#primaryimage","url":"https:\/\/mytoursegypt.com\/wp-content\/uploads\/2024\/05\/download-17.jpg","contentUrl":"https:\/\/mytoursegypt.com\/wp-content\/uploads\/2024\/05\/download-17.jpg","width":275,"height":183},{"@type":"BreadcrumbList","@id":"https:\/\/mytoursegypt.com\/tour\/half-day-tour-to-sindbad-submarine-in-hurghada\/#breadcrumb","itemListElement":[{"@type":"ListItem","position":1,"name":"\u0627\u0644\u0631\u0626\u064a\u0633\u064a\u0629","item":"https:\/\/mytoursegypt.com\/"},{"@type":"ListItem","position":2,"name":"Shop","item":"https:\/\/mytoursegypt.com\/ge\/shop\/"},{"@type":"ListItem","position":3,"name":"Half-Day tour to Sindbad Submarine in Hurghada"}]},{"@type":"WebSite","@id":"https:\/\/www.mytoursegypt.com\/#website","url":"https:\/\/www.mytoursegypt.com\/","name":"Discover Egypt Tours","description":"Discover Egypt Your Guide to Top Attractions and Unique Experiences.","publisher":{"@id":"https:\/\/www.mytoursegypt.com\/#organization"},"potentialAction":[{"@type":"SearchAction","target":{"@type":"EntryPoint","urlTemplate":"https:\/\/www.mytoursegypt.com\/?s={search_term_string}"},"query-input":{"@type":"PropertyValueSpecification","valueRequired":true,"valueName":"search_term_string"}}],"inLanguage":"de"},{"@type":"Organization","@id":"https:\/\/www.mytoursegypt.com\/#organization","name":"Discover Egypt Tours","url":"https:\/\/www.mytoursegypt.com\/","logo":{"@type":"ImageObject","inLanguage":"de","@id":"https:\/\/www.mytoursegypt.com\/#\/schema\/logo\/image\/","url":"https:\/\/mytoursegypt.com\/wp-content\/uploads\/2024\/06\/cropped-logo.png","contentUrl":"https:\/\/mytoursegypt.com\/wp-content\/uploads\/2024\/06\/cropped-logo.png","width":512,"height":512,"caption":"Discover Egypt Tours"},"image":{"@id":"https:\/\/www.mytoursegypt.com\/#\/schema\/logo\/image\/"}}]}},"_links":{"self":[{"href":"https:\/\/mytoursegypt.com\/ge\/wp-json\/wp\/v2\/product\/10259","targetHints":{"allow":["GET"]}}],"collection":[{"href":"https:\/\/mytoursegypt.com\/ge\/wp-json\/wp\/v2\/product"}],"about":[{"href":"https:\/\/mytoursegypt.com\/ge\/wp-json\/wp\/v2\/types\/product"}],"replies":[{"embeddable":true,"href":"https:\/\/mytoursegypt.com\/ge\/wp-json\/wp\/v2\/comments?post=10259"}],"version-history":[{"count":1,"href":"https:\/\/mytoursegypt.com\/ge\/wp-json\/wp\/v2\/product\/10259\/revisions"}],"predecessor-version":[{"id":11230,"href":"https:\/\/mytoursegypt.com\/ge\/wp-json\/wp\/v2\/product\/10259\/revisions\/11230"}],"wp:featuredmedia":[{"embeddable":true,"href":"https:\/\/mytoursegypt.com\/ge\/wp-json\/wp\/v2\/media\/10260"}],"wp:attachment":[{"href":"https:\/\/mytoursegypt.com\/ge\/wp-json\/wp\/v2\/media?parent=10259"}],"wp:term":[{"taxonomy":"product_brand","embeddable":true,"href":"https:\/\/mytoursegypt.com\/ge\/wp-json\/wp\/v2\/product_brand?post=10259"},{"taxonomy":"product_cat","embeddable":true,"href":"https:\/\/mytoursegypt.com\/ge\/wp-json\/wp\/v2\/product_cat?post=10259"},{"taxonomy":"product_tag","embeddable":true,"href":"https:\/\/mytoursegypt.com\/ge\/wp-json\/wp\/v2\/product_tag?post=10259"}],"curies":[{"name":"wp","href":"https:\/\/api.w.org\/{rel}","templated":true}]}}