{"id":10267,"date":"2024-05-31T15:22:26","date_gmt":"2024-05-31T15:22:26","guid":{"rendered":"https:\/\/bookingegypttour.com\/?post_type=product&#038;p=10267"},"modified":"2024-07-02T04:15:54","modified_gmt":"2024-07-02T04:15:54","slug":"snorkeling-tour-to-sharm-el-naga","status":"publish","type":"product","link":"https:\/\/mytoursegypt.com\/ge\/tour\/snorkeling-tour-to-sharm-el-naga\/","title":{"rendered":"Schnorcheltour nach Sharm El Naga"},"content":{"rendered":"<p>Die Erkundung der Gew\u00e4sser des Roten Meeres ist ein Muss bei einem Besuch in \u00c4gypten, denn dort birgt es ein Leben, das anderswo auf der Welt einzigartig ist. Als einer der beliebtesten Tauch- und Schnorchelorte der Welt ist es wichtig, dass Sie ihn nicht nur zu einem Muss auf Ihrer Reise nach \u00c4gypten machen, sondern auch die besten Orte finden, die Sie dort besuchen k\u00f6nnen!<\/p>\n<p>Einer der besten Tauch- und Schnorchelpl\u00e4tze im Roten Meer liegt hier\u00a0<strong>Sharm el Naga<\/strong>. Diese atemberaubende K\u00fcstenstadt bietet einige der umfangreichsten Freizeitaktivit\u00e4ten an Land und auf See in ganz \u00c4gypten und lockt au\u00dferdem mit kristallklarem Wasser. Sollten Sie sich daf\u00fcr entscheiden\u00a0<strong>Entwickeln Sie Sharm El Naga aus Hurgada<\/strong>Genie\u00dfen Sie morgens ein sehr komfortables, klimatisiertes Transportfahrzeug, das Sie zu den wei\u00dfen Sandstr\u00e4nden von Sharm el Naga bringt.<\/p>\n<p>Our guide from Discoveregypttours will pick you up from your hotel at 08.00 am and transfer you in an air-conditioned vehicle to Sharm El Naga\u2019s sandy beach. Once there you\u2019re then taken to view the depths of the Red Sea through snorkeling and swimming options available! Anyone taking a break from underwater activities can enjoy horse and camel rides, volley ball, darts, and more along the beach!<\/p>\n<p>The tour provides you with a very tasty and substantial lunch and allows you to enjoy an entire day of beach and water activities at Sharm el Naga before transporting you back to your hotel in\u00a0Hurghada.<\/p>","protected":false},"excerpt":{"rendered":"<ul class=\"list_ok\">\n<li>Snorkel among the sea creatures at Sharm el Naga Bay<\/li>\n<li>Explore life under the surface, snorkeling in the beautiful waters of the red sea<\/li>\n<li>Take an optional horse or camel ride along the beach<\/li>\n<li>Play beach and water sports, such as petanque and beach volleyball<\/li>\n<\/ul>","protected":false},"featured_media":10276,"comment_status":"open","ping_status":"closed","template":"","meta":[],"product_brand":[],"product_cat":[15],"product_tag":[],"class_list":{"0":"post-10267","1":"product","2":"type-product","3":"status-publish","4":"has-post-thumbnail","6":"product_cat-uncategorized","8":"first","9":"instock","10":"sale","11":"shipping-taxable","12":"purchasable","13":"product-type-ovabrw_car_rental"},"yoast_head":"<!-- This site is optimized with the Yoast SEO plugin v27.4 - https:\/\/yoast.com\/product\/yoast-seo-wordpress\/ -->\n<title>Snorkeling Tour To Sharm El Naga - Discover Egypt Tours<\/title>\n<meta name=\"robots\" content=\"index, follow, max-snippet:-1, max-image-preview:large, max-video-preview:-1\" \/>\n<link rel=\"canonical\" href=\"https:\/\/www.mytoursegypt.com\/ge\/tour\/snorkeling-tour-to-sharm-el-naga\/\" \/>\n<meta property=\"og:locale\" content=\"de_DE\" \/>\n<meta property=\"og:type\" content=\"article\" \/>\n<meta property=\"og:title\" content=\"Snorkeling Tour To Sharm El Naga - Discover Egypt Tours\" \/>\n<meta property=\"og:description\" content=\"Snorkel among the sea creatures at Sharm el Naga Bay  Explore life under the surface, snorkeling in the beautiful waters of the red sea  Take an optional horse or camel ride along the beach  Play beach and water sports, such as petanque and beach volleyball\" \/>\n<meta property=\"og:url\" content=\"https:\/\/www.mytoursegypt.com\/ge\/tour\/snorkeling-tour-to-sharm-el-naga\/\" \/>\n<meta property=\"og:site_name\" content=\"Discover Egypt Tours\" \/>\n<meta property=\"article:modified_time\" content=\"2024-07-02T04:15:54+00:00\" \/>\n<meta property=\"og:image\" content=\"https:\/\/www.mytoursegypt.com\/wp-content\/uploads\/2024\/05\/97-1.jpg\" \/>\n\t<meta property=\"og:image:width\" content=\"400\" \/>\n\t<meta property=\"og:image:height\" content=\"200\" \/>\n\t<meta property=\"og:image:type\" content=\"image\/jpeg\" \/>\n<meta name=\"twitter:card\" content=\"summary_large_image\" \/>\n<meta name=\"twitter:label1\" content=\"Gesch\u00e4tzte Lesezeit\" \/>\n\t<meta name=\"twitter:data1\" content=\"2\u00a0Minuten\" \/>\n<script type=\"application\/ld+json\" class=\"yoast-schema-graph\">{\"@context\":\"https:\\\/\\\/schema.org\",\"@graph\":[{\"@type\":\"WebPage\",\"@id\":\"https:\\\/\\\/www.mytoursegypt.com\\\/ge\\\/tour\\\/snorkeling-tour-to-sharm-el-naga\\\/\",\"url\":\"https:\\\/\\\/www.mytoursegypt.com\\\/ge\\\/tour\\\/snorkeling-tour-to-sharm-el-naga\\\/\",\"name\":\"Snorkeling Tour To Sharm El Naga - Discover Egypt Tours\",\"isPartOf\":{\"@id\":\"https:\\\/\\\/www.mytoursegypt.com\\\/#website\"},\"primaryImageOfPage\":{\"@id\":\"https:\\\/\\\/www.mytoursegypt.com\\\/ge\\\/tour\\\/snorkeling-tour-to-sharm-el-naga\\\/#primaryimage\"},\"image\":{\"@id\":\"https:\\\/\\\/www.mytoursegypt.com\\\/ge\\\/tour\\\/snorkeling-tour-to-sharm-el-naga\\\/#primaryimage\"},\"thumbnailUrl\":\"https:\\\/\\\/mytoursegypt.com\\\/wp-content\\\/uploads\\\/2024\\\/05\\\/97-1.jpg\",\"datePublished\":\"2024-05-31T15:22:26+00:00\",\"dateModified\":\"2024-07-02T04:15:54+00:00\",\"breadcrumb\":{\"@id\":\"https:\\\/\\\/www.mytoursegypt.com\\\/ge\\\/tour\\\/snorkeling-tour-to-sharm-el-naga\\\/#breadcrumb\"},\"inLanguage\":\"de\",\"potentialAction\":[{\"@type\":\"ReadAction\",\"target\":[\"https:\\\/\\\/www.mytoursegypt.com\\\/ge\\\/tour\\\/snorkeling-tour-to-sharm-el-naga\\\/\"]}]},{\"@type\":\"ImageObject\",\"inLanguage\":\"de\",\"@id\":\"https:\\\/\\\/www.mytoursegypt.com\\\/ge\\\/tour\\\/snorkeling-tour-to-sharm-el-naga\\\/#primaryimage\",\"url\":\"https:\\\/\\\/mytoursegypt.com\\\/wp-content\\\/uploads\\\/2024\\\/05\\\/97-1.jpg\",\"contentUrl\":\"https:\\\/\\\/mytoursegypt.com\\\/wp-content\\\/uploads\\\/2024\\\/05\\\/97-1.jpg\",\"width\":400,\"height\":200},{\"@type\":\"BreadcrumbList\",\"@id\":\"https:\\\/\\\/www.mytoursegypt.com\\\/ge\\\/tour\\\/snorkeling-tour-to-sharm-el-naga\\\/#breadcrumb\",\"itemListElement\":[{\"@type\":\"ListItem\",\"position\":1,\"name\":\"\u0627\u0644\u0631\u0626\u064a\u0633\u064a\u0629\",\"item\":\"https:\\\/\\\/mytoursegypt.com\\\/\"},{\"@type\":\"ListItem\",\"position\":2,\"name\":\"Shop\",\"item\":\"https:\\\/\\\/mytoursegypt.com\\\/ge\\\/shop\\\/\"},{\"@type\":\"ListItem\",\"position\":3,\"name\":\"Snorkeling Tour To Sharm El Naga\"}]},{\"@type\":\"WebSite\",\"@id\":\"https:\\\/\\\/www.mytoursegypt.com\\\/#website\",\"url\":\"https:\\\/\\\/www.mytoursegypt.com\\\/\",\"name\":\"Discover Egypt Tours\",\"description\":\"Discover Egypt Your Guide to Top Attractions and Unique Experiences.\",\"publisher\":{\"@id\":\"https:\\\/\\\/www.mytoursegypt.com\\\/#organization\"},\"potentialAction\":[{\"@type\":\"SearchAction\",\"target\":{\"@type\":\"EntryPoint\",\"urlTemplate\":\"https:\\\/\\\/www.mytoursegypt.com\\\/?s={search_term_string}\"},\"query-input\":{\"@type\":\"PropertyValueSpecification\",\"valueRequired\":true,\"valueName\":\"search_term_string\"}}],\"inLanguage\":\"de\"},{\"@type\":\"Organization\",\"@id\":\"https:\\\/\\\/www.mytoursegypt.com\\\/#organization\",\"name\":\"Discover Egypt Tours\",\"url\":\"https:\\\/\\\/www.mytoursegypt.com\\\/\",\"logo\":{\"@type\":\"ImageObject\",\"inLanguage\":\"de\",\"@id\":\"https:\\\/\\\/www.mytoursegypt.com\\\/#\\\/schema\\\/logo\\\/image\\\/\",\"url\":\"https:\\\/\\\/mytoursegypt.com\\\/wp-content\\\/uploads\\\/2024\\\/06\\\/cropped-logo.png\",\"contentUrl\":\"https:\\\/\\\/mytoursegypt.com\\\/wp-content\\\/uploads\\\/2024\\\/06\\\/cropped-logo.png\",\"width\":512,\"height\":512,\"caption\":\"Discover Egypt Tours\"},\"image\":{\"@id\":\"https:\\\/\\\/www.mytoursegypt.com\\\/#\\\/schema\\\/logo\\\/image\\\/\"}}]}<\/script>\n<!-- \/ Yoast SEO plugin. -->","yoast_head_json":{"title":"Snorkeling Tour To Sharm El Naga - Discover Egypt Tours","robots":{"index":"index","follow":"follow","max-snippet":"max-snippet:-1","max-image-preview":"max-image-preview:large","max-video-preview":"max-video-preview:-1"},"canonical":"https:\/\/www.mytoursegypt.com\/ge\/tour\/snorkeling-tour-to-sharm-el-naga\/","og_locale":"de_DE","og_type":"article","og_title":"Snorkeling Tour To Sharm El Naga - Discover Egypt Tours","og_description":"Snorkel among the sea creatures at Sharm el Naga Bay  Explore life under the surface, snorkeling in the beautiful waters of the red sea  Take an optional horse or camel ride along the beach  Play beach and water sports, such as petanque and beach volleyball","og_url":"https:\/\/www.mytoursegypt.com\/ge\/tour\/snorkeling-tour-to-sharm-el-naga\/","og_site_name":"Discover Egypt Tours","article_modified_time":"2024-07-02T04:15:54+00:00","og_image":[{"width":400,"height":200,"url":"https:\/\/www.mytoursegypt.com\/wp-content\/uploads\/2024\/05\/97-1.jpg","type":"image\/jpeg"}],"twitter_card":"summary_large_image","twitter_misc":{"Gesch\u00e4tzte Lesezeit":"2\u00a0Minuten"},"schema":{"@context":"https:\/\/schema.org","@graph":[{"@type":"WebPage","@id":"https:\/\/www.mytoursegypt.com\/ge\/tour\/snorkeling-tour-to-sharm-el-naga\/","url":"https:\/\/www.mytoursegypt.com\/ge\/tour\/snorkeling-tour-to-sharm-el-naga\/","name":"Snorkeling Tour To Sharm El Naga - Discover Egypt Tours","isPartOf":{"@id":"https:\/\/www.mytoursegypt.com\/#website"},"primaryImageOfPage":{"@id":"https:\/\/www.mytoursegypt.com\/ge\/tour\/snorkeling-tour-to-sharm-el-naga\/#primaryimage"},"image":{"@id":"https:\/\/www.mytoursegypt.com\/ge\/tour\/snorkeling-tour-to-sharm-el-naga\/#primaryimage"},"thumbnailUrl":"https:\/\/mytoursegypt.com\/wp-content\/uploads\/2024\/05\/97-1.jpg","datePublished":"2024-05-31T15:22:26+00:00","dateModified":"2024-07-02T04:15:54+00:00","breadcrumb":{"@id":"https:\/\/www.mytoursegypt.com\/ge\/tour\/snorkeling-tour-to-sharm-el-naga\/#breadcrumb"},"inLanguage":"de","potentialAction":[{"@type":"ReadAction","target":["https:\/\/www.mytoursegypt.com\/ge\/tour\/snorkeling-tour-to-sharm-el-naga\/"]}]},{"@type":"ImageObject","inLanguage":"de","@id":"https:\/\/www.mytoursegypt.com\/ge\/tour\/snorkeling-tour-to-sharm-el-naga\/#primaryimage","url":"https:\/\/mytoursegypt.com\/wp-content\/uploads\/2024\/05\/97-1.jpg","contentUrl":"https:\/\/mytoursegypt.com\/wp-content\/uploads\/2024\/05\/97-1.jpg","width":400,"height":200},{"@type":"BreadcrumbList","@id":"https:\/\/www.mytoursegypt.com\/ge\/tour\/snorkeling-tour-to-sharm-el-naga\/#breadcrumb","itemListElement":[{"@type":"ListItem","position":1,"name":"\u0627\u0644\u0631\u0626\u064a\u0633\u064a\u0629","item":"https:\/\/mytoursegypt.com\/"},{"@type":"ListItem","position":2,"name":"Shop","item":"https:\/\/mytoursegypt.com\/ge\/shop\/"},{"@type":"ListItem","position":3,"name":"Snorkeling Tour To Sharm El Naga"}]},{"@type":"WebSite","@id":"https:\/\/www.mytoursegypt.com\/#website","url":"https:\/\/www.mytoursegypt.com\/","name":"Discover Egypt Tours","description":"Discover Egypt Your Guide to Top Attractions and Unique Experiences.","publisher":{"@id":"https:\/\/www.mytoursegypt.com\/#organization"},"potentialAction":[{"@type":"SearchAction","target":{"@type":"EntryPoint","urlTemplate":"https:\/\/www.mytoursegypt.com\/?s={search_term_string}"},"query-input":{"@type":"PropertyValueSpecification","valueRequired":true,"valueName":"search_term_string"}}],"inLanguage":"de"},{"@type":"Organization","@id":"https:\/\/www.mytoursegypt.com\/#organization","name":"Discover Egypt Tours","url":"https:\/\/www.mytoursegypt.com\/","logo":{"@type":"ImageObject","inLanguage":"de","@id":"https:\/\/www.mytoursegypt.com\/#\/schema\/logo\/image\/","url":"https:\/\/mytoursegypt.com\/wp-content\/uploads\/2024\/06\/cropped-logo.png","contentUrl":"https:\/\/mytoursegypt.com\/wp-content\/uploads\/2024\/06\/cropped-logo.png","width":512,"height":512,"caption":"Discover Egypt Tours"},"image":{"@id":"https:\/\/www.mytoursegypt.com\/#\/schema\/logo\/image\/"}}]}},"_links":{"self":[{"href":"https:\/\/mytoursegypt.com\/ge\/wp-json\/wp\/v2\/product\/10267","targetHints":{"allow":["GET"]}}],"collection":[{"href":"https:\/\/mytoursegypt.com\/ge\/wp-json\/wp\/v2\/product"}],"about":[{"href":"https:\/\/mytoursegypt.com\/ge\/wp-json\/wp\/v2\/types\/product"}],"replies":[{"embeddable":true,"href":"https:\/\/mytoursegypt.com\/ge\/wp-json\/wp\/v2\/comments?post=10267"}],"version-history":[{"count":2,"href":"https:\/\/mytoursegypt.com\/ge\/wp-json\/wp\/v2\/product\/10267\/revisions"}],"predecessor-version":[{"id":11229,"href":"https:\/\/mytoursegypt.com\/ge\/wp-json\/wp\/v2\/product\/10267\/revisions\/11229"}],"wp:featuredmedia":[{"embeddable":true,"href":"https:\/\/mytoursegypt.com\/ge\/wp-json\/wp\/v2\/media\/10276"}],"wp:attachment":[{"href":"https:\/\/mytoursegypt.com\/ge\/wp-json\/wp\/v2\/media?parent=10267"}],"wp:term":[{"taxonomy":"product_brand","embeddable":true,"href":"https:\/\/mytoursegypt.com\/ge\/wp-json\/wp\/v2\/product_brand?post=10267"},{"taxonomy":"product_cat","embeddable":true,"href":"https:\/\/mytoursegypt.com\/ge\/wp-json\/wp\/v2\/product_cat?post=10267"},{"taxonomy":"product_tag","embeddable":true,"href":"https:\/\/mytoursegypt.com\/ge\/wp-json\/wp\/v2\/product_tag?post=10267"}],"curies":[{"name":"wp","href":"https:\/\/api.w.org\/{rel}","templated":true}]}}