{"id":10277,"date":"2024-05-31T16:00:12","date_gmt":"2024-05-31T16:00:12","guid":{"rendered":"https:\/\/bookingegypttour.com\/?post_type=product&#038;p=10277"},"modified":"2024-07-02T04:15:36","modified_gmt":"2024-07-02T04:15:36","slug":"snorkeling-trip-to-giftun-island-from-hurghada","status":"publish","type":"product","link":"https:\/\/mytoursegypt.com\/ge\/tour\/snorkeling-trip-to-giftun-island-from-hurghada\/","title":{"rendered":"Schnorchelausflug zur Insel Giftun von Hurghada"},"content":{"rendered":"<p>L\u2019\u00eele de Giftun est un site de plong\u00e9e absolument magnifique avec de nombreuses merveilles naturelles et une faune infinie ! Il pr\u00e9sente des dauphins sauvages qui jouent dans l\u2019eau pendant que vous faites de la plong\u00e9e en apn\u00e9e et explorez l\u2019\u00eele de Giftun, en plus de nombreuses belles caract\u00e9ristiques coralliennes qui contiennent des quantit\u00e9s infinies de poissons et de cr\u00e9atures - parfait m\u00eame pour les plongeurs d\u00e9butants et les plongeurs !<\/p>\n<p>Giftun ist ein gesch\u00fctzter Nationalpark, sodass Sie die Natur so genie\u00dfen k\u00f6nnen, wie sie wirklich sein soll \u2013 unber\u00fchrt und ungest\u00f6rt!<\/p>\n<p class=\"translation-block\">We will pick you up from your hotel in&nbsp;<a href=\"https:\/\/egyptio.com\/travel-guide\/travel-guide-to-hurghada\/\" target=\"_self\">Hurghada<\/a>&nbsp;for a fantastic&nbsp;<strong>Snorkeling Trip to Giftun Island<\/strong>&nbsp;with desert island relaxation on the beautiful Red Sea. At the end of your snorkeling tour transfer back to the embarkation point of your boat, then drive by air-conditioned van to your hotel in&nbsp;Hurghada.<\/p>","protected":false},"excerpt":{"rendered":"<ul class=\"list_ok\">\n<li>Enjoy a relaxing day explore the desert island paradise<\/li>\n<li>Explore life under the surface, snorkeling in the beautiful waters of the red sea<\/li>\n<li>Enjoy a lazy day of sailing in the red sea<\/li>\n<li>Soak up the sun during an on board buffet lunch<\/li>\n<\/ul>","protected":false},"featured_media":10273,"comment_status":"open","ping_status":"closed","template":"","meta":[],"product_brand":[],"product_cat":[15],"product_tag":[],"class_list":{"0":"post-10277","1":"product","2":"type-product","3":"status-publish","4":"has-post-thumbnail","6":"product_cat-uncategorized","8":"first","9":"instock","10":"sale","11":"shipping-taxable","12":"purchasable","13":"product-type-ovabrw_car_rental"},"yoast_head":"<!-- This site is optimized with the Yoast SEO plugin v27.4 - https:\/\/yoast.com\/product\/yoast-seo-wordpress\/ -->\n<title>Snorkeling Trip to Giftun Island from Hurghada - Discover Egypt Tours<\/title>\n<meta name=\"robots\" content=\"index, follow, max-snippet:-1, max-image-preview:large, max-video-preview:-1\" \/>\n<link rel=\"canonical\" href=\"https:\/\/www.mytoursegypt.com\/tour\/snorkeling-trip-to-giftun-island-from-hurghada\/\" \/>\n<meta property=\"og:locale\" content=\"de_DE\" \/>\n<meta property=\"og:type\" content=\"article\" \/>\n<meta property=\"og:title\" content=\"Snorkeling Trip to Giftun Island from Hurghada - Discover Egypt Tours\" \/>\n<meta property=\"og:description\" content=\"Enjoy a relaxing day explore the desert island paradise  Explore life under the surface, snorkeling in the beautiful waters of the red sea  Enjoy a lazy day of sailing in the red sea  Soak up the sun during an on board buffet lunch\" \/>\n<meta property=\"og:url\" content=\"https:\/\/www.mytoursegypt.com\/tour\/snorkeling-trip-to-giftun-island-from-hurghada\/\" \/>\n<meta property=\"og:site_name\" content=\"Discover Egypt Tours\" \/>\n<meta property=\"article:modified_time\" content=\"2024-07-02T04:15:36+00:00\" \/>\n<meta property=\"og:image\" content=\"https:\/\/www.mytoursegypt.com\/wp-content\/uploads\/2024\/05\/132-3-1.webp\" \/>\n\t<meta property=\"og:image:width\" content=\"480\" \/>\n\t<meta property=\"og:image:height\" content=\"320\" \/>\n\t<meta property=\"og:image:type\" content=\"image\/webp\" \/>\n<meta name=\"twitter:card\" content=\"summary_large_image\" \/>\n<meta name=\"twitter:label1\" content=\"Gesch\u00e4tzte Lesezeit\" \/>\n\t<meta name=\"twitter:data1\" content=\"1\u00a0Minute\" \/>\n<script type=\"application\/ld+json\" class=\"yoast-schema-graph\">{\"@context\":\"https:\\\/\\\/schema.org\",\"@graph\":[{\"@type\":\"WebPage\",\"@id\":\"https:\\\/\\\/www.mytoursegypt.com\\\/tour\\\/snorkeling-trip-to-giftun-island-from-hurghada\\\/\",\"url\":\"https:\\\/\\\/www.mytoursegypt.com\\\/tour\\\/snorkeling-trip-to-giftun-island-from-hurghada\\\/\",\"name\":\"Snorkeling Trip to Giftun Island from Hurghada - Discover Egypt Tours\",\"isPartOf\":{\"@id\":\"https:\\\/\\\/www.mytoursegypt.com\\\/#website\"},\"primaryImageOfPage\":{\"@id\":\"https:\\\/\\\/www.mytoursegypt.com\\\/tour\\\/snorkeling-trip-to-giftun-island-from-hurghada\\\/#primaryimage\"},\"image\":{\"@id\":\"https:\\\/\\\/www.mytoursegypt.com\\\/tour\\\/snorkeling-trip-to-giftun-island-from-hurghada\\\/#primaryimage\"},\"thumbnailUrl\":\"https:\\\/\\\/mytoursegypt.com\\\/wp-content\\\/uploads\\\/2024\\\/05\\\/132-3-1.webp\",\"datePublished\":\"2024-05-31T16:00:12+00:00\",\"dateModified\":\"2024-07-02T04:15:36+00:00\",\"breadcrumb\":{\"@id\":\"https:\\\/\\\/www.mytoursegypt.com\\\/tour\\\/snorkeling-trip-to-giftun-island-from-hurghada\\\/#breadcrumb\"},\"inLanguage\":\"de\",\"potentialAction\":[{\"@type\":\"ReadAction\",\"target\":[\"https:\\\/\\\/www.mytoursegypt.com\\\/tour\\\/snorkeling-trip-to-giftun-island-from-hurghada\\\/\"]}]},{\"@type\":\"ImageObject\",\"inLanguage\":\"de\",\"@id\":\"https:\\\/\\\/www.mytoursegypt.com\\\/tour\\\/snorkeling-trip-to-giftun-island-from-hurghada\\\/#primaryimage\",\"url\":\"https:\\\/\\\/mytoursegypt.com\\\/wp-content\\\/uploads\\\/2024\\\/05\\\/132-3-1.webp\",\"contentUrl\":\"https:\\\/\\\/mytoursegypt.com\\\/wp-content\\\/uploads\\\/2024\\\/05\\\/132-3-1.webp\",\"width\":480,\"height\":320},{\"@type\":\"BreadcrumbList\",\"@id\":\"https:\\\/\\\/www.mytoursegypt.com\\\/tour\\\/snorkeling-trip-to-giftun-island-from-hurghada\\\/#breadcrumb\",\"itemListElement\":[{\"@type\":\"ListItem\",\"position\":1,\"name\":\"\u0627\u0644\u0631\u0626\u064a\u0633\u064a\u0629\",\"item\":\"https:\\\/\\\/mytoursegypt.com\\\/\"},{\"@type\":\"ListItem\",\"position\":2,\"name\":\"Shop\",\"item\":\"https:\\\/\\\/mytoursegypt.com\\\/ge\\\/shop\\\/\"},{\"@type\":\"ListItem\",\"position\":3,\"name\":\"Snorkeling Trip to Giftun Island from Hurghada\"}]},{\"@type\":\"WebSite\",\"@id\":\"https:\\\/\\\/www.mytoursegypt.com\\\/#website\",\"url\":\"https:\\\/\\\/www.mytoursegypt.com\\\/\",\"name\":\"Discover Egypt Tours\",\"description\":\"Discover Egypt Your Guide to Top Attractions and Unique Experiences.\",\"publisher\":{\"@id\":\"https:\\\/\\\/www.mytoursegypt.com\\\/#organization\"},\"potentialAction\":[{\"@type\":\"SearchAction\",\"target\":{\"@type\":\"EntryPoint\",\"urlTemplate\":\"https:\\\/\\\/www.mytoursegypt.com\\\/?s={search_term_string}\"},\"query-input\":{\"@type\":\"PropertyValueSpecification\",\"valueRequired\":true,\"valueName\":\"search_term_string\"}}],\"inLanguage\":\"de\"},{\"@type\":\"Organization\",\"@id\":\"https:\\\/\\\/www.mytoursegypt.com\\\/#organization\",\"name\":\"Discover Egypt Tours\",\"url\":\"https:\\\/\\\/www.mytoursegypt.com\\\/\",\"logo\":{\"@type\":\"ImageObject\",\"inLanguage\":\"de\",\"@id\":\"https:\\\/\\\/www.mytoursegypt.com\\\/#\\\/schema\\\/logo\\\/image\\\/\",\"url\":\"https:\\\/\\\/mytoursegypt.com\\\/wp-content\\\/uploads\\\/2024\\\/06\\\/cropped-logo.png\",\"contentUrl\":\"https:\\\/\\\/mytoursegypt.com\\\/wp-content\\\/uploads\\\/2024\\\/06\\\/cropped-logo.png\",\"width\":512,\"height\":512,\"caption\":\"Discover Egypt Tours\"},\"image\":{\"@id\":\"https:\\\/\\\/www.mytoursegypt.com\\\/#\\\/schema\\\/logo\\\/image\\\/\"}}]}<\/script>\n<!-- \/ Yoast SEO plugin. -->","yoast_head_json":{"title":"Snorkeling Trip to Giftun Island from Hurghada - Discover Egypt Tours","robots":{"index":"index","follow":"follow","max-snippet":"max-snippet:-1","max-image-preview":"max-image-preview:large","max-video-preview":"max-video-preview:-1"},"canonical":"https:\/\/www.mytoursegypt.com\/tour\/snorkeling-trip-to-giftun-island-from-hurghada\/","og_locale":"de_DE","og_type":"article","og_title":"Snorkeling Trip to Giftun Island from Hurghada - Discover Egypt Tours","og_description":"Enjoy a relaxing day explore the desert island paradise  Explore life under the surface, snorkeling in the beautiful waters of the red sea  Enjoy a lazy day of sailing in the red sea  Soak up the sun during an on board buffet lunch","og_url":"https:\/\/www.mytoursegypt.com\/tour\/snorkeling-trip-to-giftun-island-from-hurghada\/","og_site_name":"Discover Egypt Tours","article_modified_time":"2024-07-02T04:15:36+00:00","og_image":[{"width":480,"height":320,"url":"https:\/\/www.mytoursegypt.com\/wp-content\/uploads\/2024\/05\/132-3-1.webp","type":"image\/webp"}],"twitter_card":"summary_large_image","twitter_misc":{"Gesch\u00e4tzte Lesezeit":"1\u00a0Minute"},"schema":{"@context":"https:\/\/schema.org","@graph":[{"@type":"WebPage","@id":"https:\/\/www.mytoursegypt.com\/tour\/snorkeling-trip-to-giftun-island-from-hurghada\/","url":"https:\/\/www.mytoursegypt.com\/tour\/snorkeling-trip-to-giftun-island-from-hurghada\/","name":"Snorkeling Trip to Giftun Island from Hurghada - Discover Egypt Tours","isPartOf":{"@id":"https:\/\/www.mytoursegypt.com\/#website"},"primaryImageOfPage":{"@id":"https:\/\/www.mytoursegypt.com\/tour\/snorkeling-trip-to-giftun-island-from-hurghada\/#primaryimage"},"image":{"@id":"https:\/\/www.mytoursegypt.com\/tour\/snorkeling-trip-to-giftun-island-from-hurghada\/#primaryimage"},"thumbnailUrl":"https:\/\/mytoursegypt.com\/wp-content\/uploads\/2024\/05\/132-3-1.webp","datePublished":"2024-05-31T16:00:12+00:00","dateModified":"2024-07-02T04:15:36+00:00","breadcrumb":{"@id":"https:\/\/www.mytoursegypt.com\/tour\/snorkeling-trip-to-giftun-island-from-hurghada\/#breadcrumb"},"inLanguage":"de","potentialAction":[{"@type":"ReadAction","target":["https:\/\/www.mytoursegypt.com\/tour\/snorkeling-trip-to-giftun-island-from-hurghada\/"]}]},{"@type":"ImageObject","inLanguage":"de","@id":"https:\/\/www.mytoursegypt.com\/tour\/snorkeling-trip-to-giftun-island-from-hurghada\/#primaryimage","url":"https:\/\/mytoursegypt.com\/wp-content\/uploads\/2024\/05\/132-3-1.webp","contentUrl":"https:\/\/mytoursegypt.com\/wp-content\/uploads\/2024\/05\/132-3-1.webp","width":480,"height":320},{"@type":"BreadcrumbList","@id":"https:\/\/www.mytoursegypt.com\/tour\/snorkeling-trip-to-giftun-island-from-hurghada\/#breadcrumb","itemListElement":[{"@type":"ListItem","position":1,"name":"\u0627\u0644\u0631\u0626\u064a\u0633\u064a\u0629","item":"https:\/\/mytoursegypt.com\/"},{"@type":"ListItem","position":2,"name":"Shop","item":"https:\/\/mytoursegypt.com\/ge\/shop\/"},{"@type":"ListItem","position":3,"name":"Snorkeling Trip to Giftun Island from Hurghada"}]},{"@type":"WebSite","@id":"https:\/\/www.mytoursegypt.com\/#website","url":"https:\/\/www.mytoursegypt.com\/","name":"Discover Egypt Tours","description":"Discover Egypt Your Guide to Top Attractions and Unique Experiences.","publisher":{"@id":"https:\/\/www.mytoursegypt.com\/#organization"},"potentialAction":[{"@type":"SearchAction","target":{"@type":"EntryPoint","urlTemplate":"https:\/\/www.mytoursegypt.com\/?s={search_term_string}"},"query-input":{"@type":"PropertyValueSpecification","valueRequired":true,"valueName":"search_term_string"}}],"inLanguage":"de"},{"@type":"Organization","@id":"https:\/\/www.mytoursegypt.com\/#organization","name":"Discover Egypt Tours","url":"https:\/\/www.mytoursegypt.com\/","logo":{"@type":"ImageObject","inLanguage":"de","@id":"https:\/\/www.mytoursegypt.com\/#\/schema\/logo\/image\/","url":"https:\/\/mytoursegypt.com\/wp-content\/uploads\/2024\/06\/cropped-logo.png","contentUrl":"https:\/\/mytoursegypt.com\/wp-content\/uploads\/2024\/06\/cropped-logo.png","width":512,"height":512,"caption":"Discover Egypt Tours"},"image":{"@id":"https:\/\/www.mytoursegypt.com\/#\/schema\/logo\/image\/"}}]}},"_links":{"self":[{"href":"https:\/\/mytoursegypt.com\/ge\/wp-json\/wp\/v2\/product\/10277","targetHints":{"allow":["GET"]}}],"collection":[{"href":"https:\/\/mytoursegypt.com\/ge\/wp-json\/wp\/v2\/product"}],"about":[{"href":"https:\/\/mytoursegypt.com\/ge\/wp-json\/wp\/v2\/types\/product"}],"replies":[{"embeddable":true,"href":"https:\/\/mytoursegypt.com\/ge\/wp-json\/wp\/v2\/comments?post=10277"}],"version-history":[{"count":1,"href":"https:\/\/mytoursegypt.com\/ge\/wp-json\/wp\/v2\/product\/10277\/revisions"}],"predecessor-version":[{"id":10280,"href":"https:\/\/mytoursegypt.com\/ge\/wp-json\/wp\/v2\/product\/10277\/revisions\/10280"}],"wp:featuredmedia":[{"embeddable":true,"href":"https:\/\/mytoursegypt.com\/ge\/wp-json\/wp\/v2\/media\/10273"}],"wp:attachment":[{"href":"https:\/\/mytoursegypt.com\/ge\/wp-json\/wp\/v2\/media?parent=10277"}],"wp:term":[{"taxonomy":"product_brand","embeddable":true,"href":"https:\/\/mytoursegypt.com\/ge\/wp-json\/wp\/v2\/product_brand?post=10277"},{"taxonomy":"product_cat","embeddable":true,"href":"https:\/\/mytoursegypt.com\/ge\/wp-json\/wp\/v2\/product_cat?post=10277"},{"taxonomy":"product_tag","embeddable":true,"href":"https:\/\/mytoursegypt.com\/ge\/wp-json\/wp\/v2\/product_tag?post=10277"}],"curies":[{"name":"wp","href":"https:\/\/api.w.org\/{rel}","templated":true}]}}