{"id":10281,"date":"2024-05-31T16:11:15","date_gmt":"2024-05-31T16:11:15","guid":{"rendered":"https:\/\/bookingegypttour.com\/?post_type=product&#038;p=10281"},"modified":"2024-07-02T04:15:31","modified_gmt":"2024-07-02T04:15:31","slug":"super-desert-safari-excursion-in-hurghada","status":"publish","type":"product","link":"https:\/\/mytoursegypt.com\/ge\/tour\/super-desert-safari-excursion-in-hurghada\/","title":{"rendered":"Super W\u00fcstensafari-Ausflug in Hurghada"},"content":{"rendered":"<p>Rather than spend your entire trip on\u00a0Hurghada\u00a0either snorkeling or relaxing, consider something a bit more adrenaline filled such as a\u00a0<strong>Super W\u00fcstensafari-Ausflug in Hurghada<\/strong>! Fliegen Sie \u00fcber all diese glitzernden wei\u00dfen Sandd\u00fcnen, w\u00e4hrend Sie zwischen Hurghada und dem Beduinendorf hin und her rasen.<\/p>\n<p>Dazu\u00a0<strong>Safari-Ausflug<\/strong>\u00a0Sie k\u00f6nnen den atemberaubenden Sonnenuntergang genie\u00dfen, w\u00e4hrend Sie die atemberaubende W\u00fcste und die wundersch\u00f6ne Landschaft\u00a0<strong>Beduinendorf<\/strong>\u00a0Begerffen<\/p>","protected":false},"excerpt":{"rendered":"<p>Rather than spend your entire trip on\u00a0Hurghada\u00a0either snorkeling or relaxing, consider something a bit more adrenaline filled such as a\u00a0Super Desert Safari Excursion in Hurghada! Fly across all of those sparkling white sand dunes as you race between\u00a0Hurghada\u00a0and the Bedouin village. On this\u00a0Safari excursion\u00a0you can enjoy seeing amazing sunset as you\u2019re viewing the stunning desert [&hellip;]<\/p>\n","protected":false},"featured_media":10284,"comment_status":"open","ping_status":"closed","template":"","meta":[],"product_brand":[],"product_cat":[15],"product_tag":[],"class_list":{"0":"post-10281","1":"product","2":"type-product","3":"status-publish","4":"has-post-thumbnail","6":"product_cat-uncategorized","8":"first","9":"instock","10":"sale","11":"shipping-taxable","12":"purchasable","13":"product-type-ovabrw_car_rental"},"yoast_head":"<!-- This site is optimized with the Yoast SEO plugin v27.4 - https:\/\/yoast.com\/product\/yoast-seo-wordpress\/ -->\n<title>Super Desert Safari Excursion in Hurghada - Discover Egypt Tours<\/title>\n<meta name=\"robots\" content=\"index, follow, max-snippet:-1, max-image-preview:large, max-video-preview:-1\" \/>\n<link rel=\"canonical\" href=\"https:\/\/mytoursegypt.com\/ge\/tour\/super-desert-safari-excursion-in-hurghada\/\" \/>\n<meta property=\"og:locale\" content=\"de_DE\" \/>\n<meta property=\"og:type\" content=\"article\" \/>\n<meta property=\"og:title\" content=\"Super Desert Safari Excursion in Hurghada - Discover Egypt Tours\" \/>\n<meta property=\"og:description\" content=\"Rather than spend your entire trip on\u00a0Hurghada\u00a0either snorkeling or relaxing, consider something a bit more adrenaline filled such as a\u00a0Super Desert Safari Excursion in Hurghada! Fly across all of those sparkling white sand dunes as you race between\u00a0Hurghada\u00a0and the Bedouin village. On this\u00a0Safari excursion\u00a0you can enjoy seeing amazing sunset as you\u2019re viewing the stunning desert [&hellip;]\" \/>\n<meta property=\"og:url\" content=\"https:\/\/mytoursegypt.com\/ge\/tour\/super-desert-safari-excursion-in-hurghada\/\" \/>\n<meta property=\"og:site_name\" content=\"Discover Egypt Tours\" \/>\n<meta property=\"article:modified_time\" content=\"2024-07-02T04:15:31+00:00\" \/>\n<meta property=\"og:image\" content=\"https:\/\/mytoursegypt.com\/wp-content\/uploads\/2024\/05\/OIP-14.jpeg\" \/>\n\t<meta property=\"og:image:width\" content=\"268\" \/>\n\t<meta property=\"og:image:height\" content=\"180\" \/>\n\t<meta property=\"og:image:type\" content=\"image\/jpeg\" \/>\n<meta name=\"twitter:card\" content=\"summary_large_image\" \/>\n<meta name=\"twitter:label1\" content=\"Gesch\u00e4tzte Lesezeit\" \/>\n\t<meta name=\"twitter:data1\" content=\"1\u00a0Minute\" \/>\n<script type=\"application\/ld+json\" class=\"yoast-schema-graph\">{\"@context\":\"https:\\\/\\\/schema.org\",\"@graph\":[{\"@type\":\"WebPage\",\"@id\":\"https:\\\/\\\/mytoursegypt.com\\\/ge\\\/tour\\\/super-desert-safari-excursion-in-hurghada\\\/\",\"url\":\"https:\\\/\\\/mytoursegypt.com\\\/ge\\\/tour\\\/super-desert-safari-excursion-in-hurghada\\\/\",\"name\":\"Super Desert Safari Excursion in Hurghada - Discover Egypt Tours\",\"isPartOf\":{\"@id\":\"https:\\\/\\\/www.mytoursegypt.com\\\/#website\"},\"primaryImageOfPage\":{\"@id\":\"https:\\\/\\\/mytoursegypt.com\\\/ge\\\/tour\\\/super-desert-safari-excursion-in-hurghada\\\/#primaryimage\"},\"image\":{\"@id\":\"https:\\\/\\\/mytoursegypt.com\\\/ge\\\/tour\\\/super-desert-safari-excursion-in-hurghada\\\/#primaryimage\"},\"thumbnailUrl\":\"https:\\\/\\\/mytoursegypt.com\\\/wp-content\\\/uploads\\\/2024\\\/05\\\/OIP-14.jpeg\",\"datePublished\":\"2024-05-31T16:11:15+00:00\",\"dateModified\":\"2024-07-02T04:15:31+00:00\",\"breadcrumb\":{\"@id\":\"https:\\\/\\\/mytoursegypt.com\\\/ge\\\/tour\\\/super-desert-safari-excursion-in-hurghada\\\/#breadcrumb\"},\"inLanguage\":\"de\",\"potentialAction\":[{\"@type\":\"ReadAction\",\"target\":[\"https:\\\/\\\/mytoursegypt.com\\\/ge\\\/tour\\\/super-desert-safari-excursion-in-hurghada\\\/\"]}]},{\"@type\":\"ImageObject\",\"inLanguage\":\"de\",\"@id\":\"https:\\\/\\\/mytoursegypt.com\\\/ge\\\/tour\\\/super-desert-safari-excursion-in-hurghada\\\/#primaryimage\",\"url\":\"https:\\\/\\\/mytoursegypt.com\\\/wp-content\\\/uploads\\\/2024\\\/05\\\/OIP-14.jpeg\",\"contentUrl\":\"https:\\\/\\\/mytoursegypt.com\\\/wp-content\\\/uploads\\\/2024\\\/05\\\/OIP-14.jpeg\",\"width\":268,\"height\":180},{\"@type\":\"BreadcrumbList\",\"@id\":\"https:\\\/\\\/mytoursegypt.com\\\/ge\\\/tour\\\/super-desert-safari-excursion-in-hurghada\\\/#breadcrumb\",\"itemListElement\":[{\"@type\":\"ListItem\",\"position\":1,\"name\":\"\u0627\u0644\u0631\u0626\u064a\u0633\u064a\u0629\",\"item\":\"https:\\\/\\\/mytoursegypt.com\\\/\"},{\"@type\":\"ListItem\",\"position\":2,\"name\":\"Shop\",\"item\":\"https:\\\/\\\/mytoursegypt.com\\\/ge\\\/shop\\\/\"},{\"@type\":\"ListItem\",\"position\":3,\"name\":\"Super Desert Safari Excursion in Hurghada\"}]},{\"@type\":\"WebSite\",\"@id\":\"https:\\\/\\\/www.mytoursegypt.com\\\/#website\",\"url\":\"https:\\\/\\\/www.mytoursegypt.com\\\/\",\"name\":\"Discover Egypt Tours\",\"description\":\"Discover Egypt Your Guide to Top Attractions and Unique Experiences.\",\"publisher\":{\"@id\":\"https:\\\/\\\/www.mytoursegypt.com\\\/#organization\"},\"potentialAction\":[{\"@type\":\"SearchAction\",\"target\":{\"@type\":\"EntryPoint\",\"urlTemplate\":\"https:\\\/\\\/www.mytoursegypt.com\\\/?s={search_term_string}\"},\"query-input\":{\"@type\":\"PropertyValueSpecification\",\"valueRequired\":true,\"valueName\":\"search_term_string\"}}],\"inLanguage\":\"de\"},{\"@type\":\"Organization\",\"@id\":\"https:\\\/\\\/www.mytoursegypt.com\\\/#organization\",\"name\":\"Discover Egypt Tours\",\"url\":\"https:\\\/\\\/www.mytoursegypt.com\\\/\",\"logo\":{\"@type\":\"ImageObject\",\"inLanguage\":\"de\",\"@id\":\"https:\\\/\\\/www.mytoursegypt.com\\\/#\\\/schema\\\/logo\\\/image\\\/\",\"url\":\"https:\\\/\\\/mytoursegypt.com\\\/wp-content\\\/uploads\\\/2024\\\/06\\\/cropped-logo.png\",\"contentUrl\":\"https:\\\/\\\/mytoursegypt.com\\\/wp-content\\\/uploads\\\/2024\\\/06\\\/cropped-logo.png\",\"width\":512,\"height\":512,\"caption\":\"Discover Egypt Tours\"},\"image\":{\"@id\":\"https:\\\/\\\/www.mytoursegypt.com\\\/#\\\/schema\\\/logo\\\/image\\\/\"}}]}<\/script>\n<!-- \/ Yoast SEO plugin. -->","yoast_head_json":{"title":"Super Desert Safari Excursion in Hurghada - Discover Egypt Tours","robots":{"index":"index","follow":"follow","max-snippet":"max-snippet:-1","max-image-preview":"max-image-preview:large","max-video-preview":"max-video-preview:-1"},"canonical":"https:\/\/mytoursegypt.com\/ge\/tour\/super-desert-safari-excursion-in-hurghada\/","og_locale":"de_DE","og_type":"article","og_title":"Super Desert Safari Excursion in Hurghada - Discover Egypt Tours","og_description":"Rather than spend your entire trip on\u00a0Hurghada\u00a0either snorkeling or relaxing, consider something a bit more adrenaline filled such as a\u00a0Super Desert Safari Excursion in Hurghada! Fly across all of those sparkling white sand dunes as you race between\u00a0Hurghada\u00a0and the Bedouin village. On this\u00a0Safari excursion\u00a0you can enjoy seeing amazing sunset as you\u2019re viewing the stunning desert [&hellip;]","og_url":"https:\/\/mytoursegypt.com\/ge\/tour\/super-desert-safari-excursion-in-hurghada\/","og_site_name":"Discover Egypt Tours","article_modified_time":"2024-07-02T04:15:31+00:00","og_image":[{"width":268,"height":180,"url":"https:\/\/mytoursegypt.com\/wp-content\/uploads\/2024\/05\/OIP-14.jpeg","type":"image\/jpeg"}],"twitter_card":"summary_large_image","twitter_misc":{"Gesch\u00e4tzte Lesezeit":"1\u00a0Minute"},"schema":{"@context":"https:\/\/schema.org","@graph":[{"@type":"WebPage","@id":"https:\/\/mytoursegypt.com\/ge\/tour\/super-desert-safari-excursion-in-hurghada\/","url":"https:\/\/mytoursegypt.com\/ge\/tour\/super-desert-safari-excursion-in-hurghada\/","name":"Super Desert Safari Excursion in Hurghada - Discover Egypt Tours","isPartOf":{"@id":"https:\/\/www.mytoursegypt.com\/#website"},"primaryImageOfPage":{"@id":"https:\/\/mytoursegypt.com\/ge\/tour\/super-desert-safari-excursion-in-hurghada\/#primaryimage"},"image":{"@id":"https:\/\/mytoursegypt.com\/ge\/tour\/super-desert-safari-excursion-in-hurghada\/#primaryimage"},"thumbnailUrl":"https:\/\/mytoursegypt.com\/wp-content\/uploads\/2024\/05\/OIP-14.jpeg","datePublished":"2024-05-31T16:11:15+00:00","dateModified":"2024-07-02T04:15:31+00:00","breadcrumb":{"@id":"https:\/\/mytoursegypt.com\/ge\/tour\/super-desert-safari-excursion-in-hurghada\/#breadcrumb"},"inLanguage":"de","potentialAction":[{"@type":"ReadAction","target":["https:\/\/mytoursegypt.com\/ge\/tour\/super-desert-safari-excursion-in-hurghada\/"]}]},{"@type":"ImageObject","inLanguage":"de","@id":"https:\/\/mytoursegypt.com\/ge\/tour\/super-desert-safari-excursion-in-hurghada\/#primaryimage","url":"https:\/\/mytoursegypt.com\/wp-content\/uploads\/2024\/05\/OIP-14.jpeg","contentUrl":"https:\/\/mytoursegypt.com\/wp-content\/uploads\/2024\/05\/OIP-14.jpeg","width":268,"height":180},{"@type":"BreadcrumbList","@id":"https:\/\/mytoursegypt.com\/ge\/tour\/super-desert-safari-excursion-in-hurghada\/#breadcrumb","itemListElement":[{"@type":"ListItem","position":1,"name":"\u0627\u0644\u0631\u0626\u064a\u0633\u064a\u0629","item":"https:\/\/mytoursegypt.com\/"},{"@type":"ListItem","position":2,"name":"Shop","item":"https:\/\/mytoursegypt.com\/ge\/shop\/"},{"@type":"ListItem","position":3,"name":"Super Desert Safari Excursion in Hurghada"}]},{"@type":"WebSite","@id":"https:\/\/www.mytoursegypt.com\/#website","url":"https:\/\/www.mytoursegypt.com\/","name":"Discover Egypt Tours","description":"Discover Egypt Your Guide to Top Attractions and Unique Experiences.","publisher":{"@id":"https:\/\/www.mytoursegypt.com\/#organization"},"potentialAction":[{"@type":"SearchAction","target":{"@type":"EntryPoint","urlTemplate":"https:\/\/www.mytoursegypt.com\/?s={search_term_string}"},"query-input":{"@type":"PropertyValueSpecification","valueRequired":true,"valueName":"search_term_string"}}],"inLanguage":"de"},{"@type":"Organization","@id":"https:\/\/www.mytoursegypt.com\/#organization","name":"Discover Egypt Tours","url":"https:\/\/www.mytoursegypt.com\/","logo":{"@type":"ImageObject","inLanguage":"de","@id":"https:\/\/www.mytoursegypt.com\/#\/schema\/logo\/image\/","url":"https:\/\/mytoursegypt.com\/wp-content\/uploads\/2024\/06\/cropped-logo.png","contentUrl":"https:\/\/mytoursegypt.com\/wp-content\/uploads\/2024\/06\/cropped-logo.png","width":512,"height":512,"caption":"Discover Egypt Tours"},"image":{"@id":"https:\/\/www.mytoursegypt.com\/#\/schema\/logo\/image\/"}}]}},"_links":{"self":[{"href":"https:\/\/mytoursegypt.com\/ge\/wp-json\/wp\/v2\/product\/10281","targetHints":{"allow":["GET"]}}],"collection":[{"href":"https:\/\/mytoursegypt.com\/ge\/wp-json\/wp\/v2\/product"}],"about":[{"href":"https:\/\/mytoursegypt.com\/ge\/wp-json\/wp\/v2\/types\/product"}],"replies":[{"embeddable":true,"href":"https:\/\/mytoursegypt.com\/ge\/wp-json\/wp\/v2\/comments?post=10281"}],"version-history":[{"count":0,"href":"https:\/\/mytoursegypt.com\/ge\/wp-json\/wp\/v2\/product\/10281\/revisions"}],"wp:featuredmedia":[{"embeddable":true,"href":"https:\/\/mytoursegypt.com\/ge\/wp-json\/wp\/v2\/media\/10284"}],"wp:attachment":[{"href":"https:\/\/mytoursegypt.com\/ge\/wp-json\/wp\/v2\/media?parent=10281"}],"wp:term":[{"taxonomy":"product_brand","embeddable":true,"href":"https:\/\/mytoursegypt.com\/ge\/wp-json\/wp\/v2\/product_brand?post=10281"},{"taxonomy":"product_cat","embeddable":true,"href":"https:\/\/mytoursegypt.com\/ge\/wp-json\/wp\/v2\/product_cat?post=10281"},{"taxonomy":"product_tag","embeddable":true,"href":"https:\/\/mytoursegypt.com\/ge\/wp-json\/wp\/v2\/product_tag?post=10281"}],"curies":[{"name":"wp","href":"https:\/\/api.w.org\/{rel}","templated":true}]}}