{"id":10295,"date":"2024-05-31T16:40:49","date_gmt":"2024-05-31T16:40:49","guid":{"rendered":"https:\/\/bookingegypttour.com\/?post_type=product&#038;p=10295"},"modified":"2024-07-02T04:15:06","modified_gmt":"2024-07-02T04:15:06","slug":"tour-to-cairo-from-hurghada-by-plane","status":"publish","type":"product","link":"https:\/\/mytoursegypt.com\/ge\/tour\/tour-to-cairo-from-hurghada-by-plane\/","title":{"rendered":"Tour durch Kairo von Hurghada mit dem Flugzeug"},"content":{"rendered":"<p>Experience an unforgettable excursion with Egyptio with the flight from Hurghada to\u00a0Cairo. Stand in front of the famous\u00a0<strong>Pyramiden von Gizeh<\/strong>, das\u00a0<strong>Sphinx<\/strong>\u00a0und bestaunen Sie den ber\u00fchmten Schatz von\u00a0<strong>K\u00f6nig<\/strong>\u00a0Tutankhamun\u00a0in the\u00a0Egyptian Museum. Spend a fantastic day in\u00a0Cairo, the largest city in Africa.<\/p>\n<p>Our guide will pick you up in the morning from your hotel in\u00a0Hurghada\u00a0in an air-conditioned vehicle. Continue to the airport in\u00a0Hurghada\u00a0for a domestic flight from\u00a0Hurghada\u00a0to\u00a0Cairo. In\u00a0Cairo\u00a0you will be met by our Egyptologist guide, who will accompany you during the whole tour.<\/p>\n<p>Zuerst besuchen Sie Gizeh, wo Sie die ber\u00fchmten 3 Pyramiden besichtigen\u00a0<strong>Cheops, Chephren and Mykerinos<\/strong>. Machen Sie dann eine kurze Busfahrt, um das ber\u00fchmte zu besichtigen\u00a0<strong>Sphinx<\/strong>\u00a0und das\u00a0<strong>Taltempel<\/strong>.<\/p>\n<p>Ihr Mittagessen nehmen Sie in einem lokalen Restaurant in Kairo mit Blick auf die Pyramiden ein. Anschlie\u00dfend geht es weiter zum \u00c4gyptischen Museum. Dort besichtigen Sie unter anderem die Sch\u00e4tze des jungen K\u00f6nigs Tutanchamun.<\/p>\n<p>Anschlie\u00dfend bringen wir Sie zur\u00fcck zum Flughafen in Kairo, um nach Hurghada zur\u00fcckzukehren. Am Flughafen Hurghada erwartet Sie der Reiseleiter, der Sie zur\u00fcck zum Hotel bringt.<\/p>","protected":false},"excerpt":{"rendered":"<ul class=\"list_ok\">\n<li>Visit the Great Pyramids in the Giza plateau<\/li>\n<li>Admire the many exhibits at the Museum of Egyptian antiquities<\/li>\n<li>Enjoy a shopping trip at the famous Khan El-Khalili Bazaar<\/li>\n<li>Marvel at the Great Sphinx and explore the Valley Temple<\/li>\n<\/ul>","protected":false},"featured_media":10298,"comment_status":"open","ping_status":"closed","template":"","meta":[],"product_brand":[],"product_cat":[15],"product_tag":[],"class_list":{"0":"post-10295","1":"product","2":"type-product","3":"status-publish","4":"has-post-thumbnail","6":"product_cat-uncategorized","8":"first","9":"instock","10":"sale","11":"shipping-taxable","12":"purchasable","13":"product-type-ovabrw_car_rental"},"yoast_head":"<!-- This site is optimized with the Yoast SEO plugin v27.4 - https:\/\/yoast.com\/product\/yoast-seo-wordpress\/ -->\n<title>Tour to Cairo from Hurghada by Plane - Discover Egypt Tours<\/title>\n<meta name=\"robots\" content=\"index, follow, max-snippet:-1, max-image-preview:large, max-video-preview:-1\" \/>\n<link rel=\"canonical\" href=\"https:\/\/mytoursegypt.com\/ge\/tour\/tour-to-cairo-from-hurghada-by-plane\/\" \/>\n<meta property=\"og:locale\" content=\"de_DE\" \/>\n<meta property=\"og:type\" content=\"article\" \/>\n<meta property=\"og:title\" content=\"Tour to Cairo from Hurghada by Plane - Discover Egypt Tours\" \/>\n<meta property=\"og:description\" content=\"Visit the Great Pyramids in the Giza plateau  Admire the many exhibits at the Museum of Egyptian antiquities  Enjoy a shopping trip at the famous Khan El-Khalili Bazaar  Marvel at the Great Sphinx and explore the Valley Temple\" \/>\n<meta property=\"og:url\" content=\"https:\/\/mytoursegypt.com\/ge\/tour\/tour-to-cairo-from-hurghada-by-plane\/\" \/>\n<meta property=\"og:site_name\" content=\"Discover Egypt Tours\" \/>\n<meta property=\"article:modified_time\" content=\"2024-07-02T04:15:06+00:00\" \/>\n<meta property=\"og:image\" content=\"https:\/\/mytoursegypt.com\/wp-content\/uploads\/2024\/05\/download-8.jpeg\" \/>\n\t<meta property=\"og:image:width\" content=\"400\" \/>\n\t<meta property=\"og:image:height\" content=\"200\" \/>\n\t<meta property=\"og:image:type\" content=\"image\/jpeg\" \/>\n<meta name=\"twitter:card\" content=\"summary_large_image\" \/>\n<meta name=\"twitter:label1\" content=\"Gesch\u00e4tzte Lesezeit\" \/>\n\t<meta name=\"twitter:data1\" content=\"2\u00a0Minuten\" \/>\n<script type=\"application\/ld+json\" class=\"yoast-schema-graph\">{\"@context\":\"https:\\\/\\\/schema.org\",\"@graph\":[{\"@type\":\"WebPage\",\"@id\":\"https:\\\/\\\/mytoursegypt.com\\\/tour\\\/tour-to-cairo-from-hurghada-by-plane\\\/\",\"url\":\"https:\\\/\\\/mytoursegypt.com\\\/tour\\\/tour-to-cairo-from-hurghada-by-plane\\\/\",\"name\":\"Tour to Cairo from Hurghada by Plane - Discover Egypt Tours\",\"isPartOf\":{\"@id\":\"https:\\\/\\\/www.mytoursegypt.com\\\/#website\"},\"primaryImageOfPage\":{\"@id\":\"https:\\\/\\\/mytoursegypt.com\\\/tour\\\/tour-to-cairo-from-hurghada-by-plane\\\/#primaryimage\"},\"image\":{\"@id\":\"https:\\\/\\\/mytoursegypt.com\\\/tour\\\/tour-to-cairo-from-hurghada-by-plane\\\/#primaryimage\"},\"thumbnailUrl\":\"https:\\\/\\\/mytoursegypt.com\\\/wp-content\\\/uploads\\\/2024\\\/05\\\/download-8.jpeg\",\"datePublished\":\"2024-05-31T16:40:49+00:00\",\"dateModified\":\"2024-07-02T04:15:06+00:00\",\"breadcrumb\":{\"@id\":\"https:\\\/\\\/mytoursegypt.com\\\/tour\\\/tour-to-cairo-from-hurghada-by-plane\\\/#breadcrumb\"},\"inLanguage\":\"de\",\"potentialAction\":[{\"@type\":\"ReadAction\",\"target\":[\"https:\\\/\\\/mytoursegypt.com\\\/tour\\\/tour-to-cairo-from-hurghada-by-plane\\\/\"]}]},{\"@type\":\"ImageObject\",\"inLanguage\":\"de\",\"@id\":\"https:\\\/\\\/mytoursegypt.com\\\/tour\\\/tour-to-cairo-from-hurghada-by-plane\\\/#primaryimage\",\"url\":\"https:\\\/\\\/mytoursegypt.com\\\/wp-content\\\/uploads\\\/2024\\\/05\\\/download-8.jpeg\",\"contentUrl\":\"https:\\\/\\\/mytoursegypt.com\\\/wp-content\\\/uploads\\\/2024\\\/05\\\/download-8.jpeg\",\"width\":400,\"height\":200},{\"@type\":\"BreadcrumbList\",\"@id\":\"https:\\\/\\\/mytoursegypt.com\\\/tour\\\/tour-to-cairo-from-hurghada-by-plane\\\/#breadcrumb\",\"itemListElement\":[{\"@type\":\"ListItem\",\"position\":1,\"name\":\"\u0627\u0644\u0631\u0626\u064a\u0633\u064a\u0629\",\"item\":\"https:\\\/\\\/mytoursegypt.com\\\/\"},{\"@type\":\"ListItem\",\"position\":2,\"name\":\"Shop\",\"item\":\"https:\\\/\\\/mytoursegypt.com\\\/ge\\\/shop\\\/\"},{\"@type\":\"ListItem\",\"position\":3,\"name\":\"Tour to Cairo from Hurghada by Plane\"}]},{\"@type\":\"WebSite\",\"@id\":\"https:\\\/\\\/www.mytoursegypt.com\\\/#website\",\"url\":\"https:\\\/\\\/www.mytoursegypt.com\\\/\",\"name\":\"Discover Egypt Tours\",\"description\":\"Discover Egypt Your Guide to Top Attractions and Unique Experiences.\",\"publisher\":{\"@id\":\"https:\\\/\\\/www.mytoursegypt.com\\\/#organization\"},\"potentialAction\":[{\"@type\":\"SearchAction\",\"target\":{\"@type\":\"EntryPoint\",\"urlTemplate\":\"https:\\\/\\\/www.mytoursegypt.com\\\/?s={search_term_string}\"},\"query-input\":{\"@type\":\"PropertyValueSpecification\",\"valueRequired\":true,\"valueName\":\"search_term_string\"}}],\"inLanguage\":\"de\"},{\"@type\":\"Organization\",\"@id\":\"https:\\\/\\\/www.mytoursegypt.com\\\/#organization\",\"name\":\"Discover Egypt Tours\",\"url\":\"https:\\\/\\\/www.mytoursegypt.com\\\/\",\"logo\":{\"@type\":\"ImageObject\",\"inLanguage\":\"de\",\"@id\":\"https:\\\/\\\/www.mytoursegypt.com\\\/#\\\/schema\\\/logo\\\/image\\\/\",\"url\":\"https:\\\/\\\/mytoursegypt.com\\\/wp-content\\\/uploads\\\/2024\\\/06\\\/cropped-logo.png\",\"contentUrl\":\"https:\\\/\\\/mytoursegypt.com\\\/wp-content\\\/uploads\\\/2024\\\/06\\\/cropped-logo.png\",\"width\":512,\"height\":512,\"caption\":\"Discover Egypt Tours\"},\"image\":{\"@id\":\"https:\\\/\\\/www.mytoursegypt.com\\\/#\\\/schema\\\/logo\\\/image\\\/\"}}]}<\/script>\n<!-- \/ Yoast SEO plugin. -->","yoast_head_json":{"title":"Tour to Cairo from Hurghada by Plane - Discover Egypt Tours","robots":{"index":"index","follow":"follow","max-snippet":"max-snippet:-1","max-image-preview":"max-image-preview:large","max-video-preview":"max-video-preview:-1"},"canonical":"https:\/\/mytoursegypt.com\/ge\/tour\/tour-to-cairo-from-hurghada-by-plane\/","og_locale":"de_DE","og_type":"article","og_title":"Tour to Cairo from Hurghada by Plane - Discover Egypt Tours","og_description":"Visit the Great Pyramids in the Giza plateau  Admire the many exhibits at the Museum of Egyptian antiquities  Enjoy a shopping trip at the famous Khan El-Khalili Bazaar  Marvel at the Great Sphinx and explore the Valley Temple","og_url":"https:\/\/mytoursegypt.com\/ge\/tour\/tour-to-cairo-from-hurghada-by-plane\/","og_site_name":"Discover Egypt Tours","article_modified_time":"2024-07-02T04:15:06+00:00","og_image":[{"width":400,"height":200,"url":"https:\/\/mytoursegypt.com\/wp-content\/uploads\/2024\/05\/download-8.jpeg","type":"image\/jpeg"}],"twitter_card":"summary_large_image","twitter_misc":{"Gesch\u00e4tzte Lesezeit":"2\u00a0Minuten"},"schema":{"@context":"https:\/\/schema.org","@graph":[{"@type":"WebPage","@id":"https:\/\/mytoursegypt.com\/tour\/tour-to-cairo-from-hurghada-by-plane\/","url":"https:\/\/mytoursegypt.com\/tour\/tour-to-cairo-from-hurghada-by-plane\/","name":"Tour to Cairo from Hurghada by Plane - Discover Egypt Tours","isPartOf":{"@id":"https:\/\/www.mytoursegypt.com\/#website"},"primaryImageOfPage":{"@id":"https:\/\/mytoursegypt.com\/tour\/tour-to-cairo-from-hurghada-by-plane\/#primaryimage"},"image":{"@id":"https:\/\/mytoursegypt.com\/tour\/tour-to-cairo-from-hurghada-by-plane\/#primaryimage"},"thumbnailUrl":"https:\/\/mytoursegypt.com\/wp-content\/uploads\/2024\/05\/download-8.jpeg","datePublished":"2024-05-31T16:40:49+00:00","dateModified":"2024-07-02T04:15:06+00:00","breadcrumb":{"@id":"https:\/\/mytoursegypt.com\/tour\/tour-to-cairo-from-hurghada-by-plane\/#breadcrumb"},"inLanguage":"de","potentialAction":[{"@type":"ReadAction","target":["https:\/\/mytoursegypt.com\/tour\/tour-to-cairo-from-hurghada-by-plane\/"]}]},{"@type":"ImageObject","inLanguage":"de","@id":"https:\/\/mytoursegypt.com\/tour\/tour-to-cairo-from-hurghada-by-plane\/#primaryimage","url":"https:\/\/mytoursegypt.com\/wp-content\/uploads\/2024\/05\/download-8.jpeg","contentUrl":"https:\/\/mytoursegypt.com\/wp-content\/uploads\/2024\/05\/download-8.jpeg","width":400,"height":200},{"@type":"BreadcrumbList","@id":"https:\/\/mytoursegypt.com\/tour\/tour-to-cairo-from-hurghada-by-plane\/#breadcrumb","itemListElement":[{"@type":"ListItem","position":1,"name":"\u0627\u0644\u0631\u0626\u064a\u0633\u064a\u0629","item":"https:\/\/mytoursegypt.com\/"},{"@type":"ListItem","position":2,"name":"Shop","item":"https:\/\/mytoursegypt.com\/ge\/shop\/"},{"@type":"ListItem","position":3,"name":"Tour to Cairo from Hurghada by Plane"}]},{"@type":"WebSite","@id":"https:\/\/www.mytoursegypt.com\/#website","url":"https:\/\/www.mytoursegypt.com\/","name":"Discover Egypt Tours","description":"Discover Egypt Your Guide to Top Attractions and Unique Experiences.","publisher":{"@id":"https:\/\/www.mytoursegypt.com\/#organization"},"potentialAction":[{"@type":"SearchAction","target":{"@type":"EntryPoint","urlTemplate":"https:\/\/www.mytoursegypt.com\/?s={search_term_string}"},"query-input":{"@type":"PropertyValueSpecification","valueRequired":true,"valueName":"search_term_string"}}],"inLanguage":"de"},{"@type":"Organization","@id":"https:\/\/www.mytoursegypt.com\/#organization","name":"Discover Egypt Tours","url":"https:\/\/www.mytoursegypt.com\/","logo":{"@type":"ImageObject","inLanguage":"de","@id":"https:\/\/www.mytoursegypt.com\/#\/schema\/logo\/image\/","url":"https:\/\/mytoursegypt.com\/wp-content\/uploads\/2024\/06\/cropped-logo.png","contentUrl":"https:\/\/mytoursegypt.com\/wp-content\/uploads\/2024\/06\/cropped-logo.png","width":512,"height":512,"caption":"Discover Egypt Tours"},"image":{"@id":"https:\/\/www.mytoursegypt.com\/#\/schema\/logo\/image\/"}}]}},"_links":{"self":[{"href":"https:\/\/mytoursegypt.com\/ge\/wp-json\/wp\/v2\/product\/10295","targetHints":{"allow":["GET"]}}],"collection":[{"href":"https:\/\/mytoursegypt.com\/ge\/wp-json\/wp\/v2\/product"}],"about":[{"href":"https:\/\/mytoursegypt.com\/ge\/wp-json\/wp\/v2\/types\/product"}],"replies":[{"embeddable":true,"href":"https:\/\/mytoursegypt.com\/ge\/wp-json\/wp\/v2\/comments?post=10295"}],"version-history":[{"count":0,"href":"https:\/\/mytoursegypt.com\/ge\/wp-json\/wp\/v2\/product\/10295\/revisions"}],"wp:featuredmedia":[{"embeddable":true,"href":"https:\/\/mytoursegypt.com\/ge\/wp-json\/wp\/v2\/media\/10298"}],"wp:attachment":[{"href":"https:\/\/mytoursegypt.com\/ge\/wp-json\/wp\/v2\/media?parent=10295"}],"wp:term":[{"taxonomy":"product_brand","embeddable":true,"href":"https:\/\/mytoursegypt.com\/ge\/wp-json\/wp\/v2\/product_brand?post=10295"},{"taxonomy":"product_cat","embeddable":true,"href":"https:\/\/mytoursegypt.com\/ge\/wp-json\/wp\/v2\/product_cat?post=10295"},{"taxonomy":"product_tag","embeddable":true,"href":"https:\/\/mytoursegypt.com\/ge\/wp-json\/wp\/v2\/product_tag?post=10295"}],"curies":[{"name":"wp","href":"https:\/\/api.w.org\/{rel}","templated":true}]}}