{"id":10299,"date":"2024-05-31T16:54:50","date_gmt":"2024-05-31T16:54:50","guid":{"rendered":"https:\/\/bookingegypttour.com\/?post_type=product&#038;p=10299"},"modified":"2025-11-25T04:07:23","modified_gmt":"2025-11-25T04:07:23","slug":"tour-to-luxor-from-hurghada-by-bus","status":"publish","type":"product","link":"https:\/\/mytoursegypt.com\/ge\/tour\/tour-to-luxor-from-hurghada-by-bus\/","title":{"rendered":"Tour nach Luxor von Hurghada mit dem Bus"},"content":{"rendered":"<p>Wenn Sie sich daran erinnern, \u00fcber die Stadt Theben \u2013 eine alte \u00e4gyptische Stadt \u2013 gelesen zu haben, dann sollten Sie von Hurghada aus eine Tour nach Luxor unternehmen, denn Luxor ist das heutige Theben und voller Geschichte, die Hunderte und Tausende von Jahren zur\u00fcckreicht!<\/p>\n<p>An early morning at 05.00 am we will pick up from your Hotel in Hurghada by your guide from Bookingegypttour and drive to Luxor about 3 hours.<\/p>\n<p>Dort angekommen besuchen Sie das Tal der K\u00f6nige, die letzte Ruhest\u00e4tte der \u00e4gyptischen Herrscher der 18. bis 20. Dynastie, Heimat des Grabes des gro\u00dfen Pharaos Ramses II. und des jungen Pharaos Tutanchamun. Der ber\u00fchmte Hatschepsut-Tempel und der ikonische Luxor-Tempel \u2013 drei sehenswerte Orte, die den H\u00f6hepunkt der \u00e4gyptischen Geschichte darstellen!<\/p>\n<p>Sie haben auch die M\u00f6glichkeit, die Karnak-Tempel zu besichtigen, einen sehr komplexen Tempel, der im Wesentlichen aus drei kleineren Tempeln besteht und sich auf einer Fl\u00e4che von fast 250 Hektar Land befindet! Um Ihren Luxor-Ausflug abzurunden, sehen Sie auch die Memnonkolosse. Diese gigantischen Statuen \u00fcberragen das Land und stehen eindrucksvoll und geschichtstr\u00e4chtig an der Stelle, an der sich fr\u00fcher der Eingang zum Grab des Amenophis befand.<\/p>\n<p>Inbegiffen<\/p>","protected":false},"excerpt":{"rendered":"<ul class=\"list_ok\">\n<li>Learn fascinating history and facts from an egyptologist guide<\/li>\n<li>Visit a papyrus Bazaar and an alabaster factory<\/li>\n<li>See the Temple of Queen Hatshepsut, Karnak temple and Colossi of Memnon<\/li>\n<li>Visit the Valley of the Kings and Karnak Temple<\/li>\n<\/ul>","protected":false},"featured_media":10303,"comment_status":"open","ping_status":"closed","template":"","meta":[],"product_brand":[],"product_cat":[15],"product_tag":[],"class_list":{"0":"post-10299","1":"product","2":"type-product","3":"status-publish","4":"has-post-thumbnail","6":"product_cat-uncategorized","8":"first","9":"instock","10":"sale","11":"shipping-taxable","12":"purchasable","13":"product-type-ovabrw_car_rental"},"yoast_head":"<!-- This site is optimized with the Yoast SEO plugin v27.4 - https:\/\/yoast.com\/product\/yoast-seo-wordpress\/ -->\n<title>Tour to Luxor from Hurghada by bus - Discover Egypt Tours<\/title>\n<meta name=\"robots\" content=\"index, follow, max-snippet:-1, max-image-preview:large, max-video-preview:-1\" \/>\n<link rel=\"canonical\" href=\"https:\/\/mytoursegypt.com\/ge\/tour\/tour-to-luxor-from-hurghada-by-bus\/\" \/>\n<meta property=\"og:locale\" content=\"de_DE\" \/>\n<meta property=\"og:type\" content=\"article\" \/>\n<meta property=\"og:title\" content=\"Tour to Luxor from Hurghada by bus - Discover Egypt Tours\" \/>\n<meta property=\"og:description\" content=\"Learn fascinating history and facts from an egyptologist guide  Visit a papyrus Bazaar and an alabaster factory  See the Temple of Queen Hatshepsut, Karnak temple and Colossi of Memnon  Visit the Valley of the Kings and Karnak Temple\" \/>\n<meta property=\"og:url\" content=\"https:\/\/mytoursegypt.com\/ge\/tour\/tour-to-luxor-from-hurghada-by-bus\/\" \/>\n<meta property=\"og:site_name\" content=\"Discover Egypt Tours\" \/>\n<meta property=\"article:modified_time\" content=\"2025-11-25T04:07:23+00:00\" \/>\n<meta property=\"og:image\" content=\"https:\/\/mytoursegypt.com\/wp-content\/uploads\/2024\/05\/caption-1.jpg\" \/>\n\t<meta property=\"og:image:width\" content=\"400\" \/>\n\t<meta property=\"og:image:height\" content=\"200\" \/>\n\t<meta property=\"og:image:type\" content=\"image\/jpeg\" \/>\n<meta name=\"twitter:card\" content=\"summary_large_image\" \/>\n<meta name=\"twitter:label1\" content=\"Gesch\u00e4tzte Lesezeit\" \/>\n\t<meta name=\"twitter:data1\" content=\"2\u00a0Minuten\" \/>\n<script type=\"application\/ld+json\" class=\"yoast-schema-graph\">{\"@context\":\"https:\\\/\\\/schema.org\",\"@graph\":[{\"@type\":\"WebPage\",\"@id\":\"https:\\\/\\\/mytoursegypt.com\\\/tour\\\/tour-to-luxor-from-hurghada-by-bus\\\/\",\"url\":\"https:\\\/\\\/mytoursegypt.com\\\/tour\\\/tour-to-luxor-from-hurghada-by-bus\\\/\",\"name\":\"Tour to Luxor from Hurghada by bus - Discover Egypt Tours\",\"isPartOf\":{\"@id\":\"https:\\\/\\\/www.mytoursegypt.com\\\/#website\"},\"primaryImageOfPage\":{\"@id\":\"https:\\\/\\\/mytoursegypt.com\\\/tour\\\/tour-to-luxor-from-hurghada-by-bus\\\/#primaryimage\"},\"image\":{\"@id\":\"https:\\\/\\\/mytoursegypt.com\\\/tour\\\/tour-to-luxor-from-hurghada-by-bus\\\/#primaryimage\"},\"thumbnailUrl\":\"https:\\\/\\\/mytoursegypt.com\\\/wp-content\\\/uploads\\\/2024\\\/05\\\/caption-1.jpg\",\"datePublished\":\"2024-05-31T16:54:50+00:00\",\"dateModified\":\"2025-11-25T04:07:23+00:00\",\"breadcrumb\":{\"@id\":\"https:\\\/\\\/mytoursegypt.com\\\/tour\\\/tour-to-luxor-from-hurghada-by-bus\\\/#breadcrumb\"},\"inLanguage\":\"de\",\"potentialAction\":[{\"@type\":\"ReadAction\",\"target\":[\"https:\\\/\\\/mytoursegypt.com\\\/tour\\\/tour-to-luxor-from-hurghada-by-bus\\\/\"]}]},{\"@type\":\"ImageObject\",\"inLanguage\":\"de\",\"@id\":\"https:\\\/\\\/mytoursegypt.com\\\/tour\\\/tour-to-luxor-from-hurghada-by-bus\\\/#primaryimage\",\"url\":\"https:\\\/\\\/mytoursegypt.com\\\/wp-content\\\/uploads\\\/2024\\\/05\\\/caption-1.jpg\",\"contentUrl\":\"https:\\\/\\\/mytoursegypt.com\\\/wp-content\\\/uploads\\\/2024\\\/05\\\/caption-1.jpg\",\"width\":400,\"height\":200},{\"@type\":\"BreadcrumbList\",\"@id\":\"https:\\\/\\\/mytoursegypt.com\\\/tour\\\/tour-to-luxor-from-hurghada-by-bus\\\/#breadcrumb\",\"itemListElement\":[{\"@type\":\"ListItem\",\"position\":1,\"name\":\"\u0627\u0644\u0631\u0626\u064a\u0633\u064a\u0629\",\"item\":\"https:\\\/\\\/mytoursegypt.com\\\/\"},{\"@type\":\"ListItem\",\"position\":2,\"name\":\"Shop\",\"item\":\"https:\\\/\\\/mytoursegypt.com\\\/ge\\\/shop\\\/\"},{\"@type\":\"ListItem\",\"position\":3,\"name\":\"Tour to Luxor from Hurghada by bus\"}]},{\"@type\":\"WebSite\",\"@id\":\"https:\\\/\\\/www.mytoursegypt.com\\\/#website\",\"url\":\"https:\\\/\\\/www.mytoursegypt.com\\\/\",\"name\":\"Discover Egypt Tours\",\"description\":\"Discover Egypt Your Guide to Top Attractions and Unique Experiences.\",\"publisher\":{\"@id\":\"https:\\\/\\\/www.mytoursegypt.com\\\/#organization\"},\"potentialAction\":[{\"@type\":\"SearchAction\",\"target\":{\"@type\":\"EntryPoint\",\"urlTemplate\":\"https:\\\/\\\/www.mytoursegypt.com\\\/?s={search_term_string}\"},\"query-input\":{\"@type\":\"PropertyValueSpecification\",\"valueRequired\":true,\"valueName\":\"search_term_string\"}}],\"inLanguage\":\"de\"},{\"@type\":\"Organization\",\"@id\":\"https:\\\/\\\/www.mytoursegypt.com\\\/#organization\",\"name\":\"Discover Egypt Tours\",\"url\":\"https:\\\/\\\/www.mytoursegypt.com\\\/\",\"logo\":{\"@type\":\"ImageObject\",\"inLanguage\":\"de\",\"@id\":\"https:\\\/\\\/www.mytoursegypt.com\\\/#\\\/schema\\\/logo\\\/image\\\/\",\"url\":\"https:\\\/\\\/mytoursegypt.com\\\/wp-content\\\/uploads\\\/2024\\\/06\\\/cropped-logo.png\",\"contentUrl\":\"https:\\\/\\\/mytoursegypt.com\\\/wp-content\\\/uploads\\\/2024\\\/06\\\/cropped-logo.png\",\"width\":512,\"height\":512,\"caption\":\"Discover Egypt Tours\"},\"image\":{\"@id\":\"https:\\\/\\\/www.mytoursegypt.com\\\/#\\\/schema\\\/logo\\\/image\\\/\"}}]}<\/script>\n<!-- \/ Yoast SEO plugin. -->","yoast_head_json":{"title":"Tour to Luxor from Hurghada by bus - Discover Egypt Tours","robots":{"index":"index","follow":"follow","max-snippet":"max-snippet:-1","max-image-preview":"max-image-preview:large","max-video-preview":"max-video-preview:-1"},"canonical":"https:\/\/mytoursegypt.com\/ge\/tour\/tour-to-luxor-from-hurghada-by-bus\/","og_locale":"de_DE","og_type":"article","og_title":"Tour to Luxor from Hurghada by bus - Discover Egypt Tours","og_description":"Learn fascinating history and facts from an egyptologist guide  Visit a papyrus Bazaar and an alabaster factory  See the Temple of Queen Hatshepsut, Karnak temple and Colossi of Memnon  Visit the Valley of the Kings and Karnak Temple","og_url":"https:\/\/mytoursegypt.com\/ge\/tour\/tour-to-luxor-from-hurghada-by-bus\/","og_site_name":"Discover Egypt Tours","article_modified_time":"2025-11-25T04:07:23+00:00","og_image":[{"width":400,"height":200,"url":"https:\/\/mytoursegypt.com\/wp-content\/uploads\/2024\/05\/caption-1.jpg","type":"image\/jpeg"}],"twitter_card":"summary_large_image","twitter_misc":{"Gesch\u00e4tzte Lesezeit":"2\u00a0Minuten"},"schema":{"@context":"https:\/\/schema.org","@graph":[{"@type":"WebPage","@id":"https:\/\/mytoursegypt.com\/tour\/tour-to-luxor-from-hurghada-by-bus\/","url":"https:\/\/mytoursegypt.com\/tour\/tour-to-luxor-from-hurghada-by-bus\/","name":"Tour to Luxor from Hurghada by bus - Discover Egypt Tours","isPartOf":{"@id":"https:\/\/www.mytoursegypt.com\/#website"},"primaryImageOfPage":{"@id":"https:\/\/mytoursegypt.com\/tour\/tour-to-luxor-from-hurghada-by-bus\/#primaryimage"},"image":{"@id":"https:\/\/mytoursegypt.com\/tour\/tour-to-luxor-from-hurghada-by-bus\/#primaryimage"},"thumbnailUrl":"https:\/\/mytoursegypt.com\/wp-content\/uploads\/2024\/05\/caption-1.jpg","datePublished":"2024-05-31T16:54:50+00:00","dateModified":"2025-11-25T04:07:23+00:00","breadcrumb":{"@id":"https:\/\/mytoursegypt.com\/tour\/tour-to-luxor-from-hurghada-by-bus\/#breadcrumb"},"inLanguage":"de","potentialAction":[{"@type":"ReadAction","target":["https:\/\/mytoursegypt.com\/tour\/tour-to-luxor-from-hurghada-by-bus\/"]}]},{"@type":"ImageObject","inLanguage":"de","@id":"https:\/\/mytoursegypt.com\/tour\/tour-to-luxor-from-hurghada-by-bus\/#primaryimage","url":"https:\/\/mytoursegypt.com\/wp-content\/uploads\/2024\/05\/caption-1.jpg","contentUrl":"https:\/\/mytoursegypt.com\/wp-content\/uploads\/2024\/05\/caption-1.jpg","width":400,"height":200},{"@type":"BreadcrumbList","@id":"https:\/\/mytoursegypt.com\/tour\/tour-to-luxor-from-hurghada-by-bus\/#breadcrumb","itemListElement":[{"@type":"ListItem","position":1,"name":"\u0627\u0644\u0631\u0626\u064a\u0633\u064a\u0629","item":"https:\/\/mytoursegypt.com\/"},{"@type":"ListItem","position":2,"name":"Shop","item":"https:\/\/mytoursegypt.com\/ge\/shop\/"},{"@type":"ListItem","position":3,"name":"Tour to Luxor from Hurghada by bus"}]},{"@type":"WebSite","@id":"https:\/\/www.mytoursegypt.com\/#website","url":"https:\/\/www.mytoursegypt.com\/","name":"Discover Egypt Tours","description":"Discover Egypt Your Guide to Top Attractions and Unique Experiences.","publisher":{"@id":"https:\/\/www.mytoursegypt.com\/#organization"},"potentialAction":[{"@type":"SearchAction","target":{"@type":"EntryPoint","urlTemplate":"https:\/\/www.mytoursegypt.com\/?s={search_term_string}"},"query-input":{"@type":"PropertyValueSpecification","valueRequired":true,"valueName":"search_term_string"}}],"inLanguage":"de"},{"@type":"Organization","@id":"https:\/\/www.mytoursegypt.com\/#organization","name":"Discover Egypt Tours","url":"https:\/\/www.mytoursegypt.com\/","logo":{"@type":"ImageObject","inLanguage":"de","@id":"https:\/\/www.mytoursegypt.com\/#\/schema\/logo\/image\/","url":"https:\/\/mytoursegypt.com\/wp-content\/uploads\/2024\/06\/cropped-logo.png","contentUrl":"https:\/\/mytoursegypt.com\/wp-content\/uploads\/2024\/06\/cropped-logo.png","width":512,"height":512,"caption":"Discover Egypt Tours"},"image":{"@id":"https:\/\/www.mytoursegypt.com\/#\/schema\/logo\/image\/"}}]}},"_links":{"self":[{"href":"https:\/\/mytoursegypt.com\/ge\/wp-json\/wp\/v2\/product\/10299","targetHints":{"allow":["GET"]}}],"collection":[{"href":"https:\/\/mytoursegypt.com\/ge\/wp-json\/wp\/v2\/product"}],"about":[{"href":"https:\/\/mytoursegypt.com\/ge\/wp-json\/wp\/v2\/types\/product"}],"replies":[{"embeddable":true,"href":"https:\/\/mytoursegypt.com\/ge\/wp-json\/wp\/v2\/comments?post=10299"}],"version-history":[{"count":1,"href":"https:\/\/mytoursegypt.com\/ge\/wp-json\/wp\/v2\/product\/10299\/revisions"}],"predecessor-version":[{"id":10709,"href":"https:\/\/mytoursegypt.com\/ge\/wp-json\/wp\/v2\/product\/10299\/revisions\/10709"}],"wp:featuredmedia":[{"embeddable":true,"href":"https:\/\/mytoursegypt.com\/ge\/wp-json\/wp\/v2\/media\/10303"}],"wp:attachment":[{"href":"https:\/\/mytoursegypt.com\/ge\/wp-json\/wp\/v2\/media?parent=10299"}],"wp:term":[{"taxonomy":"product_brand","embeddable":true,"href":"https:\/\/mytoursegypt.com\/ge\/wp-json\/wp\/v2\/product_brand?post=10299"},{"taxonomy":"product_cat","embeddable":true,"href":"https:\/\/mytoursegypt.com\/ge\/wp-json\/wp\/v2\/product_cat?post=10299"},{"taxonomy":"product_tag","embeddable":true,"href":"https:\/\/mytoursegypt.com\/ge\/wp-json\/wp\/v2\/product_tag?post=10299"}],"curies":[{"name":"wp","href":"https:\/\/api.w.org\/{rel}","templated":true}]}}