{"id":10308,"date":"2024-05-31T17:46:12","date_gmt":"2024-05-31T17:46:12","guid":{"rendered":"https:\/\/bookingegypttour.com\/?post_type=product&#038;p=10308"},"modified":"2024-07-02T04:14:50","modified_gmt":"2024-07-02T04:14:50","slug":"excursion-to-st-catherines-monastery-and-dahab-from-sharm-el-sheikh","status":"publish","type":"product","link":"https:\/\/mytoursegypt.com\/ge\/tour\/excursion-to-st-catherines-monastery-and-dahab-from-sharm-el-sheikh\/","title":{"rendered":"Ausflug zum St. Katharinenkloster und Dahab von Sharm El Sheikh"},"content":{"rendered":"<div>\u00a0holt Sie um 6:30 Uhr morgens von Ihrem Hotel in Sharm El Sheikh ab.<\/div>\n<div>Nach einer 3-st\u00fcndigen Fahrt durch die faszinierende Steinw\u00fcste des Sinai erreichen Sie das historische Katharinenkloster mit seinen Mosaiken, der weltber\u00fchmten Ikonensammlung und den Kunstsch\u00e4tzen.<\/div>\n<div>Erkunden Sie die St\u00e4tte des ber\u00fchmten brennenden Dornbuschs, der im Tanach, in der Bibel und im Koran zu finden ist.<\/div>\n<div>Nach der R\u00fcckfahrt haben Sie endlich die M\u00f6glichkeit, Dahab zu besuchen und Ihr Mittagessen am Strand mit toller Aussicht zu genie\u00dfen.<\/div>\n<div>Nach einem aufregenden Ausflug zum Katharinenkloster und nach Dahab bringt Sie der Transfer durch die W\u00fcste zur\u00fcck nach Sharm El Sheikh.<\/div>","protected":false},"excerpt":{"rendered":"<div id=\"overview\" class=\"intro\">Excursion to the world famous\u00a0<a href=\"https:\/\/egyptio.com\/sharm-el-sheikh-excursions\/\">St. Catherine\u2019s Monastery of Sinai<\/a>\u00a0with a trip to Dahab and lunch on the beach from Sharm El Sheikh.<\/div>\n<p>Enjoy St. Catherine\u2019s Monastery and fortress<br \/>\nAccording to the Bible, that was also the place of the famous burning bush<br \/>\nLunch and walk in Dahab<\/p>","protected":false},"featured_media":10337,"comment_status":"open","ping_status":"closed","template":"","meta":[],"product_brand":[],"product_cat":[15],"product_tag":[],"class_list":{"0":"post-10308","1":"product","2":"type-product","3":"status-publish","4":"has-post-thumbnail","6":"product_cat-uncategorized","8":"first","9":"instock","10":"sale","11":"shipping-taxable","12":"purchasable","13":"product-type-ovabrw_car_rental"},"yoast_head":"<!-- This site is optimized with the Yoast SEO plugin v27.4 - https:\/\/yoast.com\/product\/yoast-seo-wordpress\/ -->\n<title>Excursion to St. Catherine\u2019s Monastery and Dahab from Sharm El Sheikh - Discover Egypt Tours<\/title>\n<meta name=\"robots\" content=\"index, follow, max-snippet:-1, max-image-preview:large, max-video-preview:-1\" \/>\n<link rel=\"canonical\" href=\"https:\/\/mytoursegypt.com\/ge\/tour\/excursion-to-st-catherines-monastery-and-dahab-from-sharm-el-sheikh\/\" \/>\n<meta property=\"og:locale\" content=\"de_DE\" \/>\n<meta property=\"og:type\" content=\"article\" \/>\n<meta property=\"og:title\" content=\"Excursion to St. Catherine\u2019s Monastery and Dahab from Sharm El Sheikh - Discover Egypt Tours\" \/>\n<meta property=\"og:description\" content=\"Excursion to the world famous\u00a0St. Catherine\u2019s Monastery of Sinai\u00a0with a trip to Dahab and lunch on the beach from Sharm El Sheikh. Enjoy St. Catherine\u2019s Monastery and fortress According to the Bible, that was also the place of the famous burning bush Lunch and walk in Dahab\" \/>\n<meta property=\"og:url\" content=\"https:\/\/mytoursegypt.com\/ge\/tour\/excursion-to-st-catherines-monastery-and-dahab-from-sharm-el-sheikh\/\" \/>\n<meta property=\"og:site_name\" content=\"Discover Egypt Tours\" \/>\n<meta property=\"article:modified_time\" content=\"2024-07-02T04:14:50+00:00\" \/>\n<meta property=\"og:image\" content=\"https:\/\/mytoursegypt.com\/wp-content\/uploads\/2024\/05\/download-2024-05-31T211202.154.jpeg\" \/>\n\t<meta property=\"og:image:width\" content=\"248\" \/>\n\t<meta property=\"og:image:height\" content=\"180\" \/>\n\t<meta property=\"og:image:type\" content=\"image\/jpeg\" \/>\n<meta name=\"twitter:card\" content=\"summary_large_image\" \/>\n<meta name=\"twitter:label1\" content=\"Gesch\u00e4tzte Lesezeit\" \/>\n\t<meta name=\"twitter:data1\" content=\"1\u00a0Minute\" \/>\n<script type=\"application\/ld+json\" class=\"yoast-schema-graph\">{\"@context\":\"https:\\\/\\\/schema.org\",\"@graph\":[{\"@type\":\"WebPage\",\"@id\":\"https:\\\/\\\/mytoursegypt.com\\\/ge\\\/tour\\\/excursion-to-st-catherines-monastery-and-dahab-from-sharm-el-sheikh\\\/\",\"url\":\"https:\\\/\\\/mytoursegypt.com\\\/ge\\\/tour\\\/excursion-to-st-catherines-monastery-and-dahab-from-sharm-el-sheikh\\\/\",\"name\":\"Excursion to St. Catherine\u2019s Monastery and Dahab from Sharm El Sheikh - Discover Egypt Tours\",\"isPartOf\":{\"@id\":\"https:\\\/\\\/www.mytoursegypt.com\\\/#website\"},\"primaryImageOfPage\":{\"@id\":\"https:\\\/\\\/mytoursegypt.com\\\/ge\\\/tour\\\/excursion-to-st-catherines-monastery-and-dahab-from-sharm-el-sheikh\\\/#primaryimage\"},\"image\":{\"@id\":\"https:\\\/\\\/mytoursegypt.com\\\/ge\\\/tour\\\/excursion-to-st-catherines-monastery-and-dahab-from-sharm-el-sheikh\\\/#primaryimage\"},\"thumbnailUrl\":\"https:\\\/\\\/mytoursegypt.com\\\/wp-content\\\/uploads\\\/2024\\\/05\\\/download-2024-05-31T211202.154.jpeg\",\"datePublished\":\"2024-05-31T17:46:12+00:00\",\"dateModified\":\"2024-07-02T04:14:50+00:00\",\"breadcrumb\":{\"@id\":\"https:\\\/\\\/mytoursegypt.com\\\/ge\\\/tour\\\/excursion-to-st-catherines-monastery-and-dahab-from-sharm-el-sheikh\\\/#breadcrumb\"},\"inLanguage\":\"de\",\"potentialAction\":[{\"@type\":\"ReadAction\",\"target\":[\"https:\\\/\\\/mytoursegypt.com\\\/ge\\\/tour\\\/excursion-to-st-catherines-monastery-and-dahab-from-sharm-el-sheikh\\\/\"]}]},{\"@type\":\"ImageObject\",\"inLanguage\":\"de\",\"@id\":\"https:\\\/\\\/mytoursegypt.com\\\/ge\\\/tour\\\/excursion-to-st-catherines-monastery-and-dahab-from-sharm-el-sheikh\\\/#primaryimage\",\"url\":\"https:\\\/\\\/mytoursegypt.com\\\/wp-content\\\/uploads\\\/2024\\\/05\\\/download-2024-05-31T211202.154.jpeg\",\"contentUrl\":\"https:\\\/\\\/mytoursegypt.com\\\/wp-content\\\/uploads\\\/2024\\\/05\\\/download-2024-05-31T211202.154.jpeg\",\"width\":248,\"height\":180},{\"@type\":\"BreadcrumbList\",\"@id\":\"https:\\\/\\\/mytoursegypt.com\\\/ge\\\/tour\\\/excursion-to-st-catherines-monastery-and-dahab-from-sharm-el-sheikh\\\/#breadcrumb\",\"itemListElement\":[{\"@type\":\"ListItem\",\"position\":1,\"name\":\"\u0627\u0644\u0631\u0626\u064a\u0633\u064a\u0629\",\"item\":\"https:\\\/\\\/mytoursegypt.com\\\/\"},{\"@type\":\"ListItem\",\"position\":2,\"name\":\"Shop\",\"item\":\"https:\\\/\\\/mytoursegypt.com\\\/ge\\\/shop\\\/\"},{\"@type\":\"ListItem\",\"position\":3,\"name\":\"Excursion to St. Catherine\u2019s Monastery and Dahab from Sharm El Sheikh\"}]},{\"@type\":\"WebSite\",\"@id\":\"https:\\\/\\\/www.mytoursegypt.com\\\/#website\",\"url\":\"https:\\\/\\\/www.mytoursegypt.com\\\/\",\"name\":\"Discover Egypt Tours\",\"description\":\"Discover Egypt Your Guide to Top Attractions and Unique Experiences.\",\"publisher\":{\"@id\":\"https:\\\/\\\/www.mytoursegypt.com\\\/#organization\"},\"potentialAction\":[{\"@type\":\"SearchAction\",\"target\":{\"@type\":\"EntryPoint\",\"urlTemplate\":\"https:\\\/\\\/www.mytoursegypt.com\\\/?s={search_term_string}\"},\"query-input\":{\"@type\":\"PropertyValueSpecification\",\"valueRequired\":true,\"valueName\":\"search_term_string\"}}],\"inLanguage\":\"de\"},{\"@type\":\"Organization\",\"@id\":\"https:\\\/\\\/www.mytoursegypt.com\\\/#organization\",\"name\":\"Discover Egypt Tours\",\"url\":\"https:\\\/\\\/www.mytoursegypt.com\\\/\",\"logo\":{\"@type\":\"ImageObject\",\"inLanguage\":\"de\",\"@id\":\"https:\\\/\\\/www.mytoursegypt.com\\\/#\\\/schema\\\/logo\\\/image\\\/\",\"url\":\"https:\\\/\\\/mytoursegypt.com\\\/wp-content\\\/uploads\\\/2024\\\/06\\\/cropped-logo.png\",\"contentUrl\":\"https:\\\/\\\/mytoursegypt.com\\\/wp-content\\\/uploads\\\/2024\\\/06\\\/cropped-logo.png\",\"width\":512,\"height\":512,\"caption\":\"Discover Egypt Tours\"},\"image\":{\"@id\":\"https:\\\/\\\/www.mytoursegypt.com\\\/#\\\/schema\\\/logo\\\/image\\\/\"}}]}<\/script>\n<!-- \/ Yoast SEO plugin. -->","yoast_head_json":{"title":"Excursion to St. Catherine\u2019s Monastery and Dahab from Sharm El Sheikh - Discover Egypt Tours","robots":{"index":"index","follow":"follow","max-snippet":"max-snippet:-1","max-image-preview":"max-image-preview:large","max-video-preview":"max-video-preview:-1"},"canonical":"https:\/\/mytoursegypt.com\/ge\/tour\/excursion-to-st-catherines-monastery-and-dahab-from-sharm-el-sheikh\/","og_locale":"de_DE","og_type":"article","og_title":"Excursion to St. Catherine\u2019s Monastery and Dahab from Sharm El Sheikh - Discover Egypt Tours","og_description":"Excursion to the world famous\u00a0St. Catherine\u2019s Monastery of Sinai\u00a0with a trip to Dahab and lunch on the beach from Sharm El Sheikh. Enjoy St. Catherine\u2019s Monastery and fortress According to the Bible, that was also the place of the famous burning bush Lunch and walk in Dahab","og_url":"https:\/\/mytoursegypt.com\/ge\/tour\/excursion-to-st-catherines-monastery-and-dahab-from-sharm-el-sheikh\/","og_site_name":"Discover Egypt Tours","article_modified_time":"2024-07-02T04:14:50+00:00","og_image":[{"width":248,"height":180,"url":"https:\/\/mytoursegypt.com\/wp-content\/uploads\/2024\/05\/download-2024-05-31T211202.154.jpeg","type":"image\/jpeg"}],"twitter_card":"summary_large_image","twitter_misc":{"Gesch\u00e4tzte Lesezeit":"1\u00a0Minute"},"schema":{"@context":"https:\/\/schema.org","@graph":[{"@type":"WebPage","@id":"https:\/\/mytoursegypt.com\/ge\/tour\/excursion-to-st-catherines-monastery-and-dahab-from-sharm-el-sheikh\/","url":"https:\/\/mytoursegypt.com\/ge\/tour\/excursion-to-st-catherines-monastery-and-dahab-from-sharm-el-sheikh\/","name":"Excursion to St. Catherine\u2019s Monastery and Dahab from Sharm El Sheikh - Discover Egypt Tours","isPartOf":{"@id":"https:\/\/www.mytoursegypt.com\/#website"},"primaryImageOfPage":{"@id":"https:\/\/mytoursegypt.com\/ge\/tour\/excursion-to-st-catherines-monastery-and-dahab-from-sharm-el-sheikh\/#primaryimage"},"image":{"@id":"https:\/\/mytoursegypt.com\/ge\/tour\/excursion-to-st-catherines-monastery-and-dahab-from-sharm-el-sheikh\/#primaryimage"},"thumbnailUrl":"https:\/\/mytoursegypt.com\/wp-content\/uploads\/2024\/05\/download-2024-05-31T211202.154.jpeg","datePublished":"2024-05-31T17:46:12+00:00","dateModified":"2024-07-02T04:14:50+00:00","breadcrumb":{"@id":"https:\/\/mytoursegypt.com\/ge\/tour\/excursion-to-st-catherines-monastery-and-dahab-from-sharm-el-sheikh\/#breadcrumb"},"inLanguage":"de","potentialAction":[{"@type":"ReadAction","target":["https:\/\/mytoursegypt.com\/ge\/tour\/excursion-to-st-catherines-monastery-and-dahab-from-sharm-el-sheikh\/"]}]},{"@type":"ImageObject","inLanguage":"de","@id":"https:\/\/mytoursegypt.com\/ge\/tour\/excursion-to-st-catherines-monastery-and-dahab-from-sharm-el-sheikh\/#primaryimage","url":"https:\/\/mytoursegypt.com\/wp-content\/uploads\/2024\/05\/download-2024-05-31T211202.154.jpeg","contentUrl":"https:\/\/mytoursegypt.com\/wp-content\/uploads\/2024\/05\/download-2024-05-31T211202.154.jpeg","width":248,"height":180},{"@type":"BreadcrumbList","@id":"https:\/\/mytoursegypt.com\/ge\/tour\/excursion-to-st-catherines-monastery-and-dahab-from-sharm-el-sheikh\/#breadcrumb","itemListElement":[{"@type":"ListItem","position":1,"name":"\u0627\u0644\u0631\u0626\u064a\u0633\u064a\u0629","item":"https:\/\/mytoursegypt.com\/"},{"@type":"ListItem","position":2,"name":"Shop","item":"https:\/\/mytoursegypt.com\/ge\/shop\/"},{"@type":"ListItem","position":3,"name":"Excursion to St. Catherine\u2019s Monastery and Dahab from Sharm El Sheikh"}]},{"@type":"WebSite","@id":"https:\/\/www.mytoursegypt.com\/#website","url":"https:\/\/www.mytoursegypt.com\/","name":"Discover Egypt Tours","description":"Discover Egypt Your Guide to Top Attractions and Unique Experiences.","publisher":{"@id":"https:\/\/www.mytoursegypt.com\/#organization"},"potentialAction":[{"@type":"SearchAction","target":{"@type":"EntryPoint","urlTemplate":"https:\/\/www.mytoursegypt.com\/?s={search_term_string}"},"query-input":{"@type":"PropertyValueSpecification","valueRequired":true,"valueName":"search_term_string"}}],"inLanguage":"de"},{"@type":"Organization","@id":"https:\/\/www.mytoursegypt.com\/#organization","name":"Discover Egypt Tours","url":"https:\/\/www.mytoursegypt.com\/","logo":{"@type":"ImageObject","inLanguage":"de","@id":"https:\/\/www.mytoursegypt.com\/#\/schema\/logo\/image\/","url":"https:\/\/mytoursegypt.com\/wp-content\/uploads\/2024\/06\/cropped-logo.png","contentUrl":"https:\/\/mytoursegypt.com\/wp-content\/uploads\/2024\/06\/cropped-logo.png","width":512,"height":512,"caption":"Discover Egypt Tours"},"image":{"@id":"https:\/\/www.mytoursegypt.com\/#\/schema\/logo\/image\/"}}]}},"_links":{"self":[{"href":"https:\/\/mytoursegypt.com\/ge\/wp-json\/wp\/v2\/product\/10308","targetHints":{"allow":["GET"]}}],"collection":[{"href":"https:\/\/mytoursegypt.com\/ge\/wp-json\/wp\/v2\/product"}],"about":[{"href":"https:\/\/mytoursegypt.com\/ge\/wp-json\/wp\/v2\/types\/product"}],"replies":[{"embeddable":true,"href":"https:\/\/mytoursegypt.com\/ge\/wp-json\/wp\/v2\/comments?post=10308"}],"version-history":[{"count":1,"href":"https:\/\/mytoursegypt.com\/ge\/wp-json\/wp\/v2\/product\/10308\/revisions"}],"predecessor-version":[{"id":10336,"href":"https:\/\/mytoursegypt.com\/ge\/wp-json\/wp\/v2\/product\/10308\/revisions\/10336"}],"wp:featuredmedia":[{"embeddable":true,"href":"https:\/\/mytoursegypt.com\/ge\/wp-json\/wp\/v2\/media\/10337"}],"wp:attachment":[{"href":"https:\/\/mytoursegypt.com\/ge\/wp-json\/wp\/v2\/media?parent=10308"}],"wp:term":[{"taxonomy":"product_brand","embeddable":true,"href":"https:\/\/mytoursegypt.com\/ge\/wp-json\/wp\/v2\/product_brand?post=10308"},{"taxonomy":"product_cat","embeddable":true,"href":"https:\/\/mytoursegypt.com\/ge\/wp-json\/wp\/v2\/product_cat?post=10308"},{"taxonomy":"product_tag","embeddable":true,"href":"https:\/\/mytoursegypt.com\/ge\/wp-json\/wp\/v2\/product_tag?post=10308"}],"curies":[{"name":"wp","href":"https:\/\/api.w.org\/{rel}","templated":true}]}}