{"id":10311,"date":"2024-05-31T17:47:47","date_gmt":"2024-05-31T17:47:47","guid":{"rendered":"https:\/\/bookingegypttour.com\/?post_type=product&#038;p=10311"},"modified":"2024-07-02T04:14:44","modified_gmt":"2024-07-02T04:14:44","slug":"full-day-diving-boat-trip-from-sharm","status":"publish","type":"product","link":"https:\/\/mytoursegypt.com\/ge\/tour\/full-day-diving-boat-trip-from-sharm\/","title":{"rendered":"Ganzt\u00e4giger Tauchbootausflug ab Sharm"},"content":{"rendered":"<p>After pickup from your hotel in Sharm, head off on an adventure to experience the vibrant marine ecosystem of <strong>the<\/strong>\u00a0<strong>Rotes Meer<\/strong>. Bei Ihrer Ankunft im Tauchzentrum erhalten Sie von den Tauchguides eine Einweisung in die Tauchpl\u00e4tze und den Tagesablauf.<\/p>\n<p>Der Ausflug besteht aus zwei Tauchg\u00e4ngen von jeweils 30-45 Minuten. Sie bewegen sich durch das kristallklare Wasser und erleben die bemerkenswerte Artenvielfalt der Umgebung\u00a0<strong>Insel Tiran<\/strong>.<\/p>\n<p>In K\u00fcstenn\u00e4he gibt es viele wundersch\u00f6ne Korallenriffe sowie ein beeindruckendes Schiffswrack zu bestaunen. Die Insel liegt innerhalb\u00a0<strong>Ras Muhammad Nationalpark<\/strong>, das einige der besten Meereslebewesen \u00c4gyptens bietet.  Genie\u00dfen Sie zwischen Ihren Tauchg\u00e4ngen ein Mittagsbuffet mit alkoholfreien Getr\u00e4nken, Kaffee und Tee.<\/p>\n<p>Nach Ihrem Tag auf See kehren Sie zum Dock zur\u00fcck, um zu Ihrem Hotel zur\u00fcckgebracht zu werden.  Mit der M\u00f6glichkeit, zwischen 1 und 2 Tagen Tauchen oder 1 Tag Schnorcheln zu w\u00e4hlen, ist diese Aktivit\u00e4t f\u00fcr jeden geeignet<\/p>","protected":false},"excerpt":{"rendered":"<ul class=\"list_ok\">\n<li>Dive or snorkel in the crystal clear waters of the Red Sea<\/li>\n<li>Discover the breathtaking diversity of fish and corals around Tiran Island<\/li>\n<li>Enjoy lunch on board and pickup from your hotel<\/li>\n<\/ul>","protected":false},"featured_media":10343,"comment_status":"open","ping_status":"closed","template":"","meta":[],"product_brand":[],"product_cat":[15],"product_tag":[],"class_list":{"0":"post-10311","1":"product","2":"type-product","3":"status-publish","4":"has-post-thumbnail","6":"product_cat-uncategorized","8":"first","9":"instock","10":"sale","11":"shipping-taxable","12":"purchasable","13":"product-type-ovabrw_car_rental"},"yoast_head":"<!-- This site is optimized with the Yoast SEO plugin v27.4 - https:\/\/yoast.com\/product\/yoast-seo-wordpress\/ -->\n<title>Full-day Diving Boat Trip from Sharm - Discover Egypt Tours<\/title>\n<meta name=\"robots\" content=\"index, follow, max-snippet:-1, max-image-preview:large, max-video-preview:-1\" \/>\n<link rel=\"canonical\" href=\"https:\/\/mytoursegypt.com\/ge\/tour\/full-day-diving-boat-trip-from-sharm\/\" \/>\n<meta property=\"og:locale\" content=\"de_DE\" \/>\n<meta property=\"og:type\" content=\"article\" \/>\n<meta property=\"og:title\" content=\"Full-day Diving Boat Trip from Sharm - Discover Egypt Tours\" \/>\n<meta property=\"og:description\" content=\"Dive or snorkel in the crystal clear waters of the Red Sea  Discover the breathtaking diversity of fish and corals around Tiran Island  Enjoy lunch on board and pickup from your hotel\" \/>\n<meta property=\"og:url\" content=\"https:\/\/mytoursegypt.com\/ge\/tour\/full-day-diving-boat-trip-from-sharm\/\" \/>\n<meta property=\"og:site_name\" content=\"Discover Egypt Tours\" \/>\n<meta property=\"article:modified_time\" content=\"2024-07-02T04:14:44+00:00\" \/>\n<meta property=\"og:image\" content=\"https:\/\/mytoursegypt.com\/wp-content\/uploads\/2024\/05\/download-13.jpeg\" \/>\n\t<meta property=\"og:image:width\" content=\"400\" \/>\n\t<meta property=\"og:image:height\" content=\"200\" \/>\n\t<meta property=\"og:image:type\" content=\"image\/jpeg\" \/>\n<meta name=\"twitter:card\" content=\"summary_large_image\" \/>\n<meta name=\"twitter:label1\" content=\"Gesch\u00e4tzte Lesezeit\" \/>\n\t<meta name=\"twitter:data1\" content=\"1\u00a0Minute\" \/>\n<script type=\"application\/ld+json\" class=\"yoast-schema-graph\">{\"@context\":\"https:\\\/\\\/schema.org\",\"@graph\":[{\"@type\":\"WebPage\",\"@id\":\"https:\\\/\\\/mytoursegypt.com\\\/ge\\\/tour\\\/full-day-diving-boat-trip-from-sharm\\\/\",\"url\":\"https:\\\/\\\/mytoursegypt.com\\\/ge\\\/tour\\\/full-day-diving-boat-trip-from-sharm\\\/\",\"name\":\"Full-day Diving Boat Trip from Sharm - Discover Egypt Tours\",\"isPartOf\":{\"@id\":\"https:\\\/\\\/www.mytoursegypt.com\\\/#website\"},\"primaryImageOfPage\":{\"@id\":\"https:\\\/\\\/mytoursegypt.com\\\/ge\\\/tour\\\/full-day-diving-boat-trip-from-sharm\\\/#primaryimage\"},\"image\":{\"@id\":\"https:\\\/\\\/mytoursegypt.com\\\/ge\\\/tour\\\/full-day-diving-boat-trip-from-sharm\\\/#primaryimage\"},\"thumbnailUrl\":\"https:\\\/\\\/mytoursegypt.com\\\/wp-content\\\/uploads\\\/2024\\\/05\\\/download-13.jpeg\",\"datePublished\":\"2024-05-31T17:47:47+00:00\",\"dateModified\":\"2024-07-02T04:14:44+00:00\",\"breadcrumb\":{\"@id\":\"https:\\\/\\\/mytoursegypt.com\\\/ge\\\/tour\\\/full-day-diving-boat-trip-from-sharm\\\/#breadcrumb\"},\"inLanguage\":\"de\",\"potentialAction\":[{\"@type\":\"ReadAction\",\"target\":[\"https:\\\/\\\/mytoursegypt.com\\\/ge\\\/tour\\\/full-day-diving-boat-trip-from-sharm\\\/\"]}]},{\"@type\":\"ImageObject\",\"inLanguage\":\"de\",\"@id\":\"https:\\\/\\\/mytoursegypt.com\\\/ge\\\/tour\\\/full-day-diving-boat-trip-from-sharm\\\/#primaryimage\",\"url\":\"https:\\\/\\\/mytoursegypt.com\\\/wp-content\\\/uploads\\\/2024\\\/05\\\/download-13.jpeg\",\"contentUrl\":\"https:\\\/\\\/mytoursegypt.com\\\/wp-content\\\/uploads\\\/2024\\\/05\\\/download-13.jpeg\",\"width\":400,\"height\":200},{\"@type\":\"BreadcrumbList\",\"@id\":\"https:\\\/\\\/mytoursegypt.com\\\/ge\\\/tour\\\/full-day-diving-boat-trip-from-sharm\\\/#breadcrumb\",\"itemListElement\":[{\"@type\":\"ListItem\",\"position\":1,\"name\":\"\u0627\u0644\u0631\u0626\u064a\u0633\u064a\u0629\",\"item\":\"https:\\\/\\\/mytoursegypt.com\\\/\"},{\"@type\":\"ListItem\",\"position\":2,\"name\":\"Shop\",\"item\":\"https:\\\/\\\/mytoursegypt.com\\\/ge\\\/shop\\\/\"},{\"@type\":\"ListItem\",\"position\":3,\"name\":\"Full-day Diving Boat Trip from Sharm\"}]},{\"@type\":\"WebSite\",\"@id\":\"https:\\\/\\\/www.mytoursegypt.com\\\/#website\",\"url\":\"https:\\\/\\\/www.mytoursegypt.com\\\/\",\"name\":\"Discover Egypt Tours\",\"description\":\"Discover Egypt Your Guide to Top Attractions and Unique Experiences.\",\"publisher\":{\"@id\":\"https:\\\/\\\/www.mytoursegypt.com\\\/#organization\"},\"potentialAction\":[{\"@type\":\"SearchAction\",\"target\":{\"@type\":\"EntryPoint\",\"urlTemplate\":\"https:\\\/\\\/www.mytoursegypt.com\\\/?s={search_term_string}\"},\"query-input\":{\"@type\":\"PropertyValueSpecification\",\"valueRequired\":true,\"valueName\":\"search_term_string\"}}],\"inLanguage\":\"de\"},{\"@type\":\"Organization\",\"@id\":\"https:\\\/\\\/www.mytoursegypt.com\\\/#organization\",\"name\":\"Discover Egypt Tours\",\"url\":\"https:\\\/\\\/www.mytoursegypt.com\\\/\",\"logo\":{\"@type\":\"ImageObject\",\"inLanguage\":\"de\",\"@id\":\"https:\\\/\\\/www.mytoursegypt.com\\\/#\\\/schema\\\/logo\\\/image\\\/\",\"url\":\"https:\\\/\\\/mytoursegypt.com\\\/wp-content\\\/uploads\\\/2024\\\/06\\\/cropped-logo.png\",\"contentUrl\":\"https:\\\/\\\/mytoursegypt.com\\\/wp-content\\\/uploads\\\/2024\\\/06\\\/cropped-logo.png\",\"width\":512,\"height\":512,\"caption\":\"Discover Egypt Tours\"},\"image\":{\"@id\":\"https:\\\/\\\/www.mytoursegypt.com\\\/#\\\/schema\\\/logo\\\/image\\\/\"}}]}<\/script>\n<!-- \/ Yoast SEO plugin. -->","yoast_head_json":{"title":"Full-day Diving Boat Trip from Sharm - Discover Egypt Tours","robots":{"index":"index","follow":"follow","max-snippet":"max-snippet:-1","max-image-preview":"max-image-preview:large","max-video-preview":"max-video-preview:-1"},"canonical":"https:\/\/mytoursegypt.com\/ge\/tour\/full-day-diving-boat-trip-from-sharm\/","og_locale":"de_DE","og_type":"article","og_title":"Full-day Diving Boat Trip from Sharm - Discover Egypt Tours","og_description":"Dive or snorkel in the crystal clear waters of the Red Sea  Discover the breathtaking diversity of fish and corals around Tiran Island  Enjoy lunch on board and pickup from your hotel","og_url":"https:\/\/mytoursegypt.com\/ge\/tour\/full-day-diving-boat-trip-from-sharm\/","og_site_name":"Discover Egypt Tours","article_modified_time":"2024-07-02T04:14:44+00:00","og_image":[{"width":400,"height":200,"url":"https:\/\/mytoursegypt.com\/wp-content\/uploads\/2024\/05\/download-13.jpeg","type":"image\/jpeg"}],"twitter_card":"summary_large_image","twitter_misc":{"Gesch\u00e4tzte Lesezeit":"1\u00a0Minute"},"schema":{"@context":"https:\/\/schema.org","@graph":[{"@type":"WebPage","@id":"https:\/\/mytoursegypt.com\/ge\/tour\/full-day-diving-boat-trip-from-sharm\/","url":"https:\/\/mytoursegypt.com\/ge\/tour\/full-day-diving-boat-trip-from-sharm\/","name":"Full-day Diving Boat Trip from Sharm - Discover Egypt Tours","isPartOf":{"@id":"https:\/\/www.mytoursegypt.com\/#website"},"primaryImageOfPage":{"@id":"https:\/\/mytoursegypt.com\/ge\/tour\/full-day-diving-boat-trip-from-sharm\/#primaryimage"},"image":{"@id":"https:\/\/mytoursegypt.com\/ge\/tour\/full-day-diving-boat-trip-from-sharm\/#primaryimage"},"thumbnailUrl":"https:\/\/mytoursegypt.com\/wp-content\/uploads\/2024\/05\/download-13.jpeg","datePublished":"2024-05-31T17:47:47+00:00","dateModified":"2024-07-02T04:14:44+00:00","breadcrumb":{"@id":"https:\/\/mytoursegypt.com\/ge\/tour\/full-day-diving-boat-trip-from-sharm\/#breadcrumb"},"inLanguage":"de","potentialAction":[{"@type":"ReadAction","target":["https:\/\/mytoursegypt.com\/ge\/tour\/full-day-diving-boat-trip-from-sharm\/"]}]},{"@type":"ImageObject","inLanguage":"de","@id":"https:\/\/mytoursegypt.com\/ge\/tour\/full-day-diving-boat-trip-from-sharm\/#primaryimage","url":"https:\/\/mytoursegypt.com\/wp-content\/uploads\/2024\/05\/download-13.jpeg","contentUrl":"https:\/\/mytoursegypt.com\/wp-content\/uploads\/2024\/05\/download-13.jpeg","width":400,"height":200},{"@type":"BreadcrumbList","@id":"https:\/\/mytoursegypt.com\/ge\/tour\/full-day-diving-boat-trip-from-sharm\/#breadcrumb","itemListElement":[{"@type":"ListItem","position":1,"name":"\u0627\u0644\u0631\u0626\u064a\u0633\u064a\u0629","item":"https:\/\/mytoursegypt.com\/"},{"@type":"ListItem","position":2,"name":"Shop","item":"https:\/\/mytoursegypt.com\/ge\/shop\/"},{"@type":"ListItem","position":3,"name":"Full-day Diving Boat Trip from Sharm"}]},{"@type":"WebSite","@id":"https:\/\/www.mytoursegypt.com\/#website","url":"https:\/\/www.mytoursegypt.com\/","name":"Discover Egypt Tours","description":"Discover Egypt Your Guide to Top Attractions and Unique Experiences.","publisher":{"@id":"https:\/\/www.mytoursegypt.com\/#organization"},"potentialAction":[{"@type":"SearchAction","target":{"@type":"EntryPoint","urlTemplate":"https:\/\/www.mytoursegypt.com\/?s={search_term_string}"},"query-input":{"@type":"PropertyValueSpecification","valueRequired":true,"valueName":"search_term_string"}}],"inLanguage":"de"},{"@type":"Organization","@id":"https:\/\/www.mytoursegypt.com\/#organization","name":"Discover Egypt Tours","url":"https:\/\/www.mytoursegypt.com\/","logo":{"@type":"ImageObject","inLanguage":"de","@id":"https:\/\/www.mytoursegypt.com\/#\/schema\/logo\/image\/","url":"https:\/\/mytoursegypt.com\/wp-content\/uploads\/2024\/06\/cropped-logo.png","contentUrl":"https:\/\/mytoursegypt.com\/wp-content\/uploads\/2024\/06\/cropped-logo.png","width":512,"height":512,"caption":"Discover Egypt Tours"},"image":{"@id":"https:\/\/www.mytoursegypt.com\/#\/schema\/logo\/image\/"}}]}},"_links":{"self":[{"href":"https:\/\/mytoursegypt.com\/ge\/wp-json\/wp\/v2\/product\/10311","targetHints":{"allow":["GET"]}}],"collection":[{"href":"https:\/\/mytoursegypt.com\/ge\/wp-json\/wp\/v2\/product"}],"about":[{"href":"https:\/\/mytoursegypt.com\/ge\/wp-json\/wp\/v2\/types\/product"}],"replies":[{"embeddable":true,"href":"https:\/\/mytoursegypt.com\/ge\/wp-json\/wp\/v2\/comments?post=10311"}],"version-history":[{"count":1,"href":"https:\/\/mytoursegypt.com\/ge\/wp-json\/wp\/v2\/product\/10311\/revisions"}],"predecessor-version":[{"id":10342,"href":"https:\/\/mytoursegypt.com\/ge\/wp-json\/wp\/v2\/product\/10311\/revisions\/10342"}],"wp:featuredmedia":[{"embeddable":true,"href":"https:\/\/mytoursegypt.com\/ge\/wp-json\/wp\/v2\/media\/10343"}],"wp:attachment":[{"href":"https:\/\/mytoursegypt.com\/ge\/wp-json\/wp\/v2\/media?parent=10311"}],"wp:term":[{"taxonomy":"product_brand","embeddable":true,"href":"https:\/\/mytoursegypt.com\/ge\/wp-json\/wp\/v2\/product_brand?post=10311"},{"taxonomy":"product_cat","embeddable":true,"href":"https:\/\/mytoursegypt.com\/ge\/wp-json\/wp\/v2\/product_cat?post=10311"},{"taxonomy":"product_tag","embeddable":true,"href":"https:\/\/mytoursegypt.com\/ge\/wp-json\/wp\/v2\/product_tag?post=10311"}],"curies":[{"name":"wp","href":"https:\/\/api.w.org\/{rel}","templated":true}]}}