{"id":10323,"date":"2024-05-31T17:56:05","date_gmt":"2024-05-31T17:56:05","guid":{"rendered":"https:\/\/bookingegypttour.com\/?post_type=product&#038;p=10323"},"modified":"2024-07-02T04:14:33","modified_gmt":"2024-07-02T04:14:33","slug":"snorkeling-trip-to-tiran-island-from-sharm-el-sheikh","status":"publish","type":"product","link":"https:\/\/mytoursegypt.com\/ge\/tour\/snorkeling-trip-to-tiran-island-from-sharm-el-sheikh\/","title":{"rendered":"Sharm El Sheikh: Tiran Insel Schnorcheln Bootsfahrt &amp; Mittagessen"},"content":{"rendered":"<div class=\"vc_row wpb_row row vc_custom_1514476514564\">\n<div class=\"col-sm-12\">\n<div>\n<p>Ras Mohammed ist nicht die einzige Insel in der N\u00e4he von Sharm El Sheikh, auf der Sie schnorcheln und tauchen k\u00f6nnen \u2013 oh nein! Stattdessen gibt es viele atemberaubende Tauchpl\u00e4tze, darunter die Insel Tiran, die mit dem Boot erreicht werden kann und perfekt f\u00fcr diejenigen ist, die das Schnorcheln ausprobieren m\u00f6chten oder einfach nur einen sch\u00f6nen Badetag im Meer genie\u00dfen m\u00f6chten.<\/p>\n<p>Ras Mohammed ist nicht die einzige Insel in der N\u00e4he von Sharm El Sheikh, auf der Sie schnorcheln und tauchen k\u00f6nnen \u2013 oh nein! Stattdessen gibt es viele atemberaubende Tauchpl\u00e4tze, darunter die Insel Tiran, die mit dem Boot erreicht werden kann und perfekt f\u00fcr diejenigen ist, die das Schnorcheln ausprobieren m\u00f6chten oder einfach nur einen sch\u00f6nen Badetag im Meer genie\u00dfen m\u00f6chten.<\/p>\n<\/div>\n<\/div>\n<\/div>\n<div class=\"vc_row wpb_row row vc_custom_1514473697959\">\n<div class=\"col-sm-6\">\n<h4 class=\"vc_custom_heading\">Inbegriffen<\/h4>\n<div>\n<ul class=\"list_ok\">\n<li>Transport im klimatisierten Transporter<\/li>\n<li>deutchesprachiger Schnorchelf\u00fchrer an Bord der Kreuzfahrt und am Strand<\/li>\n<li>Mittagessen an Bord der Kreuzfahrtyacht und alkoholfreie Getr\u00e4nke<\/li>\n<li>Abholservice<\/li>\n<\/ul>\n<\/div>\n<\/div>\n<div class=\"col-sm-6\">\n<h4 class=\"vc_custom_heading\">Nicht enthalten<\/h4>\n<div>\n<ul class=\"list_ok\">\n<li>Alle Extras, die nicht im Reiseplan aufgef\u00fchrt sind<\/li>\n<li>Schnorchelausr\u00fcstung<\/li>\n<\/ul>\n<\/div>\n<\/div>\n<\/div>","protected":false},"excerpt":{"rendered":"<ul class=\"list_ok\">\n<li>Full day snorkeling trip impressive Tiran island<\/li>\n<li>Explore life under the surface, snorkeling in the beautiful waters of the red sea<\/li>\n<li>Enjoy a lazy day of sailing in the red sea<\/li>\n<li>Enjoy lunch and soft drinks while on the boat<\/li>\n<\/ul>","protected":false},"featured_media":10378,"comment_status":"open","ping_status":"closed","template":"","meta":[],"product_brand":[],"product_cat":[15],"product_tag":[],"class_list":{"0":"post-10323","1":"product","2":"type-product","3":"status-publish","4":"has-post-thumbnail","6":"product_cat-uncategorized","8":"first","9":"instock","10":"sale","11":"shipping-taxable","12":"purchasable","13":"product-type-ovabrw_car_rental"},"yoast_head":"<!-- This site is optimized with the Yoast SEO plugin v27.4 - https:\/\/yoast.com\/product\/yoast-seo-wordpress\/ -->\n<title>Snorkeling Trip to Tiran Island from sharm el sheikh - Discover Egypt Tours<\/title>\n<meta name=\"robots\" content=\"index, follow, max-snippet:-1, max-image-preview:large, max-video-preview:-1\" \/>\n<link rel=\"canonical\" href=\"https:\/\/mytoursegypt.com\/ge\/tour\/snorkeling-trip-to-tiran-island-from-sharm-el-sheikh\/\" \/>\n<meta property=\"og:locale\" content=\"de_DE\" \/>\n<meta property=\"og:type\" content=\"article\" \/>\n<meta property=\"og:title\" content=\"Snorkeling Trip to Tiran Island from sharm el sheikh - Discover Egypt Tours\" \/>\n<meta property=\"og:description\" content=\"Full day snorkeling trip impressive Tiran island  Explore life under the surface, snorkeling in the beautiful waters of the red sea  Enjoy a lazy day of sailing in the red sea  Enjoy lunch and soft drinks while on the boat\" \/>\n<meta property=\"og:url\" content=\"https:\/\/mytoursegypt.com\/ge\/tour\/snorkeling-trip-to-tiran-island-from-sharm-el-sheikh\/\" \/>\n<meta property=\"og:site_name\" content=\"Discover Egypt Tours\" \/>\n<meta property=\"article:modified_time\" content=\"2024-07-02T04:14:33+00:00\" \/>\n<meta property=\"og:image\" content=\"https:\/\/mytoursegypt.com\/wp-content\/uploads\/2024\/05\/OIP-25.jpeg\" \/>\n\t<meta property=\"og:image:width\" content=\"240\" \/>\n\t<meta property=\"og:image:height\" content=\"180\" \/>\n\t<meta property=\"og:image:type\" content=\"image\/jpeg\" \/>\n<meta name=\"twitter:card\" content=\"summary_large_image\" \/>\n<meta name=\"twitter:label1\" content=\"Gesch\u00e4tzte Lesezeit\" \/>\n\t<meta name=\"twitter:data1\" content=\"2\u00a0Minuten\" \/>\n<script type=\"application\/ld+json\" class=\"yoast-schema-graph\">{\"@context\":\"https:\\\/\\\/schema.org\",\"@graph\":[{\"@type\":\"WebPage\",\"@id\":\"https:\\\/\\\/mytoursegypt.com\\\/ge\\\/tour\\\/snorkeling-trip-to-tiran-island-from-sharm-el-sheikh\\\/\",\"url\":\"https:\\\/\\\/mytoursegypt.com\\\/ge\\\/tour\\\/snorkeling-trip-to-tiran-island-from-sharm-el-sheikh\\\/\",\"name\":\"Snorkeling Trip to Tiran Island from sharm el sheikh - Discover Egypt Tours\",\"isPartOf\":{\"@id\":\"https:\\\/\\\/www.mytoursegypt.com\\\/#website\"},\"primaryImageOfPage\":{\"@id\":\"https:\\\/\\\/mytoursegypt.com\\\/ge\\\/tour\\\/snorkeling-trip-to-tiran-island-from-sharm-el-sheikh\\\/#primaryimage\"},\"image\":{\"@id\":\"https:\\\/\\\/mytoursegypt.com\\\/ge\\\/tour\\\/snorkeling-trip-to-tiran-island-from-sharm-el-sheikh\\\/#primaryimage\"},\"thumbnailUrl\":\"https:\\\/\\\/mytoursegypt.com\\\/wp-content\\\/uploads\\\/2024\\\/05\\\/OIP-25.jpeg\",\"datePublished\":\"2024-05-31T17:56:05+00:00\",\"dateModified\":\"2024-07-02T04:14:33+00:00\",\"breadcrumb\":{\"@id\":\"https:\\\/\\\/mytoursegypt.com\\\/ge\\\/tour\\\/snorkeling-trip-to-tiran-island-from-sharm-el-sheikh\\\/#breadcrumb\"},\"inLanguage\":\"de\",\"potentialAction\":[{\"@type\":\"ReadAction\",\"target\":[\"https:\\\/\\\/mytoursegypt.com\\\/ge\\\/tour\\\/snorkeling-trip-to-tiran-island-from-sharm-el-sheikh\\\/\"]}]},{\"@type\":\"ImageObject\",\"inLanguage\":\"de\",\"@id\":\"https:\\\/\\\/mytoursegypt.com\\\/ge\\\/tour\\\/snorkeling-trip-to-tiran-island-from-sharm-el-sheikh\\\/#primaryimage\",\"url\":\"https:\\\/\\\/mytoursegypt.com\\\/wp-content\\\/uploads\\\/2024\\\/05\\\/OIP-25.jpeg\",\"contentUrl\":\"https:\\\/\\\/mytoursegypt.com\\\/wp-content\\\/uploads\\\/2024\\\/05\\\/OIP-25.jpeg\",\"width\":240,\"height\":180},{\"@type\":\"BreadcrumbList\",\"@id\":\"https:\\\/\\\/mytoursegypt.com\\\/ge\\\/tour\\\/snorkeling-trip-to-tiran-island-from-sharm-el-sheikh\\\/#breadcrumb\",\"itemListElement\":[{\"@type\":\"ListItem\",\"position\":1,\"name\":\"\u0627\u0644\u0631\u0626\u064a\u0633\u064a\u0629\",\"item\":\"https:\\\/\\\/mytoursegypt.com\\\/\"},{\"@type\":\"ListItem\",\"position\":2,\"name\":\"Shop\",\"item\":\"https:\\\/\\\/mytoursegypt.com\\\/ge\\\/shop\\\/\"},{\"@type\":\"ListItem\",\"position\":3,\"name\":\"Snorkeling Trip to Tiran Island from sharm el sheikh\"}]},{\"@type\":\"WebSite\",\"@id\":\"https:\\\/\\\/www.mytoursegypt.com\\\/#website\",\"url\":\"https:\\\/\\\/www.mytoursegypt.com\\\/\",\"name\":\"Discover Egypt Tours\",\"description\":\"Discover Egypt Your Guide to Top Attractions and Unique Experiences.\",\"publisher\":{\"@id\":\"https:\\\/\\\/www.mytoursegypt.com\\\/#organization\"},\"potentialAction\":[{\"@type\":\"SearchAction\",\"target\":{\"@type\":\"EntryPoint\",\"urlTemplate\":\"https:\\\/\\\/www.mytoursegypt.com\\\/?s={search_term_string}\"},\"query-input\":{\"@type\":\"PropertyValueSpecification\",\"valueRequired\":true,\"valueName\":\"search_term_string\"}}],\"inLanguage\":\"de\"},{\"@type\":\"Organization\",\"@id\":\"https:\\\/\\\/www.mytoursegypt.com\\\/#organization\",\"name\":\"Discover Egypt Tours\",\"url\":\"https:\\\/\\\/www.mytoursegypt.com\\\/\",\"logo\":{\"@type\":\"ImageObject\",\"inLanguage\":\"de\",\"@id\":\"https:\\\/\\\/www.mytoursegypt.com\\\/#\\\/schema\\\/logo\\\/image\\\/\",\"url\":\"https:\\\/\\\/mytoursegypt.com\\\/wp-content\\\/uploads\\\/2024\\\/06\\\/cropped-logo.png\",\"contentUrl\":\"https:\\\/\\\/mytoursegypt.com\\\/wp-content\\\/uploads\\\/2024\\\/06\\\/cropped-logo.png\",\"width\":512,\"height\":512,\"caption\":\"Discover Egypt Tours\"},\"image\":{\"@id\":\"https:\\\/\\\/www.mytoursegypt.com\\\/#\\\/schema\\\/logo\\\/image\\\/\"}}]}<\/script>\n<!-- \/ Yoast SEO plugin. -->","yoast_head_json":{"title":"Snorkeling Trip to Tiran Island from sharm el sheikh - Discover Egypt Tours","robots":{"index":"index","follow":"follow","max-snippet":"max-snippet:-1","max-image-preview":"max-image-preview:large","max-video-preview":"max-video-preview:-1"},"canonical":"https:\/\/mytoursegypt.com\/ge\/tour\/snorkeling-trip-to-tiran-island-from-sharm-el-sheikh\/","og_locale":"de_DE","og_type":"article","og_title":"Snorkeling Trip to Tiran Island from sharm el sheikh - Discover Egypt Tours","og_description":"Full day snorkeling trip impressive Tiran island  Explore life under the surface, snorkeling in the beautiful waters of the red sea  Enjoy a lazy day of sailing in the red sea  Enjoy lunch and soft drinks while on the boat","og_url":"https:\/\/mytoursegypt.com\/ge\/tour\/snorkeling-trip-to-tiran-island-from-sharm-el-sheikh\/","og_site_name":"Discover Egypt Tours","article_modified_time":"2024-07-02T04:14:33+00:00","og_image":[{"width":240,"height":180,"url":"https:\/\/mytoursegypt.com\/wp-content\/uploads\/2024\/05\/OIP-25.jpeg","type":"image\/jpeg"}],"twitter_card":"summary_large_image","twitter_misc":{"Gesch\u00e4tzte Lesezeit":"2\u00a0Minuten"},"schema":{"@context":"https:\/\/schema.org","@graph":[{"@type":"WebPage","@id":"https:\/\/mytoursegypt.com\/ge\/tour\/snorkeling-trip-to-tiran-island-from-sharm-el-sheikh\/","url":"https:\/\/mytoursegypt.com\/ge\/tour\/snorkeling-trip-to-tiran-island-from-sharm-el-sheikh\/","name":"Snorkeling Trip to Tiran Island from sharm el sheikh - Discover Egypt Tours","isPartOf":{"@id":"https:\/\/www.mytoursegypt.com\/#website"},"primaryImageOfPage":{"@id":"https:\/\/mytoursegypt.com\/ge\/tour\/snorkeling-trip-to-tiran-island-from-sharm-el-sheikh\/#primaryimage"},"image":{"@id":"https:\/\/mytoursegypt.com\/ge\/tour\/snorkeling-trip-to-tiran-island-from-sharm-el-sheikh\/#primaryimage"},"thumbnailUrl":"https:\/\/mytoursegypt.com\/wp-content\/uploads\/2024\/05\/OIP-25.jpeg","datePublished":"2024-05-31T17:56:05+00:00","dateModified":"2024-07-02T04:14:33+00:00","breadcrumb":{"@id":"https:\/\/mytoursegypt.com\/ge\/tour\/snorkeling-trip-to-tiran-island-from-sharm-el-sheikh\/#breadcrumb"},"inLanguage":"de","potentialAction":[{"@type":"ReadAction","target":["https:\/\/mytoursegypt.com\/ge\/tour\/snorkeling-trip-to-tiran-island-from-sharm-el-sheikh\/"]}]},{"@type":"ImageObject","inLanguage":"de","@id":"https:\/\/mytoursegypt.com\/ge\/tour\/snorkeling-trip-to-tiran-island-from-sharm-el-sheikh\/#primaryimage","url":"https:\/\/mytoursegypt.com\/wp-content\/uploads\/2024\/05\/OIP-25.jpeg","contentUrl":"https:\/\/mytoursegypt.com\/wp-content\/uploads\/2024\/05\/OIP-25.jpeg","width":240,"height":180},{"@type":"BreadcrumbList","@id":"https:\/\/mytoursegypt.com\/ge\/tour\/snorkeling-trip-to-tiran-island-from-sharm-el-sheikh\/#breadcrumb","itemListElement":[{"@type":"ListItem","position":1,"name":"\u0627\u0644\u0631\u0626\u064a\u0633\u064a\u0629","item":"https:\/\/mytoursegypt.com\/"},{"@type":"ListItem","position":2,"name":"Shop","item":"https:\/\/mytoursegypt.com\/ge\/shop\/"},{"@type":"ListItem","position":3,"name":"Snorkeling Trip to Tiran Island from sharm el sheikh"}]},{"@type":"WebSite","@id":"https:\/\/www.mytoursegypt.com\/#website","url":"https:\/\/www.mytoursegypt.com\/","name":"Discover Egypt Tours","description":"Discover Egypt Your Guide to Top Attractions and Unique Experiences.","publisher":{"@id":"https:\/\/www.mytoursegypt.com\/#organization"},"potentialAction":[{"@type":"SearchAction","target":{"@type":"EntryPoint","urlTemplate":"https:\/\/www.mytoursegypt.com\/?s={search_term_string}"},"query-input":{"@type":"PropertyValueSpecification","valueRequired":true,"valueName":"search_term_string"}}],"inLanguage":"de"},{"@type":"Organization","@id":"https:\/\/www.mytoursegypt.com\/#organization","name":"Discover Egypt Tours","url":"https:\/\/www.mytoursegypt.com\/","logo":{"@type":"ImageObject","inLanguage":"de","@id":"https:\/\/www.mytoursegypt.com\/#\/schema\/logo\/image\/","url":"https:\/\/mytoursegypt.com\/wp-content\/uploads\/2024\/06\/cropped-logo.png","contentUrl":"https:\/\/mytoursegypt.com\/wp-content\/uploads\/2024\/06\/cropped-logo.png","width":512,"height":512,"caption":"Discover Egypt Tours"},"image":{"@id":"https:\/\/www.mytoursegypt.com\/#\/schema\/logo\/image\/"}}]}},"_links":{"self":[{"href":"https:\/\/mytoursegypt.com\/ge\/wp-json\/wp\/v2\/product\/10323","targetHints":{"allow":["GET"]}}],"collection":[{"href":"https:\/\/mytoursegypt.com\/ge\/wp-json\/wp\/v2\/product"}],"about":[{"href":"https:\/\/mytoursegypt.com\/ge\/wp-json\/wp\/v2\/types\/product"}],"replies":[{"embeddable":true,"href":"https:\/\/mytoursegypt.com\/ge\/wp-json\/wp\/v2\/comments?post=10323"}],"version-history":[{"count":1,"href":"https:\/\/mytoursegypt.com\/ge\/wp-json\/wp\/v2\/product\/10323\/revisions"}],"predecessor-version":[{"id":10373,"href":"https:\/\/mytoursegypt.com\/ge\/wp-json\/wp\/v2\/product\/10323\/revisions\/10373"}],"wp:featuredmedia":[{"embeddable":true,"href":"https:\/\/mytoursegypt.com\/ge\/wp-json\/wp\/v2\/media\/10378"}],"wp:attachment":[{"href":"https:\/\/mytoursegypt.com\/ge\/wp-json\/wp\/v2\/media?parent=10323"}],"wp:term":[{"taxonomy":"product_brand","embeddable":true,"href":"https:\/\/mytoursegypt.com\/ge\/wp-json\/wp\/v2\/product_brand?post=10323"},{"taxonomy":"product_cat","embeddable":true,"href":"https:\/\/mytoursegypt.com\/ge\/wp-json\/wp\/v2\/product_cat?post=10323"},{"taxonomy":"product_tag","embeddable":true,"href":"https:\/\/mytoursegypt.com\/ge\/wp-json\/wp\/v2\/product_tag?post=10323"}],"curies":[{"name":"wp","href":"https:\/\/api.w.org\/{rel}","templated":true}]}}