{"id":10326,"date":"2024-05-31T17:57:06","date_gmt":"2024-05-31T17:57:06","guid":{"rendered":"https:\/\/bookingegypttour.com\/?post_type=product&#038;p=10326"},"modified":"2024-07-02T04:14:27","modified_gmt":"2024-07-02T04:14:27","slug":"swim-tour-with-dolphins-in-sharm-el-sheikh","status":"publish","type":"product","link":"https:\/\/mytoursegypt.com\/ge\/tour\/swim-tour-with-dolphins-in-sharm-el-sheikh\/","title":{"rendered":"Ausflug zum Schwimmen mit den Delfinen in Sharm El Sheikh"},"content":{"rendered":"<div class=\"row\">\n<div class=\"col-md-9\">\n<div class=\"vc_row wpb_row row vc_custom_1514476595687\">\n<div class=\"col-sm-12\">\n<div>\n<p>Sharm El Sheikh\u00a0offers the unique opportunity for tourists to swim with some of the most beautiful creatures in the water \u2013 the dolphins! Our\u00a0<strong>Schwimmen Sie mit Delfinen bei einem Ausflug nach Sharm<\/strong>\u00a0erm\u00f6glicht es Ihnen, tats\u00e4chlich im Wasser zu sein und diese atemberaubenden Tiere zu ber\u00fchren, w\u00e4hrend sie um Sie herum schwimmen und spielen!<\/p>\n<p>Unser Guide von bookingegypttour holt Sie um 10.00 Uhr von Ihrem Hotel ab und f\u00e4hrt nach Dolphina Sharm.<\/p>\n<p>Dar\u00fcber hinaus m\u00fcssen Sie sich nicht mit gro\u00dfen Menschenmengen herumschlagen, da Sie sich tats\u00e4chlich f\u00fcr eine bestimmte Zeit (normalerweise zwischen 15 und 30 Minuten) in einem abgelegenen Pool befinden. Es gibt drei Delfine im Pool und zwei Personen d\u00fcrfen gleichzeitig hinein! Nehmen Sie sich einen Moment Ihres Tages, um etwas Unvergessliches zu erleben!<\/p>\n<\/div>\n<\/div>\n<\/div>\n<div class=\"vc_row wpb_row row vc_custom_1514473697959\">\n<div class=\"col-sm-6\">\n<h4 class=\"vc_custom_heading\"><\/h4>\n<\/div>\n<div class=\"col-sm-6\">\n<div>\n<p>&nbsp;<\/p>\n<p>&nbsp;<\/p>\n<\/div>\n<\/div>\n<\/div>\n<\/div>\n<\/div>","protected":false},"excerpt":{"rendered":"<p>Swim with friendly dolphins in Dolphinella Sharm<\/p>\n<p>Play and pet 3 lovable dolphins<\/p>\n<p>Learn more about the life and habitats of dolphins<\/p>\n<p>Popular choice with kids<\/p>","protected":false},"featured_media":10369,"comment_status":"open","ping_status":"closed","template":"","meta":[],"product_brand":[],"product_cat":[15],"product_tag":[],"class_list":{"0":"post-10326","1":"product","2":"type-product","3":"status-publish","4":"has-post-thumbnail","6":"product_cat-uncategorized","8":"first","9":"instock","10":"sale","11":"shipping-taxable","12":"purchasable","13":"product-type-ovabrw_car_rental"},"yoast_head":"<!-- This site is optimized with the Yoast SEO plugin v27.4 - https:\/\/yoast.com\/product\/yoast-seo-wordpress\/ -->\n<title>Swim tour with Dolphins in Sharm El Sheikh - Discover Egypt Tours<\/title>\n<meta name=\"robots\" content=\"index, follow, max-snippet:-1, max-image-preview:large, max-video-preview:-1\" \/>\n<link rel=\"canonical\" href=\"https:\/\/www.mytoursegypt.com\/ge\/tour\/swim-tour-with-dolphins-in-sharm-el-sheikh\/\" \/>\n<meta property=\"og:locale\" content=\"de_DE\" \/>\n<meta property=\"og:type\" content=\"article\" \/>\n<meta property=\"og:title\" content=\"Swim tour with Dolphins in Sharm El Sheikh - Discover Egypt Tours\" \/>\n<meta property=\"og:description\" content=\"Swim with friendly dolphins in Dolphinella Sharm  Play and pet 3 lovable dolphins  Learn more about the life and habitats of dolphins  Popular choice with kids\" \/>\n<meta property=\"og:url\" content=\"https:\/\/www.mytoursegypt.com\/ge\/tour\/swim-tour-with-dolphins-in-sharm-el-sheikh\/\" \/>\n<meta property=\"og:site_name\" content=\"Discover Egypt Tours\" \/>\n<meta property=\"article:modified_time\" content=\"2024-07-02T04:14:27+00:00\" \/>\n<meta property=\"og:image\" content=\"https:\/\/www.mytoursegypt.com\/wp-content\/uploads\/2024\/05\/download-2024-06-01T130134.884.jpeg\" \/>\n\t<meta property=\"og:image:width\" content=\"250\" \/>\n\t<meta property=\"og:image:height\" content=\"180\" \/>\n\t<meta property=\"og:image:type\" content=\"image\/jpeg\" \/>\n<meta name=\"twitter:card\" content=\"summary_large_image\" \/>\n<meta name=\"twitter:label1\" content=\"Gesch\u00e4tzte Lesezeit\" \/>\n\t<meta name=\"twitter:data1\" content=\"1\u00a0Minute\" \/>\n<script type=\"application\/ld+json\" class=\"yoast-schema-graph\">{\"@context\":\"https:\\\/\\\/schema.org\",\"@graph\":[{\"@type\":\"WebPage\",\"@id\":\"https:\\\/\\\/www.mytoursegypt.com\\\/ge\\\/tour\\\/swim-tour-with-dolphins-in-sharm-el-sheikh\\\/\",\"url\":\"https:\\\/\\\/www.mytoursegypt.com\\\/ge\\\/tour\\\/swim-tour-with-dolphins-in-sharm-el-sheikh\\\/\",\"name\":\"Swim tour with Dolphins in Sharm El Sheikh - Discover Egypt Tours\",\"isPartOf\":{\"@id\":\"https:\\\/\\\/www.mytoursegypt.com\\\/#website\"},\"primaryImageOfPage\":{\"@id\":\"https:\\\/\\\/www.mytoursegypt.com\\\/ge\\\/tour\\\/swim-tour-with-dolphins-in-sharm-el-sheikh\\\/#primaryimage\"},\"image\":{\"@id\":\"https:\\\/\\\/www.mytoursegypt.com\\\/ge\\\/tour\\\/swim-tour-with-dolphins-in-sharm-el-sheikh\\\/#primaryimage\"},\"thumbnailUrl\":\"https:\\\/\\\/mytoursegypt.com\\\/wp-content\\\/uploads\\\/2024\\\/05\\\/download-2024-06-01T130134.884.jpeg\",\"datePublished\":\"2024-05-31T17:57:06+00:00\",\"dateModified\":\"2024-07-02T04:14:27+00:00\",\"breadcrumb\":{\"@id\":\"https:\\\/\\\/www.mytoursegypt.com\\\/ge\\\/tour\\\/swim-tour-with-dolphins-in-sharm-el-sheikh\\\/#breadcrumb\"},\"inLanguage\":\"de\",\"potentialAction\":[{\"@type\":\"ReadAction\",\"target\":[\"https:\\\/\\\/www.mytoursegypt.com\\\/ge\\\/tour\\\/swim-tour-with-dolphins-in-sharm-el-sheikh\\\/\"]}]},{\"@type\":\"ImageObject\",\"inLanguage\":\"de\",\"@id\":\"https:\\\/\\\/www.mytoursegypt.com\\\/ge\\\/tour\\\/swim-tour-with-dolphins-in-sharm-el-sheikh\\\/#primaryimage\",\"url\":\"https:\\\/\\\/mytoursegypt.com\\\/wp-content\\\/uploads\\\/2024\\\/05\\\/download-2024-06-01T130134.884.jpeg\",\"contentUrl\":\"https:\\\/\\\/mytoursegypt.com\\\/wp-content\\\/uploads\\\/2024\\\/05\\\/download-2024-06-01T130134.884.jpeg\",\"width\":250,\"height\":180},{\"@type\":\"BreadcrumbList\",\"@id\":\"https:\\\/\\\/www.mytoursegypt.com\\\/ge\\\/tour\\\/swim-tour-with-dolphins-in-sharm-el-sheikh\\\/#breadcrumb\",\"itemListElement\":[{\"@type\":\"ListItem\",\"position\":1,\"name\":\"\u0627\u0644\u0631\u0626\u064a\u0633\u064a\u0629\",\"item\":\"https:\\\/\\\/mytoursegypt.com\\\/\"},{\"@type\":\"ListItem\",\"position\":2,\"name\":\"Shop\",\"item\":\"https:\\\/\\\/mytoursegypt.com\\\/ge\\\/shop\\\/\"},{\"@type\":\"ListItem\",\"position\":3,\"name\":\"Swim tour with Dolphins in Sharm El Sheikh\"}]},{\"@type\":\"WebSite\",\"@id\":\"https:\\\/\\\/www.mytoursegypt.com\\\/#website\",\"url\":\"https:\\\/\\\/www.mytoursegypt.com\\\/\",\"name\":\"Discover Egypt Tours\",\"description\":\"Discover Egypt Your Guide to Top Attractions and Unique Experiences.\",\"publisher\":{\"@id\":\"https:\\\/\\\/www.mytoursegypt.com\\\/#organization\"},\"potentialAction\":[{\"@type\":\"SearchAction\",\"target\":{\"@type\":\"EntryPoint\",\"urlTemplate\":\"https:\\\/\\\/www.mytoursegypt.com\\\/?s={search_term_string}\"},\"query-input\":{\"@type\":\"PropertyValueSpecification\",\"valueRequired\":true,\"valueName\":\"search_term_string\"}}],\"inLanguage\":\"de\"},{\"@type\":\"Organization\",\"@id\":\"https:\\\/\\\/www.mytoursegypt.com\\\/#organization\",\"name\":\"Discover Egypt Tours\",\"url\":\"https:\\\/\\\/www.mytoursegypt.com\\\/\",\"logo\":{\"@type\":\"ImageObject\",\"inLanguage\":\"de\",\"@id\":\"https:\\\/\\\/www.mytoursegypt.com\\\/#\\\/schema\\\/logo\\\/image\\\/\",\"url\":\"https:\\\/\\\/mytoursegypt.com\\\/wp-content\\\/uploads\\\/2024\\\/06\\\/cropped-logo.png\",\"contentUrl\":\"https:\\\/\\\/mytoursegypt.com\\\/wp-content\\\/uploads\\\/2024\\\/06\\\/cropped-logo.png\",\"width\":512,\"height\":512,\"caption\":\"Discover Egypt Tours\"},\"image\":{\"@id\":\"https:\\\/\\\/www.mytoursegypt.com\\\/#\\\/schema\\\/logo\\\/image\\\/\"}}]}<\/script>\n<!-- \/ Yoast SEO plugin. -->","yoast_head_json":{"title":"Swim tour with Dolphins in Sharm El Sheikh - Discover Egypt Tours","robots":{"index":"index","follow":"follow","max-snippet":"max-snippet:-1","max-image-preview":"max-image-preview:large","max-video-preview":"max-video-preview:-1"},"canonical":"https:\/\/www.mytoursegypt.com\/ge\/tour\/swim-tour-with-dolphins-in-sharm-el-sheikh\/","og_locale":"de_DE","og_type":"article","og_title":"Swim tour with Dolphins in Sharm El Sheikh - Discover Egypt Tours","og_description":"Swim with friendly dolphins in Dolphinella Sharm  Play and pet 3 lovable dolphins  Learn more about the life and habitats of dolphins  Popular choice with kids","og_url":"https:\/\/www.mytoursegypt.com\/ge\/tour\/swim-tour-with-dolphins-in-sharm-el-sheikh\/","og_site_name":"Discover Egypt Tours","article_modified_time":"2024-07-02T04:14:27+00:00","og_image":[{"width":250,"height":180,"url":"https:\/\/www.mytoursegypt.com\/wp-content\/uploads\/2024\/05\/download-2024-06-01T130134.884.jpeg","type":"image\/jpeg"}],"twitter_card":"summary_large_image","twitter_misc":{"Gesch\u00e4tzte Lesezeit":"1\u00a0Minute"},"schema":{"@context":"https:\/\/schema.org","@graph":[{"@type":"WebPage","@id":"https:\/\/www.mytoursegypt.com\/ge\/tour\/swim-tour-with-dolphins-in-sharm-el-sheikh\/","url":"https:\/\/www.mytoursegypt.com\/ge\/tour\/swim-tour-with-dolphins-in-sharm-el-sheikh\/","name":"Swim tour with Dolphins in Sharm El Sheikh - Discover Egypt Tours","isPartOf":{"@id":"https:\/\/www.mytoursegypt.com\/#website"},"primaryImageOfPage":{"@id":"https:\/\/www.mytoursegypt.com\/ge\/tour\/swim-tour-with-dolphins-in-sharm-el-sheikh\/#primaryimage"},"image":{"@id":"https:\/\/www.mytoursegypt.com\/ge\/tour\/swim-tour-with-dolphins-in-sharm-el-sheikh\/#primaryimage"},"thumbnailUrl":"https:\/\/mytoursegypt.com\/wp-content\/uploads\/2024\/05\/download-2024-06-01T130134.884.jpeg","datePublished":"2024-05-31T17:57:06+00:00","dateModified":"2024-07-02T04:14:27+00:00","breadcrumb":{"@id":"https:\/\/www.mytoursegypt.com\/ge\/tour\/swim-tour-with-dolphins-in-sharm-el-sheikh\/#breadcrumb"},"inLanguage":"de","potentialAction":[{"@type":"ReadAction","target":["https:\/\/www.mytoursegypt.com\/ge\/tour\/swim-tour-with-dolphins-in-sharm-el-sheikh\/"]}]},{"@type":"ImageObject","inLanguage":"de","@id":"https:\/\/www.mytoursegypt.com\/ge\/tour\/swim-tour-with-dolphins-in-sharm-el-sheikh\/#primaryimage","url":"https:\/\/mytoursegypt.com\/wp-content\/uploads\/2024\/05\/download-2024-06-01T130134.884.jpeg","contentUrl":"https:\/\/mytoursegypt.com\/wp-content\/uploads\/2024\/05\/download-2024-06-01T130134.884.jpeg","width":250,"height":180},{"@type":"BreadcrumbList","@id":"https:\/\/www.mytoursegypt.com\/ge\/tour\/swim-tour-with-dolphins-in-sharm-el-sheikh\/#breadcrumb","itemListElement":[{"@type":"ListItem","position":1,"name":"\u0627\u0644\u0631\u0626\u064a\u0633\u064a\u0629","item":"https:\/\/mytoursegypt.com\/"},{"@type":"ListItem","position":2,"name":"Shop","item":"https:\/\/mytoursegypt.com\/ge\/shop\/"},{"@type":"ListItem","position":3,"name":"Swim tour with Dolphins in Sharm El Sheikh"}]},{"@type":"WebSite","@id":"https:\/\/www.mytoursegypt.com\/#website","url":"https:\/\/www.mytoursegypt.com\/","name":"Discover Egypt Tours","description":"Discover Egypt Your Guide to Top Attractions and Unique Experiences.","publisher":{"@id":"https:\/\/www.mytoursegypt.com\/#organization"},"potentialAction":[{"@type":"SearchAction","target":{"@type":"EntryPoint","urlTemplate":"https:\/\/www.mytoursegypt.com\/?s={search_term_string}"},"query-input":{"@type":"PropertyValueSpecification","valueRequired":true,"valueName":"search_term_string"}}],"inLanguage":"de"},{"@type":"Organization","@id":"https:\/\/www.mytoursegypt.com\/#organization","name":"Discover Egypt Tours","url":"https:\/\/www.mytoursegypt.com\/","logo":{"@type":"ImageObject","inLanguage":"de","@id":"https:\/\/www.mytoursegypt.com\/#\/schema\/logo\/image\/","url":"https:\/\/mytoursegypt.com\/wp-content\/uploads\/2024\/06\/cropped-logo.png","contentUrl":"https:\/\/mytoursegypt.com\/wp-content\/uploads\/2024\/06\/cropped-logo.png","width":512,"height":512,"caption":"Discover Egypt Tours"},"image":{"@id":"https:\/\/www.mytoursegypt.com\/#\/schema\/logo\/image\/"}}]}},"_links":{"self":[{"href":"https:\/\/mytoursegypt.com\/ge\/wp-json\/wp\/v2\/product\/10326","targetHints":{"allow":["GET"]}}],"collection":[{"href":"https:\/\/mytoursegypt.com\/ge\/wp-json\/wp\/v2\/product"}],"about":[{"href":"https:\/\/mytoursegypt.com\/ge\/wp-json\/wp\/v2\/types\/product"}],"replies":[{"embeddable":true,"href":"https:\/\/mytoursegypt.com\/ge\/wp-json\/wp\/v2\/comments?post=10326"}],"version-history":[{"count":1,"href":"https:\/\/mytoursegypt.com\/ge\/wp-json\/wp\/v2\/product\/10326\/revisions"}],"predecessor-version":[{"id":10368,"href":"https:\/\/mytoursegypt.com\/ge\/wp-json\/wp\/v2\/product\/10326\/revisions\/10368"}],"wp:featuredmedia":[{"embeddable":true,"href":"https:\/\/mytoursegypt.com\/ge\/wp-json\/wp\/v2\/media\/10369"}],"wp:attachment":[{"href":"https:\/\/mytoursegypt.com\/ge\/wp-json\/wp\/v2\/media?parent=10326"}],"wp:term":[{"taxonomy":"product_brand","embeddable":true,"href":"https:\/\/mytoursegypt.com\/ge\/wp-json\/wp\/v2\/product_brand?post=10326"},{"taxonomy":"product_cat","embeddable":true,"href":"https:\/\/mytoursegypt.com\/ge\/wp-json\/wp\/v2\/product_cat?post=10326"},{"taxonomy":"product_tag","embeddable":true,"href":"https:\/\/mytoursegypt.com\/ge\/wp-json\/wp\/v2\/product_tag?post=10326"}],"curies":[{"name":"wp","href":"https:\/\/api.w.org\/{rel}","templated":true}]}}