{"id":10328,"date":"2024-05-31T17:59:09","date_gmt":"2024-05-31T17:59:09","guid":{"rendered":"https:\/\/bookingegypttour.com\/?post_type=product&#038;p=10328"},"modified":"2024-07-02T04:14:20","modified_gmt":"2024-07-02T04:14:20","slug":"tour-to-aquapark-in-sharm-el-sheikh","status":"publish","type":"product","link":"https:\/\/mytoursegypt.com\/ge\/tour\/tour-to-aquapark-in-sharm-el-sheikh\/","title":{"rendered":"Auslug zum Wasser Park  Aqua Blu Sharm im Sharm el Sheikh"},"content":{"rendered":"<div class=\"vc_row wpb_row row vc_custom_1514476595687\">\n<div class=\"col-sm-12\">\n<div>\n<p>No matter what time of year you arrive in Sharm, nothing will feel more refreshing than a dip in some cool waters at <strong>the<\/strong>\u00a0<strong>Wasserpark<\/strong>! There are over 32 different water slides including wave machines, which makes it the biggest park in\u00a0Sharm El Sheikh. You don\u2019t just have to be a kid to go there. Our\u00a0<strong>Tour zum Aquapark in Sharm el Sheikh<\/strong>\u00a0ist sowohl f\u00fcr Paare als auch f\u00fcr Familien ideal und verf\u00fcgt \u00fcber gro\u00dfe Pools und gro\u00dfz\u00fcgige Sonnenterrassen.<\/p>\n<p>Wenn Sie den Aquapark einen Tag lang besuchen m\u00f6chten, holen wir Sie um 09:30 Uhr von Ihrem Hotel ab und fahren etwa 20 Minuten. Bei Ihrer Ankunft \u00fcberreicht Ihnen unser Reiseleiter die Eintrittskarten f\u00fcr Getr\u00e4nke und vereinbart mit Ihnen den Zeitpunkt, zu dem Sie zu Ihrem Hotel zur\u00fcckkehren m\u00f6chten.<\/p>\n<\/div>\n<\/div>\n<\/div>","protected":false},"excerpt":{"rendered":"<ul class=\"list_ok\">\n<li>Enjoy a perfect day with your family at Aquapark in Sharm<\/li>\n<li>Visit the biggest water park in Sharm el Sheikh<\/li>\n<li>Experience 32 slides, 9 pools and an many other activites<\/li>\n<li>Relax in a safe and comfortable atmosphere<\/li>\n<\/ul>","protected":false},"featured_media":10364,"comment_status":"open","ping_status":"closed","template":"","meta":[],"product_brand":[],"product_cat":[15],"product_tag":[],"class_list":{"0":"post-10328","1":"product","2":"type-product","3":"status-publish","4":"has-post-thumbnail","6":"product_cat-uncategorized","8":"first","9":"instock","10":"sale","11":"shipping-taxable","12":"purchasable","13":"product-type-ovabrw_car_rental"},"yoast_head":"<!-- This site is optimized with the Yoast SEO plugin v27.4 - https:\/\/yoast.com\/product\/yoast-seo-wordpress\/ -->\n<title>Tour to Aquapark in Sharm el Sheikh - Discover Egypt Tours<\/title>\n<meta name=\"robots\" content=\"index, follow, max-snippet:-1, max-image-preview:large, max-video-preview:-1\" \/>\n<link rel=\"canonical\" href=\"https:\/\/mytoursegypt.com\/ge\/tour\/tour-to-aquapark-in-sharm-el-sheikh\/\" \/>\n<meta property=\"og:locale\" content=\"de_DE\" \/>\n<meta property=\"og:type\" content=\"article\" \/>\n<meta property=\"og:title\" content=\"Tour to Aquapark in Sharm el Sheikh - Discover Egypt Tours\" \/>\n<meta property=\"og:description\" content=\"Enjoy a perfect day with your family at Aquapark in Sharm  Visit the biggest water park in Sharm el Sheikh  Experience 32 slides, 9 pools and an many other activites  Relax in a safe and comfortable atmosphere\" \/>\n<meta property=\"og:url\" content=\"https:\/\/mytoursegypt.com\/ge\/tour\/tour-to-aquapark-in-sharm-el-sheikh\/\" \/>\n<meta property=\"og:site_name\" content=\"Discover Egypt Tours\" \/>\n<meta property=\"article:modified_time\" content=\"2024-07-02T04:14:20+00:00\" \/>\n<meta property=\"og:image\" content=\"https:\/\/mytoursegypt.com\/wp-content\/uploads\/2024\/05\/download-2024-06-01T010534.325.jpeg\" \/>\n\t<meta property=\"og:image:width\" content=\"247\" \/>\n\t<meta property=\"og:image:height\" content=\"180\" \/>\n\t<meta property=\"og:image:type\" content=\"image\/jpeg\" \/>\n<meta name=\"twitter:card\" content=\"summary_large_image\" \/>\n<meta name=\"twitter:label1\" content=\"Gesch\u00e4tzte Lesezeit\" \/>\n\t<meta name=\"twitter:data1\" content=\"1\u00a0Minute\" \/>\n<script type=\"application\/ld+json\" class=\"yoast-schema-graph\">{\"@context\":\"https:\\\/\\\/schema.org\",\"@graph\":[{\"@type\":\"WebPage\",\"@id\":\"https:\\\/\\\/mytoursegypt.com\\\/tour\\\/tour-to-aquapark-in-sharm-el-sheikh\\\/\",\"url\":\"https:\\\/\\\/mytoursegypt.com\\\/tour\\\/tour-to-aquapark-in-sharm-el-sheikh\\\/\",\"name\":\"Tour to Aquapark in Sharm el Sheikh - Discover Egypt Tours\",\"isPartOf\":{\"@id\":\"https:\\\/\\\/www.mytoursegypt.com\\\/#website\"},\"primaryImageOfPage\":{\"@id\":\"https:\\\/\\\/mytoursegypt.com\\\/tour\\\/tour-to-aquapark-in-sharm-el-sheikh\\\/#primaryimage\"},\"image\":{\"@id\":\"https:\\\/\\\/mytoursegypt.com\\\/tour\\\/tour-to-aquapark-in-sharm-el-sheikh\\\/#primaryimage\"},\"thumbnailUrl\":\"https:\\\/\\\/mytoursegypt.com\\\/wp-content\\\/uploads\\\/2024\\\/05\\\/download-2024-06-01T010534.325.jpeg\",\"datePublished\":\"2024-05-31T17:59:09+00:00\",\"dateModified\":\"2024-07-02T04:14:20+00:00\",\"breadcrumb\":{\"@id\":\"https:\\\/\\\/mytoursegypt.com\\\/tour\\\/tour-to-aquapark-in-sharm-el-sheikh\\\/#breadcrumb\"},\"inLanguage\":\"de\",\"potentialAction\":[{\"@type\":\"ReadAction\",\"target\":[\"https:\\\/\\\/mytoursegypt.com\\\/tour\\\/tour-to-aquapark-in-sharm-el-sheikh\\\/\"]}]},{\"@type\":\"ImageObject\",\"inLanguage\":\"de\",\"@id\":\"https:\\\/\\\/mytoursegypt.com\\\/tour\\\/tour-to-aquapark-in-sharm-el-sheikh\\\/#primaryimage\",\"url\":\"https:\\\/\\\/mytoursegypt.com\\\/wp-content\\\/uploads\\\/2024\\\/05\\\/download-2024-06-01T010534.325.jpeg\",\"contentUrl\":\"https:\\\/\\\/mytoursegypt.com\\\/wp-content\\\/uploads\\\/2024\\\/05\\\/download-2024-06-01T010534.325.jpeg\",\"width\":247,\"height\":180},{\"@type\":\"BreadcrumbList\",\"@id\":\"https:\\\/\\\/mytoursegypt.com\\\/tour\\\/tour-to-aquapark-in-sharm-el-sheikh\\\/#breadcrumb\",\"itemListElement\":[{\"@type\":\"ListItem\",\"position\":1,\"name\":\"\u0627\u0644\u0631\u0626\u064a\u0633\u064a\u0629\",\"item\":\"https:\\\/\\\/mytoursegypt.com\\\/\"},{\"@type\":\"ListItem\",\"position\":2,\"name\":\"Shop\",\"item\":\"https:\\\/\\\/mytoursegypt.com\\\/ge\\\/shop\\\/\"},{\"@type\":\"ListItem\",\"position\":3,\"name\":\"Tour to Aquapark in Sharm el Sheikh\"}]},{\"@type\":\"WebSite\",\"@id\":\"https:\\\/\\\/www.mytoursegypt.com\\\/#website\",\"url\":\"https:\\\/\\\/www.mytoursegypt.com\\\/\",\"name\":\"Discover Egypt Tours\",\"description\":\"Discover Egypt Your Guide to Top Attractions and Unique Experiences.\",\"publisher\":{\"@id\":\"https:\\\/\\\/www.mytoursegypt.com\\\/#organization\"},\"potentialAction\":[{\"@type\":\"SearchAction\",\"target\":{\"@type\":\"EntryPoint\",\"urlTemplate\":\"https:\\\/\\\/www.mytoursegypt.com\\\/?s={search_term_string}\"},\"query-input\":{\"@type\":\"PropertyValueSpecification\",\"valueRequired\":true,\"valueName\":\"search_term_string\"}}],\"inLanguage\":\"de\"},{\"@type\":\"Organization\",\"@id\":\"https:\\\/\\\/www.mytoursegypt.com\\\/#organization\",\"name\":\"Discover Egypt Tours\",\"url\":\"https:\\\/\\\/www.mytoursegypt.com\\\/\",\"logo\":{\"@type\":\"ImageObject\",\"inLanguage\":\"de\",\"@id\":\"https:\\\/\\\/www.mytoursegypt.com\\\/#\\\/schema\\\/logo\\\/image\\\/\",\"url\":\"https:\\\/\\\/mytoursegypt.com\\\/wp-content\\\/uploads\\\/2024\\\/06\\\/cropped-logo.png\",\"contentUrl\":\"https:\\\/\\\/mytoursegypt.com\\\/wp-content\\\/uploads\\\/2024\\\/06\\\/cropped-logo.png\",\"width\":512,\"height\":512,\"caption\":\"Discover Egypt Tours\"},\"image\":{\"@id\":\"https:\\\/\\\/www.mytoursegypt.com\\\/#\\\/schema\\\/logo\\\/image\\\/\"}}]}<\/script>\n<!-- \/ Yoast SEO plugin. -->","yoast_head_json":{"title":"Tour to Aquapark in Sharm el Sheikh - Discover Egypt Tours","robots":{"index":"index","follow":"follow","max-snippet":"max-snippet:-1","max-image-preview":"max-image-preview:large","max-video-preview":"max-video-preview:-1"},"canonical":"https:\/\/mytoursegypt.com\/ge\/tour\/tour-to-aquapark-in-sharm-el-sheikh\/","og_locale":"de_DE","og_type":"article","og_title":"Tour to Aquapark in Sharm el Sheikh - Discover Egypt Tours","og_description":"Enjoy a perfect day with your family at Aquapark in Sharm  Visit the biggest water park in Sharm el Sheikh  Experience 32 slides, 9 pools and an many other activites  Relax in a safe and comfortable atmosphere","og_url":"https:\/\/mytoursegypt.com\/ge\/tour\/tour-to-aquapark-in-sharm-el-sheikh\/","og_site_name":"Discover Egypt Tours","article_modified_time":"2024-07-02T04:14:20+00:00","og_image":[{"width":247,"height":180,"url":"https:\/\/mytoursegypt.com\/wp-content\/uploads\/2024\/05\/download-2024-06-01T010534.325.jpeg","type":"image\/jpeg"}],"twitter_card":"summary_large_image","twitter_misc":{"Gesch\u00e4tzte Lesezeit":"1\u00a0Minute"},"schema":{"@context":"https:\/\/schema.org","@graph":[{"@type":"WebPage","@id":"https:\/\/mytoursegypt.com\/tour\/tour-to-aquapark-in-sharm-el-sheikh\/","url":"https:\/\/mytoursegypt.com\/tour\/tour-to-aquapark-in-sharm-el-sheikh\/","name":"Tour to Aquapark in Sharm el Sheikh - Discover Egypt Tours","isPartOf":{"@id":"https:\/\/www.mytoursegypt.com\/#website"},"primaryImageOfPage":{"@id":"https:\/\/mytoursegypt.com\/tour\/tour-to-aquapark-in-sharm-el-sheikh\/#primaryimage"},"image":{"@id":"https:\/\/mytoursegypt.com\/tour\/tour-to-aquapark-in-sharm-el-sheikh\/#primaryimage"},"thumbnailUrl":"https:\/\/mytoursegypt.com\/wp-content\/uploads\/2024\/05\/download-2024-06-01T010534.325.jpeg","datePublished":"2024-05-31T17:59:09+00:00","dateModified":"2024-07-02T04:14:20+00:00","breadcrumb":{"@id":"https:\/\/mytoursegypt.com\/tour\/tour-to-aquapark-in-sharm-el-sheikh\/#breadcrumb"},"inLanguage":"de","potentialAction":[{"@type":"ReadAction","target":["https:\/\/mytoursegypt.com\/tour\/tour-to-aquapark-in-sharm-el-sheikh\/"]}]},{"@type":"ImageObject","inLanguage":"de","@id":"https:\/\/mytoursegypt.com\/tour\/tour-to-aquapark-in-sharm-el-sheikh\/#primaryimage","url":"https:\/\/mytoursegypt.com\/wp-content\/uploads\/2024\/05\/download-2024-06-01T010534.325.jpeg","contentUrl":"https:\/\/mytoursegypt.com\/wp-content\/uploads\/2024\/05\/download-2024-06-01T010534.325.jpeg","width":247,"height":180},{"@type":"BreadcrumbList","@id":"https:\/\/mytoursegypt.com\/tour\/tour-to-aquapark-in-sharm-el-sheikh\/#breadcrumb","itemListElement":[{"@type":"ListItem","position":1,"name":"\u0627\u0644\u0631\u0626\u064a\u0633\u064a\u0629","item":"https:\/\/mytoursegypt.com\/"},{"@type":"ListItem","position":2,"name":"Shop","item":"https:\/\/mytoursegypt.com\/ge\/shop\/"},{"@type":"ListItem","position":3,"name":"Tour to Aquapark in Sharm el Sheikh"}]},{"@type":"WebSite","@id":"https:\/\/www.mytoursegypt.com\/#website","url":"https:\/\/www.mytoursegypt.com\/","name":"Discover Egypt Tours","description":"Discover Egypt Your Guide to Top Attractions and Unique Experiences.","publisher":{"@id":"https:\/\/www.mytoursegypt.com\/#organization"},"potentialAction":[{"@type":"SearchAction","target":{"@type":"EntryPoint","urlTemplate":"https:\/\/www.mytoursegypt.com\/?s={search_term_string}"},"query-input":{"@type":"PropertyValueSpecification","valueRequired":true,"valueName":"search_term_string"}}],"inLanguage":"de"},{"@type":"Organization","@id":"https:\/\/www.mytoursegypt.com\/#organization","name":"Discover Egypt Tours","url":"https:\/\/www.mytoursegypt.com\/","logo":{"@type":"ImageObject","inLanguage":"de","@id":"https:\/\/www.mytoursegypt.com\/#\/schema\/logo\/image\/","url":"https:\/\/mytoursegypt.com\/wp-content\/uploads\/2024\/06\/cropped-logo.png","contentUrl":"https:\/\/mytoursegypt.com\/wp-content\/uploads\/2024\/06\/cropped-logo.png","width":512,"height":512,"caption":"Discover Egypt Tours"},"image":{"@id":"https:\/\/www.mytoursegypt.com\/#\/schema\/logo\/image\/"}}]}},"_links":{"self":[{"href":"https:\/\/mytoursegypt.com\/ge\/wp-json\/wp\/v2\/product\/10328","targetHints":{"allow":["GET"]}}],"collection":[{"href":"https:\/\/mytoursegypt.com\/ge\/wp-json\/wp\/v2\/product"}],"about":[{"href":"https:\/\/mytoursegypt.com\/ge\/wp-json\/wp\/v2\/types\/product"}],"replies":[{"embeddable":true,"href":"https:\/\/mytoursegypt.com\/ge\/wp-json\/wp\/v2\/comments?post=10328"}],"version-history":[{"count":1,"href":"https:\/\/mytoursegypt.com\/ge\/wp-json\/wp\/v2\/product\/10328\/revisions"}],"predecessor-version":[{"id":10363,"href":"https:\/\/mytoursegypt.com\/ge\/wp-json\/wp\/v2\/product\/10328\/revisions\/10363"}],"wp:featuredmedia":[{"embeddable":true,"href":"https:\/\/mytoursegypt.com\/ge\/wp-json\/wp\/v2\/media\/10364"}],"wp:attachment":[{"href":"https:\/\/mytoursegypt.com\/ge\/wp-json\/wp\/v2\/media?parent=10328"}],"wp:term":[{"taxonomy":"product_brand","embeddable":true,"href":"https:\/\/mytoursegypt.com\/ge\/wp-json\/wp\/v2\/product_brand?post=10328"},{"taxonomy":"product_cat","embeddable":true,"href":"https:\/\/mytoursegypt.com\/ge\/wp-json\/wp\/v2\/product_cat?post=10328"},{"taxonomy":"product_tag","embeddable":true,"href":"https:\/\/mytoursegypt.com\/ge\/wp-json\/wp\/v2\/product_tag?post=10328"}],"curies":[{"name":"wp","href":"https:\/\/api.w.org\/{rel}","templated":true}]}}