{"id":10331,"date":"2024-05-31T18:00:21","date_gmt":"2024-05-31T18:00:21","guid":{"rendered":"https:\/\/bookingegypttour.com\/?post_type=product&#038;p=10331"},"modified":"2024-07-02T04:14:14","modified_gmt":"2024-07-02T04:14:14","slug":"tour-to-mount-sinai-from-sharm-el-sheikh","status":"publish","type":"product","link":"https:\/\/mytoursegypt.com\/ge\/tour\/tour-to-mount-sinai-from-sharm-el-sheikh\/","title":{"rendered":"Ausflug von Sharm El Sheikh zum Moses Berg und Katharinen Kloster"},"content":{"rendered":"<div class=\"vc_row wpb_row row vc_custom_1514476595687\">\n<div class=\"col-sm-12\">\n<div>\n<p>Genie\u00dfen Sie eine absolut atemberaubende Aussicht vom Berg Sinai, wenn Sie die zwei- bis dreist\u00fcndige Wanderung an seinen H\u00e4ngen in Angriff nehmen. Die \u00e4gyptische Sonne breitet sich \u00fcber dem Horizont aus und Sie erhalten eine Aussicht, die ihresgleichen sucht! Die beste Zeit, den Berg Sinai zu sehen, ist der Morgen, weshalb diese Tour in der Nacht beginnt.<\/p>\n<p>Unser\u00a0<strong>Tour zum Berg Sinai<\/strong>\u00a0beginnt damit, Sie abzuholen und in die W\u00fcste zu fahren, bis Sie dort ankommen\u00a0<strong>Heiliges Tal<\/strong>. Von dort aus beginnt der Aufstieg gegen ein Uhr morgens und l\u00e4sst gen\u00fcgend Zeit, um den Gipfel zu erreichen, bevor die Sonne die Morgenwolken durchbricht. Anschlie\u00dfend macht die Tour auf den Berg Sinai Halt an der ber\u00fchmten\u00a0<strong>St. Katharinenkloster<\/strong>\u00a0zum Fr\u00fchst\u00fcck, damit Sie das Leben der M\u00f6nche hautnah erleben k\u00f6nnen! Nach den Besichtigungen fahren wir zur\u00fcck zu Ihrem Hotel.<\/p>\n<\/div>\n<\/div>\n<\/div>\n<div class=\"vc_row wpb_row row vc_custom_1514473697959\">\n<div class=\"col-sm-6\">\n<h4 class=\"vc_custom_heading\"><\/h4>\n<\/div>\n<\/div>","protected":false},"excerpt":{"rendered":"<p>Enjoy an absolutely breath taking view from Mount Sinai when you brave the two to three hour hike up its sides. The Egyptian sun can be seen spanning across the horizon and you get a view that is unmatched anywhere! The best time to see Mount Sinai is in the morning which is why this [&hellip;]<\/p>\n","protected":false},"featured_media":10362,"comment_status":"open","ping_status":"closed","template":"","meta":[],"product_brand":[],"product_cat":[15],"product_tag":[],"class_list":{"0":"post-10331","1":"product","2":"type-product","3":"status-publish","4":"has-post-thumbnail","6":"product_cat-uncategorized","8":"first","9":"instock","10":"sale","11":"shipping-taxable","12":"purchasable","13":"product-type-ovabrw_car_rental"},"yoast_head":"<!-- This site is optimized with the Yoast SEO plugin v27.4 - https:\/\/yoast.com\/product\/yoast-seo-wordpress\/ -->\n<title>Tour to Mount Sinai from Sharm el Sheikh - Discover Egypt Tours<\/title>\n<meta name=\"robots\" content=\"index, follow, max-snippet:-1, max-image-preview:large, max-video-preview:-1\" \/>\n<link rel=\"canonical\" href=\"https:\/\/www.mytoursegypt.com\/tour\/tour-to-mount-sinai-from-sharm-el-sheikh\/\" \/>\n<meta property=\"og:locale\" content=\"de_DE\" \/>\n<meta property=\"og:type\" content=\"article\" \/>\n<meta property=\"og:title\" content=\"Tour to Mount Sinai from Sharm el Sheikh - Discover Egypt Tours\" \/>\n<meta property=\"og:description\" content=\"Enjoy an absolutely breath taking view from Mount Sinai when you brave the two to three hour hike up its sides. The Egyptian sun can be seen spanning across the horizon and you get a view that is unmatched anywhere! The best time to see Mount Sinai is in the morning which is why this [&hellip;]\" \/>\n<meta property=\"og:url\" content=\"https:\/\/www.mytoursegypt.com\/tour\/tour-to-mount-sinai-from-sharm-el-sheikh\/\" \/>\n<meta property=\"og:site_name\" content=\"Discover Egypt Tours\" \/>\n<meta property=\"article:modified_time\" content=\"2024-07-02T04:14:14+00:00\" \/>\n<meta property=\"og:image\" content=\"https:\/\/www.mytoursegypt.com\/wp-content\/uploads\/2024\/05\/download-2024-06-01T004556.712.jpeg\" \/>\n\t<meta property=\"og:image:width\" content=\"292\" \/>\n\t<meta property=\"og:image:height\" content=\"180\" \/>\n\t<meta property=\"og:image:type\" content=\"image\/jpeg\" \/>\n<meta name=\"twitter:card\" content=\"summary_large_image\" \/>\n<meta name=\"twitter:label1\" content=\"Gesch\u00e4tzte Lesezeit\" \/>\n\t<meta name=\"twitter:data1\" content=\"1\u00a0Minute\" \/>\n<script type=\"application\/ld+json\" class=\"yoast-schema-graph\">{\"@context\":\"https:\\\/\\\/schema.org\",\"@graph\":[{\"@type\":\"WebPage\",\"@id\":\"https:\\\/\\\/www.mytoursegypt.com\\\/tour\\\/tour-to-mount-sinai-from-sharm-el-sheikh\\\/\",\"url\":\"https:\\\/\\\/www.mytoursegypt.com\\\/tour\\\/tour-to-mount-sinai-from-sharm-el-sheikh\\\/\",\"name\":\"Tour to Mount Sinai from Sharm el Sheikh - Discover Egypt Tours\",\"isPartOf\":{\"@id\":\"https:\\\/\\\/www.mytoursegypt.com\\\/#website\"},\"primaryImageOfPage\":{\"@id\":\"https:\\\/\\\/www.mytoursegypt.com\\\/tour\\\/tour-to-mount-sinai-from-sharm-el-sheikh\\\/#primaryimage\"},\"image\":{\"@id\":\"https:\\\/\\\/www.mytoursegypt.com\\\/tour\\\/tour-to-mount-sinai-from-sharm-el-sheikh\\\/#primaryimage\"},\"thumbnailUrl\":\"https:\\\/\\\/mytoursegypt.com\\\/wp-content\\\/uploads\\\/2024\\\/05\\\/download-2024-06-01T004556.712.jpeg\",\"datePublished\":\"2024-05-31T18:00:21+00:00\",\"dateModified\":\"2024-07-02T04:14:14+00:00\",\"breadcrumb\":{\"@id\":\"https:\\\/\\\/www.mytoursegypt.com\\\/tour\\\/tour-to-mount-sinai-from-sharm-el-sheikh\\\/#breadcrumb\"},\"inLanguage\":\"de\",\"potentialAction\":[{\"@type\":\"ReadAction\",\"target\":[\"https:\\\/\\\/www.mytoursegypt.com\\\/tour\\\/tour-to-mount-sinai-from-sharm-el-sheikh\\\/\"]}]},{\"@type\":\"ImageObject\",\"inLanguage\":\"de\",\"@id\":\"https:\\\/\\\/www.mytoursegypt.com\\\/tour\\\/tour-to-mount-sinai-from-sharm-el-sheikh\\\/#primaryimage\",\"url\":\"https:\\\/\\\/mytoursegypt.com\\\/wp-content\\\/uploads\\\/2024\\\/05\\\/download-2024-06-01T004556.712.jpeg\",\"contentUrl\":\"https:\\\/\\\/mytoursegypt.com\\\/wp-content\\\/uploads\\\/2024\\\/05\\\/download-2024-06-01T004556.712.jpeg\",\"width\":292,\"height\":180},{\"@type\":\"BreadcrumbList\",\"@id\":\"https:\\\/\\\/www.mytoursegypt.com\\\/tour\\\/tour-to-mount-sinai-from-sharm-el-sheikh\\\/#breadcrumb\",\"itemListElement\":[{\"@type\":\"ListItem\",\"position\":1,\"name\":\"\u0627\u0644\u0631\u0626\u064a\u0633\u064a\u0629\",\"item\":\"https:\\\/\\\/mytoursegypt.com\\\/\"},{\"@type\":\"ListItem\",\"position\":2,\"name\":\"Shop\",\"item\":\"https:\\\/\\\/mytoursegypt.com\\\/ge\\\/shop\\\/\"},{\"@type\":\"ListItem\",\"position\":3,\"name\":\"Tour to Mount Sinai from Sharm el Sheikh\"}]},{\"@type\":\"WebSite\",\"@id\":\"https:\\\/\\\/www.mytoursegypt.com\\\/#website\",\"url\":\"https:\\\/\\\/www.mytoursegypt.com\\\/\",\"name\":\"Discover Egypt Tours\",\"description\":\"Discover Egypt Your Guide to Top Attractions and Unique Experiences.\",\"publisher\":{\"@id\":\"https:\\\/\\\/www.mytoursegypt.com\\\/#organization\"},\"potentialAction\":[{\"@type\":\"SearchAction\",\"target\":{\"@type\":\"EntryPoint\",\"urlTemplate\":\"https:\\\/\\\/www.mytoursegypt.com\\\/?s={search_term_string}\"},\"query-input\":{\"@type\":\"PropertyValueSpecification\",\"valueRequired\":true,\"valueName\":\"search_term_string\"}}],\"inLanguage\":\"de\"},{\"@type\":\"Organization\",\"@id\":\"https:\\\/\\\/www.mytoursegypt.com\\\/#organization\",\"name\":\"Discover Egypt Tours\",\"url\":\"https:\\\/\\\/www.mytoursegypt.com\\\/\",\"logo\":{\"@type\":\"ImageObject\",\"inLanguage\":\"de\",\"@id\":\"https:\\\/\\\/www.mytoursegypt.com\\\/#\\\/schema\\\/logo\\\/image\\\/\",\"url\":\"https:\\\/\\\/mytoursegypt.com\\\/wp-content\\\/uploads\\\/2024\\\/06\\\/cropped-logo.png\",\"contentUrl\":\"https:\\\/\\\/mytoursegypt.com\\\/wp-content\\\/uploads\\\/2024\\\/06\\\/cropped-logo.png\",\"width\":512,\"height\":512,\"caption\":\"Discover Egypt Tours\"},\"image\":{\"@id\":\"https:\\\/\\\/www.mytoursegypt.com\\\/#\\\/schema\\\/logo\\\/image\\\/\"}}]}<\/script>\n<!-- \/ Yoast SEO plugin. -->","yoast_head_json":{"title":"Tour to Mount Sinai from Sharm el Sheikh - Discover Egypt Tours","robots":{"index":"index","follow":"follow","max-snippet":"max-snippet:-1","max-image-preview":"max-image-preview:large","max-video-preview":"max-video-preview:-1"},"canonical":"https:\/\/www.mytoursegypt.com\/tour\/tour-to-mount-sinai-from-sharm-el-sheikh\/","og_locale":"de_DE","og_type":"article","og_title":"Tour to Mount Sinai from Sharm el Sheikh - Discover Egypt Tours","og_description":"Enjoy an absolutely breath taking view from Mount Sinai when you brave the two to three hour hike up its sides. The Egyptian sun can be seen spanning across the horizon and you get a view that is unmatched anywhere! The best time to see Mount Sinai is in the morning which is why this [&hellip;]","og_url":"https:\/\/www.mytoursegypt.com\/tour\/tour-to-mount-sinai-from-sharm-el-sheikh\/","og_site_name":"Discover Egypt Tours","article_modified_time":"2024-07-02T04:14:14+00:00","og_image":[{"width":292,"height":180,"url":"https:\/\/www.mytoursegypt.com\/wp-content\/uploads\/2024\/05\/download-2024-06-01T004556.712.jpeg","type":"image\/jpeg"}],"twitter_card":"summary_large_image","twitter_misc":{"Gesch\u00e4tzte Lesezeit":"1\u00a0Minute"},"schema":{"@context":"https:\/\/schema.org","@graph":[{"@type":"WebPage","@id":"https:\/\/www.mytoursegypt.com\/tour\/tour-to-mount-sinai-from-sharm-el-sheikh\/","url":"https:\/\/www.mytoursegypt.com\/tour\/tour-to-mount-sinai-from-sharm-el-sheikh\/","name":"Tour to Mount Sinai from Sharm el Sheikh - Discover Egypt Tours","isPartOf":{"@id":"https:\/\/www.mytoursegypt.com\/#website"},"primaryImageOfPage":{"@id":"https:\/\/www.mytoursegypt.com\/tour\/tour-to-mount-sinai-from-sharm-el-sheikh\/#primaryimage"},"image":{"@id":"https:\/\/www.mytoursegypt.com\/tour\/tour-to-mount-sinai-from-sharm-el-sheikh\/#primaryimage"},"thumbnailUrl":"https:\/\/mytoursegypt.com\/wp-content\/uploads\/2024\/05\/download-2024-06-01T004556.712.jpeg","datePublished":"2024-05-31T18:00:21+00:00","dateModified":"2024-07-02T04:14:14+00:00","breadcrumb":{"@id":"https:\/\/www.mytoursegypt.com\/tour\/tour-to-mount-sinai-from-sharm-el-sheikh\/#breadcrumb"},"inLanguage":"de","potentialAction":[{"@type":"ReadAction","target":["https:\/\/www.mytoursegypt.com\/tour\/tour-to-mount-sinai-from-sharm-el-sheikh\/"]}]},{"@type":"ImageObject","inLanguage":"de","@id":"https:\/\/www.mytoursegypt.com\/tour\/tour-to-mount-sinai-from-sharm-el-sheikh\/#primaryimage","url":"https:\/\/mytoursegypt.com\/wp-content\/uploads\/2024\/05\/download-2024-06-01T004556.712.jpeg","contentUrl":"https:\/\/mytoursegypt.com\/wp-content\/uploads\/2024\/05\/download-2024-06-01T004556.712.jpeg","width":292,"height":180},{"@type":"BreadcrumbList","@id":"https:\/\/www.mytoursegypt.com\/tour\/tour-to-mount-sinai-from-sharm-el-sheikh\/#breadcrumb","itemListElement":[{"@type":"ListItem","position":1,"name":"\u0627\u0644\u0631\u0626\u064a\u0633\u064a\u0629","item":"https:\/\/mytoursegypt.com\/"},{"@type":"ListItem","position":2,"name":"Shop","item":"https:\/\/mytoursegypt.com\/ge\/shop\/"},{"@type":"ListItem","position":3,"name":"Tour to Mount Sinai from Sharm el Sheikh"}]},{"@type":"WebSite","@id":"https:\/\/www.mytoursegypt.com\/#website","url":"https:\/\/www.mytoursegypt.com\/","name":"Discover Egypt Tours","description":"Discover Egypt Your Guide to Top Attractions and Unique Experiences.","publisher":{"@id":"https:\/\/www.mytoursegypt.com\/#organization"},"potentialAction":[{"@type":"SearchAction","target":{"@type":"EntryPoint","urlTemplate":"https:\/\/www.mytoursegypt.com\/?s={search_term_string}"},"query-input":{"@type":"PropertyValueSpecification","valueRequired":true,"valueName":"search_term_string"}}],"inLanguage":"de"},{"@type":"Organization","@id":"https:\/\/www.mytoursegypt.com\/#organization","name":"Discover Egypt Tours","url":"https:\/\/www.mytoursegypt.com\/","logo":{"@type":"ImageObject","inLanguage":"de","@id":"https:\/\/www.mytoursegypt.com\/#\/schema\/logo\/image\/","url":"https:\/\/mytoursegypt.com\/wp-content\/uploads\/2024\/06\/cropped-logo.png","contentUrl":"https:\/\/mytoursegypt.com\/wp-content\/uploads\/2024\/06\/cropped-logo.png","width":512,"height":512,"caption":"Discover Egypt Tours"},"image":{"@id":"https:\/\/www.mytoursegypt.com\/#\/schema\/logo\/image\/"}}]}},"_links":{"self":[{"href":"https:\/\/mytoursegypt.com\/ge\/wp-json\/wp\/v2\/product\/10331","targetHints":{"allow":["GET"]}}],"collection":[{"href":"https:\/\/mytoursegypt.com\/ge\/wp-json\/wp\/v2\/product"}],"about":[{"href":"https:\/\/mytoursegypt.com\/ge\/wp-json\/wp\/v2\/types\/product"}],"replies":[{"embeddable":true,"href":"https:\/\/mytoursegypt.com\/ge\/wp-json\/wp\/v2\/comments?post=10331"}],"version-history":[{"count":0,"href":"https:\/\/mytoursegypt.com\/ge\/wp-json\/wp\/v2\/product\/10331\/revisions"}],"wp:featuredmedia":[{"embeddable":true,"href":"https:\/\/mytoursegypt.com\/ge\/wp-json\/wp\/v2\/media\/10362"}],"wp:attachment":[{"href":"https:\/\/mytoursegypt.com\/ge\/wp-json\/wp\/v2\/media?parent=10331"}],"wp:term":[{"taxonomy":"product_brand","embeddable":true,"href":"https:\/\/mytoursegypt.com\/ge\/wp-json\/wp\/v2\/product_brand?post=10331"},{"taxonomy":"product_cat","embeddable":true,"href":"https:\/\/mytoursegypt.com\/ge\/wp-json\/wp\/v2\/product_cat?post=10331"},{"taxonomy":"product_tag","embeddable":true,"href":"https:\/\/mytoursegypt.com\/ge\/wp-json\/wp\/v2\/product_tag?post=10331"}],"curies":[{"name":"wp","href":"https:\/\/api.w.org\/{rel}","templated":true}]}}