{"id":10333,"date":"2024-05-31T18:00:59","date_gmt":"2024-05-31T18:00:59","guid":{"rendered":"https:\/\/bookingegypttour.com\/?post_type=product&#038;p=10333"},"modified":"2024-07-02T04:14:07","modified_gmt":"2024-07-02T04:14:07","slug":"trip-to-jerusalem-from-sharm-by-bus","status":"publish","type":"product","link":"https:\/\/mytoursegypt.com\/ge\/tour\/trip-to-jerusalem-from-sharm-by-bus\/","title":{"rendered":"Reise nach Kairo von Sharm mit dem Flugzeug"},"content":{"rendered":"<p>Wenn Sie an \u00c4gypten denken, kommen Ihnen automatisch Bilder der Pyramiden von Gizeh, der sagenumwobenen Sphinx und mehr in den Sinn. F\u00fcr diejenigen, die \u00c4gypten besuchen, ist es absolut wichtig, diese Pyramiden zu sehen, da sie eines der letzten noch erhaltenen Weltwunder sind!<\/p>\n<p>Machen Sie eine Kairo-Tour mit dem Flugzeug von Sharm el Sheikh aus \u00fcber einen kurzen einst\u00fcndigen Flug von Sharm aus. Dorthin k\u00f6nnen Sie mit dem Reiseleiter eines \u00c4gyptologen gehen und nicht nur die ber\u00fchmten Gro\u00dfen Pyramiden, sondern auch die Sphinx von Gizeh und sogar das atemberaubende \u00c4gyptische Museum mit seiner ber\u00fchmten Sammlung des Schatzes des Knabenk\u00f6nigs Tuthankamun und den Basar besichtigen!<\/p>\n<p>Sie werden von Ihrem Hotel in Sharm mit einem klimatisierten Fahrzeug abgeholt und zum Flughafen Sharm El Sheikh gebracht, wo Sie Ihr Flugzeug besteigen und nach Kairo fliegen. Sobald Sie angekommen sind, werden Sie von unserem \u00e4gyptologischen Reiseleiter empfangen, der Sie den ganzen Tag \u00fcber begleiten wird.<\/p>\n<p>Sie besuchen zun\u00e4chst das \u00c4gyptische Museum, wo Sie eine F\u00fchrung durch die sch\u00f6nsten Gegenden erhalten und anschlie\u00dfend Zeit zur freien Verf\u00fcgung haben, um die Gegend selbst zu erkunden. Anschlie\u00dfend werden Sie zum Mittagessen in ein Restaurant am Nil gebracht. Anschlie\u00dfend besuchen Sie die Pyramiden von Gizeh und die Sphinx, zwei der bekanntesten Denkm\u00e4ler \u00c4gyptens. Sie haben Zeit, das Plateau zu erkunden, auf dem die Pyramiden stehen.<\/p>\n<p>Fahren Sie weiter ins islamische Kairo, wo Sie Khan El Khalili, Kairos alten Basar, erkunden k\u00f6nnen<\/p>\n<p>Schlie\u00dflich bringen wir Sie zur\u00fcck zum Inlandsflughafen Kairo, wo Sie einen Flug nach Sharm El Sheikh nehmen. Unsere Vertreter werden Sie in Sharm treffen, um Sie zur\u00fcck zu Ihrem Hotel zu fahren.<\/p>","protected":false},"excerpt":{"rendered":"<ul class=\"list_ok\">\n<li>Visit the Great Pyramids in the Giza plateau<\/li>\n<li>Admire the many exhibits at the Museum of Egyptian antiquities<\/li>\n<li>Enjoy a shopping trip at the famous Khan El-Khalili Bazaar<\/li>\n<li>Marvel at the Great Sphinx and explore the Valley Temple<\/li>\n<\/ul>","protected":false},"featured_media":10532,"comment_status":"open","ping_status":"closed","template":"","meta":[],"product_brand":[],"product_cat":[15],"product_tag":[],"class_list":{"0":"post-10333","1":"product","2":"type-product","3":"status-publish","4":"has-post-thumbnail","6":"product_cat-uncategorized","8":"first","9":"instock","10":"sale","11":"shipping-taxable","12":"purchasable","13":"product-type-ovabrw_car_rental"},"yoast_head":"<!-- This site is optimized with the Yoast SEO plugin v27.4 - https:\/\/yoast.com\/product\/yoast-seo-wordpress\/ -->\n<title>Trip to cairo from Sharm by plane - Discover Egypt Tours<\/title>\n<meta name=\"robots\" content=\"index, follow, max-snippet:-1, max-image-preview:large, max-video-preview:-1\" \/>\n<link rel=\"canonical\" href=\"https:\/\/www.mytoursegypt.com\/tour\/trip-to-jerusalem-from-sharm-by-bus\/\" \/>\n<meta property=\"og:locale\" content=\"de_DE\" \/>\n<meta property=\"og:type\" content=\"article\" \/>\n<meta property=\"og:title\" content=\"Trip to cairo from Sharm by plane - Discover Egypt Tours\" \/>\n<meta property=\"og:description\" content=\"Visit the Great Pyramids in the Giza plateau  Admire the many exhibits at the Museum of Egyptian antiquities  Enjoy a shopping trip at the famous Khan El-Khalili Bazaar  Marvel at the Great Sphinx and explore the Valley Temple\" \/>\n<meta property=\"og:url\" content=\"https:\/\/www.mytoursegypt.com\/tour\/trip-to-jerusalem-from-sharm-by-bus\/\" \/>\n<meta property=\"og:site_name\" content=\"Discover Egypt Tours\" \/>\n<meta property=\"article:modified_time\" content=\"2024-07-02T04:14:07+00:00\" \/>\n<meta property=\"og:image\" content=\"https:\/\/mytoursegypt.com\/wp-content\/uploads\/2024\/06\/5-\u0647\u0631\u0645.jpeg\" \/>\n\t<meta property=\"og:image:width\" content=\"250\" \/>\n\t<meta property=\"og:image:height\" content=\"150\" \/>\n\t<meta property=\"og:image:type\" content=\"image\/jpeg\" \/>\n<meta name=\"twitter:card\" content=\"summary_large_image\" \/>\n<meta name=\"twitter:label1\" content=\"Gesch\u00e4tzte Lesezeit\" \/>\n\t<meta name=\"twitter:data1\" content=\"2\u00a0Minuten\" \/>\n<script type=\"application\/ld+json\" class=\"yoast-schema-graph\">{\"@context\":\"https:\\\/\\\/schema.org\",\"@graph\":[{\"@type\":\"WebPage\",\"@id\":\"https:\\\/\\\/www.mytoursegypt.com\\\/tour\\\/trip-to-jerusalem-from-sharm-by-bus\\\/\",\"url\":\"https:\\\/\\\/www.mytoursegypt.com\\\/tour\\\/trip-to-jerusalem-from-sharm-by-bus\\\/\",\"name\":\"Trip to cairo from Sharm by plane - Discover Egypt Tours\",\"isPartOf\":{\"@id\":\"https:\\\/\\\/www.mytoursegypt.com\\\/#website\"},\"primaryImageOfPage\":{\"@id\":\"https:\\\/\\\/www.mytoursegypt.com\\\/tour\\\/trip-to-jerusalem-from-sharm-by-bus\\\/#primaryimage\"},\"image\":{\"@id\":\"https:\\\/\\\/www.mytoursegypt.com\\\/tour\\\/trip-to-jerusalem-from-sharm-by-bus\\\/#primaryimage\"},\"thumbnailUrl\":\"https:\\\/\\\/mytoursegypt.com\\\/wp-content\\\/uploads\\\/2024\\\/06\\\/5-\u0647\u0631\u0645.jpeg\",\"datePublished\":\"2024-05-31T18:00:59+00:00\",\"dateModified\":\"2024-07-02T04:14:07+00:00\",\"breadcrumb\":{\"@id\":\"https:\\\/\\\/www.mytoursegypt.com\\\/tour\\\/trip-to-jerusalem-from-sharm-by-bus\\\/#breadcrumb\"},\"inLanguage\":\"de\",\"potentialAction\":[{\"@type\":\"ReadAction\",\"target\":[\"https:\\\/\\\/www.mytoursegypt.com\\\/tour\\\/trip-to-jerusalem-from-sharm-by-bus\\\/\"]}]},{\"@type\":\"ImageObject\",\"inLanguage\":\"de\",\"@id\":\"https:\\\/\\\/www.mytoursegypt.com\\\/tour\\\/trip-to-jerusalem-from-sharm-by-bus\\\/#primaryimage\",\"url\":\"https:\\\/\\\/mytoursegypt.com\\\/wp-content\\\/uploads\\\/2024\\\/06\\\/5-\u0647\u0631\u0645.jpeg\",\"contentUrl\":\"https:\\\/\\\/mytoursegypt.com\\\/wp-content\\\/uploads\\\/2024\\\/06\\\/5-\u0647\u0631\u0645.jpeg\",\"width\":250,\"height\":150},{\"@type\":\"BreadcrumbList\",\"@id\":\"https:\\\/\\\/www.mytoursegypt.com\\\/tour\\\/trip-to-jerusalem-from-sharm-by-bus\\\/#breadcrumb\",\"itemListElement\":[{\"@type\":\"ListItem\",\"position\":1,\"name\":\"\u0627\u0644\u0631\u0626\u064a\u0633\u064a\u0629\",\"item\":\"https:\\\/\\\/mytoursegypt.com\\\/\"},{\"@type\":\"ListItem\",\"position\":2,\"name\":\"Shop\",\"item\":\"https:\\\/\\\/mytoursegypt.com\\\/ge\\\/shop\\\/\"},{\"@type\":\"ListItem\",\"position\":3,\"name\":\"Trip to cairo from Sharm by plane\"}]},{\"@type\":\"WebSite\",\"@id\":\"https:\\\/\\\/www.mytoursegypt.com\\\/#website\",\"url\":\"https:\\\/\\\/www.mytoursegypt.com\\\/\",\"name\":\"Discover Egypt Tours\",\"description\":\"Discover Egypt Your Guide to Top Attractions and Unique Experiences.\",\"publisher\":{\"@id\":\"https:\\\/\\\/www.mytoursegypt.com\\\/#organization\"},\"potentialAction\":[{\"@type\":\"SearchAction\",\"target\":{\"@type\":\"EntryPoint\",\"urlTemplate\":\"https:\\\/\\\/www.mytoursegypt.com\\\/?s={search_term_string}\"},\"query-input\":{\"@type\":\"PropertyValueSpecification\",\"valueRequired\":true,\"valueName\":\"search_term_string\"}}],\"inLanguage\":\"de\"},{\"@type\":\"Organization\",\"@id\":\"https:\\\/\\\/www.mytoursegypt.com\\\/#organization\",\"name\":\"Discover Egypt Tours\",\"url\":\"https:\\\/\\\/www.mytoursegypt.com\\\/\",\"logo\":{\"@type\":\"ImageObject\",\"inLanguage\":\"de\",\"@id\":\"https:\\\/\\\/www.mytoursegypt.com\\\/#\\\/schema\\\/logo\\\/image\\\/\",\"url\":\"https:\\\/\\\/mytoursegypt.com\\\/wp-content\\\/uploads\\\/2024\\\/06\\\/cropped-logo.png\",\"contentUrl\":\"https:\\\/\\\/mytoursegypt.com\\\/wp-content\\\/uploads\\\/2024\\\/06\\\/cropped-logo.png\",\"width\":512,\"height\":512,\"caption\":\"Discover Egypt Tours\"},\"image\":{\"@id\":\"https:\\\/\\\/www.mytoursegypt.com\\\/#\\\/schema\\\/logo\\\/image\\\/\"}}]}<\/script>\n<!-- \/ Yoast SEO plugin. -->","yoast_head_json":{"title":"Trip to cairo from Sharm by plane - Discover Egypt Tours","robots":{"index":"index","follow":"follow","max-snippet":"max-snippet:-1","max-image-preview":"max-image-preview:large","max-video-preview":"max-video-preview:-1"},"canonical":"https:\/\/www.mytoursegypt.com\/tour\/trip-to-jerusalem-from-sharm-by-bus\/","og_locale":"de_DE","og_type":"article","og_title":"Trip to cairo from Sharm by plane - Discover Egypt Tours","og_description":"Visit the Great Pyramids in the Giza plateau  Admire the many exhibits at the Museum of Egyptian antiquities  Enjoy a shopping trip at the famous Khan El-Khalili Bazaar  Marvel at the Great Sphinx and explore the Valley Temple","og_url":"https:\/\/www.mytoursegypt.com\/tour\/trip-to-jerusalem-from-sharm-by-bus\/","og_site_name":"Discover Egypt Tours","article_modified_time":"2024-07-02T04:14:07+00:00","og_image":[{"width":250,"height":150,"url":"https:\/\/mytoursegypt.com\/wp-content\/uploads\/2024\/06\/5-\u0647\u0631\u0645.jpeg","type":"image\/jpeg"}],"twitter_card":"summary_large_image","twitter_misc":{"Gesch\u00e4tzte Lesezeit":"2\u00a0Minuten"},"schema":{"@context":"https:\/\/schema.org","@graph":[{"@type":"WebPage","@id":"https:\/\/www.mytoursegypt.com\/tour\/trip-to-jerusalem-from-sharm-by-bus\/","url":"https:\/\/www.mytoursegypt.com\/tour\/trip-to-jerusalem-from-sharm-by-bus\/","name":"Trip to cairo from Sharm by plane - Discover Egypt Tours","isPartOf":{"@id":"https:\/\/www.mytoursegypt.com\/#website"},"primaryImageOfPage":{"@id":"https:\/\/www.mytoursegypt.com\/tour\/trip-to-jerusalem-from-sharm-by-bus\/#primaryimage"},"image":{"@id":"https:\/\/www.mytoursegypt.com\/tour\/trip-to-jerusalem-from-sharm-by-bus\/#primaryimage"},"thumbnailUrl":"https:\/\/mytoursegypt.com\/wp-content\/uploads\/2024\/06\/5-\u0647\u0631\u0645.jpeg","datePublished":"2024-05-31T18:00:59+00:00","dateModified":"2024-07-02T04:14:07+00:00","breadcrumb":{"@id":"https:\/\/www.mytoursegypt.com\/tour\/trip-to-jerusalem-from-sharm-by-bus\/#breadcrumb"},"inLanguage":"de","potentialAction":[{"@type":"ReadAction","target":["https:\/\/www.mytoursegypt.com\/tour\/trip-to-jerusalem-from-sharm-by-bus\/"]}]},{"@type":"ImageObject","inLanguage":"de","@id":"https:\/\/www.mytoursegypt.com\/tour\/trip-to-jerusalem-from-sharm-by-bus\/#primaryimage","url":"https:\/\/mytoursegypt.com\/wp-content\/uploads\/2024\/06\/5-\u0647\u0631\u0645.jpeg","contentUrl":"https:\/\/mytoursegypt.com\/wp-content\/uploads\/2024\/06\/5-\u0647\u0631\u0645.jpeg","width":250,"height":150},{"@type":"BreadcrumbList","@id":"https:\/\/www.mytoursegypt.com\/tour\/trip-to-jerusalem-from-sharm-by-bus\/#breadcrumb","itemListElement":[{"@type":"ListItem","position":1,"name":"\u0627\u0644\u0631\u0626\u064a\u0633\u064a\u0629","item":"https:\/\/mytoursegypt.com\/"},{"@type":"ListItem","position":2,"name":"Shop","item":"https:\/\/mytoursegypt.com\/ge\/shop\/"},{"@type":"ListItem","position":3,"name":"Trip to cairo from Sharm by plane"}]},{"@type":"WebSite","@id":"https:\/\/www.mytoursegypt.com\/#website","url":"https:\/\/www.mytoursegypt.com\/","name":"Discover Egypt Tours","description":"Discover Egypt Your Guide to Top Attractions and Unique Experiences.","publisher":{"@id":"https:\/\/www.mytoursegypt.com\/#organization"},"potentialAction":[{"@type":"SearchAction","target":{"@type":"EntryPoint","urlTemplate":"https:\/\/www.mytoursegypt.com\/?s={search_term_string}"},"query-input":{"@type":"PropertyValueSpecification","valueRequired":true,"valueName":"search_term_string"}}],"inLanguage":"de"},{"@type":"Organization","@id":"https:\/\/www.mytoursegypt.com\/#organization","name":"Discover Egypt Tours","url":"https:\/\/www.mytoursegypt.com\/","logo":{"@type":"ImageObject","inLanguage":"de","@id":"https:\/\/www.mytoursegypt.com\/#\/schema\/logo\/image\/","url":"https:\/\/mytoursegypt.com\/wp-content\/uploads\/2024\/06\/cropped-logo.png","contentUrl":"https:\/\/mytoursegypt.com\/wp-content\/uploads\/2024\/06\/cropped-logo.png","width":512,"height":512,"caption":"Discover Egypt Tours"},"image":{"@id":"https:\/\/www.mytoursegypt.com\/#\/schema\/logo\/image\/"}}]}},"_links":{"self":[{"href":"https:\/\/mytoursegypt.com\/ge\/wp-json\/wp\/v2\/product\/10333","targetHints":{"allow":["GET"]}}],"collection":[{"href":"https:\/\/mytoursegypt.com\/ge\/wp-json\/wp\/v2\/product"}],"about":[{"href":"https:\/\/mytoursegypt.com\/ge\/wp-json\/wp\/v2\/types\/product"}],"replies":[{"embeddable":true,"href":"https:\/\/mytoursegypt.com\/ge\/wp-json\/wp\/v2\/comments?post=10333"}],"version-history":[{"count":1,"href":"https:\/\/mytoursegypt.com\/ge\/wp-json\/wp\/v2\/product\/10333\/revisions"}],"predecessor-version":[{"id":10356,"href":"https:\/\/mytoursegypt.com\/ge\/wp-json\/wp\/v2\/product\/10333\/revisions\/10356"}],"wp:featuredmedia":[{"embeddable":true,"href":"https:\/\/mytoursegypt.com\/ge\/wp-json\/wp\/v2\/media\/10532"}],"wp:attachment":[{"href":"https:\/\/mytoursegypt.com\/ge\/wp-json\/wp\/v2\/media?parent=10333"}],"wp:term":[{"taxonomy":"product_brand","embeddable":true,"href":"https:\/\/mytoursegypt.com\/ge\/wp-json\/wp\/v2\/product_brand?post=10333"},{"taxonomy":"product_cat","embeddable":true,"href":"https:\/\/mytoursegypt.com\/ge\/wp-json\/wp\/v2\/product_cat?post=10333"},{"taxonomy":"product_tag","embeddable":true,"href":"https:\/\/mytoursegypt.com\/ge\/wp-json\/wp\/v2\/product_tag?post=10333"}],"curies":[{"name":"wp","href":"https:\/\/api.w.org\/{rel}","templated":true}]}}