{"id":10439,"date":"2024-06-01T15:43:41","date_gmt":"2024-06-01T15:43:41","guid":{"rendered":"https:\/\/bookingegypttour.com\/?post_type=product&#038;p=10439"},"modified":"2024-07-02T04:11:25","modified_gmt":"2024-07-02T04:11:25","slug":"from-alexandria-highlights-of-alexandria-full-city-tour","status":"publish","type":"product","link":"https:\/\/mytoursegypt.com\/ge\/tour\/from-alexandria-highlights-of-alexandria-full-city-tour\/","title":{"rendered":"Von Alexandria aus: Highlights von Alexandria Stadtf\u00fchrung"},"content":{"rendered":"<div data-track=\"overview\" data-v-3b8d77af=\"\">\n<section id=\"activity-overview\" class=\"activity-overview\" data-component=\"overview\" data-v-3b8d77af=\"\" data-v-5726f79d=\"\">\n<p class=\"activity-overview__content\" data-test-id=\"activity-overview-content\" data-v-5726f79d=\"\">Entdecken Sie die Geschichte Alexandrias mit einem F\u00fchrer, w\u00e4hrend Sie in einem klimatisierten Fahrzeug reisen. Erfahren Sie mehr \u00fcber die Geschichte Alexandrias, w\u00e4hrend Sie seine Denkm\u00e4ler, Moscheen und belebten Stra\u00dfen erkunden.<\/p>\n<div class=\"activity-accordion-item-header\">\n<h3 class=\"activity-accordion-item__title\">Highlights<\/h3>\n<\/div>\n<div class=\"activity-accordion-item__content--hidden activity-accordion-item__content\">\n<ul class=\"activity-highlights__list\" data-test-id=\"activity-highlights\" data-v-72aefa1b=\"\">\n<li class=\"activity-highlights__list-item\" data-v-72aefa1b=\"\">See the library of Alexandria &amp; the location of the old one.<\/li>\n<li class=\"activity-highlights__list-item\" data-v-72aefa1b=\"\">Admire the saint mark&#8217;s cathedral, biggest in the city.<\/li>\n<li class=\"activity-highlights__list-item\" data-v-72aefa1b=\"\">Admire the biggest Mosque in Alexandria<\/li>\n<li class=\"activity-highlights__list-item\" data-v-72aefa1b=\"\">get a chance to experience local food<\/li>\n<\/ul>\n<\/div>\n<\/section>\n<\/div>\n<div style=\"text-align: right;\" data-track=\"key-details\" data-v-3b8d77af=\"\">\n<p>Follow your guide through the remnants of a bygone era in the historic city of Alexandria on this tour. Have the option of choosing a group option without entrance tickets, a private tour option with entrance tickets, and a private tour option with entrance tickets and a delicious lunch.<\/p>\n<p>Begin your tour with convenient pickup from your accommodation in Alexandria. Relax in an air-conditioned vehicle on the way to the marble Roman amphitheater of Kom El-Deka, which once accommodated over 800 visitors. Stroll through the garden and see the mosaic floors of the baths and villas.<\/p>\n<p>Head to the Roman triumphal column in Alexandria, Pompey&#8217;s Pillar. Stop for a lunch break at a local restaurant. Snap some photos with an outside photo stop at the Library of Alexandria, one of the largest and most renowned archives in the ancient world.<\/p>\n<p>Visiting the ancient Egyptian, Greek, and Roman architectural excellence showcased at the Catacombs of Kom El Shoqafa, which was one of the seven wonders of the Medieval Ages. Behold the catacombs which contain several Alexandrian tombs.<\/p>\n<div class=\"toggle-content__content toggle-content__content--expanded toggle-content__content--packable\" data-v-1740b522=\"\">\n<div data-test-id=\"activity-full-description-text\" data-v-5835c99c=\"\">\n<p>Continue to one of the longest surviving seven wonders of the ancient world, the Citadel of Qaitbay, a 15th-century defensive fortress located on the Mediterranean coast. Return to your accommodation in Alexandria.<\/p>\n<\/div>\n<\/div>\n<div class=\"activity-accordion-item-header\">\n<h3 class=\"activity-accordion-item__title\">Includes<\/h3>\n<\/div>\n<div class=\"activity-accordion-item__content--hidden activity-accordion-item__content\">\n<section class=\"activity-inclusions\" data-test-id=\"activity-inclusions\" data-v-7976cbc6=\"\" data-v-de44b8f4=\"\">\n<ul class=\"activity-inclusions-inclusion\" data-v-de44b8f4=\"\">\n<li class=\"activity-inclusions__item activity-inclusions__item--inclusion\" data-v-de44b8f4=\"\"><span class=\"activity-inclusions__test activity-inclusions__test--include\" data-v-de44b8f4=\"\">Abholung und R\u00fccktransfer vom Hotel<\/span><\/li>\n<li class=\"activity-inclusions__item activity-inclusions__item--inclusion\" data-v-de44b8f4=\"\"><span class=\"activity-inclusions__test activity-inclusions__test--include\" data-v-de44b8f4=\"\">Entrance fees (available as an add-on)<\/span><\/li>\n<li class=\"activity-inclusions__item activity-inclusions__item--inclusion\" data-v-de44b8f4=\"\"><span class=\"activity-inclusions__test activity-inclusions__test--include\" data-v-de44b8f4=\"\">Egyptologist guide<\/span><\/li>\n<li class=\"activity-inclusions__item activity-inclusions__item--inclusion\" data-v-de44b8f4=\"\"><span class=\"activity-inclusions__test activity-inclusions__test--include\" data-v-de44b8f4=\"\">Mineral water<\/span><\/li>\n<li class=\"activity-inclusions__item activity-inclusions__item--inclusion\" data-v-de44b8f4=\"\"><span class=\"activity-inclusions__test activity-inclusions__test--include\" data-v-de44b8f4=\"\">Mittagessen<\/span><\/li>\n<\/ul>\n<h3 class=\"activity-accordion-item__title\">Excludes<\/h3>\n<ul class=\"activity-inclusions-exclusion\" data-v-de44b8f4=\"\">\n<li class=\"activity-inclusions__item activity-inclusions__item--exclusion\" data-v-de44b8f4=\"\"><span class=\"activity-inclusions__test activity-inclusions__test--exclude\" data-v-de44b8f4=\"\">Drinks during lunch<\/span><\/li>\n<li class=\"activity-inclusions__item activity-inclusions__item--exclusion\" data-v-de44b8f4=\"\"><span class=\"activity-inclusions__test activity-inclusions__test--exclude\" data-v-de44b8f4=\"\">Trinkgelder<\/span><\/li>\n<\/ul>\n<h1 class=\"t-header\">Take along<\/h1>\n<ul class=\"item-takes\">\n<li>Sun glasses &amp; Hat<\/li>\n<li>Sun cream<\/li>\n<li>Bottle of water<\/li>\n<\/ul>\n<\/section>\n<\/div>\n<p>&nbsp;<\/p>\n<\/div>","protected":false},"excerpt":{"rendered":"<ul class=\"activity-highlights__list\" data-test-id=\"activity-highlights\" data-v-72aefa1b=\"\">\n<li class=\"activity-highlights__list-item\" data-v-72aefa1b=\"\">See the library of Alexandria &amp; the location of the old one.<\/li>\n<li class=\"activity-highlights__list-item\" data-v-72aefa1b=\"\">Admire the saint mark&#8217;s cathedral, biggest in the city.<\/li>\n<li class=\"activity-highlights__list-item\" data-v-72aefa1b=\"\">Admire the biggest Mosque in Alexandria<\/li>\n<li class=\"activity-highlights__list-item\" data-v-72aefa1b=\"\">get a chance to experience local food<\/li>\n<\/ul>","protected":false},"featured_media":10744,"comment_status":"open","ping_status":"closed","template":"","meta":[],"product_brand":[],"product_cat":[15],"product_tag":[],"class_list":{"0":"post-10439","1":"product","2":"type-product","3":"status-publish","4":"has-post-thumbnail","6":"product_cat-uncategorized","8":"first","9":"instock","10":"sale","11":"shipping-taxable","12":"purchasable","13":"product-type-ovabrw_car_rental"},"yoast_head":"<!-- This site is optimized with the Yoast SEO plugin v27.4 - https:\/\/yoast.com\/product\/yoast-seo-wordpress\/ -->\n<title>From Alexandria: Highlights of Alexandria Full City Tour - Discover Egypt Tours<\/title>\n<meta name=\"description\" content=\"Discover the history of Alexandria with a guide whilst travelling in an air-conditioned vehicle. Learn about the history of Alexandria .\" \/>\n<meta name=\"robots\" content=\"index, follow, max-snippet:-1, max-image-preview:large, max-video-preview:-1\" \/>\n<link rel=\"canonical\" href=\"https:\/\/mytoursegypt.com\/ge\/tour\/from-alexandria-highlights-of-alexandria-full-city-tour\/\" \/>\n<meta property=\"og:locale\" content=\"de_DE\" \/>\n<meta property=\"og:type\" content=\"article\" \/>\n<meta property=\"og:title\" content=\"From Alexandria: Highlights of Alexandria Full City Tour - Discover Egypt Tours\" \/>\n<meta property=\"og:description\" content=\"Discover the history of Alexandria with a guide whilst travelling in an air-conditioned vehicle. Learn about the history of Alexandria .\" \/>\n<meta property=\"og:url\" content=\"https:\/\/mytoursegypt.com\/ge\/tour\/from-alexandria-highlights-of-alexandria-full-city-tour\/\" \/>\n<meta property=\"og:site_name\" content=\"Discover Egypt Tours\" \/>\n<meta property=\"article:modified_time\" content=\"2024-07-02T04:11:25+00:00\" \/>\n<meta property=\"og:image\" content=\"https:\/\/mytoursegypt.com\/wp-content\/uploads\/2024\/06\/alx3-2.jpeg\" \/>\n\t<meta property=\"og:image:width\" content=\"250\" \/>\n\t<meta property=\"og:image:height\" content=\"200\" \/>\n\t<meta property=\"og:image:type\" content=\"image\/jpeg\" \/>\n<meta name=\"twitter:card\" content=\"summary_large_image\" \/>\n<meta name=\"twitter:label1\" content=\"Gesch\u00e4tzte Lesezeit\" \/>\n\t<meta name=\"twitter:data1\" content=\"2\u00a0Minuten\" \/>\n<script type=\"application\/ld+json\" class=\"yoast-schema-graph\">{\"@context\":\"https:\\\/\\\/schema.org\",\"@graph\":[{\"@type\":\"WebPage\",\"@id\":\"https:\\\/\\\/mytoursegypt.com\\\/ge\\\/tour\\\/from-alexandria-highlights-of-alexandria-full-city-tour\\\/\",\"url\":\"https:\\\/\\\/mytoursegypt.com\\\/ge\\\/tour\\\/from-alexandria-highlights-of-alexandria-full-city-tour\\\/\",\"name\":\"From Alexandria: Highlights of Alexandria Full City Tour - Discover Egypt Tours\",\"isPartOf\":{\"@id\":\"https:\\\/\\\/www.mytoursegypt.com\\\/#website\"},\"primaryImageOfPage\":{\"@id\":\"https:\\\/\\\/mytoursegypt.com\\\/ge\\\/tour\\\/from-alexandria-highlights-of-alexandria-full-city-tour\\\/#primaryimage\"},\"image\":{\"@id\":\"https:\\\/\\\/mytoursegypt.com\\\/ge\\\/tour\\\/from-alexandria-highlights-of-alexandria-full-city-tour\\\/#primaryimage\"},\"thumbnailUrl\":\"https:\\\/\\\/mytoursegypt.com\\\/wp-content\\\/uploads\\\/2024\\\/06\\\/alx3-2.jpeg\",\"datePublished\":\"2024-06-01T15:43:41+00:00\",\"dateModified\":\"2024-07-02T04:11:25+00:00\",\"description\":\"Discover the history of Alexandria with a guide whilst travelling in an air-conditioned vehicle. Learn about the history of Alexandria .\",\"breadcrumb\":{\"@id\":\"https:\\\/\\\/mytoursegypt.com\\\/ge\\\/tour\\\/from-alexandria-highlights-of-alexandria-full-city-tour\\\/#breadcrumb\"},\"inLanguage\":\"de\",\"potentialAction\":[{\"@type\":\"ReadAction\",\"target\":[\"https:\\\/\\\/mytoursegypt.com\\\/ge\\\/tour\\\/from-alexandria-highlights-of-alexandria-full-city-tour\\\/\"]}]},{\"@type\":\"ImageObject\",\"inLanguage\":\"de\",\"@id\":\"https:\\\/\\\/mytoursegypt.com\\\/ge\\\/tour\\\/from-alexandria-highlights-of-alexandria-full-city-tour\\\/#primaryimage\",\"url\":\"https:\\\/\\\/mytoursegypt.com\\\/wp-content\\\/uploads\\\/2024\\\/06\\\/alx3-2.jpeg\",\"contentUrl\":\"https:\\\/\\\/mytoursegypt.com\\\/wp-content\\\/uploads\\\/2024\\\/06\\\/alx3-2.jpeg\",\"width\":250,\"height\":200,\"caption\":\"From Alexandria: Highlights of Alexandria Full City Tour\"},{\"@type\":\"BreadcrumbList\",\"@id\":\"https:\\\/\\\/mytoursegypt.com\\\/ge\\\/tour\\\/from-alexandria-highlights-of-alexandria-full-city-tour\\\/#breadcrumb\",\"itemListElement\":[{\"@type\":\"ListItem\",\"position\":1,\"name\":\"\u0627\u0644\u0631\u0626\u064a\u0633\u064a\u0629\",\"item\":\"https:\\\/\\\/mytoursegypt.com\\\/\"},{\"@type\":\"ListItem\",\"position\":2,\"name\":\"Shop\",\"item\":\"https:\\\/\\\/mytoursegypt.com\\\/ge\\\/shop\\\/\"},{\"@type\":\"ListItem\",\"position\":3,\"name\":\"From Alexandria: Highlights of Alexandria Full City Tour\"}]},{\"@type\":\"WebSite\",\"@id\":\"https:\\\/\\\/www.mytoursegypt.com\\\/#website\",\"url\":\"https:\\\/\\\/www.mytoursegypt.com\\\/\",\"name\":\"Discover Egypt Tours\",\"description\":\"Discover Egypt Your Guide to Top Attractions and Unique Experiences.\",\"publisher\":{\"@id\":\"https:\\\/\\\/www.mytoursegypt.com\\\/#organization\"},\"potentialAction\":[{\"@type\":\"SearchAction\",\"target\":{\"@type\":\"EntryPoint\",\"urlTemplate\":\"https:\\\/\\\/www.mytoursegypt.com\\\/?s={search_term_string}\"},\"query-input\":{\"@type\":\"PropertyValueSpecification\",\"valueRequired\":true,\"valueName\":\"search_term_string\"}}],\"inLanguage\":\"de\"},{\"@type\":\"Organization\",\"@id\":\"https:\\\/\\\/www.mytoursegypt.com\\\/#organization\",\"name\":\"Discover Egypt Tours\",\"url\":\"https:\\\/\\\/www.mytoursegypt.com\\\/\",\"logo\":{\"@type\":\"ImageObject\",\"inLanguage\":\"de\",\"@id\":\"https:\\\/\\\/www.mytoursegypt.com\\\/#\\\/schema\\\/logo\\\/image\\\/\",\"url\":\"https:\\\/\\\/mytoursegypt.com\\\/wp-content\\\/uploads\\\/2024\\\/06\\\/cropped-logo.png\",\"contentUrl\":\"https:\\\/\\\/mytoursegypt.com\\\/wp-content\\\/uploads\\\/2024\\\/06\\\/cropped-logo.png\",\"width\":512,\"height\":512,\"caption\":\"Discover Egypt Tours\"},\"image\":{\"@id\":\"https:\\\/\\\/www.mytoursegypt.com\\\/#\\\/schema\\\/logo\\\/image\\\/\"}}]}<\/script>\n<!-- \/ Yoast SEO plugin. -->","yoast_head_json":{"title":"From Alexandria: Highlights of Alexandria Full City Tour - Discover Egypt Tours","description":"Discover the history of Alexandria with a guide whilst travelling in an air-conditioned vehicle. Learn about the history of Alexandria .","robots":{"index":"index","follow":"follow","max-snippet":"max-snippet:-1","max-image-preview":"max-image-preview:large","max-video-preview":"max-video-preview:-1"},"canonical":"https:\/\/mytoursegypt.com\/ge\/tour\/from-alexandria-highlights-of-alexandria-full-city-tour\/","og_locale":"de_DE","og_type":"article","og_title":"From Alexandria: Highlights of Alexandria Full City Tour - Discover Egypt Tours","og_description":"Discover the history of Alexandria with a guide whilst travelling in an air-conditioned vehicle. Learn about the history of Alexandria .","og_url":"https:\/\/mytoursegypt.com\/ge\/tour\/from-alexandria-highlights-of-alexandria-full-city-tour\/","og_site_name":"Discover Egypt Tours","article_modified_time":"2024-07-02T04:11:25+00:00","og_image":[{"width":250,"height":200,"url":"https:\/\/mytoursegypt.com\/wp-content\/uploads\/2024\/06\/alx3-2.jpeg","type":"image\/jpeg"}],"twitter_card":"summary_large_image","twitter_misc":{"Gesch\u00e4tzte Lesezeit":"2\u00a0Minuten"},"schema":{"@context":"https:\/\/schema.org","@graph":[{"@type":"WebPage","@id":"https:\/\/mytoursegypt.com\/ge\/tour\/from-alexandria-highlights-of-alexandria-full-city-tour\/","url":"https:\/\/mytoursegypt.com\/ge\/tour\/from-alexandria-highlights-of-alexandria-full-city-tour\/","name":"From Alexandria: Highlights of Alexandria Full City Tour - Discover Egypt Tours","isPartOf":{"@id":"https:\/\/www.mytoursegypt.com\/#website"},"primaryImageOfPage":{"@id":"https:\/\/mytoursegypt.com\/ge\/tour\/from-alexandria-highlights-of-alexandria-full-city-tour\/#primaryimage"},"image":{"@id":"https:\/\/mytoursegypt.com\/ge\/tour\/from-alexandria-highlights-of-alexandria-full-city-tour\/#primaryimage"},"thumbnailUrl":"https:\/\/mytoursegypt.com\/wp-content\/uploads\/2024\/06\/alx3-2.jpeg","datePublished":"2024-06-01T15:43:41+00:00","dateModified":"2024-07-02T04:11:25+00:00","description":"Discover the history of Alexandria with a guide whilst travelling in an air-conditioned vehicle. Learn about the history of Alexandria .","breadcrumb":{"@id":"https:\/\/mytoursegypt.com\/ge\/tour\/from-alexandria-highlights-of-alexandria-full-city-tour\/#breadcrumb"},"inLanguage":"de","potentialAction":[{"@type":"ReadAction","target":["https:\/\/mytoursegypt.com\/ge\/tour\/from-alexandria-highlights-of-alexandria-full-city-tour\/"]}]},{"@type":"ImageObject","inLanguage":"de","@id":"https:\/\/mytoursegypt.com\/ge\/tour\/from-alexandria-highlights-of-alexandria-full-city-tour\/#primaryimage","url":"https:\/\/mytoursegypt.com\/wp-content\/uploads\/2024\/06\/alx3-2.jpeg","contentUrl":"https:\/\/mytoursegypt.com\/wp-content\/uploads\/2024\/06\/alx3-2.jpeg","width":250,"height":200,"caption":"From Alexandria: Highlights of Alexandria Full City Tour"},{"@type":"BreadcrumbList","@id":"https:\/\/mytoursegypt.com\/ge\/tour\/from-alexandria-highlights-of-alexandria-full-city-tour\/#breadcrumb","itemListElement":[{"@type":"ListItem","position":1,"name":"\u0627\u0644\u0631\u0626\u064a\u0633\u064a\u0629","item":"https:\/\/mytoursegypt.com\/"},{"@type":"ListItem","position":2,"name":"Shop","item":"https:\/\/mytoursegypt.com\/ge\/shop\/"},{"@type":"ListItem","position":3,"name":"From Alexandria: Highlights of Alexandria Full City Tour"}]},{"@type":"WebSite","@id":"https:\/\/www.mytoursegypt.com\/#website","url":"https:\/\/www.mytoursegypt.com\/","name":"Discover Egypt Tours","description":"Discover Egypt Your Guide to Top Attractions and Unique Experiences.","publisher":{"@id":"https:\/\/www.mytoursegypt.com\/#organization"},"potentialAction":[{"@type":"SearchAction","target":{"@type":"EntryPoint","urlTemplate":"https:\/\/www.mytoursegypt.com\/?s={search_term_string}"},"query-input":{"@type":"PropertyValueSpecification","valueRequired":true,"valueName":"search_term_string"}}],"inLanguage":"de"},{"@type":"Organization","@id":"https:\/\/www.mytoursegypt.com\/#organization","name":"Discover Egypt Tours","url":"https:\/\/www.mytoursegypt.com\/","logo":{"@type":"ImageObject","inLanguage":"de","@id":"https:\/\/www.mytoursegypt.com\/#\/schema\/logo\/image\/","url":"https:\/\/mytoursegypt.com\/wp-content\/uploads\/2024\/06\/cropped-logo.png","contentUrl":"https:\/\/mytoursegypt.com\/wp-content\/uploads\/2024\/06\/cropped-logo.png","width":512,"height":512,"caption":"Discover Egypt Tours"},"image":{"@id":"https:\/\/www.mytoursegypt.com\/#\/schema\/logo\/image\/"}}]}},"_links":{"self":[{"href":"https:\/\/mytoursegypt.com\/ge\/wp-json\/wp\/v2\/product\/10439","targetHints":{"allow":["GET"]}}],"collection":[{"href":"https:\/\/mytoursegypt.com\/ge\/wp-json\/wp\/v2\/product"}],"about":[{"href":"https:\/\/mytoursegypt.com\/ge\/wp-json\/wp\/v2\/types\/product"}],"replies":[{"embeddable":true,"href":"https:\/\/mytoursegypt.com\/ge\/wp-json\/wp\/v2\/comments?post=10439"}],"version-history":[{"count":2,"href":"https:\/\/mytoursegypt.com\/ge\/wp-json\/wp\/v2\/product\/10439\/revisions"}],"predecessor-version":[{"id":11226,"href":"https:\/\/mytoursegypt.com\/ge\/wp-json\/wp\/v2\/product\/10439\/revisions\/11226"}],"wp:featuredmedia":[{"embeddable":true,"href":"https:\/\/mytoursegypt.com\/ge\/wp-json\/wp\/v2\/media\/10744"}],"wp:attachment":[{"href":"https:\/\/mytoursegypt.com\/ge\/wp-json\/wp\/v2\/media?parent=10439"}],"wp:term":[{"taxonomy":"product_brand","embeddable":true,"href":"https:\/\/mytoursegypt.com\/ge\/wp-json\/wp\/v2\/product_brand?post=10439"},{"taxonomy":"product_cat","embeddable":true,"href":"https:\/\/mytoursegypt.com\/ge\/wp-json\/wp\/v2\/product_cat?post=10439"},{"taxonomy":"product_tag","embeddable":true,"href":"https:\/\/mytoursegypt.com\/ge\/wp-json\/wp\/v2\/product_tag?post=10439"}],"curies":[{"name":"wp","href":"https:\/\/api.w.org\/{rel}","templated":true}]}}