{"id":10454,"date":"2024-06-01T18:50:05","date_gmt":"2024-06-01T18:50:05","guid":{"rendered":"https:\/\/bookingegypttour.com\/?post_type=product&#038;p=10454"},"modified":"2024-07-02T04:10:45","modified_gmt":"2024-07-02T04:10:45","slug":"from-alexandria-el-alamein-world-war-ii-history-tour","status":"publish","type":"product","link":"https:\/\/mytoursegypt.com\/ge\/tour\/from-alexandria-el-alamein-world-war-ii-history-tour\/","title":{"rendered":"Von Alexandria aus: El Alamein - Geschichte des Zweiten Weltkriegs Tour"},"content":{"rendered":"<p>Von Alexandria fahren Sie entlang der K\u00fcste nach Westen zum Ort einer der bedeutendsten Schlachten im Zweiten Weltkrieg, Alamein. Besuchen Sie die Gedenkst\u00e4tten gefallener Soldaten aller Nationalit\u00e4ten.<\/p>\n<div data-track=\"overview\" data-v-6fcd98e0=\"\">\n<section id=\"activity-overview\" class=\"activity-overview\" data-component=\"overview\" data-v-6fcd98e0=\"\" data-v-5726f79d=\"\">\n<p class=\"activity-overview__content\" data-test-id=\"activity-overview-content\" data-v-5726f79d=\"\">Learn about and understand the importance of El Alamein in World War 2 from an expert guide. See the museum and talk with your guide as you look at the weaponry and memorabilia on display. Stop in El Alamein village, and visit the humbling war cemeteries.<\/p>\n<\/section>\n<\/div>\n<div data-track=\"key-details\" data-v-6fcd98e0=\"\"><\/div>\n<div class=\"activity-accordion-item-header\">\n<h3 class=\"activity-accordion-item__title\">Highlights<\/h3>\n<\/div>\n<ul class=\"activity-highlights__list\" data-test-id=\"activity-highlights\" data-v-72aefa1b=\"\">\n<li class=\"activity-highlights__list-item\" data-v-72aefa1b=\"\">Entdecken Sie \u00c4gyptens Geschichte im Zweiten Weltkrieg<\/li>\n<li class=\"activity-highlights__list-item\" data-v-72aefa1b=\"\">Erfahren Sie mehr \u00fcber den Zweiten Weltkrieg in \u00c4gypten<\/li>\n<li class=\"activity-highlights__list-item\" data-v-72aefa1b=\"\">Versuchen Sie, einige seltene Geschichten aus dem Zweiten Weltkrieg zu entdecken<\/li>\n<\/ul>\n<p>Representative from Discoveregypttours will be picked up from your cruise by your private Egyptologist guide who will accompany you to Al Alamein\u00a0World War II remains and cemeteries then you will also visit the Military Museum which includes the old weapons, tanks, flights, and bikes used in the World War. Also the descriptions actions of Montgomery, Rommel and the others participated in the battle are all on display. You will have your lunch inroute on the trip then you will continue your way to the West of Al Alamein a beautiful town overlooking the Mediterranean sea to visit the World War Cemeteries where you will see the citadel looks like cemeteries is the final resting place for Common wealth, Greek, Italian and German soldiers. Finally you will be escorted by your guide back to the cruise in Alexandria Port : departure time from Al Alamein depends on the departure time of your ship in Alexandria Port.<\/p>\n<div class=\"activity-accordion-item-header\">\n<h3 class=\"activity-accordion-item__title\">Includes<\/h3>\n<\/div>\n<div class=\"activity-accordion-item__content--hidden activity-accordion-item__content\">\n<section class=\"activity-inclusions\" data-test-id=\"activity-inclusions\" data-v-7976cbc6=\"\" data-v-de44b8f4=\"\">\n<ul class=\"activity-inclusions-inclusion\" data-v-de44b8f4=\"\">\n<li class=\"activity-inclusions__item activity-inclusions__item--inclusion\" data-v-de44b8f4=\"\"><span class=\"activity-inclusions__test activity-inclusions__test--include\" data-v-de44b8f4=\"\">Pick up services from &amp; to your destinations.<\/span><\/li>\n<li class=\"activity-inclusions__item activity-inclusions__item--inclusion\" data-v-de44b8f4=\"\"><span class=\"activity-inclusions__test activity-inclusions__test--include\" data-v-de44b8f4=\"\">All transfers &amp; tours by private modern air-conditioned vehicles.<\/span><\/li>\n<li class=\"activity-inclusions__item activity-inclusions__item--inclusion\" data-v-de44b8f4=\"\"><span class=\"activity-inclusions__test activity-inclusions__test--include\" data-v-de44b8f4=\"\">Assistance of our representatives during the day tour<\/span><\/li>\n<li class=\"activity-inclusions__item activity-inclusions__item--inclusion\" data-v-de44b8f4=\"\"><span class=\"activity-inclusions__test activity-inclusions__test--include\" data-v-de44b8f4=\"\">private tour guide<\/span><\/li>\n<li class=\"activity-inclusions__item activity-inclusions__item--inclusion\" data-v-de44b8f4=\"\"><span class=\"activity-inclusions__test activity-inclusions__test--include\" data-v-de44b8f4=\"\">Entrance fees to the mentioned sights in El AlAmein<\/span><\/li>\n<li class=\"activity-inclusions__item activity-inclusions__item--inclusion\" data-v-de44b8f4=\"\"><span class=\"activity-inclusions__test activity-inclusions__test--include\" data-v-de44b8f4=\"\">Bottled water during your trip<\/span><\/li>\n<li class=\"activity-inclusions__item activity-inclusions__item--inclusion\" data-v-de44b8f4=\"\"><span class=\"activity-inclusions__test activity-inclusions__test--include\" data-v-de44b8f4=\"\">Lunch meal at Local restaurant<\/span><\/li>\n<li class=\"activity-inclusions__item activity-inclusions__item--inclusion\" data-v-de44b8f4=\"\"><span class=\"activity-inclusions__test activity-inclusions__test--include\" data-v-de44b8f4=\"\">Service charges and taxes included in tour price<\/span><\/li>\n<\/ul>\n<\/section>\n<h3 class=\"activity-accordion-item__title\">Excludes<\/h3>\n<section class=\"activity-inclusions\" data-test-id=\"activity-inclusions\" data-v-7976cbc6=\"\" data-v-de44b8f4=\"\">\n<ul class=\"activity-inclusions-exclusion\" data-v-de44b8f4=\"\">\n<li class=\"activity-inclusions__item activity-inclusions__item--exclusion\" data-v-de44b8f4=\"\"><span class=\"activity-inclusions__test activity-inclusions__test--exclude\" data-v-de44b8f4=\"\">Any extras not mentioned in the itinerary.<\/span><\/li>\n<li class=\"activity-inclusions__item activity-inclusions__item--exclusion\" data-v-de44b8f4=\"\"><span class=\"activity-inclusions__test activity-inclusions__test--exclude\" data-v-de44b8f4=\"\">Tipping.<\/span><\/li>\n<\/ul>\n<p>&nbsp;<\/p>\n<\/section>\n<\/div>","protected":false},"excerpt":{"rendered":"<ul>\n<li class=\"activity-highlights__list-item\" data-v-72aefa1b=\"\">Entdecken Sie \u00c4gyptens Geschichte im Zweiten Weltkrieg<\/li>\n<li class=\"activity-highlights__list-item\" data-v-72aefa1b=\"\">Erfahren Sie mehr \u00fcber den Zweiten Weltkrieg in \u00c4gypten<\/li>\n<li class=\"activity-highlights__list-item\" data-v-72aefa1b=\"\">Versuchen Sie, einige seltene Geschichten aus dem Zweiten Weltkrieg zu entdecken<\/li>\n<\/ul>","protected":false},"featured_media":10756,"comment_status":"open","ping_status":"closed","template":"","meta":[],"product_brand":[],"product_cat":[55,15],"product_tag":[],"class_list":{"0":"post-10454","1":"product","2":"type-product","3":"status-publish","4":"has-post-thumbnail","6":"product_cat-sharm-el-sheikh-shore-excursions","7":"product_cat-uncategorized","9":"first","10":"instock","11":"sale","12":"shipping-taxable","13":"purchasable","14":"product-type-ovabrw_car_rental"},"yoast_head":"<!-- This site is optimized with the Yoast SEO plugin v27.4 - https:\/\/yoast.com\/product\/yoast-seo-wordpress\/ -->\n<title>From Alexandria: El Alamein World War II History Tour - Discover Egypt Tours<\/title>\n<meta name=\"description\" content=\"From Alexandria Port to travel west along the coast to the site of one of the most significant battles in World War II, Alamein. Visit .\" \/>\n<meta name=\"robots\" content=\"index, follow, max-snippet:-1, max-image-preview:large, max-video-preview:-1\" \/>\n<link rel=\"canonical\" href=\"https:\/\/mytoursegypt.com\/ge\/tour\/from-alexandria-el-alamein-world-war-ii-history-tour\/\" \/>\n<meta property=\"og:locale\" content=\"de_DE\" \/>\n<meta property=\"og:type\" content=\"article\" \/>\n<meta property=\"og:title\" content=\"From Alexandria: El Alamein World War II History Tour - Discover Egypt Tours\" \/>\n<meta property=\"og:description\" content=\"From Alexandria Port to travel west along the coast to the site of one of the most significant battles in World War II, Alamein. Visit .\" \/>\n<meta property=\"og:url\" content=\"https:\/\/mytoursegypt.com\/ge\/tour\/from-alexandria-el-alamein-world-war-ii-history-tour\/\" \/>\n<meta property=\"og:site_name\" content=\"Discover Egypt Tours\" \/>\n<meta property=\"article:modified_time\" content=\"2024-07-02T04:10:45+00:00\" \/>\n<meta property=\"og:image\" content=\"https:\/\/mytoursegypt.com\/wp-content\/uploads\/2024\/06\/1-1.jpeg\" \/>\n\t<meta property=\"og:image:width\" content=\"250\" \/>\n\t<meta property=\"og:image:height\" content=\"200\" \/>\n\t<meta property=\"og:image:type\" content=\"image\/jpeg\" \/>\n<meta name=\"twitter:card\" content=\"summary_large_image\" \/>\n<meta name=\"twitter:label1\" content=\"Gesch\u00e4tzte Lesezeit\" \/>\n\t<meta name=\"twitter:data1\" content=\"2\u00a0Minuten\" \/>\n<script type=\"application\/ld+json\" class=\"yoast-schema-graph\">{\"@context\":\"https:\\\/\\\/schema.org\",\"@graph\":[{\"@type\":\"WebPage\",\"@id\":\"https:\\\/\\\/mytoursegypt.com\\\/tour\\\/from-alexandria-el-alamein-world-war-ii-history-tour\\\/\",\"url\":\"https:\\\/\\\/mytoursegypt.com\\\/tour\\\/from-alexandria-el-alamein-world-war-ii-history-tour\\\/\",\"name\":\"From Alexandria: El Alamein World War II History Tour - Discover Egypt Tours\",\"isPartOf\":{\"@id\":\"https:\\\/\\\/www.mytoursegypt.com\\\/#website\"},\"primaryImageOfPage\":{\"@id\":\"https:\\\/\\\/mytoursegypt.com\\\/tour\\\/from-alexandria-el-alamein-world-war-ii-history-tour\\\/#primaryimage\"},\"image\":{\"@id\":\"https:\\\/\\\/mytoursegypt.com\\\/tour\\\/from-alexandria-el-alamein-world-war-ii-history-tour\\\/#primaryimage\"},\"thumbnailUrl\":\"https:\\\/\\\/mytoursegypt.com\\\/wp-content\\\/uploads\\\/2024\\\/06\\\/1-1.jpeg\",\"datePublished\":\"2024-06-01T18:50:05+00:00\",\"dateModified\":\"2024-07-02T04:10:45+00:00\",\"description\":\"From Alexandria Port to travel west along the coast to the site of one of the most significant battles in World War II, Alamein. Visit .\",\"breadcrumb\":{\"@id\":\"https:\\\/\\\/mytoursegypt.com\\\/tour\\\/from-alexandria-el-alamein-world-war-ii-history-tour\\\/#breadcrumb\"},\"inLanguage\":\"de\",\"potentialAction\":[{\"@type\":\"ReadAction\",\"target\":[\"https:\\\/\\\/mytoursegypt.com\\\/tour\\\/from-alexandria-el-alamein-world-war-ii-history-tour\\\/\"]}]},{\"@type\":\"ImageObject\",\"inLanguage\":\"de\",\"@id\":\"https:\\\/\\\/mytoursegypt.com\\\/tour\\\/from-alexandria-el-alamein-world-war-ii-history-tour\\\/#primaryimage\",\"url\":\"https:\\\/\\\/mytoursegypt.com\\\/wp-content\\\/uploads\\\/2024\\\/06\\\/1-1.jpeg\",\"contentUrl\":\"https:\\\/\\\/mytoursegypt.com\\\/wp-content\\\/uploads\\\/2024\\\/06\\\/1-1.jpeg\",\"width\":250,\"height\":200,\"caption\":\"From Alexandria: El Alamein World War II History Tour\"},{\"@type\":\"BreadcrumbList\",\"@id\":\"https:\\\/\\\/mytoursegypt.com\\\/tour\\\/from-alexandria-el-alamein-world-war-ii-history-tour\\\/#breadcrumb\",\"itemListElement\":[{\"@type\":\"ListItem\",\"position\":1,\"name\":\"\u0627\u0644\u0631\u0626\u064a\u0633\u064a\u0629\",\"item\":\"https:\\\/\\\/mytoursegypt.com\\\/\"},{\"@type\":\"ListItem\",\"position\":2,\"name\":\"Shop\",\"item\":\"https:\\\/\\\/mytoursegypt.com\\\/ge\\\/shop\\\/\"},{\"@type\":\"ListItem\",\"position\":3,\"name\":\"From Alexandria: El Alamein World War II History Tour\"}]},{\"@type\":\"WebSite\",\"@id\":\"https:\\\/\\\/www.mytoursegypt.com\\\/#website\",\"url\":\"https:\\\/\\\/www.mytoursegypt.com\\\/\",\"name\":\"Discover Egypt Tours\",\"description\":\"Discover Egypt Your Guide to Top Attractions and Unique Experiences.\",\"publisher\":{\"@id\":\"https:\\\/\\\/www.mytoursegypt.com\\\/#organization\"},\"potentialAction\":[{\"@type\":\"SearchAction\",\"target\":{\"@type\":\"EntryPoint\",\"urlTemplate\":\"https:\\\/\\\/www.mytoursegypt.com\\\/?s={search_term_string}\"},\"query-input\":{\"@type\":\"PropertyValueSpecification\",\"valueRequired\":true,\"valueName\":\"search_term_string\"}}],\"inLanguage\":\"de\"},{\"@type\":\"Organization\",\"@id\":\"https:\\\/\\\/www.mytoursegypt.com\\\/#organization\",\"name\":\"Discover Egypt Tours\",\"url\":\"https:\\\/\\\/www.mytoursegypt.com\\\/\",\"logo\":{\"@type\":\"ImageObject\",\"inLanguage\":\"de\",\"@id\":\"https:\\\/\\\/www.mytoursegypt.com\\\/#\\\/schema\\\/logo\\\/image\\\/\",\"url\":\"https:\\\/\\\/mytoursegypt.com\\\/wp-content\\\/uploads\\\/2024\\\/06\\\/cropped-logo.png\",\"contentUrl\":\"https:\\\/\\\/mytoursegypt.com\\\/wp-content\\\/uploads\\\/2024\\\/06\\\/cropped-logo.png\",\"width\":512,\"height\":512,\"caption\":\"Discover Egypt Tours\"},\"image\":{\"@id\":\"https:\\\/\\\/www.mytoursegypt.com\\\/#\\\/schema\\\/logo\\\/image\\\/\"}}]}<\/script>\n<!-- \/ Yoast SEO plugin. -->","yoast_head_json":{"title":"From Alexandria: El Alamein World War II History Tour - Discover Egypt Tours","description":"From Alexandria Port to travel west along the coast to the site of one of the most significant battles in World War II, Alamein. Visit .","robots":{"index":"index","follow":"follow","max-snippet":"max-snippet:-1","max-image-preview":"max-image-preview:large","max-video-preview":"max-video-preview:-1"},"canonical":"https:\/\/mytoursegypt.com\/ge\/tour\/from-alexandria-el-alamein-world-war-ii-history-tour\/","og_locale":"de_DE","og_type":"article","og_title":"From Alexandria: El Alamein World War II History Tour - Discover Egypt Tours","og_description":"From Alexandria Port to travel west along the coast to the site of one of the most significant battles in World War II, Alamein. Visit .","og_url":"https:\/\/mytoursegypt.com\/ge\/tour\/from-alexandria-el-alamein-world-war-ii-history-tour\/","og_site_name":"Discover Egypt Tours","article_modified_time":"2024-07-02T04:10:45+00:00","og_image":[{"width":250,"height":200,"url":"https:\/\/mytoursegypt.com\/wp-content\/uploads\/2024\/06\/1-1.jpeg","type":"image\/jpeg"}],"twitter_card":"summary_large_image","twitter_misc":{"Gesch\u00e4tzte Lesezeit":"2\u00a0Minuten"},"schema":{"@context":"https:\/\/schema.org","@graph":[{"@type":"WebPage","@id":"https:\/\/mytoursegypt.com\/tour\/from-alexandria-el-alamein-world-war-ii-history-tour\/","url":"https:\/\/mytoursegypt.com\/tour\/from-alexandria-el-alamein-world-war-ii-history-tour\/","name":"From Alexandria: El Alamein World War II History Tour - Discover Egypt Tours","isPartOf":{"@id":"https:\/\/www.mytoursegypt.com\/#website"},"primaryImageOfPage":{"@id":"https:\/\/mytoursegypt.com\/tour\/from-alexandria-el-alamein-world-war-ii-history-tour\/#primaryimage"},"image":{"@id":"https:\/\/mytoursegypt.com\/tour\/from-alexandria-el-alamein-world-war-ii-history-tour\/#primaryimage"},"thumbnailUrl":"https:\/\/mytoursegypt.com\/wp-content\/uploads\/2024\/06\/1-1.jpeg","datePublished":"2024-06-01T18:50:05+00:00","dateModified":"2024-07-02T04:10:45+00:00","description":"From Alexandria Port to travel west along the coast to the site of one of the most significant battles in World War II, Alamein. Visit .","breadcrumb":{"@id":"https:\/\/mytoursegypt.com\/tour\/from-alexandria-el-alamein-world-war-ii-history-tour\/#breadcrumb"},"inLanguage":"de","potentialAction":[{"@type":"ReadAction","target":["https:\/\/mytoursegypt.com\/tour\/from-alexandria-el-alamein-world-war-ii-history-tour\/"]}]},{"@type":"ImageObject","inLanguage":"de","@id":"https:\/\/mytoursegypt.com\/tour\/from-alexandria-el-alamein-world-war-ii-history-tour\/#primaryimage","url":"https:\/\/mytoursegypt.com\/wp-content\/uploads\/2024\/06\/1-1.jpeg","contentUrl":"https:\/\/mytoursegypt.com\/wp-content\/uploads\/2024\/06\/1-1.jpeg","width":250,"height":200,"caption":"From Alexandria: El Alamein World War II History Tour"},{"@type":"BreadcrumbList","@id":"https:\/\/mytoursegypt.com\/tour\/from-alexandria-el-alamein-world-war-ii-history-tour\/#breadcrumb","itemListElement":[{"@type":"ListItem","position":1,"name":"\u0627\u0644\u0631\u0626\u064a\u0633\u064a\u0629","item":"https:\/\/mytoursegypt.com\/"},{"@type":"ListItem","position":2,"name":"Shop","item":"https:\/\/mytoursegypt.com\/ge\/shop\/"},{"@type":"ListItem","position":3,"name":"From Alexandria: El Alamein World War II History Tour"}]},{"@type":"WebSite","@id":"https:\/\/www.mytoursegypt.com\/#website","url":"https:\/\/www.mytoursegypt.com\/","name":"Discover Egypt Tours","description":"Discover Egypt Your Guide to Top Attractions and Unique Experiences.","publisher":{"@id":"https:\/\/www.mytoursegypt.com\/#organization"},"potentialAction":[{"@type":"SearchAction","target":{"@type":"EntryPoint","urlTemplate":"https:\/\/www.mytoursegypt.com\/?s={search_term_string}"},"query-input":{"@type":"PropertyValueSpecification","valueRequired":true,"valueName":"search_term_string"}}],"inLanguage":"de"},{"@type":"Organization","@id":"https:\/\/www.mytoursegypt.com\/#organization","name":"Discover Egypt Tours","url":"https:\/\/www.mytoursegypt.com\/","logo":{"@type":"ImageObject","inLanguage":"de","@id":"https:\/\/www.mytoursegypt.com\/#\/schema\/logo\/image\/","url":"https:\/\/mytoursegypt.com\/wp-content\/uploads\/2024\/06\/cropped-logo.png","contentUrl":"https:\/\/mytoursegypt.com\/wp-content\/uploads\/2024\/06\/cropped-logo.png","width":512,"height":512,"caption":"Discover Egypt Tours"},"image":{"@id":"https:\/\/www.mytoursegypt.com\/#\/schema\/logo\/image\/"}}]}},"_links":{"self":[{"href":"https:\/\/mytoursegypt.com\/ge\/wp-json\/wp\/v2\/product\/10454","targetHints":{"allow":["GET"]}}],"collection":[{"href":"https:\/\/mytoursegypt.com\/ge\/wp-json\/wp\/v2\/product"}],"about":[{"href":"https:\/\/mytoursegypt.com\/ge\/wp-json\/wp\/v2\/types\/product"}],"replies":[{"embeddable":true,"href":"https:\/\/mytoursegypt.com\/ge\/wp-json\/wp\/v2\/comments?post=10454"}],"version-history":[{"count":2,"href":"https:\/\/mytoursegypt.com\/ge\/wp-json\/wp\/v2\/product\/10454\/revisions"}],"predecessor-version":[{"id":11224,"href":"https:\/\/mytoursegypt.com\/ge\/wp-json\/wp\/v2\/product\/10454\/revisions\/11224"}],"wp:featuredmedia":[{"embeddable":true,"href":"https:\/\/mytoursegypt.com\/ge\/wp-json\/wp\/v2\/media\/10756"}],"wp:attachment":[{"href":"https:\/\/mytoursegypt.com\/ge\/wp-json\/wp\/v2\/media?parent=10454"}],"wp:term":[{"taxonomy":"product_brand","embeddable":true,"href":"https:\/\/mytoursegypt.com\/ge\/wp-json\/wp\/v2\/product_brand?post=10454"},{"taxonomy":"product_cat","embeddable":true,"href":"https:\/\/mytoursegypt.com\/ge\/wp-json\/wp\/v2\/product_cat?post=10454"},{"taxonomy":"product_tag","embeddable":true,"href":"https:\/\/mytoursegypt.com\/ge\/wp-json\/wp\/v2\/product_tag?post=10454"}],"curies":[{"name":"wp","href":"https:\/\/api.w.org\/{rel}","templated":true}]}}