{"id":3817,"date":"2022-07-22T04:54:49","date_gmt":"2022-07-22T04:54:49","guid":{"rendered":"https:\/\/lightgray-magpie-620827.hostingersite.com\/?post_type=product&#038;p=3817"},"modified":"2024-06-19T14:42:53","modified_gmt":"2024-06-19T14:42:53","slug":"desert-national-park-4-days-3-nights","status":"publish","type":"product","link":"https:\/\/mytoursegypt.com\/ge\/tour\/desert-national-park-4-days-3-nights\/","title":{"rendered":"A four-days Nile cruise in Aswan"},"content":{"rendered":"<h2>\u00dcberblick<\/h2>\n<p>Enjoy an amazing 4-day Nile Cruise from Cairo on the Nile River between Aswan and Luxor, on a 5-star cruise. You will discover numerous archaeological treasures, seize the opportunity to enjoy a wonderful experience accompanied by an expert tour guide. You will visit <a href=\"https:\/\/mytoursegypt.com\/ge\/\">Luxor Temple<\/a>, <a href=\"https:\/\/mytoursegypt.com\/ge\/\">Karnak Temple<\/a>, <a href=\"https:\/\/mytoursegypt.com\/ge\/\">Valley of the Kings,<\/a> <a href=\"https:\/\/mytoursegypt.com\/ge\/\">Queen Hatshepsut Temple<\/a>, then sail to Edfu Temple and Kom Ombo Temple. Finally visit the Aswan High Dam, the Unfinished Obelisk and the Temple of the Philae of Abu Simbel, then head to Cairo<\/p>\n<h4>Tour Highlights<\/h4>\n<ul>\n<li>Lassen Sie sich von der Sch\u00f6nheit hoch aufragender B\u00e4ume, abgelegener Str\u00e4nde und Berge der kanadischen Wildnis umh\u00fcllen<\/li>\n<li>Machen Sie hautnahe Begegnungen mit der K\u00fcstentierwelt von British Columbia. Seel\u00f6wen, Robben, Pazifische Wei\u00dfstreifendelfine, Otter, V\u00f6gel und einige der gr\u00f6\u00dften Seesterne der Welt<\/li>\n<li>Halten Sie Ausschau nach Buckelwalen, die auf den Discovery Islands starken Widerstand geleistet haben<\/li>\n<li>Coastal cuisine designed by a local gourmet chef<\/li>\n<li>Inbegriffen<\/li>\n<\/ul>","protected":false},"excerpt":{"rendered":"<ul>\n<li>The continent&#8217;s major deserts are associated with the intermontane Basin and Range Province&#8230;<\/li>\n<\/ul>","protected":false},"featured_media":9647,"comment_status":"open","ping_status":"closed","template":"","meta":[],"product_brand":[],"product_cat":[15],"product_tag":[],"class_list":{"0":"post-3817","1":"product","2":"type-product","3":"status-publish","4":"has-post-thumbnail","6":"brw_tour_types-hiking","7":"product_cat-uncategorized","9":"first","10":"instock","11":"sale","12":"shipping-taxable","13":"purchasable","14":"product-type-ovabrw_car_rental"},"yoast_head":"<!-- This site is optimized with the Yoast SEO plugin v27.4 - https:\/\/yoast.com\/product\/yoast-seo-wordpress\/ -->\n<title>A four-days Nile cruise in Aswan - Discover Egypt Tours<\/title>\n<meta name=\"robots\" content=\"index, follow, max-snippet:-1, max-image-preview:large, max-video-preview:-1\" \/>\n<link rel=\"canonical\" href=\"https:\/\/www.mytoursegypt.com\/tour\/desert-national-park-4-days-3-nights\/\" \/>\n<meta property=\"og:locale\" content=\"de_DE\" \/>\n<meta property=\"og:type\" content=\"article\" \/>\n<meta property=\"og:title\" content=\"A four-days Nile cruise in Aswan - Discover Egypt Tours\" \/>\n<meta property=\"og:description\" content=\"The continent&#039;s major deserts are associated with the intermontane Basin and Range Province...\" \/>\n<meta property=\"og:url\" content=\"https:\/\/www.mytoursegypt.com\/tour\/desert-national-park-4-days-3-nights\/\" \/>\n<meta property=\"og:site_name\" content=\"Discover Egypt Tours\" \/>\n<meta property=\"article:modified_time\" content=\"2024-06-19T14:42:53+00:00\" \/>\n<meta property=\"og:image\" content=\"https:\/\/mytoursegypt.com\/wp-content\/uploads\/2022\/07\/\u0627\u0633\u0648\u0627\u0646.jpg\" \/>\n\t<meta property=\"og:image:width\" content=\"674\" \/>\n\t<meta property=\"og:image:height\" content=\"485\" \/>\n\t<meta property=\"og:image:type\" content=\"image\/jpeg\" \/>\n<meta name=\"twitter:card\" content=\"summary_large_image\" \/>\n<meta name=\"twitter:label1\" content=\"Gesch\u00e4tzte Lesezeit\" \/>\n\t<meta name=\"twitter:data1\" content=\"1\u00a0Minute\" \/>\n<script type=\"application\/ld+json\" class=\"yoast-schema-graph\">{\"@context\":\"https:\\\/\\\/schema.org\",\"@graph\":[{\"@type\":\"WebPage\",\"@id\":\"https:\\\/\\\/www.mytoursegypt.com\\\/tour\\\/desert-national-park-4-days-3-nights\\\/\",\"url\":\"https:\\\/\\\/www.mytoursegypt.com\\\/tour\\\/desert-national-park-4-days-3-nights\\\/\",\"name\":\"A four-days Nile cruise in Aswan - Discover Egypt Tours\",\"isPartOf\":{\"@id\":\"https:\\\/\\\/www.mytoursegypt.com\\\/#website\"},\"primaryImageOfPage\":{\"@id\":\"https:\\\/\\\/www.mytoursegypt.com\\\/tour\\\/desert-national-park-4-days-3-nights\\\/#primaryimage\"},\"image\":{\"@id\":\"https:\\\/\\\/www.mytoursegypt.com\\\/tour\\\/desert-national-park-4-days-3-nights\\\/#primaryimage\"},\"thumbnailUrl\":\"https:\\\/\\\/mytoursegypt.com\\\/wp-content\\\/uploads\\\/2022\\\/07\\\/\u0627\u0633\u0648\u0627\u0646.jpg\",\"datePublished\":\"2022-07-22T04:54:49+00:00\",\"dateModified\":\"2024-06-19T14:42:53+00:00\",\"breadcrumb\":{\"@id\":\"https:\\\/\\\/www.mytoursegypt.com\\\/tour\\\/desert-national-park-4-days-3-nights\\\/#breadcrumb\"},\"inLanguage\":\"de\",\"potentialAction\":[{\"@type\":\"ReadAction\",\"target\":[\"https:\\\/\\\/www.mytoursegypt.com\\\/tour\\\/desert-national-park-4-days-3-nights\\\/\"]}]},{\"@type\":\"ImageObject\",\"inLanguage\":\"de\",\"@id\":\"https:\\\/\\\/www.mytoursegypt.com\\\/tour\\\/desert-national-park-4-days-3-nights\\\/#primaryimage\",\"url\":\"https:\\\/\\\/mytoursegypt.com\\\/wp-content\\\/uploads\\\/2022\\\/07\\\/\u0627\u0633\u0648\u0627\u0646.jpg\",\"contentUrl\":\"https:\\\/\\\/mytoursegypt.com\\\/wp-content\\\/uploads\\\/2022\\\/07\\\/\u0627\u0633\u0648\u0627\u0646.jpg\",\"width\":674,\"height\":485},{\"@type\":\"BreadcrumbList\",\"@id\":\"https:\\\/\\\/www.mytoursegypt.com\\\/tour\\\/desert-national-park-4-days-3-nights\\\/#breadcrumb\",\"itemListElement\":[{\"@type\":\"ListItem\",\"position\":1,\"name\":\"\u0627\u0644\u0631\u0626\u064a\u0633\u064a\u0629\",\"item\":\"https:\\\/\\\/mytoursegypt.com\\\/\"},{\"@type\":\"ListItem\",\"position\":2,\"name\":\"Shop\",\"item\":\"https:\\\/\\\/mytoursegypt.com\\\/ge\\\/shop\\\/\"},{\"@type\":\"ListItem\",\"position\":3,\"name\":\"A four-days Nile cruise in Aswan\"}]},{\"@type\":\"WebSite\",\"@id\":\"https:\\\/\\\/www.mytoursegypt.com\\\/#website\",\"url\":\"https:\\\/\\\/www.mytoursegypt.com\\\/\",\"name\":\"Discover Egypt Tours\",\"description\":\"Discover Egypt Your Guide to Top Attractions and Unique Experiences.\",\"publisher\":{\"@id\":\"https:\\\/\\\/www.mytoursegypt.com\\\/#organization\"},\"potentialAction\":[{\"@type\":\"SearchAction\",\"target\":{\"@type\":\"EntryPoint\",\"urlTemplate\":\"https:\\\/\\\/www.mytoursegypt.com\\\/?s={search_term_string}\"},\"query-input\":{\"@type\":\"PropertyValueSpecification\",\"valueRequired\":true,\"valueName\":\"search_term_string\"}}],\"inLanguage\":\"de\"},{\"@type\":\"Organization\",\"@id\":\"https:\\\/\\\/www.mytoursegypt.com\\\/#organization\",\"name\":\"Discover Egypt Tours\",\"url\":\"https:\\\/\\\/www.mytoursegypt.com\\\/\",\"logo\":{\"@type\":\"ImageObject\",\"inLanguage\":\"de\",\"@id\":\"https:\\\/\\\/www.mytoursegypt.com\\\/#\\\/schema\\\/logo\\\/image\\\/\",\"url\":\"https:\\\/\\\/mytoursegypt.com\\\/wp-content\\\/uploads\\\/2024\\\/06\\\/cropped-logo.png\",\"contentUrl\":\"https:\\\/\\\/mytoursegypt.com\\\/wp-content\\\/uploads\\\/2024\\\/06\\\/cropped-logo.png\",\"width\":512,\"height\":512,\"caption\":\"Discover Egypt Tours\"},\"image\":{\"@id\":\"https:\\\/\\\/www.mytoursegypt.com\\\/#\\\/schema\\\/logo\\\/image\\\/\"}}]}<\/script>\n<!-- \/ Yoast SEO plugin. -->","yoast_head_json":{"title":"A four-days Nile cruise in Aswan - Discover Egypt Tours","robots":{"index":"index","follow":"follow","max-snippet":"max-snippet:-1","max-image-preview":"max-image-preview:large","max-video-preview":"max-video-preview:-1"},"canonical":"https:\/\/www.mytoursegypt.com\/tour\/desert-national-park-4-days-3-nights\/","og_locale":"de_DE","og_type":"article","og_title":"A four-days Nile cruise in Aswan - Discover Egypt Tours","og_description":"The continent's major deserts are associated with the intermontane Basin and Range Province...","og_url":"https:\/\/www.mytoursegypt.com\/tour\/desert-national-park-4-days-3-nights\/","og_site_name":"Discover Egypt Tours","article_modified_time":"2024-06-19T14:42:53+00:00","og_image":[{"width":674,"height":485,"url":"https:\/\/mytoursegypt.com\/wp-content\/uploads\/2022\/07\/\u0627\u0633\u0648\u0627\u0646.jpg","type":"image\/jpeg"}],"twitter_card":"summary_large_image","twitter_misc":{"Gesch\u00e4tzte Lesezeit":"1\u00a0Minute"},"schema":{"@context":"https:\/\/schema.org","@graph":[{"@type":"WebPage","@id":"https:\/\/www.mytoursegypt.com\/tour\/desert-national-park-4-days-3-nights\/","url":"https:\/\/www.mytoursegypt.com\/tour\/desert-national-park-4-days-3-nights\/","name":"A four-days Nile cruise in Aswan - Discover Egypt Tours","isPartOf":{"@id":"https:\/\/www.mytoursegypt.com\/#website"},"primaryImageOfPage":{"@id":"https:\/\/www.mytoursegypt.com\/tour\/desert-national-park-4-days-3-nights\/#primaryimage"},"image":{"@id":"https:\/\/www.mytoursegypt.com\/tour\/desert-national-park-4-days-3-nights\/#primaryimage"},"thumbnailUrl":"https:\/\/mytoursegypt.com\/wp-content\/uploads\/2022\/07\/\u0627\u0633\u0648\u0627\u0646.jpg","datePublished":"2022-07-22T04:54:49+00:00","dateModified":"2024-06-19T14:42:53+00:00","breadcrumb":{"@id":"https:\/\/www.mytoursegypt.com\/tour\/desert-national-park-4-days-3-nights\/#breadcrumb"},"inLanguage":"de","potentialAction":[{"@type":"ReadAction","target":["https:\/\/www.mytoursegypt.com\/tour\/desert-national-park-4-days-3-nights\/"]}]},{"@type":"ImageObject","inLanguage":"de","@id":"https:\/\/www.mytoursegypt.com\/tour\/desert-national-park-4-days-3-nights\/#primaryimage","url":"https:\/\/mytoursegypt.com\/wp-content\/uploads\/2022\/07\/\u0627\u0633\u0648\u0627\u0646.jpg","contentUrl":"https:\/\/mytoursegypt.com\/wp-content\/uploads\/2022\/07\/\u0627\u0633\u0648\u0627\u0646.jpg","width":674,"height":485},{"@type":"BreadcrumbList","@id":"https:\/\/www.mytoursegypt.com\/tour\/desert-national-park-4-days-3-nights\/#breadcrumb","itemListElement":[{"@type":"ListItem","position":1,"name":"\u0627\u0644\u0631\u0626\u064a\u0633\u064a\u0629","item":"https:\/\/mytoursegypt.com\/"},{"@type":"ListItem","position":2,"name":"Shop","item":"https:\/\/mytoursegypt.com\/ge\/shop\/"},{"@type":"ListItem","position":3,"name":"A four-days Nile cruise in Aswan"}]},{"@type":"WebSite","@id":"https:\/\/www.mytoursegypt.com\/#website","url":"https:\/\/www.mytoursegypt.com\/","name":"Discover Egypt Tours","description":"Discover Egypt Your Guide to Top Attractions and Unique Experiences.","publisher":{"@id":"https:\/\/www.mytoursegypt.com\/#organization"},"potentialAction":[{"@type":"SearchAction","target":{"@type":"EntryPoint","urlTemplate":"https:\/\/www.mytoursegypt.com\/?s={search_term_string}"},"query-input":{"@type":"PropertyValueSpecification","valueRequired":true,"valueName":"search_term_string"}}],"inLanguage":"de"},{"@type":"Organization","@id":"https:\/\/www.mytoursegypt.com\/#organization","name":"Discover Egypt Tours","url":"https:\/\/www.mytoursegypt.com\/","logo":{"@type":"ImageObject","inLanguage":"de","@id":"https:\/\/www.mytoursegypt.com\/#\/schema\/logo\/image\/","url":"https:\/\/mytoursegypt.com\/wp-content\/uploads\/2024\/06\/cropped-logo.png","contentUrl":"https:\/\/mytoursegypt.com\/wp-content\/uploads\/2024\/06\/cropped-logo.png","width":512,"height":512,"caption":"Discover Egypt Tours"},"image":{"@id":"https:\/\/www.mytoursegypt.com\/#\/schema\/logo\/image\/"}}]}},"_links":{"self":[{"href":"https:\/\/mytoursegypt.com\/ge\/wp-json\/wp\/v2\/product\/3817","targetHints":{"allow":["GET"]}}],"collection":[{"href":"https:\/\/mytoursegypt.com\/ge\/wp-json\/wp\/v2\/product"}],"about":[{"href":"https:\/\/mytoursegypt.com\/ge\/wp-json\/wp\/v2\/types\/product"}],"replies":[{"embeddable":true,"href":"https:\/\/mytoursegypt.com\/ge\/wp-json\/wp\/v2\/comments?post=3817"}],"version-history":[{"count":2,"href":"https:\/\/mytoursegypt.com\/ge\/wp-json\/wp\/v2\/product\/3817\/revisions"}],"predecessor-version":[{"id":11238,"href":"https:\/\/mytoursegypt.com\/ge\/wp-json\/wp\/v2\/product\/3817\/revisions\/11238"}],"wp:featuredmedia":[{"embeddable":true,"href":"https:\/\/mytoursegypt.com\/ge\/wp-json\/wp\/v2\/media\/9647"}],"wp:attachment":[{"href":"https:\/\/mytoursegypt.com\/ge\/wp-json\/wp\/v2\/media?parent=3817"}],"wp:term":[{"taxonomy":"product_brand","embeddable":true,"href":"https:\/\/mytoursegypt.com\/ge\/wp-json\/wp\/v2\/product_brand?post=3817"},{"taxonomy":"product_cat","embeddable":true,"href":"https:\/\/mytoursegypt.com\/ge\/wp-json\/wp\/v2\/product_cat?post=3817"},{"taxonomy":"product_tag","embeddable":true,"href":"https:\/\/mytoursegypt.com\/ge\/wp-json\/wp\/v2\/product_tag?post=3817"}],"curies":[{"name":"wp","href":"https:\/\/api.w.org\/{rel}","templated":true}]}}